{"id":862,"date":"2019-08-28T15:59:30","date_gmt":"2019-08-28T18:59:30","guid":{"rendered":"https:\/\/sites.usp.br\/ppgog\/?page_id=862"},"modified":"2021-10-27T16:49:03","modified_gmt":"2021-10-27T19:49:03","slug":"sobre-o-programa","status":"publish","type":"page","link":"https:\/\/sites.usp.br\/ppgog\/programa\/sobre-o-programa\/","title":{"rendered":"Sobre o Programa"},"content":{"rendered":"<p>O Programa de P\u00f3s-Gradua\u00e7\u00e3o em Obstetr\u00edcia e Ginecologia foi criado em 17\/12\/1973, e o objetivo geral \u00e9 formar recursos humanos capacitados para pesquisa e doc\u00eancia para atuar em Institui\u00e7\u00f5es de Ensino Superior (IES) e outras institui\u00e7\u00f5es, p\u00fablicas ou privadas, voltadas \u00e0 pesquisa. Como outro produto e consequ\u00eancia das atividades de p\u00f3s-gradua\u00e7\u00e3o, tem-se a produ\u00e7\u00e3o de conhecimento de qualidade com impacto na aten\u00e7\u00e3o \u00e0 sa\u00fade das pessoas e da popula\u00e7\u00e3o. \u00c9 caracter\u00edstica do programa de p\u00f3s gradua\u00e7\u00e3o em Obstetr\u00edcia e Ginecologia a produ\u00e7\u00e3o de conhecimento voltada \u00e0 aplicabilidade cl\u00ednica, inclusive em projetos translacionais.<\/p>\n","protected":false},"excerpt":{"rendered":"<p>O Programa de P\u00f3s-Gradua\u00e7\u00e3o em Obstetr\u00edcia e Ginecologia foi criado em 17\/12\/1973, e o objetivo geral \u00e9 formar recursos humanos capacitados para pesquisa e doc\u00eancia para atuar em Institui\u00e7\u00f5es de Ensino Superior (IES) e outras institui\u00e7\u00f5es, p\u00fablicas ou privadas, voltadas \u00e0 pesquisa. Como outro produto e consequ\u00eancia das atividades de p\u00f3s-gradua\u00e7\u00e3o, tem-se a produ\u00e7\u00e3o de conhecimento de qualidade com impacto na aten\u00e7\u00e3o \u00e0 sa\u00fade das pessoas e da popula\u00e7\u00e3o. \u00c9 caracter\u00edstica do programa de p\u00f3s gradua\u00e7\u00e3o em Obstetr\u00edcia e Ginecologia a produ\u00e7\u00e3o de conhecimento voltada \u00e0 aplicabilidade cl\u00ednica, inclusive em projetos translacionais.<\/p>\n","protected":false},"author":1126,"featured_media":0,"parent":900,"menu_order":0,"comment_status":"closed","ping_status":"closed","template":"","meta":{"_monsterinsights_skip_tracking":false,"_monsterinsights_sitenote_active":false,"_monsterinsights_sitenote_note":"","_monsterinsights_sitenote_category":0,"footnotes":"","_links_to":"","_links_to_target":""},"class_list":["post-862","page","type-page","status-publish","hentry"],"_links":{"self":[{"href":"https:\/\/sites.usp.br\/ppgog\/wp-json\/wp\/v2\/pages\/862","targetHints":{"allow":["GET"]}}],"collection":[{"href":"https:\/\/sites.usp.br\/ppgog\/wp-json\/wp\/v2\/pages"}],"about":[{"href":"https:\/\/sites.usp.br\/ppgog\/wp-json\/wp\/v2\/types\/page"}],"author":[{"embeddable":true,"href":"https:\/\/sites.usp.br\/ppgog\/wp-json\/wp\/v2\/users\/1126"}],"replies":[{"embeddable":true,"href":"https:\/\/sites.usp.br\/ppgog\/wp-json\/wp\/v2\/comments?post=862"}],"version-history":[{"count":4,"href":"https:\/\/sites.usp.br\/ppgog\/wp-json\/wp\/v2\/pages\/862\/revisions"}],"predecessor-version":[{"id":1737,"href":"https:\/\/sites.usp.br\/ppgog\/wp-json\/wp\/v2\/pages\/862\/revisions\/1737"}],"up":[{"embeddable":true,"href":"https:\/\/sites.usp.br\/ppgog\/wp-json\/wp\/v2\/pages\/900"}],"wp:attachment":[{"href":"https:\/\/sites.usp.br\/ppgog\/wp-json\/wp\/v2\/media?parent=862"}],"curies":[{"name":"wp","href":"https:\/\/api.w.org\/{rel}","templated":true}]}}