{"id":897,"date":"2019-11-05T15:54:52","date_gmt":"2019-11-05T18:54:52","guid":{"rendered":"https:\/\/sites.usp.br\/ppgog\/?page_id=897"},"modified":"2021-10-27T16:47:14","modified_gmt":"2021-10-27T19:47:14","slug":"historico","status":"publish","type":"page","link":"https:\/\/sites.usp.br\/ppgog\/programa\/historico\/","title":{"rendered":"Hist\u00f3rico do Programa"},"content":{"rendered":"<p style=\"text-align: left;\">O Programa de P\u00f3s-Gradua\u00e7\u00e3o em Obstetr\u00edcia e Ginecologia come\u00e7ou suas atividades em 1973. No in\u00edcio, fundamentava-se basicamente no desenvolvimento de pesquisas cl\u00ednicas, voltadas \u00e0 assist\u00eancia. No entanto, essa caracter\u00edstica do Programa foi sendo modificada progressivamente com a incorpora\u00e7\u00e3o da pesquisa na \u00e1rea b\u00e1sica e, principalmente, com a incorpora\u00e7\u00e3o da pesquisa translacional. A implanta\u00e7\u00e3o dos dois laborat\u00f3rios de investiga\u00e7\u00e3o m\u00e9dica (LIM\/57 \u2013 Laborat\u00f3rio de Fisiologia Obst\u00e9trica e LIM\/58 \u2013 Laborat\u00f3rio de Ginecologia Estrutural e Molecular) foi decisiva para que essa mudan\u00e7a ocorresse. As modifica\u00e7\u00f5es estruturais do Programa, que incluem sele\u00e7\u00e3o e manuten\u00e7\u00e3o de disciplinas com car\u00e1ter de forma\u00e7\u00e3o do docente\/pesquisador, melhor qualidade dos projetos, a sele\u00e7\u00e3o de orientadores e alunos com perfil de pesquisadores e o desenvolvimento de parcerias institucionais nacionais e internacionais, possibilitaram um salto de qualidade da produ\u00e7\u00e3o cient\u00edfica. Aliado a isso, os alunos s\u00e3o estimulados a apresentarem seus trabalhos \u00e0 comunidade cient\u00edfica por meio de publica\u00e7\u00f5es e, tamb\u00e9m, pela participa\u00e7\u00e3o em eventos da especialidade, nacionais e internacionais.<\/p>\n<p style=\"text-align: left;\">Assim, atrav\u00e9s da estrat\u00e9gia implementada no \u00faltimo Quadri\u00eanio, este Programa alcan\u00e7ou \u00eaxito em seus resultados e, na Avalia\u00e7\u00e3o Quadrienal 2013-2016, ascendeu \u00e0 nota 5. Esta conquista \u00e9 a reafirma\u00e7\u00e3o do compromisso deste Programa com os seus objetivos e metas.<\/p>\n","protected":false},"excerpt":{"rendered":"<p>O Programa de P\u00f3s-Gradua\u00e7\u00e3o em Obstetr\u00edcia e Ginecologia come\u00e7ou suas atividades em 1973. No in\u00edcio, fundamentava-se basicamente no desenvolvimento de pesquisas cl\u00ednicas, voltadas \u00e0 assist\u00eancia. No entanto, essa caracter\u00edstica do Programa foi sendo modificada progressivamente com a incorpora\u00e7\u00e3o da pesquisa na \u00e1rea b\u00e1sica e, principalmente, com a incorpora\u00e7\u00e3o da pesquisa translacional. A implanta\u00e7\u00e3o dos dois laborat\u00f3rios de investiga\u00e7\u00e3o m\u00e9dica (LIM\/57 \u2013 Laborat\u00f3rio de Fisiologia Obst\u00e9trica e LIM\/58 \u2013 Laborat\u00f3rio de Ginecologia Estrutural e Molecular) foi decisiva para que essa mudan\u00e7a ocorresse. As modifica\u00e7\u00f5es estruturais do Programa, que incluem sele\u00e7\u00e3o e manuten\u00e7\u00e3o de disciplinas com car\u00e1ter de forma\u00e7\u00e3o do docente\/pesquisador, melhor qualidade dos projetos, a sele\u00e7\u00e3o de orientadores e alunos com perfil de pesquisadores e o desenvolvimento de parcerias institucionais nacionais e internacionais, possibilitaram um salto de qualidade da produ\u00e7\u00e3o cient\u00edfica. Aliado a isso, os alunos s\u00e3o estimulados a apresentarem seus trabalhos \u00e0 comunidade cient\u00edfica por meio de publica\u00e7\u00f5es e, tamb\u00e9m, pela participa\u00e7\u00e3o em eventos da especialidade, nacionais e internacionais. Assim, atrav\u00e9s da estrat\u00e9gia implementada no \u00faltimo Quadri\u00eanio, este Programa alcan\u00e7ou \u00eaxito em seus resultados e, na Avalia\u00e7\u00e3o Quadrienal 2013-2016, ascendeu \u00e0 nota 5. Esta conquista \u00e9 a reafirma\u00e7\u00e3o do compromisso deste Programa com os seus objetivos e metas.<\/p>\n","protected":false},"author":1126,"featured_media":0,"parent":900,"menu_order":0,"comment_status":"closed","ping_status":"closed","template":"","meta":{"_monsterinsights_skip_tracking":false,"_monsterinsights_sitenote_active":false,"_monsterinsights_sitenote_note":"","_monsterinsights_sitenote_category":0,"footnotes":"","_links_to":"","_links_to_target":""},"class_list":["post-897","page","type-page","status-publish","hentry"],"_links":{"self":[{"href":"https:\/\/sites.usp.br\/ppgog\/wp-json\/wp\/v2\/pages\/897","targetHints":{"allow":["GET"]}}],"collection":[{"href":"https:\/\/sites.usp.br\/ppgog\/wp-json\/wp\/v2\/pages"}],"about":[{"href":"https:\/\/sites.usp.br\/ppgog\/wp-json\/wp\/v2\/types\/page"}],"author":[{"embeddable":true,"href":"https:\/\/sites.usp.br\/ppgog\/wp-json\/wp\/v2\/users\/1126"}],"replies":[{"embeddable":true,"href":"https:\/\/sites.usp.br\/ppgog\/wp-json\/wp\/v2\/comments?post=897"}],"version-history":[{"count":4,"href":"https:\/\/sites.usp.br\/ppgog\/wp-json\/wp\/v2\/pages\/897\/revisions"}],"predecessor-version":[{"id":1734,"href":"https:\/\/sites.usp.br\/ppgog\/wp-json\/wp\/v2\/pages\/897\/revisions\/1734"}],"up":[{"embeddable":true,"href":"https:\/\/sites.usp.br\/ppgog\/wp-json\/wp\/v2\/pages\/900"}],"wp:attachment":[{"href":"https:\/\/sites.usp.br\/ppgog\/wp-json\/wp\/v2\/media?parent=897"}],"curies":[{"name":"wp","href":"https:\/\/api.w.org\/{rel}","templated":true}]}}