{"id":916,"date":"2019-11-11T19:18:26","date_gmt":"2019-11-11T22:18:26","guid":{"rendered":"https:\/\/sites.usp.br\/ppgog\/?page_id=916"},"modified":"2023-05-12T17:30:44","modified_gmt":"2023-05-12T20:30:44","slug":"alunos","status":"publish","type":"page","link":"https:\/\/sites.usp.br\/ppgog\/alunos\/","title":{"rendered":"Alunos"},"content":{"rendered":"<p><strong><em><a href=\"https:\/\/sites.usp.br\/ppgog\/alunos\/informacoes-academicas\/\">Informa\u00e7\u00f5es Gerais<\/a><\/em><\/strong><\/p>\n<p><strong><em><a href=\"https:\/\/sites.usp.br\/ppgog\/alunos\/instrucoes-para-qualificacao\/\">Instru\u00e7\u00f5es para Qualifica\u00e7\u00e3o<\/a><\/em><\/strong><\/p>\n<p><strong><em><a href=\"https:\/\/sites.usp.br\/ppgog\/alunos\/instrucoes-para-defesa\/\">Instru\u00e7\u00f5es para Dep\u00f3sito<\/a><\/em><\/strong><\/p>\n<p><strong><em><a href=\"https:\/\/sites.usp.br\/ppgog\/alunos\/disciplinas\/\">Disciplinas<\/a><\/em><\/strong><\/p>\n<p><strong><a href=\"https:\/\/sites.usp.br\/ppgog\/alunos\/aluno-especial\/\">Aluno Especial<\/a><\/strong><\/p>\n<p><strong><em><a href=\"https:\/\/sites.usp.br\/ppgog\/alunos\/bolsas\/\">Bolsas<\/a><\/em><\/strong><\/p>\n<p><strong><a href=\"https:\/\/sites.usp.br\/ppgog\/alunos\/aprimoramento-didatico-pedagogico-pae\/\"><em>Programa de Aperfei\u00e7oamento de Ensino (PAE)<\/em><\/a><\/strong><\/p>\n<p><strong><a href=\"https:\/\/sites.usp.br\/ppgog\/alunos\/alunos-mestrado\/\">Alunos &#8211; Mestrado<\/a><\/strong><\/p>\n<p><strong><a href=\"https:\/\/sites.usp.br\/ppgog\/alunos\/alunos-doutorado\/\">Alunos &#8211; Doutorado<\/a><\/strong><\/p>\n<p><strong><a href=\"https:\/\/sites.usp.br\/ppgog\/alunos\/egressos\/\"><em>Egressos<\/em><\/a><\/strong><\/p>\n","protected":false},"excerpt":{"rendered":"<p>Informa\u00e7\u00f5es Gerais Instru\u00e7\u00f5es para Qualifica\u00e7\u00e3o Instru\u00e7\u00f5es para Dep\u00f3sito Disciplinas Aluno Especial Bolsas Programa de Aperfei\u00e7oamento de Ensino (PAE) Alunos &#8211; Mestrado Alunos &#8211; Doutorado Egressos<\/p>\n","protected":false},"author":1126,"featured_media":0,"parent":0,"menu_order":0,"comment_status":"closed","ping_status":"closed","template":"","meta":{"_monsterinsights_skip_tracking":false,"_monsterinsights_sitenote_active":false,"_monsterinsights_sitenote_note":"","_monsterinsights_sitenote_category":0,"footnotes":"","_links_to":"","_links_to_target":""},"class_list":["post-916","page","type-page","status-publish","hentry"],"_links":{"self":[{"href":"https:\/\/sites.usp.br\/ppgog\/wp-json\/wp\/v2\/pages\/916","targetHints":{"allow":["GET"]}}],"collection":[{"href":"https:\/\/sites.usp.br\/ppgog\/wp-json\/wp\/v2\/pages"}],"about":[{"href":"https:\/\/sites.usp.br\/ppgog\/wp-json\/wp\/v2\/types\/page"}],"author":[{"embeddable":true,"href":"https:\/\/sites.usp.br\/ppgog\/wp-json\/wp\/v2\/users\/1126"}],"replies":[{"embeddable":true,"href":"https:\/\/sites.usp.br\/ppgog\/wp-json\/wp\/v2\/comments?post=916"}],"version-history":[{"count":5,"href":"https:\/\/sites.usp.br\/ppgog\/wp-json\/wp\/v2\/pages\/916\/revisions"}],"predecessor-version":[{"id":1939,"href":"https:\/\/sites.usp.br\/ppgog\/wp-json\/wp\/v2\/pages\/916\/revisions\/1939"}],"wp:attachment":[{"href":"https:\/\/sites.usp.br\/ppgog\/wp-json\/wp\/v2\/media?parent=916"}],"curies":[{"name":"wp","href":"https:\/\/api.w.org\/{rel}","templated":true}]}}