{"id":924,"date":"2019-11-11T19:21:15","date_gmt":"2019-11-11T22:21:15","guid":{"rendered":"https:\/\/sites.usp.br\/ppgog\/?page_id=924"},"modified":"2020-01-30T11:45:33","modified_gmt":"2020-01-30T14:45:33","slug":"disciplinas","status":"publish","type":"page","link":"https:\/\/sites.usp.br\/ppgog\/alunos\/disciplinas\/","title":{"rendered":"Disciplinas"},"content":{"rendered":"<p>&nbsp;<\/p>\n<table style=\"height: 411px;\" width=\"956\">\n<tbody>\n<tr>\n<td width=\"91\">\n<p style=\"text-align: center;\"><span style=\"color: #1094ab;\"><strong>C\u00f3digo<\/strong><\/span><\/p>\n<\/td>\n<td width=\"548\">\n<p style=\"text-align: center;\"><span style=\"color: #1094ab;\"><strong>Nome<\/strong><\/span><\/p>\n<\/td>\n<\/tr>\n<tr>\n<td width=\"91\">\n<p style=\"text-align: center;\"><a href=\"https:\/\/uspdigital.usp.br\/janus\/componente\/catalogoDisciplinasInicial.jsf?action=3&amp;sgldis=MGO5760\" target=\"_blank\" rel=\"noopener noreferrer\">MGO5760<\/a><\/p>\n<\/td>\n<td width=\"548\"><a href=\"https:\/\/uspdigital.usp.br\/janus\/componente\/catalogoDisciplinasInicial.jsf?action=3&amp;sgldis=MGO5760\" target=\"_blank\" rel=\"noopener noreferrer\">Bases da Biologia Molecular e Celular Aplicados \u00e0 Obstetr\u00edcia e Ginecologia<\/a><\/td>\n<\/tr>\n<tr>\n<td width=\"91\">\n<p style=\"text-align: center;\"><a href=\"https:\/\/uspdigital.usp.br\/janus\/componente\/catalogoDisciplinasInicial.jsf?action=3&amp;sgldis=MGO5761\" target=\"_blank\" rel=\"noopener noreferrer\">MGO5761<\/a><\/p>\n<\/td>\n<td width=\"548\"><a href=\"https:\/\/uspdigital.usp.br\/janus\/componente\/catalogoDisciplinasInicial.jsf?action=3&amp;sgldis=MGO5761\" target=\"_blank\" rel=\"noopener noreferrer\">Doen\u00e7as Trofobl\u00e1stica Gestacional &#8211; Atualiza\u00e7\u00e3o em Fatores Preditores, Diagn\u00f3stico e Tratamento<\/a><\/td>\n<\/tr>\n<tr>\n<td width=\"91\">\n<p style=\"text-align: center;\"><a href=\"https:\/\/uspdigital.usp.br\/janus\/componente\/catalogoDisciplinasInicial.jsf?action=3&amp;sgldis=MGO5759\" target=\"_blank\" rel=\"noopener noreferrer\">MGO5759<\/a><\/p>\n<\/td>\n<td width=\"548\"><a href=\"https:\/\/uspdigital.usp.br\/janus\/componente\/catalogoDisciplinasInicial.jsf?action=3&amp;sgldis=MGO5759\" target=\"_blank\" rel=\"noopener noreferrer\">Estat\u00edstica em Medicina Aplicada \u00e0 Ginecologia e Obstetr\u00edcia<\/a><\/td>\n<\/tr>\n<tr>\n<td width=\"91\">\n<p style=\"text-align: center;\"><a href=\"https:\/\/uspdigital.usp.br\/janus\/componente\/catalogoDisciplinasInicial.jsf?action=3&amp;sgldis=MGO5758\" target=\"_blank\" rel=\"noopener noreferrer\">MGO5758<\/a><\/p>\n<\/td>\n<td width=\"548\"><a href=\"https:\/\/uspdigital.usp.br\/janus\/componente\/catalogoDisciplinasInicial.jsf?action=3&amp;sgldis=MGO5758\" target=\"_blank\" rel=\"noopener noreferrer\">\u00c9tica e Pesquisa em Obstetr\u00edcia e Ginecologia<\/a><\/td>\n<\/tr>\n<tr>\n<td width=\"91\">\n<p style=\"text-align: center;\"><a href=\"https:\/\/uspdigital.usp.br\/janus\/componente\/catalogoDisciplinasInicial.jsf?action=3&amp;sgldis=MGO5730\" target=\"_blank\" rel=\"noopener noreferrer\">MGO5730<\/a><\/p>\n<\/td>\n<td width=\"548\"><a href=\"https:\/\/uspdigital.usp.br\/janus\/componente\/catalogoDisciplinasInicial.jsf?action=3&amp;sgldis=MGO5730\" target=\"_blank\" rel=\"noopener noreferrer\">Intera\u00e7\u00f5es Hospedeiro-Bact\u00e9rias em Sa\u00fade da Mulher<\/a><\/td>\n<\/tr>\n<\/tbody>\n<\/table>\n","protected":false},"excerpt":{"rendered":"<p>&nbsp; C\u00f3digo Nome MGO5760 Bases da Biologia Molecular e Celular Aplicados \u00e0 Obstetr\u00edcia e Ginecologia MGO5761 Doen\u00e7as Trofobl\u00e1stica Gestacional &#8211; Atualiza\u00e7\u00e3o em Fatores Preditores, Diagn\u00f3stico e Tratamento MGO5759 Estat\u00edstica em Medicina Aplicada \u00e0 Ginecologia e Obstetr\u00edcia MGO5758 \u00c9tica e Pesquisa em Obstetr\u00edcia e Ginecologia MGO5730 Intera\u00e7\u00f5es Hospedeiro-Bact\u00e9rias em Sa\u00fade da Mulher<\/p>\n","protected":false},"author":1126,"featured_media":0,"parent":916,"menu_order":0,"comment_status":"closed","ping_status":"closed","template":"","meta":{"_monsterinsights_skip_tracking":false,"_monsterinsights_sitenote_active":false,"_monsterinsights_sitenote_note":"","_monsterinsights_sitenote_category":0,"footnotes":"","_links_to":"","_links_to_target":""},"class_list":["post-924","page","type-page","status-publish","hentry"],"_links":{"self":[{"href":"https:\/\/sites.usp.br\/ppgog\/wp-json\/wp\/v2\/pages\/924","targetHints":{"allow":["GET"]}}],"collection":[{"href":"https:\/\/sites.usp.br\/ppgog\/wp-json\/wp\/v2\/pages"}],"about":[{"href":"https:\/\/sites.usp.br\/ppgog\/wp-json\/wp\/v2\/types\/page"}],"author":[{"embeddable":true,"href":"https:\/\/sites.usp.br\/ppgog\/wp-json\/wp\/v2\/users\/1126"}],"replies":[{"embeddable":true,"href":"https:\/\/sites.usp.br\/ppgog\/wp-json\/wp\/v2\/comments?post=924"}],"version-history":[{"count":5,"href":"https:\/\/sites.usp.br\/ppgog\/wp-json\/wp\/v2\/pages\/924\/revisions"}],"predecessor-version":[{"id":1488,"href":"https:\/\/sites.usp.br\/ppgog\/wp-json\/wp\/v2\/pages\/924\/revisions\/1488"}],"up":[{"embeddable":true,"href":"https:\/\/sites.usp.br\/ppgog\/wp-json\/wp\/v2\/pages\/916"}],"wp:attachment":[{"href":"https:\/\/sites.usp.br\/ppgog\/wp-json\/wp\/v2\/media?parent=924"}],"curies":[{"name":"wp","href":"https:\/\/api.w.org\/{rel}","templated":true}]}}