{"id":982,"date":"2019-11-28T14:45:43","date_gmt":"2019-11-28T17:45:43","guid":{"rendered":"https:\/\/sites.usp.br\/ppgog\/?page_id=982"},"modified":"2019-12-03T10:50:07","modified_gmt":"2019-12-03T13:50:07","slug":"ccp","status":"publish","type":"page","link":"https:\/\/sites.usp.br\/ppgog\/programa\/ccp\/","title":{"rendered":"Comiss\u00e3o Coordenadora do Programa"},"content":{"rendered":"<p style=\"text-align: center;\"><strong>Comiss\u00e3o Coordenadora do Programa de P\u00f3s-Gradua\u00e7\u00e3o em Obstetr\u00edcia e Ginecologia<\/strong><\/p>\n<p style=\"text-align: center;\"><strong style=\"font-style: inherit;\">Mandato 2018\/2020<\/strong><\/p>\n<p style=\"text-align: center;\"><strong style=\"font-style: inherit;\">\u00a0<\/strong><\/p>\n<p style=\"text-align: center;\"><strong style=\"font-style: inherit;\"><u>Coordenadora do Programa:<\/u><\/strong>\u00a0Maria de Lourdes Brizot<\/p>\n<p style=\"text-align: center;\"><strong style=\"font-style: inherit;\"><u>Vice-Coordenador do Programa:<\/u><\/strong> Maur\u00edcio Sim\u00f5es Abr\u00e3o<\/p>\n<p style=\"text-align: center;\"><strong style=\"font-style: inherit;\">\u00a0<\/strong><\/p>\n<p style=\"text-align: center;\"><strong style=\"font-style: inherit;\"><u>Membros Titulares:<\/u><\/strong><\/p>\n<p style=\"text-align: center;\">Maria de Lourdes Brizot<\/p>\n<p style=\"text-align: center;\">Maur\u00edcio Sim\u00f5es Abr\u00e3o<\/p>\n<p style=\"text-align: center;\">Mario Henrique Burlacchini de Carvalho<\/p>\n<p>&nbsp;<\/p>\n<p style=\"text-align: center;\"><strong style=\"font-style: inherit;\"><u>Membros\u00a0 Suplentes:<\/u><\/strong><\/p>\n<p style=\"text-align: center;\">Isabel Cristina Esposito Sorpreso<\/p>\n<p style=\"text-align: center;\">Jos\u00e9 Maria Soares J\u00fanior<\/p>\n<p style=\"text-align: center;\">Rossana Pulcineli Vieira Francisco<\/p>\n","protected":false},"excerpt":{"rendered":"<p>Comiss\u00e3o Coordenadora do Programa de P\u00f3s-Gradua\u00e7\u00e3o em Obstetr\u00edcia e Ginecologia Mandato 2018\/2020 \u00a0 Coordenadora do Programa:\u00a0Maria de Lourdes Brizot Vice-Coordenador do Programa: Maur\u00edcio Sim\u00f5es Abr\u00e3o \u00a0 Membros Titulares: Maria de Lourdes Brizot Maur\u00edcio Sim\u00f5es Abr\u00e3o Mario Henrique Burlacchini de Carvalho &nbsp; Membros\u00a0 Suplentes: Isabel Cristina Esposito Sorpreso Jos\u00e9 Maria Soares J\u00fanior Rossana Pulcineli Vieira Francisco<\/p>\n","protected":false},"author":1126,"featured_media":0,"parent":900,"menu_order":0,"comment_status":"closed","ping_status":"closed","template":"","meta":{"_monsterinsights_skip_tracking":false,"_monsterinsights_sitenote_active":false,"_monsterinsights_sitenote_note":"","_monsterinsights_sitenote_category":0,"footnotes":"","_links_to":"","_links_to_target":""},"class_list":["post-982","page","type-page","status-publish","hentry"],"_links":{"self":[{"href":"https:\/\/sites.usp.br\/ppgog\/wp-json\/wp\/v2\/pages\/982","targetHints":{"allow":["GET"]}}],"collection":[{"href":"https:\/\/sites.usp.br\/ppgog\/wp-json\/wp\/v2\/pages"}],"about":[{"href":"https:\/\/sites.usp.br\/ppgog\/wp-json\/wp\/v2\/types\/page"}],"author":[{"embeddable":true,"href":"https:\/\/sites.usp.br\/ppgog\/wp-json\/wp\/v2\/users\/1126"}],"replies":[{"embeddable":true,"href":"https:\/\/sites.usp.br\/ppgog\/wp-json\/wp\/v2\/comments?post=982"}],"version-history":[{"count":5,"href":"https:\/\/sites.usp.br\/ppgog\/wp-json\/wp\/v2\/pages\/982\/revisions"}],"predecessor-version":[{"id":1063,"href":"https:\/\/sites.usp.br\/ppgog\/wp-json\/wp\/v2\/pages\/982\/revisions\/1063"}],"up":[{"embeddable":true,"href":"https:\/\/sites.usp.br\/ppgog\/wp-json\/wp\/v2\/pages\/900"}],"wp:attachment":[{"href":"https:\/\/sites.usp.br\/ppgog\/wp-json\/wp\/v2\/media?parent=982"}],"curies":[{"name":"wp","href":"https:\/\/api.w.org\/{rel}","templated":true}]}}