{"id":994,"date":"2019-11-28T15:56:13","date_gmt":"2019-11-28T18:56:13","guid":{"rendered":"https:\/\/sites.usp.br\/ppgog\/?page_id=994"},"modified":"2023-05-19T14:01:45","modified_gmt":"2023-05-19T17:01:45","slug":"ingresso-no-programa","status":"publish","type":"page","link":"https:\/\/sites.usp.br\/ppgog\/ingresso-no-programa\/","title":{"rendered":"Admiss\u00e3o"},"content":{"rendered":"<p><span style=\"color: #1094ab;\"><strong>&#8211; INFORMA\u00c7\u00d5ES GERAIS<\/strong><\/span><\/p>\n<p><strong>P\u00fablico Alvo:<\/strong><\/p>\n<p style=\"padding-left: 40px;\">M\u00e9dicos, Enfermeiros, Nutricionistas, Psic\u00f3logos, Fisioterapeutas, Assistentes Sociais e outros profissionais com interesses em pesquisa na \u00e1rea da sa\u00fade da mulher, da gestante e fetal.<\/p>\n<p><strong>Inscri\u00e7\u00f5es para Ingresso no Programa:<\/strong><\/p>\n<p style=\"padding-left: 40px;\">As inscri\u00e7\u00f5es para ingresso no Programa de P\u00f3s-Gradua\u00e7\u00e3o em Obstetr\u00edcia e Ginecologia s\u00e3o de fluxo cont\u00ednuo de acordo com as informa\u00e7\u00f5es do edital, nos dias \u00fateis, das 10:00 \u00e0s 12:00 horas e das 14:00 \u00e0s 16:00 horas.<\/p>\n<p style=\"padding-left: 40px;\">\u00c9 importante referir que temos duas condi\u00e7\u00f5es b\u00e1sicas\u00a0para\u00a0a\u00a0inscri\u00e7\u00e3o\u00a0neste<wbr \/>\u00a0Programa\u00a0de P\u00f3s-Gradua\u00e7\u00e3o que s\u00e3o:<\/p>\n<p style=\"padding-left: 40px;\">(1) Teste de Profici\u00eancia da L\u00edngua Inglesa realizado junto a\u00a0<b><i>Cultura Inglesa<\/i><\/b>\u00a0 com uma pontua\u00e7\u00e3o m\u00ednima de 50 pontos\u00a0para\u00a0Mestrado e 60 pontos\u00a0para\u00a0Doutorado [ou, em alternativa, no\u00a0<b><i>ALUMNI<\/i><\/b>\u00a0ou no\u00a0<b><i>TESE Prime &#8211; TEAP<\/i><\/b>\u00a0 conforme abaixo explicado]<\/p>\n<p style=\"padding-left: 40px;\">(2) Projeto de Pesquisa elaborado pelo aluno e aprovado pela CAPPesq\/HCFMUSP ou CEP\/FMUSP \u2013 entregar junto com a inscri\u00e7\u00e3o o Formul\u00e1rio de Projeto de Pesquisa para Inscri\u00e7\u00e3o Aluno Novo preenchido e assinado pelo candidato e futuro Orientador.<\/p>\n<p style=\"padding-left: 40px;\">MUITO IMPORTANTE: manter o Curr\u00edculo LATTES atualizado.<\/p>\n<p style=\"padding-left: 40px;\">Os candidatos aos cursos de doutorado, que tenham realizado curso de mestrado fora da USP, dever\u00e3o providenciar a aceita\u00e7\u00e3o de equival\u00eancia do t\u00edtulo de mestre.<\/p>\n<p><span style=\"color: #1094ab;\"><strong>&#8211; EDITAL<\/strong><\/span><\/p>\n<p><a href=\"https:\/\/sites.usp.br\/ppgog\/wp-content\/uploads\/sites\/593\/2023\/01\/Edital_PPGOG_2023.pdf\">Edital<\/a> para inscri\u00e7\u00e3o e sele\u00e7\u00e3o no Programa de P\u00f3s-Gradua\u00e7\u00e3o em Obstetr\u00edcia e Ginecologia.<\/p>\n<p><span style=\"color: #ff0000;\"><br \/>\n<b><i>NOTA IMPORTANTE: De acordo com a <\/i><\/b><b><i>Circ.CoPGr<\/i><\/b><b><i>\/01\/2022, \u00e9 obrigat\u00f3ria a apresenta\u00e7\u00e3o dos comprovantes de vacina\u00e7\u00e3o contra a Covid-19 (esquema vacinal completo) e de eventuais doses de refor\u00e7o no ato de Inscri\u00e7\u00e3o nos Programas de P\u00f3s-Gradua\u00e7\u00e3o da USP.<\/i><\/b><\/span><\/p>\n<p>&nbsp;<\/p>\n<p><span style=\"color: #1094ab;\"><strong>&#8211; PROFICI\u00caNCIA L\u00cdNGUA INGLESA<\/strong><\/span><b><u><\/u><\/b><\/p>\n<div>\n<p style=\"font-weight: 400;\">A\u00a0<strong><em>Cultura Inglesa<\/em><\/strong> realiza o referido Teste em formato presencial e, para maiores informa\u00e7\u00f5es, clique: <a href=\"https:\/\/sites.usp.br\/ppgog\/wp-content\/uploads\/sites\/593\/2023\/01\/CalendarioCulturaInglesa2023.pdf\">Calend\u00e1rio Cultura Inglesa &#8211; 2023<\/a><\/p>\n<p style=\"font-weight: 400;\">Em alternativa ao formato presencial, voc\u00ea poder\u00e1 entrar\u00a0em contato com:\u00a0<strong><em>ALUMNI<\/em><\/strong>\u00a0(<a href=\"http:\/\/www.alumni.org.br\/\" data-saferedirecturl=\"https:\/\/www.google.com\/url?q=http:\/\/www.alumni.org.br\/&amp;source=gmail&amp;ust=1684592998739000&amp;usg=AOvVaw1hYV0G1Fru8W09WrskYtMr\">www.alumni.org.br\/<\/a>) onde \u00e9 requerida a seguinte pontua\u00e7\u00e3o para o teste Online: B1 (CEF) para mestrado e B1+(CEF) para doutorado, ou, ainda, com a\u00a0<strong><em>Tese Prime \u2013 TEAP<\/em><\/strong>\u00a0(<a href=\"https:\/\/www.teseprime.org\/exames\/teap-ingles\" data-saferedirecturl=\"https:\/\/www.google.com\/url?q=https:\/\/www.teseprime.org\/exames\/teap-ingles&amp;source=gmail&amp;ust=1684592998739000&amp;usg=AOvVaw36ZHbJV1lvauXBn4WJllhe\">https:\/\/www.teseprime.org\/exames\/teap-ingles<\/a>) onde \u00e9 requerida a seguinte pontua\u00e7\u00e3o para o teste Online: aproveitamento de 60% para mestrado e 70% para doutorado.<\/p>\n<\/div>\n<p><a href=\"http:\/\/www.spg.fm.usp.br\/spg\/#\/proficiencias\/consulta\" target=\"_blank\" rel=\"noopener noreferrer\">Pesquisa de Pontua\u00e7\u00e3o no Exame de Profici\u00eancia da Cultura Inglesa<\/a><\/p>\n<p>&nbsp;<\/p>\n<p><span style=\"color: #1094ab;\"><strong>&#8211; FORMUL\u00c1RIOS<\/strong><\/span><\/p>\n<p><a href=\"https:\/\/sites.usp.br\/ppgog\/wp-content\/uploads\/sites\/593\/2022\/04\/Formularios_Matricula-Inicial.pdf\">Formul\u00e1rios_Matricula Inicial<\/a><\/p>\n<p><a href=\"https:\/\/sites.usp.br\/ppgog\/wp-content\/uploads\/sites\/593\/2021\/04\/FORMULARIO_INSCRICAO_ALUNO_2021.pdf\">Formul\u00e1rio de Inscri\u00e7\u00e3o de Aluno Novo &#8211; 2021<\/a><\/p>\n<p><a href=\"https:\/\/sites.usp.br\/ppgog\/wp-content\/uploads\/sites\/593\/2019\/12\/Formulario_Projeto_Pesquisa_para_Inscricao_Aluno_Novo.pdf\" target=\"_blank\" rel=\"noopener noreferrer\">Formul\u00e1rio Projeto Pesquisa para Inscri\u00e7\u00e3o Aluno Novo<\/a><\/p>\n<p><a href=\"https:\/\/sites.usp.br\/ppgog\/wp-content\/uploads\/sites\/593\/2019\/12\/Formulario_Aceitacao_Titulo_Mestre.pdf\" target=\"_blank\" rel=\"noopener noreferrer\">Formulario Aceita\u00e7\u00e3o T\u00edtulo Mestre<\/a><\/p>\n<p>&nbsp;<\/p>\n<p><span style=\"color: #1094ab;\"><strong>&#8211; CONTATO<\/strong><\/span><\/p>\n<p>Secretaria do Programa<br \/>\nLocal: Hospital das Cl\u00ednicas Instituto Central<br \/>\nEndere\u00e7o: Av. Dr. En\u00e9as de Carvalho Aguiar, 255 \u2013 10\u00ba andar \u2013 sala 10 045<br \/>\nTelefone: 2661-6445 \u2013 Contato: Lucinda Cristina Pereira<br \/>\nE-mail: secppgog@usp.br<\/p>\n","protected":false},"excerpt":{"rendered":"<p>&#8211; INFORMA\u00c7\u00d5ES GERAIS P\u00fablico Alvo: M\u00e9dicos, Enfermeiros, Nutricionistas, Psic\u00f3logos, Fisioterapeutas, Assistentes Sociais e outros profissionais com interesses em pesquisa na \u00e1rea da sa\u00fade da mulher, da gestante e fetal. Inscri\u00e7\u00f5es para Ingresso no Programa: As inscri\u00e7\u00f5es para ingresso no Programa de P\u00f3s-Gradua\u00e7\u00e3o em Obstetr\u00edcia e Ginecologia s\u00e3o de fluxo cont\u00ednuo de acordo com as informa\u00e7\u00f5es do edital, nos dias \u00fateis, das 10:00 \u00e0s 12:00 horas e das 14:00 \u00e0s 16:00 horas. \u00c9 importante referir que temos duas condi\u00e7\u00f5es b\u00e1sicas\u00a0para\u00a0a\u00a0inscri\u00e7\u00e3o\u00a0neste\u00a0Programa\u00a0de P\u00f3s-Gradua\u00e7\u00e3o que s\u00e3o: (1) Teste de Profici\u00eancia da L\u00edngua Inglesa realizado junto a\u00a0Cultura Inglesa\u00a0 com uma pontua\u00e7\u00e3o m\u00ednima de 50 pontos\u00a0para\u00a0Mestrado e 60 pontos\u00a0para\u00a0Doutorado [ou, em alternativa, no\u00a0ALUMNI\u00a0ou no\u00a0TESE Prime &#8211; TEAP\u00a0 conforme abaixo explicado] (2) Projeto de Pesquisa elaborado pelo aluno e aprovado pela CAPPesq\/HCFMUSP ou CEP\/FMUSP \u2013 entregar junto com a inscri\u00e7\u00e3o o Formul\u00e1rio de Projeto de Pesquisa para Inscri\u00e7\u00e3o Aluno Novo preenchido e assinado pelo candidato e futuro Orientador. MUITO IMPORTANTE: manter o Curr\u00edculo LATTES atualizado. Os candidatos aos cursos de doutorado, que tenham realizado curso de mestrado fora da USP, dever\u00e3o providenciar a aceita\u00e7\u00e3o de equival\u00eancia do t\u00edtulo de mestre. &#8211; EDITAL Edital para inscri\u00e7\u00e3o e sele\u00e7\u00e3o no Programa de P\u00f3s-Gradua\u00e7\u00e3o em Obstetr\u00edcia e Ginecologia. NOTA IMPORTANTE: [&#8230;]<\/p>\n","protected":false},"author":1126,"featured_media":0,"parent":0,"menu_order":0,"comment_status":"closed","ping_status":"closed","template":"","meta":{"_monsterinsights_skip_tracking":false,"_monsterinsights_sitenote_active":false,"_monsterinsights_sitenote_note":"","_monsterinsights_sitenote_category":0,"footnotes":"","_links_to":"","_links_to_target":""},"class_list":["post-994","page","type-page","status-publish","hentry"],"_links":{"self":[{"href":"https:\/\/sites.usp.br\/ppgog\/wp-json\/wp\/v2\/pages\/994","targetHints":{"allow":["GET"]}}],"collection":[{"href":"https:\/\/sites.usp.br\/ppgog\/wp-json\/wp\/v2\/pages"}],"about":[{"href":"https:\/\/sites.usp.br\/ppgog\/wp-json\/wp\/v2\/types\/page"}],"author":[{"embeddable":true,"href":"https:\/\/sites.usp.br\/ppgog\/wp-json\/wp\/v2\/users\/1126"}],"replies":[{"embeddable":true,"href":"https:\/\/sites.usp.br\/ppgog\/wp-json\/wp\/v2\/comments?post=994"}],"version-history":[{"count":5,"href":"https:\/\/sites.usp.br\/ppgog\/wp-json\/wp\/v2\/pages\/994\/revisions"}],"predecessor-version":[{"id":1949,"href":"https:\/\/sites.usp.br\/ppgog\/wp-json\/wp\/v2\/pages\/994\/revisions\/1949"}],"wp:attachment":[{"href":"https:\/\/sites.usp.br\/ppgog\/wp-json\/wp\/v2\/media?parent=994"}],"curies":[{"name":"wp","href":"https:\/\/api.w.org\/{rel}","templated":true}]}}