{"id":997,"date":"2019-11-28T16:02:16","date_gmt":"2019-11-28T19:02:16","guid":{"rendered":"https:\/\/sites.usp.br\/ppgog\/?page_id=997"},"modified":"2023-05-12T17:24:31","modified_gmt":"2023-05-12T20:24:31","slug":"alunos-mestrado","status":"publish","type":"page","link":"https:\/\/sites.usp.br\/ppgog\/alunos\/alunos-mestrado\/","title":{"rendered":"Alunos &#8211; Mestrado"},"content":{"rendered":"<p>&nbsp;<\/p>\n<table style=\"height: 1585px;\" width=\"962\">\n<tbody>\n<tr>\n<td style=\"text-align: center;\" width=\"255\"><strong><span style=\"color: #0e6848;\">Nome<\/span><\/strong><\/td>\n<td style=\"text-align: center;\" width=\"148\"><strong><span style=\"color: #0e6848;\">Data da Matr\u00edcula<\/span><\/strong><\/td>\n<td style=\"text-align: center;\" width=\"287\"><strong><span style=\"color: #0e6848;\">Orientador<\/span><\/strong><\/td>\n<\/tr>\n<tr>\n<td style=\"font-weight: 200; text-align: center;\" width=\"255\">Ana Cristina Alves dos Santos<\/td>\n<td style=\"font-weight: 200; text-align: center;\" width=\"148\">30\/06\/2022<\/td>\n<td style=\"font-weight: 200; text-align: center;\" width=\"287\">Mariana Azevedo Carvalho<\/td>\n<\/tr>\n<tr>\n<td style=\"font-weight: 200; text-align: center;\" width=\"255\">Andrea Cristiane Dell&#8217; Aquila<\/td>\n<td style=\"font-weight: 200; text-align: center;\" width=\"148\">18\/01\/2022<\/td>\n<td style=\"font-weight: 200; text-align: center;\" width=\"287\">Jorge Milhem Haddad<\/td>\n<\/tr>\n<tr>\n<td style=\"font-weight: 200; text-align: center;\" width=\"255\">Annie Caroline Magalh\u00e3es Santos<\/td>\n<td style=\"font-weight: 200; text-align: center;\" width=\"148\">28\/07\/2022<\/td>\n<td style=\"font-weight: 200; text-align: center;\" width=\"287\">Marco Aur\u00e9lio Knippel Galletta<\/td>\n<\/tr>\n<tr>\n<td style=\"font-weight: 400; text-align: center;\" width=\"255\">Beatriz Martinelli Menezes Gon\u00e7alves<\/td>\n<td style=\"font-weight: 400; text-align: center;\" width=\"148\">26\/11\/2021<\/td>\n<td style=\"font-weight: 400; text-align: center;\" width=\"287\">Marco Aur\u00e9lio Knippel Galletta<\/td>\n<\/tr>\n<tr>\n<td style=\"font-weight: 400; text-align: center;\" width=\"255\">Camila Luiza Meira Pucci<\/td>\n<td style=\"font-weight: 400; text-align: center;\" width=\"148\">24\/06\/2022<\/td>\n<td style=\"font-weight: 400; text-align: center;\" width=\"287\">M\u00e1rio Henrique Burlacchini de Carvalho<\/td>\n<\/tr>\n<tr>\n<td style=\"font-weight: 400; text-align: center;\" width=\"255\">Camila Vitola Pasetto<\/td>\n<td style=\"font-weight: 400; text-align: center;\" width=\"148\">14\/07\/2022<\/td>\n<td style=\"font-weight: 400; text-align: center;\" width=\"287\">Rodrigo Gon\u00e7alves<\/td>\n<\/tr>\n<tr>\n<td style=\"font-weight: 400; text-align: center;\" width=\"255\">Carlos Augusto Zarate Nissel<\/td>\n<td style=\"font-weight: 400; text-align: center;\" width=\"148\">30\/11\/2022<\/td>\n<td style=\"font-weight: 400; text-align: center;\" width=\"287\">Pedro Augusto Araujo Monteleone<\/td>\n<\/tr>\n<tr>\n<td style=\"font-weight: 400; text-align: center;\" width=\"255\">Carolina Burgarelli Testa<\/td>\n<td style=\"font-weight: 400; text-align: center;\" width=\"148\">30\/06\/2022<\/td>\n<td style=\"font-weight: 400; text-align: center;\" width=\"287\">Maria de Lourdes Brizot<\/td>\n<\/tr>\n<tr>\n<td style=\"font-weight: 400; text-align: center;\" width=\"255\">Daniel Godoy Defavari<\/td>\n<td style=\"font-weight: 400; text-align: center;\" width=\"148\">15\/03\/2023<\/td>\n<td style=\"font-weight: 400; text-align: center;\" width=\"287\">Gustavo Arantes Rosa Maciel<\/td>\n<\/tr>\n<tr>\n<td style=\"font-weight: 400; text-align: center;\" width=\"255\">Daniela Fantin Carro<\/td>\n<td style=\"font-weight: 400; text-align: center;\" width=\"148\">06\/04\/2022<\/td>\n<td style=\"font-weight: 400; text-align: center;\" width=\"287\">Elizabeth Alves Gon\u00e7alves Ferreira<\/td>\n<\/tr>\n<tr>\n<td style=\"font-weight: 400; text-align: center;\" width=\"255\">Debora Amorim Oria Fernandes<\/td>\n<td style=\"font-weight: 400; text-align: center;\" width=\"148\">20\/07\/2021<\/td>\n<td style=\"font-weight: 400; text-align: center;\" width=\"287\">Jorge Milhem Haddad<\/td>\n<\/tr>\n<tr>\n<td style=\"font-weight: 400; text-align: center;\" width=\"255\">D\u00e9bora Fran\u00e7\u00f2es P\u00f4rto<\/td>\n<td style=\"font-weight: 400; text-align: center;\" width=\"148\">20\/09\/2021<\/td>\n<td style=\"font-weight: 400; text-align: center;\" width=\"287\">Elizabeth Alves Gon\u00e7alves Ferreira<\/td>\n<\/tr>\n<tr>\n<td style=\"font-weight: 400; text-align: center;\" width=\"255\">D\u00e9bora Krakauer<\/td>\n<td style=\"font-weight: 400; text-align: center;\" width=\"148\">11\/04\/2023<\/td>\n<td style=\"font-weight: 400; text-align: center;\" width=\"287\">Jos\u00e9 Maria Soares J\u00fanior<\/td>\n<\/tr>\n<tr>\n<td style=\"font-weight: 400; text-align: center;\" width=\"255\">Diego Wallace Nascimento<\/td>\n<td style=\"font-weight: 400; text-align: center;\" width=\"148\">01\/02\/2023<\/td>\n<td style=\"font-weight: 400; text-align: center;\" width=\"287\">Jose Roberto Filassi<\/td>\n<\/tr>\n<tr>\n<td style=\"font-weight: 400; text-align: center;\" width=\"255\">Enio Augusto Mialaret Santos<\/td>\n<td style=\"font-weight: 400; text-align: center;\" width=\"148\">28\/07\/2022<\/td>\n<td style=\"font-weight: 400; text-align: center;\" width=\"287\">Rafaela Alkmin da Costa<\/td>\n<\/tr>\n<tr>\n<td style=\"font-weight: 400; text-align: center;\" width=\"255\"><a href=\"http:\/\/lattes.cnpq.br\/2888303490671373\" target=\"_blank\" rel=\"noopener noreferrer\">Fernanda Okita<\/a><\/td>\n<td style=\"font-weight: 400; text-align: center;\" width=\"148\">17\/03\/2020<\/td>\n<td style=\"font-weight: 400; text-align: center;\" width=\"287\">Mauricio Sim\u00f5es Abr\u00e3o<\/td>\n<\/tr>\n<tr>\n<td style=\"font-weight: 400; text-align: center;\" width=\"255\"><a href=\"https:\/\/sites.usp.br\/ppgog\/alunos\/flavia-abranches-corsetti-purcino\/\" rel=\"noopener noreferrer\">Fl\u00e1via Abranches Corsetti Purcino<\/a><\/td>\n<td style=\"font-weight: 400; text-align: center;\" width=\"148\">07\/12\/2020<\/td>\n<td style=\"font-weight: 400; text-align: center;\" width=\"287\">Isabel Cristina Esposito Sorpreso<\/td>\n<\/tr>\n<tr>\n<td style=\"font-weight: 400; text-align: center;\" width=\"255\">Gabriela Bezerra Nobrega<\/td>\n<td style=\"font-weight: 400; text-align: center;\" width=\"148\">23\/11\/2021<\/td>\n<td style=\"font-weight: 400; text-align: center;\" width=\"287\">Jose Roberto Filassi<\/td>\n<\/tr>\n<tr>\n<td style=\"font-weight: 400; text-align: center;\" width=\"255\">Gabriela Fuster Barbosa<\/td>\n<td style=\"font-weight: 400; text-align: center;\" width=\"148\">07\/06\/2021<\/td>\n<td style=\"font-weight: 400; text-align: center;\" width=\"287\">Isabel Cristina Esposito Sorpreso<\/td>\n<\/tr>\n<tr>\n<td style=\"font-weight: 400; text-align: center;\" width=\"255\">Gelson Farias Arcos J\u00fanior<\/td>\n<td style=\"font-weight: 400; text-align: center;\" width=\"148\">06\/10\/2021<\/td>\n<td style=\"font-weight: 400; text-align: center;\" width=\"287\">Mariana Azevedo Carvalho<\/td>\n<\/tr>\n<tr>\n<td style=\"font-weight: 400; text-align: center;\" width=\"255\">Giovanna Santos Cavalcanti<\/td>\n<td style=\"font-weight: 400; text-align: center;\" width=\"148\">17\/01\/2022<\/td>\n<td style=\"font-weight: 400; text-align: center;\" width=\"287\">Jos\u00e9 Maria Soares J\u00fanior<\/td>\n<\/tr>\n<tr>\n<td style=\"font-weight: 400; text-align: center;\" width=\"255\">Helena Junqueira Oliveira<\/td>\n<td style=\"font-weight: 400; text-align: center;\" width=\"148\">15\/03\/2023<\/td>\n<td style=\"font-weight: 400; text-align: center;\" width=\"287\">Marco Aur\u00e9lio Knippel Galletta<\/td>\n<\/tr>\n<tr>\n<td style=\"font-weight: 400; text-align: center;\" width=\"255\">Karla Krislane Alves Costa Monteiro<\/td>\n<td style=\"font-weight: 400; text-align: center;\" width=\"148\">26\/07\/2022<\/td>\n<td style=\"font-weight: 400; text-align: center;\" width=\"287\">Jos\u00e9 Maria Soares J\u00fanior<\/td>\n<\/tr>\n<tr>\n<td style=\"font-weight: 400; text-align: center;\" width=\"255\">Lais Abdo Quint\u00e3o<\/td>\n<td style=\"font-weight: 400; text-align: center;\" width=\"148\">23\/09\/2021<\/td>\n<td style=\"font-weight: 400; text-align: center;\" width=\"287\">Isabel Cristina Esposito Sorpreso<\/td>\n<\/tr>\n<tr>\n<td style=\"font-weight: 400; text-align: center;\" width=\"255\"><a href=\"http:\/\/lattes.cnpq.br\/0897531490359838\" target=\"_blank\" rel=\"noopener noreferrer\">Larissa Aparecida Cassiano Castro<\/a><\/td>\n<td style=\"font-weight: 400; text-align: center;\" width=\"148\">06\/02\/2020<\/td>\n<td style=\"font-weight: 400; text-align: center;\" width=\"287\">Lisandra Stein Bernardes Ciampi de Andrade<\/td>\n<\/tr>\n<tr>\n<td style=\"font-weight: 400; text-align: center;\" width=\"255\">Livia Alves Lopes<\/td>\n<td style=\"font-weight: 400; text-align: center;\" width=\"148\">05\/07\/2022<\/td>\n<td style=\"font-weight: 400; text-align: center;\" width=\"287\">F\u00e1bio Roberto Cabar<\/td>\n<\/tr>\n<tr>\n<td style=\"font-weight: 400; text-align: center;\" width=\"255\">Lorena Ana Mercedes Lara Urbanetz<\/td>\n<td style=\"font-weight: 400; text-align: center;\" width=\"148\">11\/03\/2021<\/td>\n<td style=\"font-weight: 400; text-align: center;\" width=\"287\">Edmund Chada Baracat<\/td>\n<\/tr>\n<tr>\n<td style=\"font-weight: 400; text-align: center;\" width=\"255\"><a href=\"http:\/\/lattes.cnpq.br\/5282639112889202\" target=\"_blank\" rel=\"noopener noreferrer\">Luciana Pistelli Gomes Freitas<\/a><\/td>\n<td style=\"font-weight: 400; text-align: center;\" width=\"148\">17\/12\/2020<\/td>\n<td style=\"font-weight: 400; text-align: center;\" width=\"287\">Jorge Milhem Haddad<\/td>\n<\/tr>\n<tr>\n<td style=\"font-weight: 400; text-align: center;\" width=\"255\">Marcelo Pedrassani<\/td>\n<td style=\"font-weight: 400; text-align: center;\" width=\"148\">01\/07\/2022<\/td>\n<td style=\"font-weight: 400; text-align: center;\" width=\"287\">S\u00e9rgio Podgaec<\/td>\n<\/tr>\n<tr>\n<td style=\"font-weight: 400; text-align: center;\" width=\"255\"><a href=\"http:\/\/lattes.cnpq.br\/7556307655710791\" target=\"_blank\" rel=\"noopener noreferrer\">Mariana Camargo Guimar\u00e3es Forghieri<\/a><\/td>\n<td style=\"font-weight: 400; text-align: center;\" width=\"148\">14\/12\/2020<\/td>\n<td style=\"font-weight: 400; text-align: center;\" width=\"287\">Iara Moreno Linhares<\/td>\n<\/tr>\n<tr>\n<td style=\"font-weight: 400; text-align: center;\" width=\"255\">Mariana da Cunha Vieira<\/td>\n<td style=\"font-weight: 400; text-align: center;\" width=\"148\">06\/07\/2021<\/td>\n<td style=\"font-weight: 400; text-align: center;\" width=\"287\">Mauricio Sim\u00f5es Abr\u00e3o<\/td>\n<\/tr>\n<tr>\n<td style=\"font-weight: 400; text-align: center;\" width=\"255\">Mariana Matzenbacher Brunoro<\/td>\n<td style=\"font-weight: 400; text-align: center;\" width=\"148\">24\/11\/2022<\/td>\n<td style=\"font-weight: 400; text-align: center;\" width=\"287\">Mauricio Sim\u00f5es Abr\u00e3o<\/td>\n<\/tr>\n<tr>\n<td style=\"font-weight: 400; text-align: center;\" width=\"255\">Marilia Albanezi Bertolazzi<\/td>\n<td style=\"font-weight: 400; text-align: center;\" width=\"148\">19\/01\/2022<\/td>\n<td style=\"font-weight: 400; text-align: center;\" width=\"287\">Jesus Paula Carvalho<\/td>\n<\/tr>\n<tr>\n<td style=\"font-weight: 400; text-align: center;\" width=\"255\">Mila Meneguelli Miranda Zambone<\/td>\n<td style=\"font-weight: 400; text-align: center;\" width=\"148\">09\/04\/2021<\/td>\n<td style=\"font-weight: 400; text-align: center;\" width=\"287\">Iara Moreno Linhares<\/td>\n<\/tr>\n<tr>\n<td style=\"font-weight: 400; text-align: center;\" width=\"255\">Patricia Gama Bonini<\/td>\n<td style=\"font-weight: 400; text-align: center;\" width=\"148\">10\/04\/2023<\/td>\n<td style=\"font-weight: 400; text-align: center;\" width=\"287\">Marco Aur\u00e9lio Knippel Galletta<\/td>\n<\/tr>\n<tr>\n<td style=\"font-weight: 400; text-align: center;\" width=\"255\">Patricia Jorge Schwenck de Carvalho<\/td>\n<td style=\"font-weight: 400; text-align: center;\" width=\"148\">15\/03\/2023<\/td>\n<td style=\"font-weight: 400; text-align: center;\" width=\"287\">Gustavo Arantes Rosa Maciel<\/td>\n<\/tr>\n<tr>\n<td style=\"font-weight: 400; text-align: center;\" width=\"255\"><a href=\"http:\/\/lattes.cnpq.br\/1543925413240508\" target=\"_blank\" rel=\"noopener noreferrer\">Pedro Felipe Magalh\u00e3es Peregrino<\/a><\/td>\n<td style=\"font-weight: 400; text-align: center;\" width=\"148\">16\/02\/2021<\/td>\n<td style=\"font-weight: 400; text-align: center;\" width=\"287\">Pedro Augusto Araujo Monteleone<\/td>\n<\/tr>\n<tr>\n<td style=\"font-weight: 400; text-align: center;\" width=\"255\">Priscilla Lopes Caldeira<\/td>\n<td style=\"font-weight: 400; text-align: center;\" width=\"148\">13\/04\/2021<\/td>\n<td style=\"font-weight: 400; text-align: center;\" width=\"287\">Jos\u00e9 Maria Soares J\u00fanior<\/td>\n<\/tr>\n<tr>\n<td style=\"font-weight: 400; text-align: center;\" width=\"255\">Renata Bolibio<\/td>\n<td style=\"font-weight: 400; text-align: center;\" width=\"148\">10\/02\/2023<\/td>\n<td style=\"font-weight: 400; text-align: center;\" width=\"287\">Rafaela Alkmin da Costa<\/td>\n<\/tr>\n<tr>\n<td style=\"font-weight: 400; text-align: center;\" width=\"255\">Sabrina de Andrade Fernandes Collier Perrusi<\/td>\n<td style=\"font-weight: 400; text-align: center;\" width=\"148\">19\/11\/2021<\/td>\n<td style=\"font-weight: 400; text-align: center;\" width=\"287\">M\u00e1rio Henrique Burlacchini de Carvalho<\/td>\n<\/tr>\n<tr>\n<td style=\"font-weight: 400; text-align: center;\" width=\"255\">Samirah Hosney Mahmoud Mohamed<\/td>\n<td style=\"font-weight: 400; text-align: center;\" width=\"148\">19\/12\/2022<\/td>\n<td style=\"font-weight: 400; text-align: center;\" width=\"287\">Rossana Pulcineli Vieira Francisco<\/td>\n<\/tr>\n<tr>\n<td style=\"font-weight: 400; text-align: center;\" width=\"255\">Thain\u00e1 de Jesus Souza<\/td>\n<td style=\"font-weight: 400; text-align: center;\" width=\"148\">14\/02\/2022<\/td>\n<td style=\"font-weight: 400; text-align: center;\" width=\"287\">Gustavo Arantes Rosa Maciel<\/td>\n<\/tr>\n<tr>\n<td style=\"font-weight: 400; text-align: center;\" width=\"255\">Tha\u00eds Perez Vazquez<\/td>\n<td style=\"font-weight: 400; text-align: center;\" width=\"148\">29\/09\/2021<\/td>\n<td style=\"font-weight: 400; text-align: center;\" width=\"287\">Jose Roberto Filassi<\/td>\n<\/tr>\n<tr>\n<td style=\"font-weight: 400; text-align: center;\" width=\"255\">Veridiana Freire Franco<\/td>\n<td style=\"font-weight: 400; text-align: center;\" width=\"148\">01\/10\/2021<\/td>\n<td style=\"font-weight: 400; text-align: center;\" width=\"287\">Rossana Pulcineli Vieira Francisco<\/td>\n<\/tr>\n<\/tbody>\n<\/table>\n","protected":false},"excerpt":{"rendered":"<p>&nbsp; Nome Data da Matr\u00edcula Orientador Ana Cristina Alves dos Santos 30\/06\/2022 Mariana Azevedo Carvalho Andrea Cristiane Dell&#8217; Aquila 18\/01\/2022 Jorge Milhem Haddad Annie Caroline Magalh\u00e3es Santos 28\/07\/2022 Marco Aur\u00e9lio Knippel Galletta Beatriz Martinelli Menezes Gon\u00e7alves 26\/11\/2021 Marco Aur\u00e9lio Knippel Galletta Camila Luiza Meira Pucci 24\/06\/2022 M\u00e1rio Henrique Burlacchini de Carvalho Camila Vitola Pasetto 14\/07\/2022 Rodrigo Gon\u00e7alves Carlos Augusto Zarate Nissel 30\/11\/2022 Pedro Augusto Araujo Monteleone Carolina Burgarelli Testa 30\/06\/2022 Maria de Lourdes Brizot Daniel Godoy Defavari 15\/03\/2023 Gustavo Arantes Rosa Maciel Daniela Fantin Carro 06\/04\/2022 Elizabeth Alves Gon\u00e7alves Ferreira Debora Amorim Oria Fernandes 20\/07\/2021 Jorge Milhem Haddad D\u00e9bora Fran\u00e7\u00f2es P\u00f4rto 20\/09\/2021 Elizabeth Alves Gon\u00e7alves Ferreira D\u00e9bora Krakauer 11\/04\/2023 Jos\u00e9 Maria Soares J\u00fanior Diego Wallace Nascimento 01\/02\/2023 Jose Roberto Filassi Enio Augusto Mialaret Santos 28\/07\/2022 Rafaela Alkmin da Costa Fernanda Okita 17\/03\/2020 Mauricio Sim\u00f5es Abr\u00e3o Fl\u00e1via Abranches Corsetti Purcino 07\/12\/2020 Isabel Cristina Esposito Sorpreso Gabriela Bezerra Nobrega 23\/11\/2021 Jose Roberto Filassi Gabriela Fuster Barbosa 07\/06\/2021 Isabel Cristina Esposito Sorpreso Gelson Farias Arcos J\u00fanior 06\/10\/2021 Mariana Azevedo Carvalho Giovanna Santos Cavalcanti 17\/01\/2022 Jos\u00e9 Maria Soares J\u00fanior Helena Junqueira Oliveira 15\/03\/2023 Marco Aur\u00e9lio Knippel Galletta Karla Krislane Alves Costa Monteiro 26\/07\/2022 Jos\u00e9 Maria Soares J\u00fanior Lais Abdo Quint\u00e3o 23\/09\/2021 Isabel Cristina Esposito [&#8230;]<\/p>\n","protected":false},"author":1126,"featured_media":0,"parent":916,"menu_order":0,"comment_status":"closed","ping_status":"closed","template":"","meta":{"_monsterinsights_skip_tracking":false,"_monsterinsights_sitenote_active":false,"_monsterinsights_sitenote_note":"","_monsterinsights_sitenote_category":0,"footnotes":"","_links_to":"","_links_to_target":""},"class_list":["post-997","page","type-page","status-publish","hentry"],"_links":{"self":[{"href":"https:\/\/sites.usp.br\/ppgog\/wp-json\/wp\/v2\/pages\/997","targetHints":{"allow":["GET"]}}],"collection":[{"href":"https:\/\/sites.usp.br\/ppgog\/wp-json\/wp\/v2\/pages"}],"about":[{"href":"https:\/\/sites.usp.br\/ppgog\/wp-json\/wp\/v2\/types\/page"}],"author":[{"embeddable":true,"href":"https:\/\/sites.usp.br\/ppgog\/wp-json\/wp\/v2\/users\/1126"}],"replies":[{"embeddable":true,"href":"https:\/\/sites.usp.br\/ppgog\/wp-json\/wp\/v2\/comments?post=997"}],"version-history":[{"count":4,"href":"https:\/\/sites.usp.br\/ppgog\/wp-json\/wp\/v2\/pages\/997\/revisions"}],"predecessor-version":[{"id":1937,"href":"https:\/\/sites.usp.br\/ppgog\/wp-json\/wp\/v2\/pages\/997\/revisions\/1937"}],"up":[{"embeddable":true,"href":"https:\/\/sites.usp.br\/ppgog\/wp-json\/wp\/v2\/pages\/916"}],"wp:attachment":[{"href":"https:\/\/sites.usp.br\/ppgog\/wp-json\/wp\/v2\/media?parent=997"}],"curies":[{"name":"wp","href":"https:\/\/api.w.org\/{rel}","templated":true}]}}