{"id":999,"date":"2019-11-28T16:02:30","date_gmt":"2019-11-28T19:02:30","guid":{"rendered":"https:\/\/sites.usp.br\/ppgog\/?page_id=999"},"modified":"2021-04-14T10:40:33","modified_gmt":"2021-04-14T13:40:33","slug":"alunos-doutorado","status":"publish","type":"page","link":"https:\/\/sites.usp.br\/ppgog\/alunos\/alunos-doutorado\/","title":{"rendered":"Alunos &#8211; Doutorado"},"content":{"rendered":"<p>&nbsp;<\/p>\n<table style=\"height: 1061px;\" width=\"948\">\n<tbody>\n<tr>\n<td style=\"text-align: center;\" width=\"255\"><span style=\"color: #0e6848;\"><strong>Nome<\/strong><\/span><\/p>\n<h6><strong style=\"color: #0e6848; font-family: inherit; font-size: inherit;\">(links para Lattes nos nomes)<\/strong><\/h6>\n<\/td>\n<td style=\"text-align: center;\" width=\"148\"><span style=\"color: #0e6848;\"><strong>Data da Matr\u00edcula<\/strong><\/span><\/td>\n<td style=\"text-align: center;\" width=\"287\"><span style=\"color: #0e6848;\"><strong>Orientador<\/strong><\/span><\/td>\n<\/tr>\n<tr>\n<td style=\"font-weight: 400; text-align: center;\" width=\"255\">\n<p style=\"text-align: center;\"><a href=\"http:\/\/lattes.cnpq.br\/1283939717901264\" target=\"_blank\" rel=\"noopener noreferrer\"><span style=\"color: #1094ab;\">Ana Maria da Silva Sousa Oliveira<\/span><\/a><\/p>\n<\/td>\n<td style=\"font-weight: 400; text-align: center;\" width=\"148\">24\/02\/2021<\/td>\n<td style=\"font-weight: 400; text-align: center;\" width=\"287\">Rossana Pulcineli Vieira Francisco<\/td>\n<\/tr>\n<tr>\n<td style=\"font-weight: 400; text-align: center;\" width=\"255\"><span style=\"color: #1094ab;\"><a style=\"color: #1094ab;\" href=\"http:\/\/lattes.cnpq.br\/2266780229550200\" target=\"_blank\" rel=\"noopener noreferrer\">Anne Kristhine Cavalcante Pereira<\/a><\/span><\/td>\n<td style=\"font-weight: 400; text-align: center;\" width=\"148\">17\/04\/2018<\/td>\n<td style=\"font-weight: 400; text-align: center;\" width=\"287\">Edmund Chada Baracat<\/td>\n<\/tr>\n<tr>\n<td style=\"font-weight: 400; text-align: center;\" width=\"255\"><span style=\"color: #1094ab;\"><a style=\"color: #1094ab;\" href=\"http:\/\/lattes.cnpq.br\/3958635249589161\" target=\"_blank\" rel=\"noopener noreferrer\">Annielson de Souza Costa<\/a><\/span><\/td>\n<td style=\"font-weight: 400; text-align: center;\" width=\"148\">12\/03\/2021<\/td>\n<td style=\"font-weight: 400; text-align: center;\" width=\"287\">Isabel Cristina Esposito Sorpreso<\/td>\n<\/tr>\n<tr>\n<td style=\"font-weight: 400; text-align: center;\" width=\"255\"><span style=\"color: #1094ab;\"><a style=\"color: #1094ab;\" href=\"http:\/\/lattes.cnpq.br\/0413628531853188\" target=\"_blank\" rel=\"noopener noreferrer\">Antonio Gomes de Amorim Filho<\/a><\/span><\/td>\n<td style=\"font-weight: 400; text-align: center;\" width=\"148\">31\/03\/2017<\/td>\n<td style=\"font-weight: 400; text-align: center;\" width=\"287\">M\u00e1rio Henrique Burlacchini de Carvalho<\/td>\n<\/tr>\n<tr>\n<td style=\"font-weight: 400; text-align: center;\" width=\"255\"><span style=\"color: #1094ab;\"><a style=\"color: #1094ab;\" href=\"http:\/\/lattes.cnpq.br\/6489308507235006\" target=\"_blank\" rel=\"noopener noreferrer\">Bruna Cristine de Almeida<\/a><\/span><\/td>\n<td style=\"font-weight: 400; text-align: center;\" width=\"148\">17\/05\/2016<\/td>\n<td style=\"font-weight: 400; text-align: center;\" width=\"287\">K\u00e1tia C\u00e2ndido Carvalho<\/td>\n<\/tr>\n<tr>\n<td style=\"font-weight: 400; text-align: center;\" width=\"255\"><span style=\"color: #1094ab;\"><a style=\"color: #1094ab;\" href=\"http:\/\/lattes.cnpq.br\/7548326958555947\" target=\"_blank\" rel=\"noopener noreferrer\">Caio F\u00e1bio Schlechta Portella<\/a><\/span><\/td>\n<td style=\"font-weight: 400; text-align: center;\" width=\"148\">03\/12\/2020<\/td>\n<td style=\"font-weight: 400; text-align: center;\" width=\"287\">Isabel Cristina Esposito Sorpreso<\/td>\n<\/tr>\n<tr>\n<td style=\"font-weight: 400; text-align: center;\" width=\"255\"><span style=\"color: #1094ab;\"><a style=\"color: #1094ab;\" href=\"http:\/\/lattes.cnpq.br\/8759577149940795\" target=\"_blank\" rel=\"noopener noreferrer\">Edson Santos Ferreira Filho<\/a><\/span><\/td>\n<td style=\"font-weight: 400; text-align: center;\" width=\"148\">08\/12\/2020<\/td>\n<td style=\"font-weight: 400; text-align: center;\" width=\"287\">Edmund Chada Baracat<\/td>\n<\/tr>\n<tr>\n<td style=\"font-weight: 400; text-align: center;\" width=\"255\"><span style=\"color: #1094ab;\"><a style=\"color: #1094ab;\" href=\"http:\/\/lattes.cnpq.br\/3532152480655371\" target=\"_blank\" rel=\"noopener noreferrer\">Fabiana de Almeida Andrade<\/a><\/span><\/td>\n<td style=\"font-weight: 400; text-align: center;\" width=\"148\">05\/02\/2019<\/td>\n<td style=\"font-weight: 400; text-align: center;\" width=\"287\">Rossana Pulcineli Vieira Francisco<\/td>\n<\/tr>\n<tr>\n<td style=\"font-weight: 400; text-align: center;\" width=\"255\"><span style=\"color: #1094ab;\"><a style=\"color: #1094ab;\" href=\"http:\/\/lattes.cnpq.br\/5487590193644728\" target=\"_blank\" rel=\"noopener noreferrer\">Fernanda Pipitone Rodrigues<\/a><\/span><\/td>\n<td style=\"font-weight: 400; text-align: center;\" width=\"148\">12\/03\/2021<\/td>\n<td style=\"font-weight: 400; text-align: center;\" width=\"287\">Jorge Milhem Haddad<\/td>\n<\/tr>\n<tr>\n<td style=\"font-weight: 400; text-align: center;\" width=\"255\"><span style=\"color: #1094ab;\"><a style=\"color: #1094ab;\" href=\"http:\/\/lattes.cnpq.br\/4715644219136650\" target=\"_blank\" rel=\"noopener noreferrer\">Fernanda Spadotto Baptista<\/a><\/span><\/td>\n<td style=\"font-weight: 400; text-align: center;\" width=\"148\">02\/12\/2020<\/td>\n<td style=\"font-weight: 400; text-align: center;\" width=\"287\">Rossana Pulcineli Vieira Francisco<\/td>\n<\/tr>\n<tr>\n<td style=\"font-weight: 400; text-align: center;\" width=\"255\"><span style=\"color: #1094ab;\"><a style=\"color: #1094ab;\" href=\"http:\/\/lattes.cnpq.br\/1675315369504355\" target=\"_blank\" rel=\"noopener noreferrer\">Fernando Wladimir Silva Rivas<\/a><\/span><\/td>\n<td style=\"font-weight: 400; text-align: center;\" width=\"148\">23\/03\/2021<\/td>\n<td style=\"font-weight: 400; text-align: center;\" width=\"287\">Jos\u00e9 Maria Soares J\u00fanior<\/td>\n<\/tr>\n<tr>\n<td style=\"font-weight: 400; text-align: center;\" width=\"255\"><span style=\"color: #1094ab;\"><a style=\"color: #1094ab;\" href=\"http:\/\/lattes.cnpq.br\/6823154039379448\" target=\"_blank\" rel=\"noopener noreferrer\">Giovana De Nardo Maffazioli<\/a><\/span><\/td>\n<td style=\"font-weight: 400; text-align: center;\" width=\"148\">15\/09\/2016<\/td>\n<td style=\"font-weight: 400; text-align: center;\" width=\"287\">Gustavo Arantes Rosa Maciel<\/td>\n<\/tr>\n<tr>\n<td style=\"font-weight: 400; text-align: center;\" width=\"255\"><span style=\"color: #1094ab;\"><a style=\"color: #1094ab;\" href=\"http:\/\/lattes.cnpq.br\/0225984720376140\" target=\"_blank\" rel=\"noopener noreferrer\">Isadora Braga Seganfredo<\/a><\/span><\/td>\n<td style=\"font-weight: 400; text-align: center;\" width=\"148\">23\/04\/2019<\/td>\n<td style=\"font-weight: 400; text-align: center;\" width=\"287\">Jos\u00e9 Maria Soares J\u00fanior<\/td>\n<\/tr>\n<tr>\n<td style=\"font-weight: 400; text-align: center;\" width=\"255\"><span style=\"color: #1094ab;\"><a style=\"color: #1094ab;\" href=\"http:\/\/lattes.cnpq.br\/7452801540638658\" target=\"_blank\" rel=\"noopener noreferrer\">J\u00e9ssica Gorr\u00e3o Lopes Albertini<\/a><\/span><\/td>\n<td style=\"font-weight: 400; text-align: center;\" width=\"148\">14\/05\/2020<\/td>\n<td style=\"font-weight: 400; text-align: center;\" width=\"287\">Glaucia Rosana Guerra Benute<\/td>\n<\/tr>\n<tr>\n<td style=\"font-weight: 400; text-align: center;\" width=\"255\"><span style=\"color: #1094ab;\"><a style=\"color: #1094ab;\" href=\"http:\/\/lattes.cnpq.br\/9177288823691740\" target=\"_blank\" rel=\"noopener noreferrer\">Jonathan Yugo Maesaka<\/a><\/span><\/td>\n<td style=\"font-weight: 400; text-align: center;\" width=\"148\">18\/07\/2017<\/td>\n<td style=\"font-weight: 400; text-align: center;\" width=\"287\">Edmund Chada Baracat<\/td>\n<\/tr>\n<tr>\n<td style=\"font-weight: 400; text-align: center;\" width=\"255\"><span style=\"color: #1094ab;\"><a style=\"color: #1094ab;\" href=\"http:\/\/lattes.cnpq.br\/8473423108594710\" target=\"_blank\" rel=\"noopener noreferrer\">Juliana Valente Codato Marinelli<\/a><\/span><\/td>\n<td style=\"font-weight: 400; text-align: center;\" width=\"148\">23\/10\/2020<\/td>\n<td style=\"font-weight: 400; text-align: center;\" width=\"287\">M\u00e1rio Henrique Burlacchini de Carvalho<\/td>\n<\/tr>\n<tr>\n<td style=\"font-weight: 400; text-align: center;\" width=\"255\"><span style=\"color: #1094ab;\"><a style=\"color: #1094ab;\" href=\"http:\/\/lattes.cnpq.br\/5230047496720764\" target=\"_blank\" rel=\"noopener noreferrer\">Juliana Zangirolami Raimundo<\/a><\/span><\/td>\n<td style=\"font-weight: 400; text-align: center;\" width=\"148\">15\/03\/2018<\/td>\n<td style=\"font-weight: 400; text-align: center;\" width=\"287\">Jos\u00e9 Maria Soares J\u00fanior<\/td>\n<\/tr>\n<tr>\n<td style=\"font-weight: 400; text-align: center;\" width=\"255\"><span style=\"color: #1094ab;\"><a style=\"color: #1094ab;\" href=\"http:\/\/lattes.cnpq.br\/7479437534924703\" target=\"_blank\" rel=\"noopener noreferrer\">Karen Hettfleisch Faria<\/a><\/span><\/td>\n<td style=\"font-weight: 400; text-align: center;\" width=\"148\">14\/02\/2019<\/td>\n<td style=\"font-weight: 400; text-align: center;\" width=\"287\">Lisandra Stein Bernardes Ciampi de Andrade<\/td>\n<\/tr>\n<tr>\n<td style=\"font-weight: 400; text-align: center;\" width=\"255\"><span style=\"color: #1094ab;\"><a style=\"color: #1094ab;\" href=\"http:\/\/lattes.cnpq.br\/8028947493730286\" target=\"_blank\" rel=\"noopener noreferrer\">Laura Gonzalez dos Anjos<\/a><\/span><\/td>\n<td style=\"font-weight: 400; text-align: center;\" width=\"148\">26\/08\/2019<\/td>\n<td style=\"font-weight: 400; text-align: center;\" width=\"287\">K\u00e1tia C\u00e2ndido Carvalho<\/td>\n<\/tr>\n<tr>\n<td style=\"font-weight: 400; text-align: center;\" width=\"255\"><span style=\"color: #1094ab;\"><a style=\"color: #1094ab;\" href=\"http:\/\/lattes.cnpq.br\/4608998866065094\" target=\"_blank\" rel=\"noopener noreferrer\">Lilian Donatti<\/a><\/span><\/td>\n<td style=\"font-weight: 400; text-align: center;\" width=\"148\">10\/10\/2019<\/td>\n<td style=\"font-weight: 400; text-align: center;\" width=\"287\">S\u00e9rgio Podgaec<\/td>\n<\/tr>\n<tr>\n<td style=\"font-weight: 400; text-align: center;\" width=\"255\"><span style=\"color: #1094ab;\"><a style=\"color: #1094ab;\" href=\"http:\/\/lattes.cnpq.br\/7917292233230341\" target=\"_blank\" rel=\"noopener noreferrer\">Luiza da Gama Coelho Riccio<\/a><\/span><\/td>\n<td style=\"font-weight: 400; text-align: center;\" width=\"148\">30\/11\/2017<\/td>\n<td style=\"font-weight: 400; text-align: center;\" width=\"287\">Mauricio Sim\u00f5es Abr\u00e3o<\/td>\n<\/tr>\n<tr>\n<td style=\"font-weight: 400; text-align: center;\" width=\"255\"><a href=\"http:\/\/lattes.cnpq.br\/5905122182657306\" target=\"_blank\" rel=\"noopener noreferrer\"><span style=\"color: #1094ab;\">Mariana Yumi Miyadahira<\/span><\/a><\/td>\n<td style=\"font-weight: 400; text-align: center;\" width=\"148\">12\/02\/2021<\/td>\n<td style=\"font-weight: 400; text-align: center;\" width=\"287\">Maria de Lourdes Brizot<\/td>\n<\/tr>\n<tr>\n<td style=\"font-weight: 400; text-align: center;\" width=\"255\"><a href=\"http:\/\/lattes.cnpq.br\/5465573106439893\" target=\"_blank\" rel=\"noopener noreferrer\"><span style=\"color: #1094ab;\">Mariane de F\u00e1tima Yukie Maeda<\/span><\/a><\/td>\n<td style=\"font-weight: 400; text-align: center;\" width=\"148\">18\/11\/2020<\/td>\n<td style=\"font-weight: 400; text-align: center;\" width=\"287\">Maria de Lourdes Brizot<\/td>\n<\/tr>\n<tr>\n<td style=\"font-weight: 400; text-align: center;\" width=\"255\"><a href=\"http:\/\/lattes.cnpq.br\/5676196099695219\" target=\"_blank\" rel=\"noopener noreferrer\"><span style=\"color: #1094ab;\">Priscilla Rayanne e Silva Noll<\/span><\/a><\/td>\n<td style=\"font-weight: 400; text-align: center;\" width=\"148\">20\/02\/2018<\/td>\n<td style=\"font-weight: 400; text-align: center;\" width=\"287\">Isabel Cristina Esposito Sorpreso<\/td>\n<\/tr>\n<tr>\n<td style=\"font-weight: 400; text-align: center;\" width=\"255\"><a href=\"http:\/\/lattes.cnpq.br\/3506802489485527\" target=\"_blank\" rel=\"noopener noreferrer\"><span style=\"color: #1094ab;\">Renata Franco Pimentel Mendes<\/span><\/a><\/td>\n<td style=\"font-weight: 400; text-align: center;\" width=\"148\">10\/10\/2019<\/td>\n<td style=\"font-weight: 400; text-align: center;\" width=\"287\">Rossana Pulcineli Vieira Francisco<\/td>\n<\/tr>\n<tr>\n<td style=\"font-weight: 400; text-align: center;\" width=\"255\"><a href=\"http:\/\/lattes.cnpq.br\/6756830535274652\" target=\"_blank\" rel=\"noopener noreferrer\"><span style=\"color: #1094ab;\">Sckarlet Ernandes Biancolin Garavazzo<\/span><\/a><\/td>\n<td style=\"font-weight: 400; text-align: center;\" width=\"148\">08\/10\/2018<\/td>\n<td style=\"font-weight: 400; text-align: center;\" width=\"287\">Maria de Lourdes Brizot<\/td>\n<\/tr>\n<tr>\n<td style=\"font-weight: 400; text-align: center;\" width=\"255\"><span style=\"color: #1094ab;\"><a style=\"color: #1094ab;\" href=\"http:\/\/lattes.cnpq.br\/9371412105586941\" target=\"_blank\" rel=\"noopener noreferrer\">Walkyria Sampaio Andrade<\/a><\/span><\/td>\n<td style=\"font-weight: 400; text-align: center;\" width=\"148\">14\/12\/2018<\/td>\n<td style=\"font-weight: 400; text-align: center;\" width=\"287\">Maria de Lourdes Brizot<\/td>\n<\/tr>\n<\/tbody>\n<\/table>\n","protected":false},"excerpt":{"rendered":"<p>&nbsp; Nome (links para Lattes nos nomes) Data da Matr\u00edcula Orientador Ana Maria da Silva Sousa Oliveira 24\/02\/2021 Rossana Pulcineli Vieira Francisco Anne Kristhine Cavalcante Pereira 17\/04\/2018 Edmund Chada Baracat Annielson de Souza Costa 12\/03\/2021 Isabel Cristina Esposito Sorpreso Antonio Gomes de Amorim Filho 31\/03\/2017 M\u00e1rio Henrique Burlacchini de Carvalho Bruna Cristine de Almeida 17\/05\/2016 K\u00e1tia C\u00e2ndido Carvalho Caio F\u00e1bio Schlechta Portella 03\/12\/2020 Isabel Cristina Esposito Sorpreso Edson Santos Ferreira Filho 08\/12\/2020 Edmund Chada Baracat Fabiana de Almeida Andrade 05\/02\/2019 Rossana Pulcineli Vieira Francisco Fernanda Pipitone Rodrigues 12\/03\/2021 Jorge Milhem Haddad Fernanda Spadotto Baptista 02\/12\/2020 Rossana Pulcineli Vieira Francisco Fernando Wladimir Silva Rivas 23\/03\/2021 Jos\u00e9 Maria Soares J\u00fanior Giovana De Nardo Maffazioli 15\/09\/2016 Gustavo Arantes Rosa Maciel Isadora Braga Seganfredo 23\/04\/2019 Jos\u00e9 Maria Soares J\u00fanior J\u00e9ssica Gorr\u00e3o Lopes Albertini 14\/05\/2020 Glaucia Rosana Guerra Benute Jonathan Yugo Maesaka 18\/07\/2017 Edmund Chada Baracat Juliana Valente Codato Marinelli 23\/10\/2020 M\u00e1rio Henrique Burlacchini de Carvalho Juliana Zangirolami Raimundo 15\/03\/2018 Jos\u00e9 Maria Soares J\u00fanior Karen Hettfleisch Faria 14\/02\/2019 Lisandra Stein Bernardes Ciampi de Andrade Laura Gonzalez dos Anjos 26\/08\/2019 K\u00e1tia C\u00e2ndido Carvalho Lilian Donatti 10\/10\/2019 S\u00e9rgio Podgaec Luiza da Gama Coelho Riccio 30\/11\/2017 Mauricio Sim\u00f5es Abr\u00e3o Mariana Yumi Miyadahira 12\/02\/2021 Maria de Lourdes Brizot Mariane [&#8230;]<\/p>\n","protected":false},"author":1126,"featured_media":0,"parent":916,"menu_order":0,"comment_status":"closed","ping_status":"closed","template":"","meta":{"_monsterinsights_skip_tracking":false,"_monsterinsights_sitenote_active":false,"_monsterinsights_sitenote_note":"","_monsterinsights_sitenote_category":0,"footnotes":"","_links_to":"","_links_to_target":""},"class_list":["post-999","page","type-page","status-publish","hentry"],"_links":{"self":[{"href":"https:\/\/sites.usp.br\/ppgog\/wp-json\/wp\/v2\/pages\/999","targetHints":{"allow":["GET"]}}],"collection":[{"href":"https:\/\/sites.usp.br\/ppgog\/wp-json\/wp\/v2\/pages"}],"about":[{"href":"https:\/\/sites.usp.br\/ppgog\/wp-json\/wp\/v2\/types\/page"}],"author":[{"embeddable":true,"href":"https:\/\/sites.usp.br\/ppgog\/wp-json\/wp\/v2\/users\/1126"}],"replies":[{"embeddable":true,"href":"https:\/\/sites.usp.br\/ppgog\/wp-json\/wp\/v2\/comments?post=999"}],"version-history":[{"count":4,"href":"https:\/\/sites.usp.br\/ppgog\/wp-json\/wp\/v2\/pages\/999\/revisions"}],"predecessor-version":[{"id":1565,"href":"https:\/\/sites.usp.br\/ppgog\/wp-json\/wp\/v2\/pages\/999\/revisions\/1565"}],"up":[{"embeddable":true,"href":"https:\/\/sites.usp.br\/ppgog\/wp-json\/wp\/v2\/pages\/916"}],"wp:attachment":[{"href":"https:\/\/sites.usp.br\/ppgog\/wp-json\/wp\/v2\/media?parent=999"}],"curies":[{"name":"wp","href":"https:\/\/api.w.org\/{rel}","templated":true}]}}