{"id":103,"date":"2022-04-06T18:49:33","date_gmt":"2022-04-06T18:49:33","guid":{"rendered":"http:\/\/200.144.255.196:9380\/?page_id=103"},"modified":"2022-04-06T18:49:33","modified_gmt":"2022-04-06T18:49:33","slug":"internacionalizacao","status":"publish","type":"page","link":"https:\/\/sites.usp.br\/ppgsus\/internacionalizacao\/","title":{"rendered":"Internacionaliza\u00e7\u00e3o"},"content":{"rendered":"\n<p>H\u00e1 muitos programas de apoio que fornecem bolsas para alunos, passagens e aux\u00edlios de instala\u00e7\u00e3o. Os valores das bolsas variam em fun\u00e7\u00e3o do pa\u00eds onde o aluno ir\u00e1 realizar suas pesquisas. Novas oportunidades est\u00e3o sempre surgindo, portanto, sugerimos que consultem periodicamente os links abaixo:<\/p>\n\n\n\n<ul class=\"wp-block-list\"><li><a href=\"http:\/\/www.usp.br\/internationaloffice\/\" target=\"_blank\" rel=\"noreferrer noopener\">Ag\u00eancia de Coopera\u00e7\u00e3o Acad\u00eamica Nacional e Internacional da USP<\/a><\/li><li><a href=\"http:\/\/www.prpg.usp.br\/index.php\/pt-br\/\" target=\"_blank\" rel=\"noreferrer noopener\">Pr\u00f3-reitoria de P\u00f3s-Gradua\u00e7\u00e3o da USP<\/a><\/li><li><a href=\"http:\/\/www5.each.usp.br\/apresentacao-crint\/#conveniosInternacionais\" target=\"_blank\" rel=\"noreferrer noopener\">A Comiss\u00e3o de Rela\u00e7\u00f5es Internacionais (CRInt)\u00a0\u00a0da EACH<\/a><\/li><\/ul>\n\n\n\n<p>Tamb\u00e9m consultem sites das ag\u00eancias de fomento. Geralmente a bolsa de est\u00e1gio \u00e9 composta por uma mensalidade, seguro sa\u00fade, aux\u00edlio deslocamento e aux\u00edlio instala\u00e7\u00e3o. Os valores variam de acordo com o pa\u00eds de destino.<\/p>\n\n\n\n<ul class=\"wp-block-list\"><li><a href=\"http:\/\/www.capes.gov.br\/component\/content\/article?id=4561\" target=\"_blank\" rel=\"noreferrer noopener\">Programa Institucional de Bolsas de Doutorado Sandu\u00edche no Exterior (PDSE), financiado pela CAPES:<\/a><\/li><li><a href=\"http:\/\/cnpq.br\/bolsas-no-exterior\" target=\"_blank\" rel=\"noreferrer noopener\">Bolsas Sandu\u00edche no Exterior, financiadas pelo CNPq<\/a><\/li><li><a href=\"http:\/\/www.fapesp.br\/bolsas\/bepe\/\" target=\"_blank\" rel=\"noreferrer noopener\">Bolsa Est\u00e1gio de Pesquisa no Exterior (BEPE), poss\u00edvel para bolsistas FAPESP<\/a><\/li><\/ul>\n\n\n\n<h2 class=\"wp-block-heading\"><strong>Colabora\u00e7\u00f5es internacionais<\/strong><\/h2>\n\n\n\n<ul class=\"wp-block-list\"><li>University of Wollongong<\/li><li>FCT \u2013 Funda\u00e7\u00e3o para a Ci\u00eancia e Tecnologia de Portugal<\/li><li>University of Surrey<\/li><li>University of Oregon<\/li><li>Columbia University<\/li><li>Universidade Nova Lisboa<\/li><li>Maryland University<\/li><li>Universidad de Buenos Aires<\/li><li>Instituto de Arte Americano e Investigaciones Est\u00e9ticas, FADU-UBA, CONICET<\/li><li>University of Victory<\/li><li>University of London<\/li><li>University of Bremen<\/li><li>University of Cambridge<\/li><li>Duke University<\/li><li>Laboratoire des Sciences du Climat et de l\u00b4Environnement<\/li><li>Tongji University<\/li><li>Michigan State University<\/li><li>University of Florida<\/li><li>Amazon Dams Network<\/li><li>National Center for Atmospheric Research (NCAR)<\/li><li>Red IDEAIS (Asistentes Inteligentes para las Infraestruturas de Datos Espaciales<\/li><li>Red Internacional de Sostenibilidad Ambiental<\/li><li>Universidad de C\u00f3rdoba<\/li><li>Pontificia Universidad Cat\u00f3lica de Valpara\u00edso<\/li><li>University of Wollongong<\/li><li>Excellence Center for Water Management in Developing Countries\/ \u201cSustainable Water Management in Development Countries<\/li><li>Lund University<\/li><li>Universit\u00e0 di Salerno<\/li><li>University of California<\/li><li>Universidade do Chile<\/li><li>Universidade de Surrey<\/li><li>Universidade de Aveiro<\/li><li>Universidade de Lisboa<\/li><\/ul>\n","protected":false},"excerpt":{"rendered":"<p>H\u00e1 muitos programas de apoio que fornecem bolsas para alunos, passagens e aux\u00edlios de instala\u00e7\u00e3o. Os valores das bolsas variam em fun\u00e7\u00e3o do pa\u00eds onde o aluno ir\u00e1 realizar suas pesquisas. Novas oportunidades est\u00e3o sempre surgindo, portanto, sugerimos que consultem periodicamente os links abaixo: Ag\u00eancia de Coopera\u00e7\u00e3o Acad\u00eamica Nacional e Internacional da USP Pr\u00f3-reitoria de [&hellip;]<\/p>\n","protected":false},"author":22309,"featured_media":0,"parent":0,"menu_order":0,"comment_status":"closed","ping_status":"closed","template":"","meta":{"footnotes":"","_links_to":"","_links_to_target":""},"class_list":["post-103","page","type-page","status-publish","hentry"],"_links":{"self":[{"href":"https:\/\/sites.usp.br\/ppgsus\/wp-json\/wp\/v2\/pages\/103","targetHints":{"allow":["GET"]}}],"collection":[{"href":"https:\/\/sites.usp.br\/ppgsus\/wp-json\/wp\/v2\/pages"}],"about":[{"href":"https:\/\/sites.usp.br\/ppgsus\/wp-json\/wp\/v2\/types\/page"}],"author":[{"embeddable":true,"href":"https:\/\/sites.usp.br\/ppgsus\/wp-json\/wp\/v2\/users\/22309"}],"replies":[{"embeddable":true,"href":"https:\/\/sites.usp.br\/ppgsus\/wp-json\/wp\/v2\/comments?post=103"}],"version-history":[{"count":0,"href":"https:\/\/sites.usp.br\/ppgsus\/wp-json\/wp\/v2\/pages\/103\/revisions"}],"wp:attachment":[{"href":"https:\/\/sites.usp.br\/ppgsus\/wp-json\/wp\/v2\/media?parent=103"}],"curies":[{"name":"wp","href":"https:\/\/api.w.org\/{rel}","templated":true}]}}