{"id":12,"date":"2022-04-04T21:53:19","date_gmt":"2022-04-04T21:53:19","guid":{"rendered":"http:\/\/200.144.255.196:9380\/?page_id=12"},"modified":"2022-04-04T21:53:19","modified_gmt":"2022-04-04T21:53:19","slug":"publicacoes","status":"publish","type":"page","link":"https:\/\/sites.usp.br\/ppgsus\/publicacoes\/","title":{"rendered":"Publica\u00e7\u00f5es"},"content":{"rendered":"\n<h2 class=\"wp-block-heading\">Teses e Disserta\u00e7\u00f5es<\/h2>\n\n\n\n<p>Para conferir as publica\u00e7\u00f5es do Ppg-SUS, acesse:<\/p>\n\n\n\n<div class=\"wp-block-buttons is-layout-flex wp-block-buttons-is-layout-flex\">\n<div class=\"wp-block-button\"><a class=\"wp-block-button__link\" href=\"https:\/\/teses.usp.br\/index.php?option=com_jumi&amp;fileid=9&amp;Itemid=159&amp;lang=pt-br&amp;id=100136&amp;prog=100006&amp;exp=0\" target=\"_blank\" rel=\"noreferrer noopener\">Biblioteca Digital da USP<\/a><\/div>\n<\/div>\n\n\n\n<h2 class=\"wp-block-heading\">Livros<\/h2>\n\n\n\n<div class=\"wp-block-columns alignfull is-layout-flex wp-container-core-columns-is-layout-28f84493 wp-block-columns-is-layout-flex\">\n<div class=\"wp-block-column is-layout-flow wp-block-column-is-layout-flow\" style=\"flex-basis:50%\">\n<div class=\"wp-block-cover is-light\" style=\"min-height:600px;aspect-ratio:unset;\"><span aria-hidden=\"true\" class=\"wp-block-cover__background has-background-dim-100 has-background-dim\" style=\"background-color:#f6f6f6\"><\/span><div class=\"wp-block-cover__inner-container is-layout-flow wp-block-cover-is-layout-flow\">\n<figure class=\"wp-block-image aligncenter size-large\"><img decoding=\"async\" src=\"http:\/\/200.144.255.196:9380\/wp-content\/uploads\/2022\/05\/Divulgac\u0327a\u0303o_Open-access_Agendas-Locais-e-Globais-da-Sustentabilidade-1024x1024.png\" alt=\"\" class=\"wp-image-1875\" \/><figcaption><strong>\u201cTrata-se de uma nova colet\u00e2nea que se destina a alunos de gradua\u00e7\u00e3o e p\u00f3s-gradua\u00e7\u00e3o, bem como ao p\u00fablico em geral interessado no estudo e pesquisa em torno das agendas global e local da sustentabilidade\u201d<\/strong>.<\/figcaption><\/figure>\n<\/div><\/div>\n<\/div>\n\n\n\n<div class=\"wp-block-column is-vertically-aligned-center is-layout-flow wp-block-column-is-layout-flow\" style=\"padding-top:1em;padding-right:1em;padding-bottom:1em;padding-left:1em\">\n<div class=\"wp-block-columns is-layout-flex wp-container-core-columns-is-layout-28f84493 wp-block-columns-is-layout-flex\">\n<div class=\"wp-block-column is-layout-flow wp-block-column-is-layout-flow\" style=\"flex-basis:320px\">\n<h3 class=\"has-medium-font-size wp-block-heading\"><strong>Agendas Locais e Globais da Sustentabilidade<\/strong><\/h3>\n\n\n\n<p>O livro \u00e9, parcialmente, um desdobramento das edi\u00e7\u00f5es dos anos 2020 e 2021 do Semin\u00e1rio Interdisciplinar de Sustentabilidade (SIS) organizado pelo Programa de P\u00f3s-Gradua\u00e7\u00e3o em Sustentabilidade da Universidade de S\u00e3o Paulo (USP). Com o tema \u201cAgendas Locais e Globais da Sustentabilidade\u201d, os eventos tiveram por objetivo discutir o conhecimento cient\u00edfico e tecnol\u00f3gico, instrumentos de gest\u00e3o, pol\u00edticas, instrumentos e ordenamento jur\u00eddico que configuram as agendas da sustentabilidade. Os eventos reuniram pesquisadores e p\u00f3s-graduandos nas linhas de pesquisa \u201cGest\u00e3o Ambiental\u201d e \u201cCi\u00eancia e Tecnologia Ambiental\u201d. Artigos apresentados nos eventos foram posteriormente selecionados com base em revis\u00e3o por pares e comp\u00f5em a maior parte dos cap\u00edtulos deste livro. Adicionalmente, a obra conta com outras produ\u00e7\u00f5es de alunos de programas de p\u00f3s-gradua\u00e7\u00e3o da Universidade Federal de S\u00e3o Paulo e da Funda\u00e7\u00e3o Get\u00falio Vargas.<\/p>\n\n\n\n<p>(texto retirado da apresenta\u00e7\u00e3o do livro).<\/p>\n\n\n\n<p>Acesse o livro gratuitamente clicando<a href=\"https:\/\/openaccess.blucher.com.br\/article-list\/9786555501551-555\/list#undefined\">&nbsp;aqui<\/a><\/p>\n<\/div>\n<\/div>\n<\/div>\n<\/div>\n","protected":false},"excerpt":{"rendered":"<p>Teses e Disserta\u00e7\u00f5es Para conferir as publica\u00e7\u00f5es do Ppg-SUS, acesse: Livros Agendas Locais e Globais da Sustentabilidade O livro \u00e9, parcialmente, um desdobramento das edi\u00e7\u00f5es dos anos 2020 e 2021 do Semin\u00e1rio Interdisciplinar de Sustentabilidade (SIS) organizado pelo Programa de P\u00f3s-Gradua\u00e7\u00e3o em Sustentabilidade da Universidade de S\u00e3o Paulo (USP). Com o tema \u201cAgendas Locais e [&hellip;]<\/p>\n","protected":false},"author":22309,"featured_media":0,"parent":0,"menu_order":0,"comment_status":"closed","ping_status":"closed","template":"","meta":{"footnotes":"","_links_to":"","_links_to_target":""},"class_list":["post-12","page","type-page","status-publish","hentry"],"_links":{"self":[{"href":"https:\/\/sites.usp.br\/ppgsus\/wp-json\/wp\/v2\/pages\/12","targetHints":{"allow":["GET"]}}],"collection":[{"href":"https:\/\/sites.usp.br\/ppgsus\/wp-json\/wp\/v2\/pages"}],"about":[{"href":"https:\/\/sites.usp.br\/ppgsus\/wp-json\/wp\/v2\/types\/page"}],"author":[{"embeddable":true,"href":"https:\/\/sites.usp.br\/ppgsus\/wp-json\/wp\/v2\/users\/22309"}],"replies":[{"embeddable":true,"href":"https:\/\/sites.usp.br\/ppgsus\/wp-json\/wp\/v2\/comments?post=12"}],"version-history":[{"count":0,"href":"https:\/\/sites.usp.br\/ppgsus\/wp-json\/wp\/v2\/pages\/12\/revisions"}],"wp:attachment":[{"href":"https:\/\/sites.usp.br\/ppgsus\/wp-json\/wp\/v2\/media?parent=12"}],"curies":[{"name":"wp","href":"https:\/\/api.w.org\/{rel}","templated":true}]}}