{"id":16,"date":"2022-04-04T21:53:46","date_gmt":"2022-04-04T21:53:46","guid":{"rendered":"http:\/\/200.144.255.196:9380\/?page_id=16"},"modified":"2022-04-04T21:53:46","modified_gmt":"2022-04-04T21:53:46","slug":"sis-2","status":"publish","type":"page","link":"https:\/\/sites.usp.br\/ppgsus\/sis-2\/","title":{"rendered":"Semin\u00e1rio Interdisciplinar de Sustentabilidade (SIS)"},"content":{"rendered":"\n<p><\/p>\n\n\n\n<h2 class=\"wp-block-heading\">SIS 2023-Sustentabilidade integrando Ci\u00eancia, Tecnologia, Engajamento e Justi\u00e7a&nbsp;<\/h2>\n\n\n\n<p>A <span style=\"font-family: futura-lt-w01-book, futura-lt-w05-book, sans-serif;text-align: justify\">quinta edi\u00e7\u00e3o do Semin\u00e1rio Interdisciplinar de Sustentabilidade (SIS 2023), acontecer\u00e1 nos dias 26, 27, 28 e 29 de setembro, integralmente online<\/span>.<\/p>\n\n\n\n<p>o SIS 2023 tem como objetivo promover um espa\u00e7o de discuss\u00e3o e an\u00e1lise cr\u00edtica da produ\u00e7\u00e3o acad\u00eamica, visando contribuir para enfrentar os desafios complexos da sustentabilidade.<\/p>\n\n\n\n<p>Durante o evento, pesquisadores e p\u00f3s-graduandos das \u00e1reas de Gest\u00e3o Ambiental e Ci\u00eancia e Tecnologia Ambiental ter\u00e3o a oportunidade de apresentar seus trabalhos, compartilhando avan\u00e7os nesses campos. Al\u00e9m disso, o semin\u00e1rio contar\u00e1 com palestras e mesas redondas conduzidas por especialistas, abordando t\u00f3picos como Economia circular, Preserva\u00e7\u00e3o Ambiental, Pol\u00edticas P\u00fablicas, Governan\u00e7a e Justi\u00e7a Socioambiental.<\/p>\n\n\n\n<p><strong>Prazo de submiss\u00e3o de trabalhos:<\/strong> de 22 de junho a 21 julho.<\/p>\n\n\n\n<p><strong>Programa\u00e7\u00e3o:<\/strong> <\/p>\n\n\n\n<p><strong>Dia 26\/09<\/strong><\/p>\n\n\n\n<p><strong>Tarde<\/strong><\/p>\n\n\n\n<p>14:00h \u00e0s 18:00h- <strong><em>Sess\u00e3o de apresenta\u00e7\u00e3o de trabalho<\/em><\/strong><\/p>\n\n\n\n<p><strong>Dia 27\/09<\/strong><\/p>\n\n\n\n<p><strong>Tarde<\/strong><\/p>\n\n\n\n<p>14:00h \u00e0s 18:00h-<strong><em>Sess\u00e3o de apresenta\u00e7\u00e3o de trabalho<\/em><\/strong><\/p>\n\n\n\n<p><strong>Dia 28\/09<\/strong><\/p>\n\n\n\n<p><strong>Manh\u00e3<\/strong><\/p>\n\n\n\n<p>09:00h- Palestra <strong><em>\u201cApresenta\u00e7\u00e3o do Programa de P\u00f3s-gradua\u00e7\u00e3o em Sustentabilidade (PPGSUS)\u201d<\/em><\/strong><\/p>\n\n\n\n<p><strong>Palestrantes: <\/strong>docentes e egressos do PPGSUS.<\/p>\n\n\n\n<p>10:30h- Mesa 1 &#8211;<strong> <\/strong><strong><em>\u201cReconstru\u00e7\u00e3o da Pol\u00edtica Ambiental Brasileira: entre desafios e amea\u00e7as crescentes\u201d<\/em><\/strong><\/p>\n\n\n\n<p><strong>Debatedores:&nbsp;<\/strong><\/p>\n\n\n\n<p>Dr. Carlos Eduardo Marinelli<\/p>\n\n\n\n<p>Prof. Dr. Marcelo Marini Pereira de Souza<\/p>\n\n\n\n<p><strong>Mediador:<\/strong><\/p>\n\n\n\n<p>Prof. Dr. Evandro Mateus Moretto<\/p>\n\n\n\n<p><strong>Tarde<\/strong><\/p>\n\n\n\n<p>14:00h-Workshop- <strong><em>\u201cConverse com o Editor\u201d<\/em><\/strong><\/p>\n\n\n\n<p><strong>Ministrante:<\/strong><\/p>\n\n\n\n<p>Prof. Dr. Tom\u00e1s Ramos<\/p>\n\n\n\n<p>16h30: Palestra &#8211; <em><strong>\u201cImpacto das Ci\u00eancias Ambientais na Agenda 2030 da ONU\u201d<\/strong><\/em><\/p>\n\n\n\n<p><strong>Palestrante:<\/strong><\/p>\n\n\n\n<p>Prof. Dr. Carlos Alberto Cioce Sampaio<\/p>\n\n\n\n<p><strong>Dia 29\/09<\/strong><\/p>\n\n\n\n<p><strong>Manh\u00e3<\/strong><\/p>\n\n\n\n<p>09:00h- Palestra<strong>&#8211; <\/strong><strong><em>\u201cEconomia Circular\u201d<\/em><\/strong><\/p>\n\n\n\n<p><strong>Palestrante:<\/strong><\/p>\n\n\n\n<p>Prof. Dr. Tom\u00e1s Ramos&nbsp;<\/p>\n\n\n\n<p>10h30: Mesa 2 &#8211; <strong><em>\u201cAbelhas, Sustentabilidade e Sa\u00fade Planet\u00e1ria\u201d<\/em><\/strong><\/p>\n\n\n\n<p><strong>Debatedores:<\/strong><\/p>\n\n\n\n<p>Prof\u00aa Dra. Blandina Felipe Viana<\/p>\n\n\n\n<p>Prof. Dr. Ant\u00f4nio Mauro Saraiva<\/p>\n\n\n\n<p>\u200bProf. Dr. Tiago Maur\u00edcio Francoy<\/p>\n\n\n\n<p><strong>Tarde<\/strong><\/p>\n\n\n\n<p>14:00h \u00e0s 18:00h- <strong><em>Sess\u00e3o de apresenta\u00e7\u00e3o de trabalho<\/em><\/strong><\/p>\n\n\n\n<p>18:00h- <strong><em>Encerramento<\/em><\/strong><\/p>\n\n\n\n<div class=\"wp-block-buttons is-layout-flex wp-block-buttons-is-layout-flex\">\n<div class=\"wp-block-button\"><a class=\"wp-block-button__link wp-element-button\" href=\"https:\/\/eachsis.wixsite.com\/sis2023\">Acessar o site do SIS 2023<\/a><\/div>\n<\/div>\n\n\n\n<p><\/p>\n\n\n\n<div class=\"wp-block-buttons is-layout-flex wp-block-buttons-is-layout-flex\">\n<div class=\"wp-block-button\"><a class=\"wp-block-button__link wp-element-button\">Anais SIS 2023<\/a><\/div>\n<\/div>\n\n\n\n<h2 class=\"wp-block-heading\">SIS 2022 \u2013 Avan\u00e7os em Ci\u00eancia, Tecnologia e Gest\u00e3o Socioambiental<\/h2>\n\n\n\n<p>O PPgSus realizar\u00e1, nos dias&nbsp;<strong>30 de junho e 01 de julho<\/strong>, o&nbsp;<strong>SIS 2022 \u2013 Semin\u00e1rio Interdisciplinar de Sustentabilidade<\/strong>&nbsp;( o evento ser\u00e1 online).<\/p>\n\n\n\n<p>Convidamos e incentivamos que os estudantes e os orientadores do programa submetam trabalhos.<\/p>\n\n\n\n<p><strong>Prazo de submiss\u00e3o<\/strong> <strong>de trabalhos: <\/strong>28 mar\u00e7o a 02 de maio<\/p>\n\n\n\n<p>Ser\u00e3o aceitos trabalhos completos e resumos expandidos de alunos do PPGSUS e de inicia\u00e7\u00e3o cient\u00edfica, sempre tendo o orientador como coautor.<\/p>\n\n\n\n<p>Contamos com a colabora\u00e7\u00e3o de todos participando das atividades e divulgando a palestra e a mesa redonda com convidados externos.<\/p>\n\n\n\n<p><strong>Programa\u00e7\u00e3o:<\/strong><\/p>\n\n\n\n<p>\u2013<strong>&nbsp;30 de junho<\/strong><\/p>\n\n\n\n<p>09h00 \u00e0s 11h30 \u2013&nbsp;<strong>Palestra de Abertura: Pesquisa Ambiental, Pol\u00edticas P\u00fablicas e Governan\u00e7a<\/strong>, com<br>Eduardo Trani (Subsecret\u00e1rio de Meio Ambiente da Secretaria de Infraestrutura e Meio Ambiente do Estado de S\u00e3o Paulo) e media\u00e7\u00e3o do Prof. Dr. Paulo Almeida (PPgSus).<\/p>\n\n\n\n<p>14h00 \u00e0s 16h00 \u2013&nbsp;<strong>Mesa Redonda: Justi\u00e7a Clim\u00e1tica e Socioambiental,<\/strong>&nbsp;com Andr\u00e9ia Coutinho Louback (Humphrey Fellowship, University Of California, Davis), Carmen Araujo &nbsp;(ICCT &#8211; International Council on Clean Transportation) e media\u00e7\u00e3o do Prof. Dr. Evandro Mateus Moretto (PPgSus).<\/p>\n\n\n\n<p><strong>\u2013 01 de julho<\/strong><\/p>\n\n\n\n<p>9h \u00e0s 12h \u2013&nbsp;<strong>Roda de conversa sobre Ci\u00eancia<\/strong>, com Jonathan Fernandes Torres de Souza (Mestre pelo PPgSus), Mar\u00edlia C. Campos Garcia (Mestra e Doutora pelo PPgSus), Silvia Mandai (Mestra pelo PPgSus), Vitor Cano (Mestre e Doutor pelo PPgSus) e media\u00e7\u00e3o do Prof. Dr. Alexandre Igari (PPgSus) e da P\u00f3s-Doutoranda Silvia Stuchi Cruz (PPgSus).<\/p>\n\n\n\n<p><\/p>\n\n\n\n<div class=\"wp-block-buttons is-layout-flex wp-block-buttons-is-layout-flex\">\n<div class=\"wp-block-button\"><a class=\"wp-block-button__link wp-element-button\" href=\"https:\/\/eachsis.wixsite.com\/sis2022\" target=\"_blank\" rel=\"noreferrer noopener\">Acessar o site do SIS 2022<\/a><\/div>\n<\/div>\n\n\n\n<p><\/p>\n\n\n\n<div class=\"wp-block-buttons is-layout-flex wp-block-buttons-is-layout-flex\">\n<div class=\"wp-block-button\"><a class=\"wp-block-button__link wp-element-button\" href=\"https:\/\/eachsis.wixsite.com\/sis2022\/anais-sis-2022\">Anais SIS 2022<\/a><\/div>\n<\/div>\n\n\n\n<h2 class=\"wp-block-heading\">SIS 2021<\/h2>\n\n\n\n<p>O Programa de P\u00f3s-gradua\u00e7\u00e3o em Sustentabilidade da EACH-USP organizou o Semin\u00e1rio Interdisciplinar de Sustentabilidade (SIS 2021) online, nos dias 01 e 02 de julho de 2021.<\/p>\n\n\n\n<p>A edi\u00e7\u00e3o do SIS de 2021 teve como tema &#8220;Agendas locais e globais da Sustentabilidade: ci\u00eancia, tecnologia, gest\u00e3o e sociedade\u201d e teve por objetivo discutir o conhecimento cient\u00edfico e tecnol\u00f3gico, instrumentos de gest\u00e3o, pol\u00edticas, instrumentos e ordenamento jur\u00eddico que configuram as agendas da sustentabilidade.<\/p>\n\n\n\n<p>V\u00e1rios temas foram abordados, como agricultura sustent\u00e1vel, biodiversidade, \u00e1gua-saneamento, oceanos, energia, cidades sustent\u00e1veis, mudan\u00e7as clim\u00e1ticas, produ\u00e7\u00e3o-consumo-descarte e diplomacia ambiental.<\/p>\n\n\n\n<p>O evento reuniu pesquisadores e p\u00f3s-graduandos em Gest\u00e3o Ambiental, Ci\u00eancia e Tecnologia Ambiental que apresentaram seus trabalhos. Houve pain\u00e9is e palestras com a participa\u00e7\u00e3o de destacados diplomatas e especialistas em Governan\u00e7a e Pol\u00edticas P\u00fablicas e foi, tamb\u00e9m, oferecida uma oficina, com o objetivo de desenvolver habilidades relativas \u00e0 argumenta\u00e7\u00e3o e produ\u00e7\u00e3o de artigos cient\u00edficos.<\/p>\n\n\n\n<div class=\"wp-block-buttons is-layout-flex wp-block-buttons-is-layout-flex\">\n<div class=\"wp-block-button\"><a class=\"wp-block-button__link wp-element-button\" href=\"https:\/\/eachsis.wixsite.com\/eachsis2021\" target=\"_blank\" rel=\"noreferrer noopener\">Acessar o site do SIS 2021<\/a><\/div>\n<\/div>\n\n\n\n<p><\/p>\n\n\n\n<div class=\"wp-block-buttons is-layout-flex wp-block-buttons-is-layout-flex\">\n<div class=\"wp-block-button\"><a class=\"wp-block-button__link wp-element-button\" href=\"https:\/\/eachsis.wixsite.com\/eachsis2021\/anais-sis-2021\">Anais SIS 2021<\/a><\/div>\n<\/div>\n\n\n\n<h2 class=\"wp-block-heading\">SIS 2020<\/h2>\n\n\n\n<p>O Programa de P\u00f3s-gradua\u00e7\u00e3o em Sustentabilidade da EACH-USP organizou o Semin\u00e1rio Interdisciplinar de Sustentabilidade (SIS 2020) online, nos dias 8 e 9 de outubro de 2020.<\/p>\n\n\n\n<p>A edi\u00e7\u00e3o do SIS de 2020 teve como tema &#8220;Agendas locais e globais da Sustentabilidade: aproxima\u00e7\u00f5es e distanciamentos\u201d e teve por objetivo discutir o conhecimento cient\u00edfico e tecnol\u00f3gico, pol\u00edticas, instrumentos e ordenamento jur\u00eddico que configuram as agendas da sustentabilidade. Durante o evento foram analisadas singularidades, converg\u00eancias, defasagens ou distanciamentos entre agendas locais e globais.<\/p>\n\n\n\n<div class=\"wp-block-buttons is-layout-flex wp-block-buttons-is-layout-flex\">\n<div class=\"wp-block-button\"><a class=\"wp-block-button__link wp-element-button\" href=\"https:\/\/eachsis.wixsite.com\/eachsis2020\" target=\"_blank\" rel=\"noreferrer noopener\">Acessar o site do SIS 2020<\/a><\/div>\n<\/div>\n\n\n\n<h2 class=\"wp-block-heading\">SIS 2019<\/h2>\n\n\n\n<p>\u200bO&nbsp;Semin\u00e1rio Interdisciplinar de Sustentabilidade aconteceu nos dias 2 e 3 de dezembro de 2019, no Audit\u00f3rio Verde da Escola de Artes, Ci\u00eancias e Humanidades da USP e teve como tema a produ\u00e7\u00e3o , divulga\u00e7\u00e3o e avalia\u00e7\u00e3o da pesquisa cient\u00edfica. Especialmente foi discutido o papel dos indicadores de sustentabilidade no monitoramento de pol\u00edticas, planos, programas e projetos.<\/p>\n\n\n\n<p>O evento teve por objetivo oferecer ao p\u00f3s-graduando da \u00e1rea de Ci\u00eancias Ambientais: (i) elementos conceituais e instrumentais sobre indicadores e avalia\u00e7\u00e3o de sustentabilidade; (ii) e conhecimentos que possibilitem desenvolver habilidades relativas \u00e0 exposi\u00e7\u00e3o, argumenta\u00e7\u00e3o, discuss\u00e3o e produ\u00e7\u00e3o de artigos cient\u00edficos.<\/p>\n\n\n\n<div class=\"wp-block-buttons is-layout-flex wp-block-buttons-is-layout-flex\">\n<div class=\"wp-block-button\"><a class=\"wp-block-button__link wp-element-button\" href=\"https:\/\/eachsis.wixsite.com\/eachsis\" target=\"_blank\" rel=\"noreferrer noopener\">Acessar o site do SIS 2019<\/a><\/div>\n<\/div>\n","protected":false},"excerpt":{"rendered":"<p>SIS 2023-Sustentabilidade integrando Ci\u00eancia, Tecnologia, Engajamento e Justi\u00e7a&nbsp; A quinta edi\u00e7\u00e3o do Semin\u00e1rio Interdisciplinar de Sustentabilidade (SIS 2023), acontecer\u00e1 nos dias 26, 27, 28 e 29 de setembro, integralmente online. o SIS 2023 tem como objetivo promover um espa\u00e7o de discuss\u00e3o e an\u00e1lise cr\u00edtica da produ\u00e7\u00e3o acad\u00eamica, visando contribuir para enfrentar os desafios complexos da [&hellip;]<\/p>\n","protected":false},"author":22309,"featured_media":0,"parent":0,"menu_order":0,"comment_status":"closed","ping_status":"closed","template":"","meta":{"footnotes":"","_links_to":"","_links_to_target":""},"class_list":["post-16","page","type-page","status-publish","hentry"],"_links":{"self":[{"href":"https:\/\/sites.usp.br\/ppgsus\/wp-json\/wp\/v2\/pages\/16","targetHints":{"allow":["GET"]}}],"collection":[{"href":"https:\/\/sites.usp.br\/ppgsus\/wp-json\/wp\/v2\/pages"}],"about":[{"href":"https:\/\/sites.usp.br\/ppgsus\/wp-json\/wp\/v2\/types\/page"}],"author":[{"embeddable":true,"href":"https:\/\/sites.usp.br\/ppgsus\/wp-json\/wp\/v2\/users\/22309"}],"replies":[{"embeddable":true,"href":"https:\/\/sites.usp.br\/ppgsus\/wp-json\/wp\/v2\/comments?post=16"}],"version-history":[{"count":0,"href":"https:\/\/sites.usp.br\/ppgsus\/wp-json\/wp\/v2\/pages\/16\/revisions"}],"wp:attachment":[{"href":"https:\/\/sites.usp.br\/ppgsus\/wp-json\/wp\/v2\/media?parent=16"}],"curies":[{"name":"wp","href":"https:\/\/api.w.org\/{rel}","templated":true}]}}