{"id":1633,"date":"2022-04-04T21:54:40","date_gmt":"2022-04-04T21:54:40","guid":{"rendered":"http:\/\/200.144.255.196:9380\/?page_id=26"},"modified":"2022-04-04T21:54:40","modified_gmt":"2022-04-04T21:54:40","slug":"grade-curricular-2","status":"publish","type":"page","link":"https:\/\/sites.usp.br\/ppgsus\/grade-curricular-2\/","title":{"rendered":"Grade Curricular"},"content":{"rendered":"\n<p>O PPGSUS conta com um grupo amplo e diversificado de disciplinas, que contemplam as duas linhas de pesquisa do programa e que podem ser complementadas por outras oferecidas em outros programas da institui\u00e7\u00e3o. O estudante de mestrado deve obter 100 unidades de cr\u00e9dito, sendo 36 em disciplinas e 64 na disserta\u00e7\u00e3o. O estudante de doutorado, portador do t\u00edtulo de Mestre pela USP ou por ela reconhecido, deve obter 176 unidades de cr\u00e9dito, sendo 32 em disciplinas e 144 na tese. O estudante de doutorado, sem a obten\u00e7\u00e3o pr\u00e9via do t\u00edtulo de Mestre, deve integralizar 192 unidades de cr\u00e9dito, sendo 48 em disciplinas e 144 na tese.<\/p>\n\n\n\n<p>Maiores informa\u00e7\u00f5es acessar site:<\/p>\n\n\n\n<p><a href=\"https:\/\/uspdigital.usp.br\/janus\/componente\/catalogoDisciplinasInicial.jsf\">Cat\u00e1logo de Disciplinas USP<\/a><\/p>\n\n\n\n<h2 class=\"wp-block-heading\">Disciplinas<\/h2>\n\n\n\n<figure class=\"wp-block-table\"><table><thead><tr><th>C\u00f3digo<\/th><th>Nome<\/th><\/tr><\/thead><tbody><tr><td>SUS5004<\/td><td>Agricultura Sustent\u00e1vel<\/td><\/tr><tr><td>PCA5006<\/td><td>Avalia\u00e7\u00e3o de Impacto Ambiental<\/td><\/tr><tr><td>SUS5009<\/td><td>Biorremedia\u00e7\u00e3o por Micro-organismos<\/td><\/tr><tr><td>SUS5013<\/td><td>Ci\u00eancia e Tecnologia para a Gest\u00e3o Ambiental: Bases Conceituais<\/td><\/tr><tr><td>SUS5015<\/td><td>Ecologia Industrial<\/td><\/tr><tr><td>SUS5025<\/td><td>Impactos Socioecol\u00f3gicos de Barragens e Projetos de Infraestrutura<\/td><\/tr><tr><td>SUS5017<\/td><td>Instrumentos de Desenvolvimento Sustent\u00e1vel<\/td><\/tr><tr><td>SUS5000<\/td><td>Metodologias de Pesquisa em Sustentabilidade<\/td><\/tr><tr><td>SUS5024<\/td><td>M\u00e9todos espectrosc\u00f3picos e espectrom\u00e9trico de compostos org\u00e2nicos contaminantes<\/td><\/tr><tr><td>SUS5012<\/td><td>Modelagem Matem\u00e1tica para Tratamento de Dados<\/td><\/tr><tr><td>SUS5010<\/td><td>Mudan\u00e7as Clim\u00e1ticas<\/td><\/tr><tr><td>SUS5018<\/td><td>Planejamento Ambiental<\/td><\/tr><tr><td>SUS5001<\/td><td>Pol\u00edtica Ambiental<\/td><\/tr><tr><td>SUS5011<\/td><td>Polui\u00e7\u00e3o Ambiental<\/td><\/tr><tr><td>PCA5004<\/td><td>Res\u00edduos S\u00f3lidos: Gest\u00e3o, Pol\u00edtica e Impactos Socioambientais<\/td><\/tr><tr><td>SUS5007<\/td><td>Saneamento Ambiental<\/td><\/tr><tr><td>SUS5021<\/td><td>Semin\u00e1rios de Pesquisa em Sustentabilidade I<\/td><\/tr><tr><td>SUS5022<\/td><td>Semin\u00e1rios de Pesquisa em Sustentabilidade II<\/td><\/tr><tr><td>SUS5023<\/td><td>Semin\u00e1rios de Pesquisa em Sustentabilidade III<\/td><\/tr><tr><td>SUS5002<\/td><td>Sustentabilidade<\/td><\/tr><tr><td>SUS5019<\/td><td>Sustentabilidade e Organiza\u00e7\u00f5es<\/td><\/tr><tr><td>SUS5020<\/td><td>T\u00e9cnicas de Modelagem para Estudos Ambientais<\/td><\/tr><tr><td>SUS5006<\/td><td>T\u00f3picos Especiais em Sustentabilidade<\/td><\/tr><\/tbody><\/table><\/figure>\n","protected":false},"excerpt":{"rendered":"<p>O PPGSUS conta com um grupo amplo e diversificado de disciplinas, que contemplam as duas linhas de pesquisa do programa e que podem ser complementadas por outras oferecidas em outros programas da institui\u00e7\u00e3o. O estudante de mestrado deve obter 100 unidades de cr\u00e9dito, sendo 36 em disciplinas e 64 na disserta\u00e7\u00e3o. O estudante de doutorado, [&hellip;]<\/p>\n","protected":false},"author":22309,"featured_media":0,"parent":0,"menu_order":0,"comment_status":"closed","ping_status":"closed","template":"","meta":{"footnotes":"","_links_to":"","_links_to_target":""},"class_list":["post-1633","page","type-page","status-publish","hentry"],"_links":{"self":[{"href":"https:\/\/sites.usp.br\/ppgsus\/wp-json\/wp\/v2\/pages\/1633","targetHints":{"allow":["GET"]}}],"collection":[{"href":"https:\/\/sites.usp.br\/ppgsus\/wp-json\/wp\/v2\/pages"}],"about":[{"href":"https:\/\/sites.usp.br\/ppgsus\/wp-json\/wp\/v2\/types\/page"}],"author":[{"embeddable":true,"href":"https:\/\/sites.usp.br\/ppgsus\/wp-json\/wp\/v2\/users\/22309"}],"replies":[{"embeddable":true,"href":"https:\/\/sites.usp.br\/ppgsus\/wp-json\/wp\/v2\/comments?post=1633"}],"version-history":[{"count":0,"href":"https:\/\/sites.usp.br\/ppgsus\/wp-json\/wp\/v2\/pages\/1633\/revisions"}],"wp:attachment":[{"href":"https:\/\/sites.usp.br\/ppgsus\/wp-json\/wp\/v2\/media?parent=1633"}],"curies":[{"name":"wp","href":"https:\/\/api.w.org\/{rel}","templated":true}]}}