{"id":18,"date":"2022-04-04T21:53:57","date_gmt":"2022-04-04T21:53:57","guid":{"rendered":"http:\/\/200.144.255.196:9380\/?page_id=18"},"modified":"2022-04-04T21:53:57","modified_gmt":"2022-04-04T21:53:57","slug":"anppas","status":"publish","type":"page","link":"https:\/\/sites.usp.br\/ppgsus\/anppas\/","title":{"rendered":"ANPPAS"},"content":{"rendered":"\n<p>Em 2018, pela primeira vez, a Associa\u00e7\u00e3o Nacional de P\u00f3s-Gradua\u00e7\u00e3o e Pesquisa em Ambiente e Sociedade (ANPPAS) realizou um Encontro Regional no sudeste, o qual foi organizado pelo Programa de P\u00f3s-Gradua\u00e7\u00e3o em Sustentabilidade na EACH\/USP. O evento buscou divulgar a produ\u00e7\u00e3o de conhecimento e promover o debate sobre assuntos que contemplem a intera\u00e7\u00e3o Ambiente e Sociedade, enfatizando problem\u00e1ticas da regi\u00e3o.<\/p>\n\n\n\n<p>Com o tema&nbsp;<strong>\u201cSustentabilidade e Interdisciplinaridade: Avan\u00e7os e desafios para o desenvolvimento\u201d<\/strong>, o encontro contou com a participa\u00e7\u00e3o de pesquisadores renomados em diversas \u00e1reas que contribuem para o enfrentamento de desafios da sustentabilidade: ar, \u00e1gua, terra, mudan\u00e7as clim\u00e1ticas, energia, res\u00edduos s\u00f3lidos, mercado e sustentabilidade, e direito ambiental. Os eixos tem\u00e1ticos&nbsp;foram abordados tanto do ponto de vista de ci\u00eancia e tecnologia quanto de governan\u00e7a e pol\u00edticas p\u00fablicas.<\/p>\n\n\n\n<p>O encontro aconteceu de 26 a 28 de setembro de 2018 na Escola de Artes, Ci\u00eancias e Humanidades da Universidade de S\u00e3o Paulo (EACH-USP), na zona leste de S\u00e3o Paulo. A programa\u00e7\u00e3o&nbsp;contou com palestras e mesas-redondas nos temas:<\/p>\n\n\n\n<ul class=\"wp-block-list\"><li>Sustentabilidade e Interdisciplinaridade<\/li><li>\u00c1gua na macrometr\u00f3pole e seus desafios<\/li><li>Uso das terras e servi\u00e7os ecossist\u00eamicos: pesquisa e pol\u00edticas p\u00fablicas<\/li><li>Mercado e sustentabilidade<\/li><li>As cidades e as mudan\u00e7as clim\u00e1ticas<\/li><li>Pl\u00e1sticos, cidades e ambiente marinho<\/li><li>Energia e meio ambiente<\/li><\/ul>\n\n\n\n<div data-wp-interactive=\"core\/file\" class=\"wp-block-file\"><object aria-label=\"Incorporar PDF\" data-wp-bind--hidden=\"!state.hasPdfPreview\" hidden><\/object><a id=\"wp-block-file--media-71d479ff-5314-4742-8a50-48a8faef3861\" href=\"http:\/\/200.144.255.196:9380\/wp-content\/uploads\/2022\/04\/ANAIS-ENAPPAS.pdf\">ANAIS-ENAPPAS<\/a><a href=\"http:\/\/200.144.255.196:9380\/wp-content\/uploads\/2022\/04\/ANAIS-ENAPPAS.pdf\" class=\"wp-block-file__button\" download aria-describedby=\"wp-block-file--media-71d479ff-5314-4742-8a50-48a8faef3861\">Download<\/a><\/div>\n","protected":false},"excerpt":{"rendered":"<p>Em 2018, pela primeira vez, a Associa\u00e7\u00e3o Nacional de P\u00f3s-Gradua\u00e7\u00e3o e Pesquisa em Ambiente e Sociedade (ANPPAS) realizou um Encontro Regional no sudeste, o qual foi organizado pelo Programa de P\u00f3s-Gradua\u00e7\u00e3o em Sustentabilidade na EACH\/USP. O evento buscou divulgar a produ\u00e7\u00e3o de conhecimento e promover o debate sobre assuntos que contemplem a intera\u00e7\u00e3o Ambiente e [&hellip;]<\/p>\n","protected":false},"author":22309,"featured_media":0,"parent":0,"menu_order":0,"comment_status":"closed","ping_status":"closed","template":"","meta":{"footnotes":"","_links_to":"","_links_to_target":""},"class_list":["post-18","page","type-page","status-publish","hentry"],"_links":{"self":[{"href":"https:\/\/sites.usp.br\/ppgsus\/wp-json\/wp\/v2\/pages\/18","targetHints":{"allow":["GET"]}}],"collection":[{"href":"https:\/\/sites.usp.br\/ppgsus\/wp-json\/wp\/v2\/pages"}],"about":[{"href":"https:\/\/sites.usp.br\/ppgsus\/wp-json\/wp\/v2\/types\/page"}],"author":[{"embeddable":true,"href":"https:\/\/sites.usp.br\/ppgsus\/wp-json\/wp\/v2\/users\/22309"}],"replies":[{"embeddable":true,"href":"https:\/\/sites.usp.br\/ppgsus\/wp-json\/wp\/v2\/comments?post=18"}],"version-history":[{"count":0,"href":"https:\/\/sites.usp.br\/ppgsus\/wp-json\/wp\/v2\/pages\/18\/revisions"}],"wp:attachment":[{"href":"https:\/\/sites.usp.br\/ppgsus\/wp-json\/wp\/v2\/media?parent=18"}],"curies":[{"name":"wp","href":"https:\/\/api.w.org\/{rel}","templated":true}]}}