{"id":20,"date":"2022-04-04T21:54:07","date_gmt":"2022-04-04T21:54:07","guid":{"rendered":"http:\/\/200.144.255.196:9380\/?page_id=20"},"modified":"2022-04-04T21:54:07","modified_gmt":"2022-04-04T21:54:07","slug":"noticias-2","status":"publish","type":"page","link":"https:\/\/sites.usp.br\/ppgsus\/noticias-2\/","title":{"rendered":"Not\u00edcias"},"content":{"rendered":"\n<div class=\"wp-block-buttons is-layout-flex wp-block-buttons-is-layout-flex\"><\/div>\n\n\n\n<h2 class=\"wp-block-heading\">Professor do PPgSUS-EACH coordena estudo sobre a qualidade da \u00e1gua de microbacias do Tiet\u00ea e a degrada\u00e7\u00e3o causada pela urbaniza\u00e7\u00e3o<\/h2>\n\n\n\n<p>Projeto coordenado pelo professor Luis Schiesari, financiado pela USP, FAPESP e CNPq, estudou o impacto da expans\u00e3o urbana na morfologia e comportamento de diversas esp\u00e9cies aqu\u00e1ticas. As an\u00e1lises encontraram RNA do v\u00edrus SARS-COV-2 em concentra\u00e7\u00f5es que aumentaram com o grau de urbaniza\u00e7\u00e3o, mas tamb\u00e9m concentra\u00e7\u00f5es de antidepressivos e outros f\u00e1rmacos, indicando ainda o impacto do esgoto n\u00e3o tratado.<\/p>\n\n\n\n<p>O professor publicou um estudo que avalia as consequ\u00eancias da urbaniza\u00e7\u00e3o para ecossistemas aqu\u00e1ticos na Bacia do Alto Tiet\u00ea e sua biodiversidade. Os resultados publicados reverberaram pela m\u00eddia e o professor concedeu entrevistas para r\u00e1dio e m\u00eddia impressa, al\u00e9m da ag\u00eancia FAPESP. No texto publicado pela Folha de S\u00e3o Paulo, o professor destaca a import\u00e2ncia de preserva\u00e7\u00e3o dos ecossistemas fluviais tamb\u00e9m para a sa\u00fade humana. O projeto envolveu mais de 40 pesquisadores e 7 universidades p\u00fablicas.<\/p>\n","protected":false},"excerpt":{"rendered":"<p>Professor do PPgSUS-EACH coordena estudo sobre a qualidade da \u00e1gua de microbacias do Tiet\u00ea e a degrada\u00e7\u00e3o causada pela urbaniza\u00e7\u00e3o Projeto coordenado pelo professor Luis Schiesari, financiado pela USP, FAPESP e CNPq, estudou o impacto da expans\u00e3o urbana na morfologia e comportamento de diversas esp\u00e9cies aqu\u00e1ticas. As an\u00e1lises encontraram RNA do v\u00edrus SARS-COV-2 em concentra\u00e7\u00f5es [&hellip;]<\/p>\n","protected":false},"author":22309,"featured_media":0,"parent":0,"menu_order":0,"comment_status":"closed","ping_status":"closed","template":"","meta":{"footnotes":"","_links_to":"","_links_to_target":""},"class_list":["post-20","page","type-page","status-publish","hentry"],"_links":{"self":[{"href":"https:\/\/sites.usp.br\/ppgsus\/wp-json\/wp\/v2\/pages\/20","targetHints":{"allow":["GET"]}}],"collection":[{"href":"https:\/\/sites.usp.br\/ppgsus\/wp-json\/wp\/v2\/pages"}],"about":[{"href":"https:\/\/sites.usp.br\/ppgsus\/wp-json\/wp\/v2\/types\/page"}],"author":[{"embeddable":true,"href":"https:\/\/sites.usp.br\/ppgsus\/wp-json\/wp\/v2\/users\/22309"}],"replies":[{"embeddable":true,"href":"https:\/\/sites.usp.br\/ppgsus\/wp-json\/wp\/v2\/comments?post=20"}],"version-history":[{"count":0,"href":"https:\/\/sites.usp.br\/ppgsus\/wp-json\/wp\/v2\/pages\/20\/revisions"}],"wp:attachment":[{"href":"https:\/\/sites.usp.br\/ppgsus\/wp-json\/wp\/v2\/media?parent=20"}],"curies":[{"name":"wp","href":"https:\/\/api.w.org\/{rel}","templated":true}]}}