{"id":30,"date":"2022-04-04T21:54:59","date_gmt":"2022-04-04T21:54:59","guid":{"rendered":"http:\/\/200.144.255.196:9380\/?page_id=30"},"modified":"2022-04-04T21:54:59","modified_gmt":"2022-04-04T21:54:59","slug":"formularios","status":"publish","type":"page","link":"https:\/\/sites.usp.br\/ppgsus\/formularios\/","title":{"rendered":"Formul\u00e1rios"},"content":{"rendered":"\n<h2 class=\"wp-block-heading\"><strong>Formul\u00e1rios para alunos<\/strong><\/h2>\n\n\n\n<ul class=\"wp-block-list\"><li><a href=\"http:\/\/www5.each.usp.br\/wp-content\/uploads\/2020\/02\/Aprov.-de-disciplina-cursada.docx\" target=\"_blank\" rel=\"noreferrer noopener\">Aproveitamento de disciplina cursada em outra universidade<\/a><\/li><li><a href=\"http:\/\/www5.each.usp.br\/wp-content\/uploads\/2020\/02\/Aprov.o-de-disciplina-cursada-como-AE.docx\" target=\"_blank\" rel=\"noreferrer noopener\">Aproveitamento de disciplina cursada como aluno especial na USP<\/a><\/li><li><a href=\"http:\/\/www5.each.usp.br\/wp-content\/uploads\/2018\/06\/CANCforadoprazo.docx\" target=\"_blank\" rel=\"noreferrer noopener\">Cancelamento de disciplina fora do prazo<\/a><\/li><li><a href=\"http:\/\/www5.each.usp.br\/inclusao-de-dependentes\/\" target=\"_blank\" rel=\"noreferrer noopener\">Inclus\u00e3o de Dependentes<\/a><\/li><li><a href=\"http:\/\/www5.each.usp.br\/wp-content\/uploads\/2018\/06\/Licen%C3%A7a-Maternidade-Paternidade.docx\" target=\"_blank\" rel=\"noreferrer noopener\">Licen\u00e7a Maternidade-Paternidade<\/a><\/li><li><a href=\"http:\/\/www5.each.usp.br\/wp-content\/uploads\/2020\/02\/Matric.-fora-de-prazo.docx\" target=\"_blank\" rel=\"noreferrer noopener\">Matricula fora de prazo<\/a><\/li><li><a href=\"http:\/\/www5.each.usp.br\/wp-content\/uploads\/2020\/02\/Novamatr%C3%ADcula.docx\" target=\"_blank\" rel=\"noreferrer noopener\">Nova matr\u00edcula<\/a><\/li><li><a href=\"http:\/\/www5.each.usp.br\/wp-content\/uploads\/2021\/12\/Prorrog.-de-prazo-para-dep%C3%B3sito.docx\" target=\"_blank\" rel=\"noreferrer noopener\">Prorroga\u00e7\u00e3o de prazo para dep\u00f3sito da disserta\u00e7\u00e3o\/tese<\/a><\/li><li><a href=\"http:\/\/www5.each.usp.br\/wp-content\/uploads\/2020\/02\/Solicit.-cr%C3%A9ditos-especiais.doc\" target=\"_blank\" rel=\"noreferrer noopener\">Solicita\u00e7\u00e3o de cr\u00e9ditos especiais<\/a><\/li><li><a href=\"http:\/\/www5.each.usp.br\/wp-content\/uploads\/2020\/09\/Formul%C3%A1rio_Assinatura_CPq.CPG_.docx\" target=\"_blank\" rel=\"noreferrer noopener\">Submiss\u00e3o de documentos para assinatura da Dire\u00e7\u00e3o<\/a><\/li><li><a href=\"http:\/\/www5.each.usp.br\/wp-content\/uploads\/2020\/09\/Novo-Trancamento-de-matr%C3%ADcula-1.docx\" target=\"_blank\" rel=\"noreferrer noopener\">Trancamento de matr\u00edcula<\/a><\/li><li><a href=\"http:\/\/www5.each.usp.br\/wp-content\/uploads\/2016\/01\/Transfer%C3%AAncia-de-programa.docx\" target=\"_blank\" rel=\"noreferrer noopener\">Transfer\u00eancia de programa<\/a><\/li><li><a href=\"http:\/\/www5.each.usp.br\/wp-content\/uploads\/2016\/01\/POS-FORM-TrocaOrientacao.docx\">Troca de Orienta\u00e7\u00e3o<\/a><\/li><\/ul>\n\n\n\n<h2 class=\"wp-block-heading\"><strong>Formul\u00e1rios para docentes<\/strong><\/h2>\n\n\n\n<ul class=\"wp-block-list\"><li><a href=\"http:\/\/www5.each.usp.br\/wp-content\/uploads\/2016\/01\/POS-FORM-AlteracaoForaPrazoConceitoFrequencia.docx\" target=\"_blank\" rel=\"noreferrer noopener\">Altera\u00e7\u00e3o de conceito e frequ\u00eancia<\/a><\/li><li><a href=\"http:\/\/www5.each.usp.br\/wp-content\/uploads\/2021\/11\/Formul%C3%A1rio-disciplinas_atual.doc\" target=\"_blank\" rel=\"noreferrer noopener\">Credenciamento\/altera\u00e7\u00e3o de disciplinas<\/a><\/li><li><a href=\"http:\/\/www5.each.usp.br\/wp-content\/uploads\/2018\/06\/Inclusao_-de_-Coorientador.docx\" target=\"_blank\" rel=\"noreferrer noopener\">Inclus\u00e3o de Coorientador<\/a><\/li><\/ul>\n\n\n\n<p><\/p>\n","protected":false},"excerpt":{"rendered":"<p>Formul\u00e1rios para alunos Aproveitamento de disciplina cursada em outra universidade Aproveitamento de disciplina cursada como aluno especial na USP Cancelamento de disciplina fora do prazo Inclus\u00e3o de Dependentes Licen\u00e7a Maternidade-Paternidade Matricula fora de prazo Nova matr\u00edcula Prorroga\u00e7\u00e3o de prazo para dep\u00f3sito da disserta\u00e7\u00e3o\/tese Solicita\u00e7\u00e3o de cr\u00e9ditos especiais Submiss\u00e3o de documentos para assinatura da Dire\u00e7\u00e3o Trancamento [&hellip;]<\/p>\n","protected":false},"author":22309,"featured_media":0,"parent":0,"menu_order":0,"comment_status":"closed","ping_status":"closed","template":"","meta":{"footnotes":"","_links_to":"","_links_to_target":""},"class_list":["post-30","page","type-page","status-publish","hentry"],"_links":{"self":[{"href":"https:\/\/sites.usp.br\/ppgsus\/wp-json\/wp\/v2\/pages\/30","targetHints":{"allow":["GET"]}}],"collection":[{"href":"https:\/\/sites.usp.br\/ppgsus\/wp-json\/wp\/v2\/pages"}],"about":[{"href":"https:\/\/sites.usp.br\/ppgsus\/wp-json\/wp\/v2\/types\/page"}],"author":[{"embeddable":true,"href":"https:\/\/sites.usp.br\/ppgsus\/wp-json\/wp\/v2\/users\/22309"}],"replies":[{"embeddable":true,"href":"https:\/\/sites.usp.br\/ppgsus\/wp-json\/wp\/v2\/comments?post=30"}],"version-history":[{"count":0,"href":"https:\/\/sites.usp.br\/ppgsus\/wp-json\/wp\/v2\/pages\/30\/revisions"}],"wp:attachment":[{"href":"https:\/\/sites.usp.br\/ppgsus\/wp-json\/wp\/v2\/media?parent=30"}],"curies":[{"name":"wp","href":"https:\/\/api.w.org\/{rel}","templated":true}]}}