{"id":32,"date":"2022-04-04T21:55:08","date_gmt":"2022-04-04T21:55:08","guid":{"rendered":"http:\/\/200.144.255.196:9380\/?page_id=32"},"modified":"2022-04-04T21:55:08","modified_gmt":"2022-04-04T21:55:08","slug":"outras-informacoes","status":"publish","type":"page","link":"https:\/\/sites.usp.br\/ppgsus\/outras-informacoes\/","title":{"rendered":"Outras Informa\u00e7\u00f5es"},"content":{"rendered":"\n<h2 class=\"wp-block-heading\"><strong>Resultado da sele\u00e7\u00e3o para concorrer ao Pr\u00eamio ANPPAS de Disserta\u00e7\u00e3o e Tese \u2013 2021<\/strong><\/h2>\n\n\n\n<ul class=\"wp-block-list\"><li>Clique&nbsp;<a href=\"http:\/\/www5.each.usp.br\/wp-content\/uploads\/2021\/07\/PremioANPPAS_Indicados.docx.pdf\">aqui<\/a>&nbsp;para visualizar os indicados<\/li><\/ul>\n\n\n\n<h2 class=\"wp-block-heading\"><strong>Resultado da sele\u00e7\u00e3o para o Pr\u00eamio V\u00eddeo P\u00f3s-Gradua\u00e7\u00e3o USP 2020<\/strong><\/h2>\n\n\n\n<p><strong>V\u00eddeos indicados:<\/strong><\/p>\n\n\n\n<ul class=\"wp-block-list\"><li>\u201cCi\u00eancia cidad\u00e3 para conserva\u00e7\u00e3o de abelhas sem ferr\u00e3o e desenvolvimento da meliponicultura\u201d, de autoria de Celso Barbi\u00e9ri Junior<\/li><li>\u201cEstudo geoambiental da \u00e1rea de influ\u00eancia direta da Esta\u00e7\u00e3o Ant\u00e1rtica Brasileira Comandante Ferraz (EACF) com \u00eanfase em associa\u00e7\u00f5es de foramin\u00edferos\u201d, de autoria de Rayssa de Almeida Viana<\/li><\/ul>\n\n\n\n<h2 class=\"wp-block-heading\"><strong>Resultado da indica\u00e7\u00e3o ao pr\u00eamio tese destaque USP &#8211; 10\u00aa Edi\u00e7\u00e3o<\/strong><strong><\/strong><\/h2>\n\n\n\n<p>A Comiss\u00e3o de Avalia\u00e7\u00e3o do Programa de P\u00f3s- gradua\u00e7\u00e3o em Sustentabilidade da Escola de Artes, Ci\u00eancias e Humanidades da Universidade de S\u00e3o Paulo, constitu\u00edda para pr\u00e9- sele\u00e7\u00e3o para indica\u00e7\u00e3o ao pr\u00eamio tese destaque USP \u2013 10a Edi\u00e7\u00e3o decidiu pela classifica\u00e7\u00e3o e indica\u00e7\u00e3o da tese \u201cGera\u00e7\u00e3o de energia em uma nova c\u00e9lula a combust\u00edvel microbiana: caracteriza\u00e7\u00e3o e din\u00e2mica de comunidades microbianas utilizando mat\u00e9ria org\u00e2nica e am\u00f4nia como doadores de el\u00e9trons\u201d, de autoria de Vitor Cano.\u201dProfa. Tania Christopoulos Prof. Alexandre Igari Prof. Homero Fonseca Filho Prof. Paulo de Almeida<\/p>\n\n\n\n<h2 class=\"wp-block-heading\"><strong>Edital PrInt CAPES\/USP n\u00ba 30\/2022<\/strong><\/h2>\n\n\n\n<ul class=\"wp-block-list\"><li><a href=\"http:\/\/www5.each.usp.br\/wp-content\/uploads\/2022\/03\/EDITAL-N%C2%BA-30-PDSE-2022.pdf\">Edital 30\/22<\/a><\/li><li><a href=\"http:\/\/www5.each.usp.br\/wp-content\/uploads\/2022\/03\/Cronograma-sele%C3%A7%C3%A3o-CAPES-PDSE_2022.pdf\">Cronograma<\/a><\/li><\/ul>\n\n\n\n<h2 class=\"wp-block-heading\"><strong>Elei\u00e7\u00e3o de membro da CCP<\/strong><\/h2>\n\n\n\n<p><a href=\"http:\/\/www5.each.usp.br\/wp-content\/uploads\/2022\/02\/Edital-Elei%C3%A7%C3%A3o-1-membro-tit-e-supl-CCP-SUS_03-2022.docx-1.pdf\">Edital de elei\u00e7\u00e3o para 1 membro docente CCP<\/a><\/p>\n\n\n\n<p><a href=\"http:\/\/www5.each.usp.br\/wp-content\/uploads\/2022\/03\/Ata-Elei%C3%A7%C3%A3o-CCP.docx.pdf\">Resultado da elei\u00e7\u00e3o<\/a><\/p>\n\n\n\n<h2 class=\"wp-block-heading\">Aluno Especial<\/h2>\n\n\n\n<ul class=\"wp-block-list\"><li><a href=\"http:\/\/www5.each.usp.br\/processo-seletivo\/\" target=\"_blank\" rel=\"noreferrer noopener\">Processo Seletivo<\/a><\/li><\/ul>\n\n\n\n<h2 class=\"wp-block-heading\">P\u00f3s-doutorado<\/h2>\n\n\n\n<ul class=\"wp-block-list\"><li><a href=\"http:\/\/www5.each.usp.br\/wp-content\/uploads\/2018\/05\/Edital-PNPD-SUSmai.2018.pdf\" target=\"_blank\" rel=\"noreferrer noopener\">Edital para bolsa PNPD 2018<\/a><\/li><li><a href=\"http:\/\/www5.each.usp.br\/wp-content\/uploads\/2018\/07\/homologadas.pdf\" target=\"_blank\" rel=\"noreferrer noopener\">Inscri\u00e7\u00f5es homologadas<\/a><\/li><li><a href=\"http:\/\/www5.each.usp.br\/wp-content\/uploads\/2018\/07\/Resultado_PNPD_SUS_2018.pdf\">Resultado Final<\/a><\/li><\/ul>\n\n\n\n<h2 class=\"wp-block-heading\">Disciplinas<\/h2>\n\n\n\n<ul class=\"wp-block-list\"><li><a href=\"http:\/\/www5.each.usp.br\/wp-content\/uploads\/2021\/07\/GRADE-CURRICULAR_SUS.pdf\">Estrutura Curricular<\/a><\/li><li><a href=\"https:\/\/uspdigital.usp.br\/janus\/componente\/catalogoDisciplinasInicial.jsf?action=4&amp;tipo=D&amp;codcpg=100\" target=\"_blank\" rel=\"noreferrer noopener\">Cat\u00e1logo de Disciplinas<\/a><\/li><\/ul>\n\n\n\n<h2 class=\"wp-block-heading\">Bolsa CAPES<\/h2>\n\n\n\n<ul class=\"wp-block-list\"><li><a href=\"http:\/\/www5.each.usp.br\/wp-content\/uploads\/2022\/03\/Manual-para-bolsas_PPgSus.pdf\">Normas para concess\u00e3o e manuten\u00e7\u00e3o de bolsas<\/a><\/li><li><a href=\"http:\/\/www5.each.usp.br\/wp-content\/uploads\/2022\/01\/relatorio-de-bolsas_janeiro22.pdf\">Relat\u00f3rio de bolsas<\/a><\/li><\/ul>\n","protected":false},"excerpt":{"rendered":"<p>Resultado da sele\u00e7\u00e3o para concorrer ao Pr\u00eamio ANPPAS de Disserta\u00e7\u00e3o e Tese \u2013 2021 Clique&nbsp;aqui&nbsp;para visualizar os indicados Resultado da sele\u00e7\u00e3o para o Pr\u00eamio V\u00eddeo P\u00f3s-Gradua\u00e7\u00e3o USP 2020 V\u00eddeos indicados: \u201cCi\u00eancia cidad\u00e3 para conserva\u00e7\u00e3o de abelhas sem ferr\u00e3o e desenvolvimento da meliponicultura\u201d, de autoria de Celso Barbi\u00e9ri Junior \u201cEstudo geoambiental da \u00e1rea de influ\u00eancia direta [&hellip;]<\/p>\n","protected":false},"author":22309,"featured_media":0,"parent":0,"menu_order":0,"comment_status":"closed","ping_status":"closed","template":"","meta":{"footnotes":"","_links_to":"","_links_to_target":""},"class_list":["post-32","page","type-page","status-publish","hentry"],"_links":{"self":[{"href":"https:\/\/sites.usp.br\/ppgsus\/wp-json\/wp\/v2\/pages\/32","targetHints":{"allow":["GET"]}}],"collection":[{"href":"https:\/\/sites.usp.br\/ppgsus\/wp-json\/wp\/v2\/pages"}],"about":[{"href":"https:\/\/sites.usp.br\/ppgsus\/wp-json\/wp\/v2\/types\/page"}],"author":[{"embeddable":true,"href":"https:\/\/sites.usp.br\/ppgsus\/wp-json\/wp\/v2\/users\/22309"}],"replies":[{"embeddable":true,"href":"https:\/\/sites.usp.br\/ppgsus\/wp-json\/wp\/v2\/comments?post=32"}],"version-history":[{"count":0,"href":"https:\/\/sites.usp.br\/ppgsus\/wp-json\/wp\/v2\/pages\/32\/revisions"}],"wp:attachment":[{"href":"https:\/\/sites.usp.br\/ppgsus\/wp-json\/wp\/v2\/media?parent=32"}],"curies":[{"name":"wp","href":"https:\/\/api.w.org\/{rel}","templated":true}]}}