{"id":3946,"date":"2025-02-21T20:25:22","date_gmt":"2025-02-21T22:25:22","guid":{"rendered":"https:\/\/sites.usp.br\/ppgsus\/?page_id=3946"},"modified":"2025-02-26T00:19:59","modified_gmt":"2025-02-26T02:19:59","slug":"inicio-3","status":"publish","type":"page","link":"https:\/\/sites.usp.br\/ppgsus\/","title":{"rendered":"In\u00edcio"},"content":{"rendered":"\t\t<div data-elementor-type=\"wp-page\" data-elementor-id=\"3946\" class=\"elementor elementor-3946\" data-elementor-post-type=\"page\">\n\t\t\t\t\t\t<section class=\"elementor-section elementor-top-section elementor-element elementor-element-116f07d elementor-section-content-middle elementor-section-boxed elementor-section-height-default elementor-section-height-default\" data-id=\"116f07d\" data-element_type=\"section\" data-settings=\"{&quot;background_background&quot;:&quot;classic&quot;}\">\n\t\t\t\t\t\t<div class=\"elementor-container elementor-column-gap-default\">\n\t\t\t\t\t<div class=\"elementor-column elementor-col-50 elementor-top-column elementor-element elementor-element-01ecbc6\" data-id=\"01ecbc6\" data-element_type=\"column\">\n\t\t\t<div class=\"elementor-widget-wrap elementor-element-populated\">\n\t\t\t\t\t\t<div class=\"elementor-element elementor-element-d291a28 elementor-widget elementor-widget-heading\" data-id=\"d291a28\" data-element_type=\"widget\" data-widget_type=\"heading.default\">\n\t\t\t\t<div class=\"elementor-widget-container\">\n\t\t\t<h2 class=\"elementor-heading-title elementor-size-default\">PROGRAMA DE P\u00d3S-GRADUA\u00c7\u00c3O EM <span style=\"color: #2a592a\">SUSTENTABILIDADE<\/span><\/h2>\t\t<\/div>\n\t\t\t\t<\/div>\n\t\t\t\t<div class=\"elementor-element elementor-element-632cd85 elementor-widget elementor-widget-heading\" data-id=\"632cd85\" data-element_type=\"widget\" data-widget_type=\"heading.default\">\n\t\t\t\t<div class=\"elementor-widget-container\">\n\t\t\t<h2 class=\"elementor-heading-title elementor-size-default\">Produ\u00e7\u00e3o cient\u00edfica, inova\u00e7\u00e3o tecnol\u00f3gica e forma\u00e7\u00e3o de recursos humanos nos n\u00edveis de mestrado e de doutorado, sob o foco interdisciplinar, tendo como tema a sustentabilidade.<\/h2>\t\t<\/div>\n\t\t\t\t<\/div>\n\t\t\t\t\t<\/div>\n\t\t<\/div>\n\t\t\t\t<div class=\"elementor-column elementor-col-50 elementor-top-column elementor-element elementor-element-b85a956\" data-id=\"b85a956\" data-element_type=\"column\">\n\t\t\t<div class=\"elementor-widget-wrap\">\n\t\t\t\t\t\t\t<\/div>\n\t\t<\/div>\n\t\t\t\t\t<\/div>\n\t\t<\/section>\n\t\t\t\t<section class=\"elementor-section elementor-top-section elementor-element elementor-element-f031d8e elementor-section-boxed elementor-section-height-default elementor-section-height-default\" data-id=\"f031d8e\" data-element_type=\"section\">\n\t\t\t\t\t\t<div class=\"elementor-container elementor-column-gap-default\">\n\t\t\t\t\t<div class=\"elementor-column elementor-col-100 elementor-top-column elementor-element elementor-element-232ce4d\" data-id=\"232ce4d\" data-element_type=\"column\">\n\t\t\t<div class=\"elementor-widget-wrap elementor-element-populated\">\n\t\t\t\t\t\t<div class=\"elementor-element elementor-element-364d99c elementor-widget elementor-widget-heading\" data-id=\"364d99c\" data-element_type=\"widget\" data-widget_type=\"heading.default\">\n\t\t\t\t<div class=\"elementor-widget-container\">\n\t\t\t<h2 class=\"elementor-heading-title elementor-size-default\">Descritivo do Programa<\/h2>\t\t<\/div>\n\t\t\t\t<\/div>\n\t\t\t\t<div class=\"elementor-element elementor-element-bf97922 elementor-widget elementor-widget-heading\" data-id=\"bf97922\" data-element_type=\"widget\" data-widget_type=\"heading.default\">\n\t\t\t\t<div class=\"elementor-widget-container\">\n\t\t\t<h2 class=\"elementor-heading-title elementor-size-default\">O Programa de P\u00f3s-Gradua\u00e7\u00e3o em Sustentabilidade prop\u00f5e-se a formar profissionais capazes de inserir as a\u00e7\u00f5es necess\u00e1rias \u00e0 implementa\u00e7\u00e3o de princ\u00edpios de sustentabilidade nas atividades que se referem ao uso de recursos naturais pelas sociedades atuais.<\/h2>\t\t<\/div>\n\t\t\t\t<\/div>\n\t\t\t\t<section class=\"elementor-section elementor-inner-section elementor-element elementor-element-3ef4f4c elementor-section-boxed elementor-section-height-default elementor-section-height-default elementor-invisible\" data-id=\"3ef4f4c\" data-element_type=\"section\" data-settings=\"{&quot;animation&quot;:&quot;fadeIn&quot;}\">\n\t\t\t\t\t\t<div class=\"elementor-container elementor-column-gap-default\">\n\t\t\t\t\t<div class=\"elementor-column elementor-col-50 elementor-inner-column elementor-element elementor-element-92f66a2\" data-id=\"92f66a2\" data-element_type=\"column\">\n\t\t\t<div class=\"elementor-widget-wrap elementor-element-populated\">\n\t\t\t\t\t\t<div class=\"elementor-element elementor-element-31d26ab elementor-view-default elementor-position-top elementor-mobile-position-top elementor-widget elementor-widget-icon-box\" data-id=\"31d26ab\" data-element_type=\"widget\" data-widget_type=\"icon-box.default\">\n\t\t\t\t<div class=\"elementor-widget-container\">\n\t\t\t\t\t<div class=\"elementor-icon-box-wrapper\">\n\n\t\t\t\t\t\t<div class=\"elementor-icon-box-icon\">\n\t\t\t\t<span  class=\"elementor-icon elementor-animation-\">\n\t\t\t\t<svg xmlns=\"http:\/\/www.w3.org\/2000\/svg\" xmlns:xlink=\"http:\/\/www.w3.org\/1999\/xlink\" fill=\"#01A1C0\" id=\"Capa_1\" width=\"800px\" height=\"800px\" viewBox=\"0 0 123.422 123.422\" xml:space=\"preserve\"><g id=\"SVGRepo_bgCarrier\" stroke-width=\"0\"><\/g><g id=\"SVGRepo_tracerCarrier\" stroke-linecap=\"round\" stroke-linejoin=\"round\"><\/g><g id=\"SVGRepo_iconCarrier\"> <g> <g> <path d=\"M57.619,33.024c-0.128-0.481-0.537-0.971-1.168-0.971c-0.207,0-0.416,0.055-0.598,0.149l-4.383,2.026 c-0.226,0.096-0.695,0.297-0.857,0.774c-0.068,0.205-0.101,0.537,0.112,0.904l1.145,2.336l-3.568,0.003v-2.018 c0-0.833-0.555-1.055-0.88-1.055c-0.436,0-0.808,0.324-0.984,0.511l-5.759,5.923c-0.072,0.064-0.434,0.4-0.455,0.917 c-0.009,0.229,0.048,0.57,0.373,0.895c0.569,0.57,5.986,5.813,5.986,5.813c0.138,0.141,0.511,0.468,0.956,0.468 c0.097,0,0.938-0.033,0.938-1.186v-1.812h8.801c0.091,0,0.331-0.018,0.565-0.176c0.171-0.118,0.463-0.395,0.461-0.901 c0.031-0.238,0.421-1.484,0.732-2.484c0.573-1.833,0.858-2.783,0.965-3.305h0.015v-0.081c0.024-0.13,0.035-0.23,0.035-0.31 c0-0.349-0.093-0.612-0.237-0.808L57.619,33.024z\"><\/path> <path d=\"M36.476,22.876l3.937,2.799c0.259,0.193,0.548,0.375,0.906,0.375c0.224,0,0.642-0.079,0.923-0.567l1.449-2.139 l1.726,3.014l-1.752,1.004c-0.581,0.332-0.614,0.759-0.583,0.984c0.084,0.609,0.761,0.837,1.04,0.903l8,2.053 c0.05,0.018,0.229,0.074,0.457,0.074c0.563,0,1.005-0.344,1.159-0.903c0.209-0.777,2.071-8.079,2.071-8.079 c0.058-0.217,0.163-0.765-0.142-1.162c-0.295-0.393-0.827-0.472-1.428-0.127l-1.57,0.901l-4.363-7.614 c-0.127-0.246-0.439-0.53-0.891-0.53c-0.202,0-0.406,0.059-0.563,0.15c-0.222,0.09-1.485,0.371-2.501,0.595 c-2.511,0.555-3.401,0.772-3.73,0.963c-0.332,0.188-0.496,0.406-0.582,0.605l-3.721,4.76c-0.079,0.076-0.465,0.485-0.413,1.049 C35.932,22.238,36.055,22.6,36.476,22.876z M52.578,30.005l-0.003,0.685l-0.051-0.671C52.542,30.01,52.562,30.005,52.578,30.005z\"><\/path> <path d=\"M36.776,26.701c-0.158-0.571-0.823-1.13-1.603-0.849c-0.754,0.27-7.812,2.93-7.812,2.93c-0.206,0.072-0.879,0.361-0.912,1 c-0.015,0.296,0.103,0.712,0.756,1.021l1.637,0.773l-3.745,7.938c-0.046,0.088-0.182,0.402-0.052,0.78 c0.067,0.197,0.229,0.47,0.574,0.628c0.202,0.13,1.157,1.009,1.926,1.715c1.75,1.61,2.556,2.332,2.918,2.506 c0.22,0.103,0.423,0.152,0.621,0.152c0.09,0,0.168-0.021,0.248-0.041l5.884,0.422l0.257,0.022c0.365,0,0.688-0.128,0.912-0.36 c0.16-0.164,0.347-0.46,0.329-0.906l0.042-4.826c0.009-0.257,0.026-0.731-0.309-1.079c-0.141-0.145-0.438-0.344-0.895-0.313 l-2.509,0.035l1.52-3.219l1.825,0.861c0.199,0.095,0.38,0.139,0.551,0.139c0.294,0,0.551-0.133,0.711-0.366 c0.279-0.408,0.134-0.949,0.024-1.227L36.776,26.701z M37.474,44.335v0.68l-0.077-0.624 C37.419,44.365,37.446,44.344,37.474,44.335z\"><\/path> <path d=\"M103.466,25.612c-0.146-0.088-0.301-0.147-0.453-0.218c-1.235-0.811-2.618-1.407-4.028-1.754l-2.81,2.829l-2.724-2.86 c-0.01,0.003-0.02,0.003-0.028,0.007c-1.351,0.322-2.675,0.882-3.875,1.636c-0.3,0.09-0.595,0.209-0.879,0.369 c-1.746,0.982-3.408,1.173-5.226,0.607c-2.028-0.633-4.006-2.104-5.807-3.894V6.366C77.637,2.855,74.781,0,71.271,0H16.015 c-3.509,0-6.364,2.855-6.364,6.366v50.646c0,3.511,2.855,6.366,6.364,6.366h55.256c3.51,0,6.366-2.855,6.366-6.366V33.228 c1.021,0.546,2.08,1.01,3.179,1.354c1.27,0.397,2.545,0.619,3.815,0.685v23.072c0,1.193,0.233,2.303,0.644,3.322 c-0.028,0.218-0.066,0.433-0.066,0.659l0.003,41.927c0.001,2.856,2.317,5.174,5.176,5.174c2.857,0,5.175-2.315,5.175-5.174 l-0.004-35.981c0.205,0.01,0.41,0.025,0.616,0.025c0.041,0,0.081-0.005,0.122-0.007l-0.001,35.963 c0,2.856,2.315,5.174,5.173,5.174c0.001,0,0.001,0,0.001,0c2.857,0,5.175-2.315,5.175-5.174V63.115 c0.273,0.261,0.569,0.5,0.916,0.688c0.664,0.362,1.381,0.533,2.088,0.533c1.553,0,3.057-0.827,3.851-2.287 C125.852,39.345,109.002,29.009,103.466,25.612z M73.395,57.014c0,1.171-0.953,2.123-2.123,2.123H16.015 c-1.17,0-2.121-0.952-2.121-2.123V6.366c0-1.171,0.951-2.123,2.121-2.123h55.256c1.17,0,2.123,0.952,2.123,2.123v10.819 c-1.49-2.149-2.629-4.165-3.232-5.4c-0.439-0.905-1.16-1.577-1.999-1.991l-1.201-0.401c-0.871-0.149-1.794-0.048-2.651,0.368 c-2.176,1.058-3.082,3.676-2.025,5.852c0.256,0.528,1.212,2.432,2.761,4.859l1.033,1.56c1.854,2.701,4.333,5.774,7.315,8.285 V57.014z M96.201,48.79h-0.053l-2.72-3.722l2.72-18.18h0.053l2.72,18.18L96.201,48.79z M107.718,53.755v-12.52 C109.391,44.398,109.766,48.401,107.718,53.755z\"><\/path> <circle cx=\"96.174\" cy=\"11.71\" r=\"11.278\"><\/circle> <circle cx=\"26.27\" cy=\"78.61\" r=\"8.93\"><\/circle> <path d=\"M8.936,107.917h6.988c-0.266-2.449,0.231-4.456,1.206-6.151v6.151h9.08l-2.114-2.894l2.153-14.395h0.042l2.153,14.395 l-2.114,2.894h9.08v-6.134c0.968,1.691,1.46,3.693,1.196,6.134h6.989c0.802-10.715-7.984-16.116-11.386-18.204 c-0.151-0.09-0.308-0.157-0.465-0.225c-0.995-0.663-2.111-1.15-3.25-1.432l-2.225,2.239l-2.156-2.265 c-0.008,0.004-0.016,0.004-0.022,0.006c-1.162,0.277-2.301,0.775-3.312,1.454c-0.155,0.064-0.312,0.131-0.459,0.221 C16.918,91.801,8.131,97.202,8.936,107.917z\"><\/path> <circle cx=\"61.033\" cy=\"78.61\" r=\"8.929\"><\/circle> <path d=\"M43.698,107.917h6.988c-0.266-2.449,0.231-4.456,1.207-6.151v6.151h9.078l-2.113-2.894l2.153-14.394h0.042l2.154,14.396 l-2.114,2.893h9.078v-6.134c0.97,1.69,1.462,3.692,1.197,6.134h6.989c0.803-10.715-7.982-16.116-11.385-18.204 c-0.15-0.09-0.309-0.157-0.466-0.224c-0.994-0.664-2.11-1.151-3.25-1.432l-2.225,2.238l-2.156-2.264 c-0.008,0.003-0.015,0.003-0.022,0.005c-1.162,0.278-2.302,0.776-3.313,1.454c-0.154,0.064-0.311,0.131-0.458,0.221 C51.68,91.801,42.895,97.202,43.698,107.917z\"><\/path> <rect x=\"5.498\" y=\"110.695\" width=\"102.098\" height=\"12.727\"><\/rect> <\/g> <\/g> <\/g><\/svg>\t\t\t\t<\/span>\n\t\t\t<\/div>\n\t\t\t\n\t\t\t\t\t\t<div class=\"elementor-icon-box-content\">\n\n\t\t\t\t\t\t\t\t\t<h3 class=\"elementor-icon-box-title\">\n\t\t\t\t\t\t<span  >\n\t\t\t\t\t\t\tCi\u00eancia e Tecnologia Ambiental\t\t\t\t\t\t<\/span>\n\t\t\t\t\t<\/h3>\n\t\t\t\t\n\t\t\t\t\t\t\t\t\t<p class=\"elementor-icon-box-description\">\n\t\t\t\t\t\tGera\u00e7\u00e3o de conhecimento b\u00e1sico e aplicado \u00e0s pr\u00e1ticas voltadas \u00e0 sustentabilidade. Essa linha abarca propostas de diagn\u00f3stico e de progn\u00f3stico, al\u00e9m da discuss\u00e3o e da gera\u00e7\u00e3o de t\u00e9cnicas empregadas \u00e0s pr\u00e1ticas sustent\u00e1veis. Tamb\u00e9m se refere \u00e0s propostas de avan\u00e7os conceituais e te\u00f3ricos dentro do tema.\t\t\t\t\t<\/p>\n\t\t\t\t\n\t\t\t<\/div>\n\t\t\t\n\t\t<\/div>\n\t\t\t\t<\/div>\n\t\t\t\t<\/div>\n\t\t\t\t\t<\/div>\n\t\t<\/div>\n\t\t\t\t<div class=\"elementor-column elementor-col-50 elementor-inner-column elementor-element elementor-element-f7bcde4\" data-id=\"f7bcde4\" data-element_type=\"column\">\n\t\t\t<div class=\"elementor-widget-wrap elementor-element-populated\">\n\t\t\t\t\t\t<div class=\"elementor-element elementor-element-e4bef74 elementor-view-default elementor-position-top elementor-mobile-position-top elementor-widget elementor-widget-icon-box\" data-id=\"e4bef74\" data-element_type=\"widget\" data-widget_type=\"icon-box.default\">\n\t\t\t\t<div class=\"elementor-widget-container\">\n\t\t\t\t\t<div class=\"elementor-icon-box-wrapper\">\n\n\t\t\t\t\t\t<div class=\"elementor-icon-box-icon\">\n\t\t\t\t<span  class=\"elementor-icon elementor-animation-\">\n\t\t\t\t<svg xmlns=\"http:\/\/www.w3.org\/2000\/svg\" xmlns:xlink=\"http:\/\/www.w3.org\/1999\/xlink\" fill=\"#01A1C0\" id=\"Capa_1\" width=\"800px\" height=\"800px\" viewBox=\"0 0 595.017 595.017\" xml:space=\"preserve\"><g id=\"SVGRepo_bgCarrier\" stroke-width=\"0\"><\/g><g id=\"SVGRepo_tracerCarrier\" stroke-linecap=\"round\" stroke-linejoin=\"round\"><\/g><g id=\"SVGRepo_iconCarrier\"> <g> <g> <path d=\"M368.294,427.216H226.72c-14.697,0-26.656,9.7-26.656,21.622s11.958,21.622,26.656,21.622h141.575 c14.697,0,26.654-9.7,26.654-21.622S382.994,427.216,368.294,427.216z\"><\/path> <path d=\"M394.949,510.644c0-11.922-11.957-21.622-26.654-21.622H226.72c-14.697,0-26.656,9.7-26.656,21.622 s11.958,21.622,26.656,21.622h141.575C382.994,532.266,394.949,522.568,394.949,510.644z\"><\/path> <path d=\"M246.717,551.772c-14.697,0-26.655,9.701-26.655,21.622c0,11.922,11.958,21.622,26.655,21.622H348.3 c14.697,0,26.654-9.7,26.654-21.622c0-11.921-11.957-21.622-26.654-21.622H246.717z\"><\/path> <path d=\"M404.375,398.06c2.424-4.039,3.041-10.195,3.586-15.63c0.141-1.414,0.273-2.735,0.432-3.88 c6.07-44,20.875-70.044,35.189-95.23c16.32-28.712,31.732-55.833,31.732-105.515C475.312,79.762,395.548,0,297.507,0 c-98.042,0-177.804,79.762-177.804,177.804c0,49.673,15.407,76.791,31.72,105.5c15.297,26.925,31.114,54.762,36.27,104.361 c0.125,11.242,9.318,20.364,20.566,20.364h178.499C393.933,408.032,400.683,404.211,404.375,398.06z M267.868,361.19 c15.141-92.479,37.642-127.645,44.177-136.223c2.916-3.828,2.66-6.386,1.932-7.861c-0.756-1.527-2.326-2.439-4.201-2.439 c-1.23,0-2.592,0.361-4.162,1.105c-9.63,4.565-41.329,23.449-44.93,74.704c-0.003,0.031-0.003,0.064-0.006,0.095 c-8.651-14.122-26.989-50.521-12.604-86.24c13.329-33.097,50.942-57.898,111.798-73.719c0.492-0.128,0.979-0.193,1.449-0.193 c2.555,0,4.477,1.882,4.779,4.682c2.824,26.215,11.424,105.989-19.85,143.064c-9.74,11.549-22.742,17.901-38.648,18.89 c-7.014,0.435-12.3,5.811-12.3,12.509v51.022c0,3.517-2.861,6.377-6.377,6.377h-16.071c-1.634,0-3.045-0.603-3.972-1.691 C267.972,364.204,267.611,362.754,267.868,361.19z\"><\/path> <\/g> <\/g> <\/g><\/svg>\t\t\t\t<\/span>\n\t\t\t<\/div>\n\t\t\t\n\t\t\t\t\t\t<div class=\"elementor-icon-box-content\">\n\n\t\t\t\t\t\t\t\t\t<h3 class=\"elementor-icon-box-title\">\n\t\t\t\t\t\t<span  >\n\t\t\t\t\t\t\tGest\u00e3o Ambiental\t\t\t\t\t\t<\/span>\n\t\t\t\t\t<\/h3>\n\t\t\t\t\n\t\t\t\t\t\t\t\t\t<p class=\"elementor-icon-box-description\">\n\t\t\t\t\t\tCompreens\u00e3o dos mecanismos, a\u00e7\u00f5es e estrat\u00e9gias voltadas \u00e0 organiza\u00e7\u00e3o e implementa\u00e7\u00e3o de pol\u00edticas p\u00fablicas e iniciativas sociais para o desenvolvimento de instrumentos de gest\u00e3o nas esferas p\u00fablicas, privadas e no terceiro setor. Os projetos apresentam rela\u00e7\u00e3o com as a\u00e7\u00f5es sociais e com as pol\u00edticas p\u00fablicas locais, municipais, regionais, nacional e internacional.\t\t\t\t\t<\/p>\n\t\t\t\t\n\t\t\t<\/div>\n\t\t\t\n\t\t<\/div>\n\t\t\t\t<\/div>\n\t\t\t\t<\/div>\n\t\t\t\t\t<\/div>\n\t\t<\/div>\n\t\t\t\t\t<\/div>\n\t\t<\/section>\n\t\t\t\t<div class=\"elementor-element elementor-element-d8b47a6 elementor-align-center elementor-invisible elementor-widget elementor-widget-button\" data-id=\"d8b47a6\" data-element_type=\"widget\" data-settings=\"{&quot;_animation&quot;:&quot;fadeInUp&quot;}\" data-widget_type=\"button.default\">\n\t\t\t\t<div class=\"elementor-widget-container\">\n\t\t\t\t\t\t\t<div class=\"elementor-button-wrapper\">\n\t\t\t\t\t<a class=\"elementor-button elementor-button-link elementor-size-sm\" href=\"https:\/\/sites.usp.br\/ppgsus\/sobre-o-programa\/\">\n\t\t\t\t\t\t<span class=\"elementor-button-content-wrapper\">\n\t\t\t\t\t\t<span class=\"elementor-button-icon\">\n\t\t\t\t<svg xmlns=\"http:\/\/www.w3.org\/2000\/svg\" xmlns:xlink=\"http:\/\/www.w3.org\/1999\/xlink\" fill=\"#01A1C0\" id=\"Capa_1\" width=\"800px\" height=\"800px\" viewBox=\"0 0 463.771 463.771\" xml:space=\"preserve\"><g id=\"SVGRepo_bgCarrier\" stroke-width=\"0\"><\/g><g id=\"SVGRepo_tracerCarrier\" stroke-linecap=\"round\" stroke-linejoin=\"round\"><\/g><g id=\"SVGRepo_iconCarrier\"> <g> <g id=\"Layer_3_17_\"> <g> <g> <g> <g> <path d=\"M173.073,349.604c-4.825,0-8.961-3.444-9.835-8.188c-10.587-57.508-20.312-92.657-41.352-113.697 S65.695,196.954,8.189,186.367C3.444,185.493,0,181.357,0,176.532s3.445-8.961,8.189-9.835 c57.506-10.586,92.657-20.311,113.697-41.352s30.765-56.191,41.352-113.697c0.874-4.745,5.01-8.189,9.835-8.189 s8.961,3.445,9.835,8.189c10.586,57.506,20.312,92.657,41.352,113.697c21.041,21.04,56.191,30.765,113.697,41.352 c4.746,0.874,8.189,5.01,8.189,9.835s-3.445,8.961-8.189,9.835c-57.506,10.586-92.656,20.312-113.697,41.352 c-21.04,21.04-30.765,56.191-41.352,113.697C182.034,346.16,177.897,349.604,173.073,349.604z M58.669,176.532 c35.099,8.738,59.633,19.319,77.359,37.044s28.307,42.26,37.044,77.359c8.738-35.099,19.319-59.633,37.044-77.359 s42.261-28.307,77.358-37.044c-35.098-8.738-59.632-19.319-77.358-37.044s-28.307-42.26-37.044-77.359 c-8.738,35.099-19.319,59.633-37.044,77.359S93.768,167.794,58.669,176.532z\"><\/path> <\/g> <\/g> <\/g> <g> <g> <g> <path d=\"M350.064,460.312c-4.826,0-8.961-3.444-9.836-8.188c-6.6-35.85-12.584-57.686-25.291-70.393 c-12.709-12.708-34.543-18.692-70.393-25.292c-4.744-0.873-8.188-5.01-8.188-9.834c0-4.826,3.444-8.962,8.188-9.836 c35.85-6.599,57.686-12.584,70.393-25.292s18.691-34.543,25.291-70.392c0.875-4.745,5.012-8.189,9.836-8.189 s8.961,3.445,9.834,8.189c6.602,35.849,12.586,57.686,25.293,70.392c12.707,12.708,34.543,18.693,70.393,25.292 c4.744,0.874,8.188,5.01,8.188,9.836c0,4.824-3.443,8.961-8.188,9.834c-35.85,6.6-57.686,12.584-70.393,25.292 c-12.707,12.707-18.691,34.543-25.293,70.393C359.025,456.868,354.889,460.312,350.064,460.312z M290.773,346.604 c33.689,10.467,48.824,25.602,59.291,59.292c10.465-33.69,25.602-48.825,59.291-59.292 c-33.689-10.466-48.824-25.601-59.291-59.292C339.598,321.003,324.463,336.138,290.773,346.604z\"><\/path> <\/g> <\/g> <\/g> <\/g> <\/g> <\/g> <\/g><\/svg>\t\t\t<\/span>\n\t\t\t\t\t\t\t\t\t<span class=\"elementor-button-text\">Sobre N\u00f3s!<\/span>\n\t\t\t\t\t<\/span>\n\t\t\t\t\t<\/a>\n\t\t\t\t<\/div>\n\t\t\t\t\t\t<\/div>\n\t\t\t\t<\/div>\n\t\t\t\t\t<\/div>\n\t\t<\/div>\n\t\t\t\t\t<\/div>\n\t\t<\/section>\n\t\t\t\t<\/div>\n\t\t","protected":false},"excerpt":{"rendered":"<p>PROGRAMA DE P\u00d3S-GRADUA\u00c7\u00c3O EM SUSTENTABILIDADE Produ\u00e7\u00e3o cient\u00edfica, inova\u00e7\u00e3o tecnol\u00f3gica e forma\u00e7\u00e3o de recursos humanos nos n\u00edveis de mestrado e de doutorado, sob o foco interdisciplinar, tendo como tema a sustentabilidade. Descritivo do Programa O Programa de P\u00f3s-Gradua\u00e7\u00e3o em Sustentabilidade prop\u00f5e-se a formar profissionais capazes de inserir as a\u00e7\u00f5es necess\u00e1rias \u00e0 implementa\u00e7\u00e3o de princ\u00edpios de sustentabilidade [&hellip;]<\/p>\n","protected":false},"author":23936,"featured_media":0,"parent":0,"menu_order":0,"comment_status":"closed","ping_status":"closed","template":"elementor_header_footer","meta":{"footnotes":"","_links_to":"","_links_to_target":""},"class_list":["post-3946","page","type-page","status-publish","hentry"],"_links":{"self":[{"href":"https:\/\/sites.usp.br\/ppgsus\/wp-json\/wp\/v2\/pages\/3946","targetHints":{"allow":["GET"]}}],"collection":[{"href":"https:\/\/sites.usp.br\/ppgsus\/wp-json\/wp\/v2\/pages"}],"about":[{"href":"https:\/\/sites.usp.br\/ppgsus\/wp-json\/wp\/v2\/types\/page"}],"author":[{"embeddable":true,"href":"https:\/\/sites.usp.br\/ppgsus\/wp-json\/wp\/v2\/users\/23936"}],"replies":[{"embeddable":true,"href":"https:\/\/sites.usp.br\/ppgsus\/wp-json\/wp\/v2\/comments?post=3946"}],"version-history":[{"count":4,"href":"https:\/\/sites.usp.br\/ppgsus\/wp-json\/wp\/v2\/pages\/3946\/revisions"}],"predecessor-version":[{"id":4040,"href":"https:\/\/sites.usp.br\/ppgsus\/wp-json\/wp\/v2\/pages\/3946\/revisions\/4040"}],"wp:attachment":[{"href":"https:\/\/sites.usp.br\/ppgsus\/wp-json\/wp\/v2\/media?parent=3946"}],"curies":[{"name":"wp","href":"https:\/\/api.w.org\/{rel}","templated":true}]}}