{"id":5,"date":"2022-04-04T21:52:34","date_gmt":"2022-04-04T21:52:34","guid":{"rendered":"http:\/\/200.144.255.196:9380\/?page_id=5"},"modified":"2025-03-08T02:07:53","modified_gmt":"2025-03-08T04:07:53","slug":"sobre-o-programa","status":"publish","type":"page","link":"https:\/\/sites.usp.br\/ppgsus\/sobre-o-programa\/","title":{"rendered":"Sobre"},"content":{"rendered":"\t\t<div data-elementor-type=\"wp-page\" data-elementor-id=\"5\" class=\"elementor elementor-5\" data-elementor-post-type=\"page\">\n\t\t\t\t\t\t<section class=\"elementor-section elementor-top-section elementor-element elementor-element-d17705d elementor-section-boxed elementor-section-height-default elementor-section-height-default\" data-id=\"d17705d\" data-element_type=\"section\">\n\t\t\t\t\t\t<div class=\"elementor-container elementor-column-gap-default\">\n\t\t\t\t\t<div class=\"elementor-column elementor-col-100 elementor-top-column elementor-element elementor-element-58d7060e\" data-id=\"58d7060e\" data-element_type=\"column\">\n\t\t\t<div class=\"elementor-widget-wrap elementor-element-populated\">\n\t\t\t\t\t\t<div class=\"elementor-element elementor-element-917b97b elementor-invisible elementor-widget elementor-widget-heading\" data-id=\"917b97b\" data-element_type=\"widget\" data-settings=\"{&quot;_animation&quot;:&quot;fadeIn&quot;}\" data-widget_type=\"heading.default\">\n\t\t\t\t<div class=\"elementor-widget-container\">\n\t\t\t<h2 class=\"elementor-heading-title elementor-size-default\">Apresenta\u00e7\u00e3o<\/h2>\t\t<\/div>\n\t\t\t\t<\/div>\n\t\t\t\t\t<\/div>\n\t\t<\/div>\n\t\t\t\t\t<\/div>\n\t\t<\/section>\n\t\t\t\t<section class=\"elementor-section elementor-top-section elementor-element elementor-element-1d0d102 elementor-section-boxed elementor-section-height-default elementor-section-height-default\" data-id=\"1d0d102\" data-element_type=\"section\">\n\t\t\t\t\t\t<div class=\"elementor-container elementor-column-gap-default\">\n\t\t\t\t\t<div class=\"elementor-column elementor-col-100 elementor-top-column elementor-element elementor-element-d6b0e21\" data-id=\"d6b0e21\" data-element_type=\"column\">\n\t\t\t<div class=\"elementor-widget-wrap elementor-element-populated\">\n\t\t\t\t\t\t<div class=\"elementor-element elementor-element-a0d5ce4 elementor-widget elementor-widget-text-editor\" data-id=\"a0d5ce4\" data-element_type=\"widget\" data-widget_type=\"text-editor.default\">\n\t\t\t\t<div class=\"elementor-widget-container\">\n\t\t\t\t\t\t\t<p style=\"text-align: justify;\">O Programa de P\u00f3s-Gradua\u00e7\u00e3o em Sustentabilidade prop\u00f5e-se a formar profissionais capazes de inserir as a\u00e7\u00f5es necess\u00e1rias \u00e0 implementa\u00e7\u00e3o de princ\u00edpios de sustentabilidade nas atividades que se referem ao uso de recursos naturais pelas sociedades atuais.<\/p><p style=\"text-align: justify;\">Independente da forma\u00e7\u00e3o b\u00e1sica trazida pelo aluno de gradua\u00e7\u00e3o que ingressar\u00e1 no Programa, pretende-se capacit\u00e1-lo \u00e0 inser\u00e7\u00e3o da sustentabilidade nas atividades que desenvolver\u00e1. Essa inser\u00e7\u00e3o ter\u00e1 duas abordagens principais, a conceitual e te\u00f3rica, que tratar\u00e1 de uma nova forma de pensar a utiliza\u00e7\u00e3o de recursos a partir da qual todos os problemas devem buscar solu\u00e7\u00f5es que passem por a\u00e7\u00f5es sustent\u00e1veis, e a outra \u00e9 instrumental, que buscar\u00e1 formar o aluno nas \u00e1reas de conhecimento relacionadas \u00e0s pr\u00e1ticas baseadas em sustentabilidade e capacit\u00e1-lo a conhecer, desenvolver e aplicar t\u00e9cnicas consolidadas ou novas na extra\u00e7\u00e3o, transforma\u00e7\u00e3o e no uso de recursos.<\/p><p style=\"text-align: justify;\">O Programa de P\u00f3s-gradua\u00e7\u00e3o em Sustentabilidade prev\u00ea a forma\u00e7\u00e3o de pesquisadores, mestres e doutores, com perfil interdisciplinar, para os sistemas acad\u00eamico e cient\u00edfico e para atuar em organiza\u00e7\u00f5es p\u00fablicas e privadas, para produzir e\/ou aplicar o conhecimento sobre fen\u00f4menos e processos e suas interrela\u00e7\u00f5es em busca da sustentabilidade do ambiente urbano, rural e dos ecossistemas naturais.<\/p><p style=\"text-align: justify;\">A proposta do Programa de P\u00f3s-Gradua\u00e7\u00e3o em Sustentabilidade \u00e9 apoiada em duas Linhas de Pesquisa:<\/p><ul style=\"text-align: justify;\"><li>Ci\u00eancia e Tecnologia Ambienta<\/li><li>Gest\u00e3o Ambiental<\/li><\/ul><p style=\"text-align: justify;\">Estas linhas atendem \u00e0s caracter\u00edsticas de projetos consolidados e dos estudos que t\u00eam sido realizados pelos docentes em seus grupos de pesquisa desde o in\u00edcio do funcionamento dos cursos da Escola de Artes, Ci\u00eancias e Humanidades (EACH)-USP<\/p>\t\t\t\t\t\t<\/div>\n\t\t\t\t<\/div>\n\t\t\t\t\t<\/div>\n\t\t<\/div>\n\t\t\t\t\t<\/div>\n\t\t<\/section>\n\t\t\t\t<section class=\"elementor-section elementor-top-section elementor-element elementor-element-2f20494 elementor-section-boxed elementor-section-height-default elementor-section-height-default\" data-id=\"2f20494\" data-element_type=\"section\">\n\t\t\t\t\t\t<div class=\"elementor-container elementor-column-gap-default\">\n\t\t\t\t\t<div class=\"elementor-column elementor-col-100 elementor-top-column elementor-element elementor-element-af176bd\" data-id=\"af176bd\" data-element_type=\"column\">\n\t\t\t<div class=\"elementor-widget-wrap elementor-element-populated\">\n\t\t\t\t\t\t<div class=\"elementor-element elementor-element-4de43c4 elementor-widget elementor-widget-heading\" data-id=\"4de43c4\" data-element_type=\"widget\" data-widget_type=\"heading.default\">\n\t\t\t\t<div class=\"elementor-widget-container\">\n\t\t\t<h2 class=\"elementor-heading-title elementor-size-default\">Coordena\u00e7\u00e3o<\/h2>\t\t<\/div>\n\t\t\t\t<\/div>\n\t\t\t\t<div class=\"elementor-element elementor-element-5461eb2 elementor-widget elementor-widget-text-editor\" data-id=\"5461eb2\" data-element_type=\"widget\" data-widget_type=\"text-editor.default\">\n\t\t\t\t<div class=\"elementor-widget-container\">\n\t\t\t\t\t\t\t<p><strong>Coordenadora:<\/strong> Prof.\u00aa Dr.\u00aa Tania Pereira Christopoulos<\/p>\n<p><strong>Suplente<\/strong>: Prof.\u00aa Dr.\u00aa Fl\u00e1via Noronha Dutra Ribeiro<\/p>\t\t\t\t\t\t<\/div>\n\t\t\t\t<\/div>\n\t\t\t\t<div class=\"elementor-element elementor-element-b3baa0f elementor-widget elementor-widget-heading\" data-id=\"b3baa0f\" data-element_type=\"widget\" data-widget_type=\"heading.default\">\n\t\t\t\t<div class=\"elementor-widget-container\">\n\t\t\t<h2 class=\"elementor-heading-title elementor-size-default\">Nota CAPES<\/h2>\t\t<\/div>\n\t\t\t\t<\/div>\n\t\t\t\t<div class=\"elementor-element elementor-element-3052483 elementor-widget elementor-widget-text-editor\" data-id=\"3052483\" data-element_type=\"widget\" data-widget_type=\"text-editor.default\">\n\t\t\t\t<div class=\"elementor-widget-container\">\n\t\t\t\t\t\t\t<p>O Programa de P\u00f3s-Gradua\u00e7\u00e3o em Sustentabilidade possui <strong>nota 5 <\/strong>pela avalia\u00e7\u00e3o da Coordena\u00e7\u00e3o de Aperfei\u00e7oamento de Pessoal de N\u00edvel Superior (CAPES).<\/p>\t\t\t\t\t\t<\/div>\n\t\t\t\t<\/div>\n\t\t\t\t<div class=\"elementor-element elementor-element-16276bc elementor-widget elementor-widget-heading\" data-id=\"16276bc\" data-element_type=\"widget\" data-widget_type=\"heading.default\">\n\t\t\t\t<div class=\"elementor-widget-container\">\n\t\t\t<h2 class=\"elementor-heading-title elementor-size-default\">Hist\u00f3rico<\/h2>\t\t<\/div>\n\t\t\t\t<\/div>\n\t\t\t\t<div class=\"elementor-element elementor-element-72c110c elementor-widget elementor-widget-text-editor\" data-id=\"72c110c\" data-element_type=\"widget\" data-widget_type=\"text-editor.default\">\n\t\t\t\t<div class=\"elementor-widget-container\">\n\t\t\t\t\t\t\t<p style=\"text-align: justify;\">A Reitoria da Universidade de S\u00e3o Paulo, em 2004, apresentou o projeto da nova unidade ao Governo do Estado de S\u00e3o Paulo que foi inclu\u00eddo no plano de expans\u00e3o de vagas nas universidades p\u00fablicas do Conselho de Reitores das Universidades Estaduais Paulistas. O projeto trazia sugest\u00e3o de implanta\u00e7\u00e3o da nova unidade em \u00e1rea do Parque Ecol\u00f3gico do Tiet\u00ea, no bairro de Ermelino Matarazzo.<\/p><p style=\"text-align: justify;\">Os cursos de p\u00f3s-gradua\u00e7\u00e3o da EACH-USP contemplam campos do conhecimento emergentes e carreiras consideradas promissoras no s\u00e9culo XXI, pautados pela interdisciplinaridade e atendendo exig\u00eancias socioecon\u00f4micas do pa\u00eds, em geral, e do mercado de trabalho, em particular.<\/p><p style=\"text-align: justify;\">No Programa de P\u00f3s-gradua\u00e7\u00e3o em Sustentabilidade est\u00e3o envolvidos docentes dos cursos de Gest\u00e3o Ambiental, de Licenciatura em Ci\u00eancias da Natureza e de Marketing. A interdisciplinaridade nos objetos de an\u00e1lise e campos de atua\u00e7\u00e3o transparece no grupo de docentes credenciados. Participam tamb\u00e9m do corpo de orientadores do Programa docentes vinculados a outras unidades da USP.<\/p><p style=\"text-align: justify;\">Al\u00e9m de buscar o n\u00edvel de excel\u00eancia em ensino e pesquisa da USP, a EACH tem como princ\u00edpio norteador a integra\u00e7\u00e3o entre universidade e comunidade, por meio de programas de extens\u00e3o e incentivo a pesquisas sobre problemas locais. Outro aspecto inovador dentro da USP \u00e9 que a unidade n\u00e3o possui departamentos desde sua cria\u00e7\u00e3o, o que resultou em inova\u00e7\u00e3o no que se refere ao est\u00edmulo \u00e0 conviv\u00eancia de docentes com forma\u00e7\u00f5es distintas e de discentes com interesses variados. Como consequ\u00eancia ocorreram iniciativas em prol da forma\u00e7\u00e3o de grupos de pesquisa que congregam pesquisadores de diversas \u00e1reas do conhecimento, para o desenvolvimento de linhas de pesquisa inovadoras no campo da sustentabilidade.<\/p><p style=\"text-align: justify;\">A Escola de Artes, Ci\u00eancias e Humanidades (EACH-USP) constitui, a partir de 2005, a mais nova unidade acad\u00eamica da Universidade de S\u00e3o Paulo. Apresenta como miss\u00e3o a inova\u00e7\u00e3o e a excel\u00eancia acad\u00eamica em ensino, pesquisa e extens\u00e3o, mantendo simultaneamente a tradi\u00e7\u00e3o da USP.<\/p>\t\t\t\t\t\t<\/div>\n\t\t\t\t<\/div>\n\t\t\t\t\t<\/div>\n\t\t<\/div>\n\t\t\t\t\t<\/div>\n\t\t<\/section>\n\t\t\t\t<section class=\"elementor-section elementor-top-section elementor-element elementor-element-b746246 elementor-section-boxed elementor-section-height-default elementor-section-height-default\" data-id=\"b746246\" data-element_type=\"section\" data-settings=\"{&quot;background_background&quot;:&quot;classic&quot;}\">\n\t\t\t\t\t\t<div class=\"elementor-container elementor-column-gap-default\">\n\t\t\t\t\t<div class=\"elementor-column elementor-col-50 elementor-top-column elementor-element elementor-element-a5d1d58\" data-id=\"a5d1d58\" data-element_type=\"column\">\n\t\t\t<div class=\"elementor-widget-wrap elementor-element-populated\">\n\t\t\t\t\t\t<div class=\"elementor-element elementor-element-ac13f47 elementor-widget elementor-widget-heading\" data-id=\"ac13f47\" data-element_type=\"widget\" data-widget_type=\"heading.default\">\n\t\t\t\t<div class=\"elementor-widget-container\">\n\t\t\t<h2 class=\"elementor-heading-title elementor-size-default\">\nEACH-USP\n<\/h2>\t\t<\/div>\n\t\t\t\t<\/div>\n\t\t\t\t<div class=\"elementor-element elementor-element-6893938 elementor-align-left elementor-invisible elementor-widget elementor-widget-button\" data-id=\"6893938\" data-element_type=\"widget\" data-settings=\"{&quot;_animation&quot;:&quot;fadeInUp&quot;}\" data-widget_type=\"button.default\">\n\t\t\t\t<div class=\"elementor-widget-container\">\n\t\t\t\t\t\t\t<div class=\"elementor-button-wrapper\">\n\t\t\t\t\t<a class=\"elementor-button elementor-button-link elementor-size-sm\" href=\"https:\/\/sites.usp.br\/ppgsus\/sobre-o-programa\/\">\n\t\t\t\t\t\t<span class=\"elementor-button-content-wrapper\">\n\t\t\t\t\t\t<span class=\"elementor-button-icon\">\n\t\t\t\t<svg xmlns=\"http:\/\/www.w3.org\/2000\/svg\" xmlns:xlink=\"http:\/\/www.w3.org\/1999\/xlink\" fill=\"#01A1C0\" id=\"Capa_1\" width=\"800px\" height=\"800px\" viewBox=\"0 0 463.771 463.771\" xml:space=\"preserve\"><g id=\"SVGRepo_bgCarrier\" stroke-width=\"0\"><\/g><g id=\"SVGRepo_tracerCarrier\" stroke-linecap=\"round\" stroke-linejoin=\"round\"><\/g><g id=\"SVGRepo_iconCarrier\"> <g> <g id=\"Layer_3_17_\"> <g> <g> <g> <g> <path d=\"M173.073,349.604c-4.825,0-8.961-3.444-9.835-8.188c-10.587-57.508-20.312-92.657-41.352-113.697 S65.695,196.954,8.189,186.367C3.444,185.493,0,181.357,0,176.532s3.445-8.961,8.189-9.835 c57.506-10.586,92.657-20.311,113.697-41.352s30.765-56.191,41.352-113.697c0.874-4.745,5.01-8.189,9.835-8.189 s8.961,3.445,9.835,8.189c10.586,57.506,20.312,92.657,41.352,113.697c21.041,21.04,56.191,30.765,113.697,41.352 c4.746,0.874,8.189,5.01,8.189,9.835s-3.445,8.961-8.189,9.835c-57.506,10.586-92.656,20.312-113.697,41.352 c-21.04,21.04-30.765,56.191-41.352,113.697C182.034,346.16,177.897,349.604,173.073,349.604z M58.669,176.532 c35.099,8.738,59.633,19.319,77.359,37.044s28.307,42.26,37.044,77.359c8.738-35.099,19.319-59.633,37.044-77.359 s42.261-28.307,77.358-37.044c-35.098-8.738-59.632-19.319-77.358-37.044s-28.307-42.26-37.044-77.359 c-8.738,35.099-19.319,59.633-37.044,77.359S93.768,167.794,58.669,176.532z\"><\/path> <\/g> <\/g> <\/g> <g> <g> <g> <path d=\"M350.064,460.312c-4.826,0-8.961-3.444-9.836-8.188c-6.6-35.85-12.584-57.686-25.291-70.393 c-12.709-12.708-34.543-18.692-70.393-25.292c-4.744-0.873-8.188-5.01-8.188-9.834c0-4.826,3.444-8.962,8.188-9.836 c35.85-6.599,57.686-12.584,70.393-25.292s18.691-34.543,25.291-70.392c0.875-4.745,5.012-8.189,9.836-8.189 s8.961,3.445,9.834,8.189c6.602,35.849,12.586,57.686,25.293,70.392c12.707,12.708,34.543,18.693,70.393,25.292 c4.744,0.874,8.188,5.01,8.188,9.836c0,4.824-3.443,8.961-8.188,9.834c-35.85,6.6-57.686,12.584-70.393,25.292 c-12.707,12.707-18.691,34.543-25.293,70.393C359.025,456.868,354.889,460.312,350.064,460.312z M290.773,346.604 c33.689,10.467,48.824,25.602,59.291,59.292c10.465-33.69,25.602-48.825,59.291-59.292 c-33.689-10.466-48.824-25.601-59.291-59.292C339.598,321.003,324.463,336.138,290.773,346.604z\"><\/path> <\/g> <\/g> <\/g> <\/g> <\/g> <\/g> <\/g><\/svg>\t\t\t<\/span>\n\t\t\t\t\t\t\t\t\t<span class=\"elementor-button-text\">Escola de Artes, Ci\u00eancias e Humanidades<\/span>\n\t\t\t\t\t<\/span>\n\t\t\t\t\t<\/a>\n\t\t\t\t<\/div>\n\t\t\t\t\t\t<\/div>\n\t\t\t\t<\/div>\n\t\t\t\t<div class=\"elementor-element elementor-element-635b547 elementor-widget elementor-widget-text-editor\" data-id=\"635b547\" data-element_type=\"widget\" data-widget_type=\"text-editor.default\">\n\t\t\t\t<div class=\"elementor-widget-container\">\n\t\t\t\t\t\t\t<p>A <strong>Universidade de S\u00e3o Paulo (USP)<\/strong> \u00e9 uma universidade p\u00fablica, mantida pelo Estado de S\u00e3o Paulo e ligada \u00e0 Secretaria de Desenvolvimento Econ\u00f4mico, Ci\u00eancia, Tecnologia e Inova\u00e7\u00e3o (SDECTI). O talento e dedica\u00e7\u00e3o dos docentes, alunos e funcion\u00e1rios t\u00eam sido reconhecidos por diferentes rankings mundiais, criados para medir a qualidade das universidades a partir de diversos crit\u00e9rios, principalmente os relacionados \u00e0 produtividade cient\u00edfica.<\/p>\n<p>Fundada em 2005, a <strong>Escola de Artes, Ci\u00eancias e Humanidades (EACH)<\/strong> oferece onze cursos de gradua\u00e7\u00e3o, al\u00e9m dos onze programas de p\u00f3s-gradua\u00e7\u00e3o, os quais contemplam diversas \u00e1reas do conhecimento. Os programas de p\u00f3s-gradua\u00e7\u00e3o da EACH t\u00eam o objetivo de fomentar a produ\u00e7\u00e3o cient\u00edfica e a inova\u00e7\u00e3o social e tecnol\u00f3gica para atender \u00e0s demandas oriundas do desenvolvimento ascendente da sociedade.<\/p>\n<p>A <strong>EACH<\/strong> tem como princ\u00edpio norteador promover uma forte intera\u00e7\u00e3o com as comunidades da zona leste. Ao lado das atividades culturais e esportivas, prop\u00f5e desenvolver diversos programas de extens\u00e3o, como cursos de aperfei\u00e7oamento e projetos de pesquisa voltados para a solu\u00e7\u00e3o de problemas locais, al\u00e9m de proporcionar maior acesso \u00e0s facilidades laboratoriais em diversas \u00e1reas, como ci\u00eancias, artes, inform\u00e1tica, sensoriamento remoto e ensino de l\u00ednguas.<\/p>\n<p>Para mais informa\u00e7\u00f5es sobre a <strong>EACH\/USP<\/strong>, acesse <a href=\"http:\/\/www5.each.usp.br\/\">aqui!<\/a><\/p>\t\t\t\t\t\t<\/div>\n\t\t\t\t<\/div>\n\t\t\t\t\t<\/div>\n\t\t<\/div>\n\t\t\t\t<div class=\"elementor-column elementor-col-50 elementor-top-column elementor-element elementor-element-61517c2\" data-id=\"61517c2\" data-element_type=\"column\">\n\t\t\t<div class=\"elementor-widget-wrap elementor-element-populated\">\n\t\t\t\t\t\t<div class=\"elementor-element elementor-element-47d83fa elementor-widget elementor-widget-image\" data-id=\"47d83fa\" data-element_type=\"widget\" data-widget_type=\"image.default\">\n\t\t\t\t<div class=\"elementor-widget-container\">\n\t\t\t\t\t\t\t\t\t\t\t\t\t<img fetchpriority=\"high\" decoding=\"async\" width=\"768\" height=\"1024\" src=\"https:\/\/sites.usp.br\/ppgsus\/wp-content\/uploads\/sites\/1526\/2025\/02\/Imagem-do-WhatsApp-de-2025-02-07-as-22.06.18_de720590-768x1024.jpg\" class=\"attachment-large size-large wp-image-4069\" alt=\"Foto: Nat\u00e1lia Dourado\" srcset=\"https:\/\/sites.usp.br\/ppgsus\/wp-content\/uploads\/sites\/1526\/2025\/02\/Imagem-do-WhatsApp-de-2025-02-07-as-22.06.18_de720590-768x1024.jpg 768w, https:\/\/sites.usp.br\/ppgsus\/wp-content\/uploads\/sites\/1526\/2025\/02\/Imagem-do-WhatsApp-de-2025-02-07-as-22.06.18_de720590-225x300.jpg 225w, https:\/\/sites.usp.br\/ppgsus\/wp-content\/uploads\/sites\/1526\/2025\/02\/Imagem-do-WhatsApp-de-2025-02-07-as-22.06.18_de720590-1152x1536.jpg 1152w, https:\/\/sites.usp.br\/ppgsus\/wp-content\/uploads\/sites\/1526\/2025\/02\/Imagem-do-WhatsApp-de-2025-02-07-as-22.06.18_de720590-1536x2048.jpg 1536w, https:\/\/sites.usp.br\/ppgsus\/wp-content\/uploads\/sites\/1526\/2025\/02\/Imagem-do-WhatsApp-de-2025-02-07-as-22.06.18_de720590-400x533.jpg 400w, https:\/\/sites.usp.br\/ppgsus\/wp-content\/uploads\/sites\/1526\/2025\/02\/Imagem-do-WhatsApp-de-2025-02-07-as-22.06.18_de720590-scaled.jpg 1920w\" sizes=\"(max-width: 768px) 100vw, 768px\" \/>\t\t\t\t\t\t\t\t\t\t\t\t\t<\/div>\n\t\t\t\t<\/div>\n\t\t\t\t\t<\/div>\n\t\t<\/div>\n\t\t\t\t\t<\/div>\n\t\t<\/section>\n\t\t\t\t<\/div>\n\t\t","protected":false},"excerpt":{"rendered":"<p>Apresenta\u00e7\u00e3o O Programa de P\u00f3s-Gradua\u00e7\u00e3o em Sustentabilidade prop\u00f5e-se a formar profissionais capazes de inserir as a\u00e7\u00f5es necess\u00e1rias \u00e0 implementa\u00e7\u00e3o de princ\u00edpios de sustentabilidade nas atividades que se referem ao uso de recursos naturais pelas sociedades atuais. Independente da forma\u00e7\u00e3o b\u00e1sica trazida pelo aluno de gradua\u00e7\u00e3o que ingressar\u00e1 no Programa, pretende-se capacit\u00e1-lo \u00e0 inser\u00e7\u00e3o da sustentabilidade [&hellip;]<\/p>\n","protected":false},"author":22309,"featured_media":0,"parent":0,"menu_order":0,"comment_status":"closed","ping_status":"closed","template":"elementor_header_footer","meta":{"footnotes":"","_links_to":"","_links_to_target":""},"class_list":["post-5","page","type-page","status-publish","hentry"],"_links":{"self":[{"href":"https:\/\/sites.usp.br\/ppgsus\/wp-json\/wp\/v2\/pages\/5","targetHints":{"allow":["GET"]}}],"collection":[{"href":"https:\/\/sites.usp.br\/ppgsus\/wp-json\/wp\/v2\/pages"}],"about":[{"href":"https:\/\/sites.usp.br\/ppgsus\/wp-json\/wp\/v2\/types\/page"}],"author":[{"embeddable":true,"href":"https:\/\/sites.usp.br\/ppgsus\/wp-json\/wp\/v2\/users\/22309"}],"replies":[{"embeddable":true,"href":"https:\/\/sites.usp.br\/ppgsus\/wp-json\/wp\/v2\/comments?post=5"}],"version-history":[{"count":4,"href":"https:\/\/sites.usp.br\/ppgsus\/wp-json\/wp\/v2\/pages\/5\/revisions"}],"predecessor-version":[{"id":4149,"href":"https:\/\/sites.usp.br\/ppgsus\/wp-json\/wp\/v2\/pages\/5\/revisions\/4149"}],"wp:attachment":[{"href":"https:\/\/sites.usp.br\/ppgsus\/wp-json\/wp\/v2\/media?parent=5"}],"curies":[{"name":"wp","href":"https:\/\/api.w.org\/{rel}","templated":true}]}}