{"id":2275,"date":"2021-11-19T14:08:29","date_gmt":"2021-11-19T17:08:29","guid":{"rendered":"https:\/\/sites.usp.br\/praticaempesquisa\/?page_id=2275"},"modified":"2022-09-14T18:34:40","modified_gmt":"2022-09-14T21:34:40","slug":"guidelines-para-pesquisa","status":"publish","type":"page","link":"https:\/\/sites.usp.br\/praticaempesquisa\/guidelines-para-pesquisa\/","title":{"rendered":"Guidelines para Pesquisa"},"content":{"rendered":"\t\t<div data-elementor-type=\"wp-page\" data-elementor-id=\"2275\" class=\"elementor elementor-2275\" data-elementor-post-type=\"page\">\n\t\t\t\t\t\t<section class=\"elementor-section elementor-top-section elementor-element elementor-element-68ce563b elementor-section-full_width elementor-section-stretched elementor-section-height-default elementor-section-height-default\" data-id=\"68ce563b\" data-element_type=\"section\" data-settings=\"{&quot;stretch_section&quot;:&quot;section-stretched&quot;,&quot;background_background&quot;:&quot;classic&quot;}\">\n\t\t\t\t\t\t<div class=\"elementor-container elementor-column-gap-no\">\n\t\t\t\t\t<div class=\"elementor-column elementor-col-100 elementor-top-column elementor-element elementor-element-2edacb60\" data-id=\"2edacb60\" data-element_type=\"column\" data-settings=\"{&quot;background_background&quot;:&quot;classic&quot;}\">\n\t\t\t<div class=\"elementor-widget-wrap elementor-element-populated\">\n\t\t\t\t\t\t<div class=\"elementor-element elementor-element-25e5d740 elementor-widget elementor-widget-text-editor\" data-id=\"25e5d740\" data-element_type=\"widget\" data-widget_type=\"text-editor.default\">\n\t\t\t\t<div class=\"elementor-widget-container\">\n\t\t\t\t\t\t\t<p dir=\"ltr\" style=\"text-align: justify;\"><a href=\"https:\/\/www.equator-network.org\/library\/resources-in-portuguese-recursos-em-portugues\/\" target=\"_blank\" rel=\"noopener\"><img decoding=\"async\" src=\"https:\/\/sites.usp.br\/praticaempesquisa\/wp-content\/uploads\/sites\/1049\/2021\/12\/imagem_2021-12-03_123957-300x107.png\" alt=\"\" width=\"300\" height=\"107\" \/><\/a>O site <a href=\"https:\/\/www.equator-network.org\/library\/resources-in-portuguese-recursos-em-portugues\/\" target=\"_blank\" rel=\"noopener\">EQUATOR<\/a> cont\u00e9m GUIDELINES para os principais tipos de estudo.<\/p><p dir=\"ltr\" style=\"text-align: justify;\">Ao clicar no Guideline de interesse, o site mostra:<\/p><ul><li dir=\"ltr\" style=\"text-align: justify;\">O Guideline e suas v\u00e1rias extens\u00f5es<\/li><li dir=\"ltr\" style=\"text-align: justify;\">As diferentes l\u00ednguas nas quais o Guideline est\u00e1 dispon\u00edvel<\/li><\/ul><p dir=\"ltr\" style=\"text-align: justify;\">Esta p\u00e1gina disponibiliza:<\/p><ul><li dir=\"ltr\" style=\"text-align: justify;\" data-select-like-a-boss=\"1\">Link para o site EQUATOR e alguns Guidelines que n\u00e3o est\u00e3o dispon\u00edveis em sua p\u00e1gina inicial.<\/li><li dir=\"ltr\" style=\"text-align: justify;\">Artigos em portugu\u00eas que ajudam a compreender alguns Guidelines e n\u00e3o est\u00e3o no site EQUATOR.<\/li><li dir=\"ltr\" style=\"text-align: justify;\">Checklists de Guidelines n\u00e3o dispon\u00edveis no site Equator no formato word para ser preenchido na submiss\u00e3o do artigo.<\/li><\/ul><hr \/><p><span style=\"font-size: 14pt;\"><strong>Links:<\/strong><\/span><\/p><ul><li><a href=\"https:\/\/youtu.be\/pTpqJJW9ELo\" target=\"_blank\" rel=\"noopener\">Confira as Atualiza\u00e7\u00f5es COSMIN<\/a><\/li><li><a href=\"https:\/\/sites.usp.br\/praticaempesquisa\/wp-content\/uploads\/sites\/1049\/2021\/11\/Martins-Recomendacoes-do-Enunciado-CONSORT-para-o-Relato-de.pdf\" target=\"_blank\" rel=\"noopener\">Recomenda\u00e7\u00f5es do enunciado CONSORT em portugu\u00eas<\/a><\/li><li><a href=\"https:\/\/sites.usp.br\/praticaempesquisa\/wp-content\/uploads\/sites\/1049\/2022\/08\/Prisma.pdf\" target=\"_blank\" rel=\"noopener\">A recomenda\u00e7\u00e3o PRISMA em portugu\u00eas: revis\u00e3o sistem\u00e1tica<\/a><\/li><li><a href=\"https:\/\/sites.usp.br\/praticaempesquisa\/wp-content\/uploads\/sites\/1049\/2021\/11\/GRRAS-checklist.doc\" target=\"_blank\" rel=\"noopener\">Checklist do Guidelines for reporting reliability and agreement studies (GRRAS)<\/a><\/li><li><a href=\"https:\/\/sites.usp.br\/praticaempesquisa\/wp-content\/uploads\/sites\/1049\/2021\/11\/CHEERS_Checklist.doc\" target=\"_blank\" rel=\"noopener\">Checklist do Consolidated Health Economic Evaluation Reporting Standards (CHEERS) Statement<\/a><\/li><li><a href=\"https:\/\/www.equator-network.org\/reporting-guidelines\/guidelines-for-reporting-reliability-and-agreement-studies-grras-were-proposed\/\" target=\"_blank\" rel=\"noopener\">Guideline para estudos de Confiabilidade e Concord\u00e2ncia<\/a><\/li><\/ul>\t\t\t\t\t\t<\/div>\n\t\t\t\t<\/div>\n\t\t\t\t\t<\/div>\n\t\t<\/div>\n\t\t\t\t\t<\/div>\n\t\t<\/section>\n\t\t\t\t<\/div>\n\t\t","protected":false},"excerpt":{"rendered":"<p>O site EQUATOR cont\u00e9m GUIDELINES para os principais tipos de estudo. Ao clicar no Guideline de interesse, o site mostra: O Guideline e suas v\u00e1rias extens\u00f5es As diferentes l\u00ednguas nas quais o Guideline est\u00e1 dispon\u00edvel Esta p\u00e1gina disponibiliza: Link para o site EQUATOR e alguns Guidelines que n\u00e3o est\u00e3o dispon\u00edveis em sua p\u00e1gina inicial. Artigos [&hellip;]<\/p>\n","protected":false},"author":635,"featured_media":0,"parent":0,"menu_order":0,"comment_status":"closed","ping_status":"closed","template":"","meta":{"ocean_post_layout":"","ocean_both_sidebars_style":"","ocean_both_sidebars_content_width":0,"ocean_both_sidebars_sidebars_width":0,"ocean_sidebar":"0","ocean_second_sidebar":"0","ocean_disable_margins":"enable","ocean_add_body_class":"","ocean_shortcode_before_top_bar":"","ocean_shortcode_after_top_bar":"","ocean_shortcode_before_header":"","ocean_shortcode_after_header":"","ocean_has_shortcode":"","ocean_shortcode_after_title":"","ocean_shortcode_before_footer_widgets":"","ocean_shortcode_after_footer_widgets":"","ocean_shortcode_before_footer_bottom":"","ocean_shortcode_after_footer_bottom":"","ocean_display_top_bar":"default","ocean_display_header":"default","ocean_header_style":"","ocean_center_header_left_menu":"0","ocean_custom_header_template":"0","ocean_custom_logo":0,"ocean_custom_retina_logo":0,"ocean_custom_logo_max_width":0,"ocean_custom_logo_tablet_max_width":0,"ocean_custom_logo_mobile_max_width":0,"ocean_custom_logo_max_height":0,"ocean_custom_logo_tablet_max_height":0,"ocean_custom_logo_mobile_max_height":0,"ocean_header_custom_menu":"0","ocean_menu_typo_font_family":"0","ocean_menu_typo_font_subset":"","ocean_menu_typo_font_size":0,"ocean_menu_typo_font_size_tablet":0,"ocean_menu_typo_font_size_mobile":0,"ocean_menu_typo_font_size_unit":"px","ocean_menu_typo_font_weight":"","ocean_menu_typo_font_weight_tablet":"","ocean_menu_typo_font_weight_mobile":"","ocean_menu_typo_transform":"","ocean_menu_typo_transform_tablet":"","ocean_menu_typo_transform_mobile":"","ocean_menu_typo_line_height":0,"ocean_menu_typo_line_height_tablet":0,"ocean_menu_typo_line_height_mobile":0,"ocean_menu_typo_line_height_unit":"","ocean_menu_typo_spacing":0,"ocean_menu_typo_spacing_tablet":0,"ocean_menu_typo_spacing_mobile":0,"ocean_menu_typo_spacing_unit":"","ocean_menu_link_color":"","ocean_menu_link_color_hover":"","ocean_menu_link_color_active":"","ocean_menu_link_background":"","ocean_menu_link_hover_background":"","ocean_menu_link_active_background":"","ocean_menu_social_links_bg":"","ocean_menu_social_hover_links_bg":"","ocean_menu_social_links_color":"","ocean_menu_social_hover_links_color":"","ocean_disable_title":"default","ocean_disable_heading":"default","ocean_post_title":"","ocean_post_subheading":"","ocean_post_title_style":"","ocean_post_title_background_color":"","ocean_post_title_background":0,"ocean_post_title_bg_image_position":"","ocean_post_title_bg_image_attachment":"","ocean_post_title_bg_image_repeat":"","ocean_post_title_bg_image_size":"","ocean_post_title_height":0,"ocean_post_title_bg_overlay":0.5,"ocean_post_title_bg_overlay_color":"","ocean_disable_breadcrumbs":"default","ocean_breadcrumbs_color":"","ocean_breadcrumbs_separator_color":"","ocean_breadcrumbs_links_color":"","ocean_breadcrumbs_links_hover_color":"","ocean_display_footer_widgets":"default","ocean_display_footer_bottom":"default","ocean_custom_footer_template":"0","footnotes":"","_links_to":"","_links_to_target":""},"class_list":["post-2275","page","type-page","status-publish","hentry","entry"],"_links":{"self":[{"href":"https:\/\/sites.usp.br\/praticaempesquisa\/wp-json\/wp\/v2\/pages\/2275","targetHints":{"allow":["GET"]}}],"collection":[{"href":"https:\/\/sites.usp.br\/praticaempesquisa\/wp-json\/wp\/v2\/pages"}],"about":[{"href":"https:\/\/sites.usp.br\/praticaempesquisa\/wp-json\/wp\/v2\/types\/page"}],"author":[{"embeddable":true,"href":"https:\/\/sites.usp.br\/praticaempesquisa\/wp-json\/wp\/v2\/users\/635"}],"replies":[{"embeddable":true,"href":"https:\/\/sites.usp.br\/praticaempesquisa\/wp-json\/wp\/v2\/comments?post=2275"}],"version-history":[{"count":4,"href":"https:\/\/sites.usp.br\/praticaempesquisa\/wp-json\/wp\/v2\/pages\/2275\/revisions"}],"predecessor-version":[{"id":3078,"href":"https:\/\/sites.usp.br\/praticaempesquisa\/wp-json\/wp\/v2\/pages\/2275\/revisions\/3078"}],"wp:attachment":[{"href":"https:\/\/sites.usp.br\/praticaempesquisa\/wp-json\/wp\/v2\/media?parent=2275"}],"curies":[{"name":"wp","href":"https:\/\/api.w.org\/{rel}","templated":true}]}}