{"id":2332,"date":"2021-11-22T13:07:45","date_gmt":"2021-11-22T16:07:45","guid":{"rendered":"https:\/\/sites.usp.br\/praticaempesquisa\/?page_id=2332"},"modified":"2021-12-03T14:11:31","modified_gmt":"2021-12-03T17:11:31","slug":"fator-de-impacto","status":"publish","type":"page","link":"https:\/\/sites.usp.br\/praticaempesquisa\/fator-de-impacto\/","title":{"rendered":"Fator de Impacto"},"content":{"rendered":"\t\t<div data-elementor-type=\"wp-page\" data-elementor-id=\"2332\" class=\"elementor elementor-2332\" data-elementor-post-type=\"page\">\n\t\t\t\t\t\t<section class=\"elementor-section elementor-top-section elementor-element elementor-element-afcc02e elementor-section-full_width elementor-section-stretched elementor-section-height-default elementor-section-height-default\" data-id=\"afcc02e\" data-element_type=\"section\" data-settings=\"{&quot;stretch_section&quot;:&quot;section-stretched&quot;,&quot;background_background&quot;:&quot;classic&quot;}\">\n\t\t\t\t\t\t<div class=\"elementor-container elementor-column-gap-no\">\n\t\t\t\t\t<div class=\"elementor-column elementor-col-100 elementor-top-column elementor-element elementor-element-7079d860\" data-id=\"7079d860\" data-element_type=\"column\" data-settings=\"{&quot;background_background&quot;:&quot;classic&quot;}\">\n\t\t\t<div class=\"elementor-widget-wrap elementor-element-populated\">\n\t\t\t\t\t\t<section class=\"elementor-section elementor-inner-section elementor-element elementor-element-b894c20 elementor-section-boxed elementor-section-height-default elementor-section-height-default\" data-id=\"b894c20\" data-element_type=\"section\">\n\t\t\t\t\t\t<div class=\"elementor-container elementor-column-gap-default\">\n\t\t\t\t\t<div class=\"elementor-column elementor-col-50 elementor-inner-column elementor-element elementor-element-4618012\" data-id=\"4618012\" data-element_type=\"column\">\n\t\t\t<div class=\"elementor-widget-wrap elementor-element-populated\">\n\t\t\t\t\t\t<div class=\"elementor-element elementor-element-4af7e63 elementor-widget elementor-widget-image\" data-id=\"4af7e63\" data-element_type=\"widget\" data-widget_type=\"image.default\">\n\t\t\t\t<div class=\"elementor-widget-container\">\n\t\t\t\t\t\t\t\t\t\t\t\t\t<img fetchpriority=\"high\" decoding=\"async\" width=\"565\" height=\"317\" src=\"https:\/\/sites.usp.br\/praticaempesquisa\/wp-content\/uploads\/sites\/1049\/2021\/12\/imagem_2021-12-03_140903.png\" class=\"attachment-medium_large size-medium_large wp-image-2742\" alt=\"\" srcset=\"https:\/\/sites.usp.br\/praticaempesquisa\/wp-content\/uploads\/sites\/1049\/2021\/12\/imagem_2021-12-03_140903.png 565w, https:\/\/sites.usp.br\/praticaempesquisa\/wp-content\/uploads\/sites\/1049\/2021\/12\/imagem_2021-12-03_140903-300x168.png 300w, https:\/\/sites.usp.br\/praticaempesquisa\/wp-content\/uploads\/sites\/1049\/2021\/12\/imagem_2021-12-03_140903-310x174.png 310w, https:\/\/sites.usp.br\/praticaempesquisa\/wp-content\/uploads\/sites\/1049\/2021\/12\/imagem_2021-12-03_140903-400x224.png 400w\" sizes=\"(max-width: 565px) 100vw, 565px\" \/>\t\t\t\t\t\t\t\t\t\t\t\t\t<\/div>\n\t\t\t\t<\/div>\n\t\t\t\t\t<\/div>\n\t\t<\/div>\n\t\t\t\t<div class=\"elementor-column elementor-col-50 elementor-inner-column elementor-element elementor-element-1fb3a30\" data-id=\"1fb3a30\" data-element_type=\"column\">\n\t\t\t<div class=\"elementor-widget-wrap elementor-element-populated\">\n\t\t\t\t\t\t<div class=\"elementor-element elementor-element-65de0634 elementor-widget elementor-widget-text-editor\" data-id=\"65de0634\" data-element_type=\"widget\" data-widget_type=\"text-editor.default\">\n\t\t\t\t<div class=\"elementor-widget-container\">\n\t\t\t\t\t\t\t<h4 data-select-like-a-boss=\"1\">Fator de Impacto, Cita\u00e7\u00f5es no ISI, Scopus e GoogleScholar<\/h4><p style=\"text-align: justify;\">Informa\u00e7\u00f5es \u00fateis para atualiza\u00e7\u00e3o da s\u00famula FAPESP do Orientador no t\u00f3pico de artigos cient\u00edficos.<\/p><p style=\"text-align: justify;\">Informa\u00e7\u00f5es sobre como obter:<\/p><ul><li style=\"text-align: justify;\">Nome da revista abreviado<\/li><li style=\"text-align: justify;\">Fator de Impacto da revista<\/li><li style=\"text-align: justify;\">CIta\u00e7\u00f5es no Researcher ID (ISI)<\/li><li style=\"text-align: justify;\">Cita\u00e7\u00f5es no Scopus<\/li><li style=\"text-align: justify;\">Cita\u00e7\u00f5es no GoogleScholar<\/li><\/ul><p>\u00bb <a href=\"https:\/\/sites.usp.br\/praticaempesquisa\/wp-content\/uploads\/sites\/1049\/2021\/11\/Atualizacao-de-sumula.pdf\">Atualiza\u00e7\u00e3o de s\u00famula<\/a><\/p>\t\t\t\t\t\t<\/div>\n\t\t\t\t<\/div>\n\t\t\t\t\t<\/div>\n\t\t<\/div>\n\t\t\t\t\t<\/div>\n\t\t<\/section>\n\t\t\t\t\t<\/div>\n\t\t<\/div>\n\t\t\t\t\t<\/div>\n\t\t<\/section>\n\t\t\t\t<\/div>\n\t\t","protected":false},"excerpt":{"rendered":"<p>Fator de Impacto, Cita\u00e7\u00f5es no ISI, Scopus e GoogleScholar Informa\u00e7\u00f5es \u00fateis para atualiza\u00e7\u00e3o da s\u00famula FAPESP do Orientador no t\u00f3pico de artigos cient\u00edficos. Informa\u00e7\u00f5es sobre como obter: Nome da revista abreviado Fator de Impacto da revista CIta\u00e7\u00f5es no Researcher ID (ISI) Cita\u00e7\u00f5es no Scopus Cita\u00e7\u00f5es no GoogleScholar \u00bb Atualiza\u00e7\u00e3o de s\u00famula<\/p>\n","protected":false},"author":635,"featured_media":0,"parent":0,"menu_order":0,"comment_status":"closed","ping_status":"closed","template":"","meta":{"ocean_post_layout":"","ocean_both_sidebars_style":"","ocean_both_sidebars_content_width":0,"ocean_both_sidebars_sidebars_width":0,"ocean_sidebar":"0","ocean_second_sidebar":"0","ocean_disable_margins":"enable","ocean_add_body_class":"","ocean_shortcode_before_top_bar":"","ocean_shortcode_after_top_bar":"","ocean_shortcode_before_header":"","ocean_shortcode_after_header":"","ocean_has_shortcode":"","ocean_shortcode_after_title":"","ocean_shortcode_before_footer_widgets":"","ocean_shortcode_after_footer_widgets":"","ocean_shortcode_before_footer_bottom":"","ocean_shortcode_after_footer_bottom":"","ocean_display_top_bar":"default","ocean_display_header":"default","ocean_header_style":"","ocean_center_header_left_menu":"0","ocean_custom_header_template":"0","ocean_custom_logo":0,"ocean_custom_retina_logo":0,"ocean_custom_logo_max_width":0,"ocean_custom_logo_tablet_max_width":0,"ocean_custom_logo_mobile_max_width":0,"ocean_custom_logo_max_height":0,"ocean_custom_logo_tablet_max_height":0,"ocean_custom_logo_mobile_max_height":0,"ocean_header_custom_menu":"0","ocean_menu_typo_font_family":"0","ocean_menu_typo_font_subset":"","ocean_menu_typo_font_size":0,"ocean_menu_typo_font_size_tablet":0,"ocean_menu_typo_font_size_mobile":0,"ocean_menu_typo_font_size_unit":"px","ocean_menu_typo_font_weight":"","ocean_menu_typo_font_weight_tablet":"","ocean_menu_typo_font_weight_mobile":"","ocean_menu_typo_transform":"","ocean_menu_typo_transform_tablet":"","ocean_menu_typo_transform_mobile":"","ocean_menu_typo_line_height":0,"ocean_menu_typo_line_height_tablet":0,"ocean_menu_typo_line_height_mobile":0,"ocean_menu_typo_line_height_unit":"","ocean_menu_typo_spacing":0,"ocean_menu_typo_spacing_tablet":0,"ocean_menu_typo_spacing_mobile":0,"ocean_menu_typo_spacing_unit":"","ocean_menu_link_color":"","ocean_menu_link_color_hover":"","ocean_menu_link_color_active":"","ocean_menu_link_background":"","ocean_menu_link_hover_background":"","ocean_menu_link_active_background":"","ocean_menu_social_links_bg":"","ocean_menu_social_hover_links_bg":"","ocean_menu_social_links_color":"","ocean_menu_social_hover_links_color":"","ocean_disable_title":"default","ocean_disable_heading":"default","ocean_post_title":"","ocean_post_subheading":"","ocean_post_title_style":"","ocean_post_title_background_color":"","ocean_post_title_background":0,"ocean_post_title_bg_image_position":"","ocean_post_title_bg_image_attachment":"","ocean_post_title_bg_image_repeat":"","ocean_post_title_bg_image_size":"","ocean_post_title_height":0,"ocean_post_title_bg_overlay":0.5,"ocean_post_title_bg_overlay_color":"","ocean_disable_breadcrumbs":"default","ocean_breadcrumbs_color":"","ocean_breadcrumbs_separator_color":"","ocean_breadcrumbs_links_color":"","ocean_breadcrumbs_links_hover_color":"","ocean_display_footer_widgets":"default","ocean_display_footer_bottom":"default","ocean_custom_footer_template":"0","footnotes":"","_links_to":"","_links_to_target":""},"class_list":["post-2332","page","type-page","status-publish","hentry","entry"],"_links":{"self":[{"href":"https:\/\/sites.usp.br\/praticaempesquisa\/wp-json\/wp\/v2\/pages\/2332","targetHints":{"allow":["GET"]}}],"collection":[{"href":"https:\/\/sites.usp.br\/praticaempesquisa\/wp-json\/wp\/v2\/pages"}],"about":[{"href":"https:\/\/sites.usp.br\/praticaempesquisa\/wp-json\/wp\/v2\/types\/page"}],"author":[{"embeddable":true,"href":"https:\/\/sites.usp.br\/praticaempesquisa\/wp-json\/wp\/v2\/users\/635"}],"replies":[{"embeddable":true,"href":"https:\/\/sites.usp.br\/praticaempesquisa\/wp-json\/wp\/v2\/comments?post=2332"}],"version-history":[{"count":4,"href":"https:\/\/sites.usp.br\/praticaempesquisa\/wp-json\/wp\/v2\/pages\/2332\/revisions"}],"predecessor-version":[{"id":2745,"href":"https:\/\/sites.usp.br\/praticaempesquisa\/wp-json\/wp\/v2\/pages\/2332\/revisions\/2745"}],"wp:attachment":[{"href":"https:\/\/sites.usp.br\/praticaempesquisa\/wp-json\/wp\/v2\/media?parent=2332"}],"curies":[{"name":"wp","href":"https:\/\/api.w.org\/{rel}","templated":true}]}}