{"id":2351,"date":"2021-11-22T13:20:50","date_gmt":"2021-11-22T16:20:50","guid":{"rendered":"https:\/\/sites.usp.br\/praticaempesquisa\/?page_id=2351"},"modified":"2021-12-06T14:01:13","modified_gmt":"2021-12-06T17:01:13","slug":"tabela-de-numeros-aleatorios","status":"publish","type":"page","link":"https:\/\/sites.usp.br\/praticaempesquisa\/tabela-de-numeros-aleatorios\/","title":{"rendered":"Tabela de n\u00fameros aleat\u00f3rios"},"content":{"rendered":"\t\t<div data-elementor-type=\"wp-page\" data-elementor-id=\"2351\" class=\"elementor elementor-2351\" data-elementor-post-type=\"page\">\n\t\t\t\t\t\t<section class=\"elementor-section elementor-top-section elementor-element elementor-element-5b6233a3 elementor-section-full_width elementor-section-stretched elementor-section-height-default elementor-section-height-default\" data-id=\"5b6233a3\" data-element_type=\"section\" data-settings=\"{&quot;stretch_section&quot;:&quot;section-stretched&quot;,&quot;background_background&quot;:&quot;classic&quot;}\">\n\t\t\t\t\t\t<div class=\"elementor-container elementor-column-gap-no\">\n\t\t\t\t\t<div class=\"elementor-column elementor-col-100 elementor-top-column elementor-element elementor-element-72ab8775\" data-id=\"72ab8775\" data-element_type=\"column\" data-settings=\"{&quot;background_background&quot;:&quot;classic&quot;}\">\n\t\t\t<div class=\"elementor-widget-wrap elementor-element-populated\">\n\t\t\t\t\t\t<section class=\"elementor-section elementor-inner-section elementor-element elementor-element-97cf4ed elementor-section-boxed elementor-section-height-default elementor-section-height-default\" data-id=\"97cf4ed\" data-element_type=\"section\">\n\t\t\t\t\t\t<div class=\"elementor-container elementor-column-gap-default\">\n\t\t\t\t\t<div class=\"elementor-column elementor-col-50 elementor-inner-column elementor-element elementor-element-ee37285\" data-id=\"ee37285\" data-element_type=\"column\">\n\t\t\t<div class=\"elementor-widget-wrap elementor-element-populated\">\n\t\t\t\t\t\t<div class=\"elementor-element elementor-element-24920b2 elementor-widget elementor-widget-image\" data-id=\"24920b2\" data-element_type=\"widget\" data-widget_type=\"image.default\">\n\t\t\t\t<div class=\"elementor-widget-container\">\n\t\t\t\t\t\t\t\t\t\t\t\t\t<img fetchpriority=\"high\" decoding=\"async\" width=\"300\" height=\"200\" src=\"https:\/\/sites.usp.br\/praticaempesquisa\/wp-content\/uploads\/sites\/1049\/2021\/12\/imagem_2021-12-03_142621-300x200.png\" class=\"attachment-medium size-medium wp-image-2759\" alt=\"\" srcset=\"https:\/\/sites.usp.br\/praticaempesquisa\/wp-content\/uploads\/sites\/1049\/2021\/12\/imagem_2021-12-03_142621-300x200.png 300w, https:\/\/sites.usp.br\/praticaempesquisa\/wp-content\/uploads\/sites\/1049\/2021\/12\/imagem_2021-12-03_142621-400x266.png 400w, https:\/\/sites.usp.br\/praticaempesquisa\/wp-content\/uploads\/sites\/1049\/2021\/12\/imagem_2021-12-03_142621.png 740w\" sizes=\"(max-width: 300px) 100vw, 300px\" \/>\t\t\t\t\t\t\t\t\t\t\t\t\t<\/div>\n\t\t\t\t<\/div>\n\t\t\t\t\t<\/div>\n\t\t<\/div>\n\t\t\t\t<div class=\"elementor-column elementor-col-50 elementor-inner-column elementor-element elementor-element-537126f\" data-id=\"537126f\" data-element_type=\"column\">\n\t\t\t<div class=\"elementor-widget-wrap elementor-element-populated\">\n\t\t\t\t\t\t<div class=\"elementor-element elementor-element-19be91d6 elementor-widget elementor-widget-text-editor\" data-id=\"19be91d6\" data-element_type=\"widget\" data-widget_type=\"text-editor.default\">\n\t\t\t\t<div class=\"elementor-widget-container\">\n\t\t\t\t\t\t\t<ul><li style=\"text-align: justify;\" data-select-like-a-boss=\"1\"><a href=\"https:\/\/sites.usp.br\/praticaempesquisa\/wp-content\/uploads\/sites\/1049\/2021\/11\/Geracao-de-nros-aleatorios-para-RCTS.pdf\">Gera\u00e7\u00e3o de n\u00fameros aleat\u00f3rios para RCTS<\/a><\/li><li><a href=\"https:\/\/www.sealedenvelope.com\/simple-randomiser\/v1\/lists\" target=\"_blank\" rel=\"noopener\">Site para criar uma lista de randomiza\u00e7\u00e3o<\/a> permitindo blocos e estratifica\u00e7\u00e3o<\/li><\/ul><p><a href=\"https:\/\/www.sealedenvelope.com\/simple-randomiser\/v1\/lists\" target=\"_blank\" rel=\"noopener\"><img decoding=\"async\" class=\"aligncenter wp-image-2772 size-medium\" src=\"https:\/\/sites.usp.br\/praticaempesquisa\/wp-content\/uploads\/sites\/1049\/2021\/12\/imagem_2021-12-06_135846-300x77.png\" alt=\"\" width=\"300\" height=\"77\" srcset=\"https:\/\/sites.usp.br\/praticaempesquisa\/wp-content\/uploads\/sites\/1049\/2021\/12\/imagem_2021-12-06_135846-300x77.png 300w, https:\/\/sites.usp.br\/praticaempesquisa\/wp-content\/uploads\/sites\/1049\/2021\/12\/imagem_2021-12-06_135846-400x102.png 400w, https:\/\/sites.usp.br\/praticaempesquisa\/wp-content\/uploads\/sites\/1049\/2021\/12\/imagem_2021-12-06_135846.png 496w\" sizes=\"(max-width: 300px) 100vw, 300px\" \/><\/a><\/p>\t\t\t\t\t\t<\/div>\n\t\t\t\t<\/div>\n\t\t\t\t\t<\/div>\n\t\t<\/div>\n\t\t\t\t\t<\/div>\n\t\t<\/section>\n\t\t\t\t\t<\/div>\n\t\t<\/div>\n\t\t\t\t\t<\/div>\n\t\t<\/section>\n\t\t\t\t<\/div>\n\t\t","protected":false},"excerpt":{"rendered":"<p>Gera\u00e7\u00e3o de n\u00fameros aleat\u00f3rios para RCTS Site para criar uma lista de randomiza\u00e7\u00e3o permitindo blocos e estratifica\u00e7\u00e3o<\/p>\n","protected":false},"author":635,"featured_media":0,"parent":0,"menu_order":0,"comment_status":"closed","ping_status":"closed","template":"","meta":{"ocean_post_layout":"","ocean_both_sidebars_style":"","ocean_both_sidebars_content_width":0,"ocean_both_sidebars_sidebars_width":0,"ocean_sidebar":"0","ocean_second_sidebar":"0","ocean_disable_margins":"enable","ocean_add_body_class":"","ocean_shortcode_before_top_bar":"","ocean_shortcode_after_top_bar":"","ocean_shortcode_before_header":"","ocean_shortcode_after_header":"","ocean_has_shortcode":"","ocean_shortcode_after_title":"","ocean_shortcode_before_footer_widgets":"","ocean_shortcode_after_footer_widgets":"","ocean_shortcode_before_footer_bottom":"","ocean_shortcode_after_footer_bottom":"","ocean_display_top_bar":"default","ocean_display_header":"default","ocean_header_style":"","ocean_center_header_left_menu":"0","ocean_custom_header_template":"0","ocean_custom_logo":0,"ocean_custom_retina_logo":0,"ocean_custom_logo_max_width":0,"ocean_custom_logo_tablet_max_width":0,"ocean_custom_logo_mobile_max_width":0,"ocean_custom_logo_max_height":0,"ocean_custom_logo_tablet_max_height":0,"ocean_custom_logo_mobile_max_height":0,"ocean_header_custom_menu":"0","ocean_menu_typo_font_family":"0","ocean_menu_typo_font_subset":"","ocean_menu_typo_font_size":0,"ocean_menu_typo_font_size_tablet":0,"ocean_menu_typo_font_size_mobile":0,"ocean_menu_typo_font_size_unit":"px","ocean_menu_typo_font_weight":"","ocean_menu_typo_font_weight_tablet":"","ocean_menu_typo_font_weight_mobile":"","ocean_menu_typo_transform":"","ocean_menu_typo_transform_tablet":"","ocean_menu_typo_transform_mobile":"","ocean_menu_typo_line_height":0,"ocean_menu_typo_line_height_tablet":0,"ocean_menu_typo_line_height_mobile":0,"ocean_menu_typo_line_height_unit":"","ocean_menu_typo_spacing":0,"ocean_menu_typo_spacing_tablet":0,"ocean_menu_typo_spacing_mobile":0,"ocean_menu_typo_spacing_unit":"","ocean_menu_link_color":"","ocean_menu_link_color_hover":"","ocean_menu_link_color_active":"","ocean_menu_link_background":"","ocean_menu_link_hover_background":"","ocean_menu_link_active_background":"","ocean_menu_social_links_bg":"","ocean_menu_social_hover_links_bg":"","ocean_menu_social_links_color":"","ocean_menu_social_hover_links_color":"","ocean_disable_title":"default","ocean_disable_heading":"default","ocean_post_title":"","ocean_post_subheading":"","ocean_post_title_style":"","ocean_post_title_background_color":"","ocean_post_title_background":0,"ocean_post_title_bg_image_position":"","ocean_post_title_bg_image_attachment":"","ocean_post_title_bg_image_repeat":"","ocean_post_title_bg_image_size":"","ocean_post_title_height":0,"ocean_post_title_bg_overlay":0.5,"ocean_post_title_bg_overlay_color":"","ocean_disable_breadcrumbs":"default","ocean_breadcrumbs_color":"","ocean_breadcrumbs_separator_color":"","ocean_breadcrumbs_links_color":"","ocean_breadcrumbs_links_hover_color":"","ocean_display_footer_widgets":"default","ocean_display_footer_bottom":"default","ocean_custom_footer_template":"0","footnotes":"","_links_to":"","_links_to_target":""},"class_list":["post-2351","page","type-page","status-publish","hentry","entry"],"_links":{"self":[{"href":"https:\/\/sites.usp.br\/praticaempesquisa\/wp-json\/wp\/v2\/pages\/2351","targetHints":{"allow":["GET"]}}],"collection":[{"href":"https:\/\/sites.usp.br\/praticaempesquisa\/wp-json\/wp\/v2\/pages"}],"about":[{"href":"https:\/\/sites.usp.br\/praticaempesquisa\/wp-json\/wp\/v2\/types\/page"}],"author":[{"embeddable":true,"href":"https:\/\/sites.usp.br\/praticaempesquisa\/wp-json\/wp\/v2\/users\/635"}],"replies":[{"embeddable":true,"href":"https:\/\/sites.usp.br\/praticaempesquisa\/wp-json\/wp\/v2\/comments?post=2351"}],"version-history":[{"count":4,"href":"https:\/\/sites.usp.br\/praticaempesquisa\/wp-json\/wp\/v2\/pages\/2351\/revisions"}],"predecessor-version":[{"id":2775,"href":"https:\/\/sites.usp.br\/praticaempesquisa\/wp-json\/wp\/v2\/pages\/2351\/revisions\/2775"}],"wp:attachment":[{"href":"https:\/\/sites.usp.br\/praticaempesquisa\/wp-json\/wp\/v2\/media?parent=2351"}],"curies":[{"name":"wp","href":"https:\/\/api.w.org\/{rel}","templated":true}]}}