{"id":2371,"date":"2021-11-22T13:39:08","date_gmt":"2021-11-22T16:39:08","guid":{"rendered":"https:\/\/sites.usp.br\/praticaempesquisa\/?page_id=2371"},"modified":"2021-12-06T14:07:11","modified_gmt":"2021-12-06T17:07:11","slug":"guidelines-de-pratica-clinica","status":"publish","type":"page","link":"https:\/\/sites.usp.br\/praticaempesquisa\/guidelines-de-pratica-clinica\/","title":{"rendered":"Guidelines de Pr\u00e1tica Cl\u00ednica"},"content":{"rendered":"\t\t<div data-elementor-type=\"wp-page\" data-elementor-id=\"2371\" class=\"elementor elementor-2371\" data-elementor-post-type=\"page\">\n\t\t\t\t\t\t<section class=\"elementor-section elementor-top-section elementor-element elementor-element-40bb1fd elementor-section-full_width elementor-section-stretched elementor-section-height-default elementor-section-height-default\" data-id=\"40bb1fd\" data-element_type=\"section\" data-settings=\"{&quot;stretch_section&quot;:&quot;section-stretched&quot;,&quot;background_background&quot;:&quot;classic&quot;}\">\n\t\t\t\t\t\t<div class=\"elementor-container elementor-column-gap-no\">\n\t\t\t\t\t<div class=\"elementor-column elementor-col-100 elementor-top-column elementor-element elementor-element-6f696d94\" data-id=\"6f696d94\" data-element_type=\"column\" data-settings=\"{&quot;background_background&quot;:&quot;classic&quot;}\">\n\t\t\t<div class=\"elementor-widget-wrap elementor-element-populated\">\n\t\t\t\t\t\t<div class=\"elementor-element elementor-element-4b78d410 elementor-widget elementor-widget-text-editor\" data-id=\"4b78d410\" data-element_type=\"widget\" data-widget_type=\"text-editor.default\">\n\t\t\t\t<div class=\"elementor-widget-container\">\n\t\t\t\t\t\t\t<ul><li style=\"text-align: justify;\"><img decoding=\"async\" class=\"wp-image-2709 alignright\" src=\"https:\/\/sites.usp.br\/praticaempesquisa\/wp-content\/uploads\/sites\/1049\/2021\/12\/imagem_2021-12-03_124537-300x59.png\" alt=\"\" width=\"150\" height=\"29\" srcset=\"https:\/\/sites.usp.br\/praticaempesquisa\/wp-content\/uploads\/sites\/1049\/2021\/12\/imagem_2021-12-03_124537-300x59.png 300w, https:\/\/sites.usp.br\/praticaempesquisa\/wp-content\/uploads\/sites\/1049\/2021\/12\/imagem_2021-12-03_124537.png 352w\" sizes=\"(max-width: 150px) 100vw, 150px\" \/>Os <a href=\"https:\/\/g-i-n.net\/\" target=\"_blank\" rel=\"noopener\">Guidelines de Pr\u00e1tica Cl\u00ednica<\/a> podem ajudar o cl\u00ednico a aplicar a melhor evidencia na pr\u00e1tica. O site apresenta uma biblioteca de diretrizes internacionais GIN do mundo todo, em v\u00e1rios idiomas, tanto publicadas quanto em desenvolvimento.<\/li><li><a href=\"http:\/\/www.psbe.ufrn.br\/\" target=\"_blank\" rel=\"noopener\"><img decoding=\"async\" class=\"alignright wp-image-2713\" src=\"https:\/\/sites.usp.br\/praticaempesquisa\/wp-content\/uploads\/sites\/1049\/2021\/12\/SBE.png\" alt=\"\" width=\"150\" height=\"51\" \/><\/a>O portal <a href=\"http:\/\/www.psbe.ufrn.br\/\" target=\"_blank\" rel=\"noopener\">SBE<\/a> (Sa\u00fade Baseada em Evid\u00eancias) do Minist\u00e9rio da Sa\u00fade apresenta diversas bases de dados, aplicativos e um reposit\u00f3rio de diversas DIRETRIZES e PROTOCOLOS adotados no Brasil.<\/li><li><a href=\"https:\/\/www.researchgate.net\/publication\/262789454_Efficient_clinical_evaluation_of_guideline_quality_Development_and_testing_of_a_new_tool\" target=\"_blank\" rel=\"noopener\">Este artigo<\/a> cont\u00e9m um checklist que orienta o cl\u00ednico como avaliar o guideline de recomenda\u00e7\u00f5es para pr\u00e1tica baseada em evidencia.<\/li><li>Por quest\u00f5es \u00e9ticas, este <a href=\"#\" data-select-like-a-boss=\"1\">checklist <\/a>estar\u00e1 dispon\u00edvel apenas para quem \u00e9 da USP.<\/li><\/ul>\t\t\t\t\t\t<\/div>\n\t\t\t\t<\/div>\n\t\t\t\t\t<\/div>\n\t\t<\/div>\n\t\t\t\t\t<\/div>\n\t\t<\/section>\n\t\t\t\t<\/div>\n\t\t","protected":false},"excerpt":{"rendered":"<p>Os Guidelines de Pr\u00e1tica Cl\u00ednica podem ajudar o cl\u00ednico a aplicar a melhor evidencia na pr\u00e1tica. O site apresenta uma biblioteca de diretrizes internacionais GIN do mundo todo, em v\u00e1rios idiomas, tanto publicadas quanto em desenvolvimento. O portal SBE (Sa\u00fade Baseada em Evid\u00eancias) do Minist\u00e9rio da Sa\u00fade apresenta diversas bases de dados, aplicativos e um [&hellip;]<\/p>\n","protected":false},"author":635,"featured_media":0,"parent":0,"menu_order":0,"comment_status":"closed","ping_status":"closed","template":"","meta":{"ocean_post_layout":"","ocean_both_sidebars_style":"","ocean_both_sidebars_content_width":0,"ocean_both_sidebars_sidebars_width":0,"ocean_sidebar":"0","ocean_second_sidebar":"0","ocean_disable_margins":"enable","ocean_add_body_class":"","ocean_shortcode_before_top_bar":"","ocean_shortcode_after_top_bar":"","ocean_shortcode_before_header":"","ocean_shortcode_after_header":"","ocean_has_shortcode":"","ocean_shortcode_after_title":"","ocean_shortcode_before_footer_widgets":"","ocean_shortcode_after_footer_widgets":"","ocean_shortcode_before_footer_bottom":"","ocean_shortcode_after_footer_bottom":"","ocean_display_top_bar":"default","ocean_display_header":"default","ocean_header_style":"","ocean_center_header_left_menu":"0","ocean_custom_header_template":"0","ocean_custom_logo":0,"ocean_custom_retina_logo":0,"ocean_custom_logo_max_width":0,"ocean_custom_logo_tablet_max_width":0,"ocean_custom_logo_mobile_max_width":0,"ocean_custom_logo_max_height":0,"ocean_custom_logo_tablet_max_height":0,"ocean_custom_logo_mobile_max_height":0,"ocean_header_custom_menu":"0","ocean_menu_typo_font_family":"0","ocean_menu_typo_font_subset":"","ocean_menu_typo_font_size":0,"ocean_menu_typo_font_size_tablet":0,"ocean_menu_typo_font_size_mobile":0,"ocean_menu_typo_font_size_unit":"px","ocean_menu_typo_font_weight":"","ocean_menu_typo_font_weight_tablet":"","ocean_menu_typo_font_weight_mobile":"","ocean_menu_typo_transform":"","ocean_menu_typo_transform_tablet":"","ocean_menu_typo_transform_mobile":"","ocean_menu_typo_line_height":0,"ocean_menu_typo_line_height_tablet":0,"ocean_menu_typo_line_height_mobile":0,"ocean_menu_typo_line_height_unit":"","ocean_menu_typo_spacing":0,"ocean_menu_typo_spacing_tablet":0,"ocean_menu_typo_spacing_mobile":0,"ocean_menu_typo_spacing_unit":"","ocean_menu_link_color":"","ocean_menu_link_color_hover":"","ocean_menu_link_color_active":"","ocean_menu_link_background":"","ocean_menu_link_hover_background":"","ocean_menu_link_active_background":"","ocean_menu_social_links_bg":"","ocean_menu_social_hover_links_bg":"","ocean_menu_social_links_color":"","ocean_menu_social_hover_links_color":"","ocean_disable_title":"default","ocean_disable_heading":"default","ocean_post_title":"","ocean_post_subheading":"","ocean_post_title_style":"","ocean_post_title_background_color":"","ocean_post_title_background":0,"ocean_post_title_bg_image_position":"","ocean_post_title_bg_image_attachment":"","ocean_post_title_bg_image_repeat":"","ocean_post_title_bg_image_size":"","ocean_post_title_height":0,"ocean_post_title_bg_overlay":0.5,"ocean_post_title_bg_overlay_color":"","ocean_disable_breadcrumbs":"default","ocean_breadcrumbs_color":"","ocean_breadcrumbs_separator_color":"","ocean_breadcrumbs_links_color":"","ocean_breadcrumbs_links_hover_color":"","ocean_display_footer_widgets":"default","ocean_display_footer_bottom":"default","ocean_custom_footer_template":"0","footnotes":"","_links_to":"","_links_to_target":""},"class_list":["post-2371","page","type-page","status-publish","hentry","entry"],"_links":{"self":[{"href":"https:\/\/sites.usp.br\/praticaempesquisa\/wp-json\/wp\/v2\/pages\/2371","targetHints":{"allow":["GET"]}}],"collection":[{"href":"https:\/\/sites.usp.br\/praticaempesquisa\/wp-json\/wp\/v2\/pages"}],"about":[{"href":"https:\/\/sites.usp.br\/praticaempesquisa\/wp-json\/wp\/v2\/types\/page"}],"author":[{"embeddable":true,"href":"https:\/\/sites.usp.br\/praticaempesquisa\/wp-json\/wp\/v2\/users\/635"}],"replies":[{"embeddable":true,"href":"https:\/\/sites.usp.br\/praticaempesquisa\/wp-json\/wp\/v2\/comments?post=2371"}],"version-history":[{"count":4,"href":"https:\/\/sites.usp.br\/praticaempesquisa\/wp-json\/wp\/v2\/pages\/2371\/revisions"}],"predecessor-version":[{"id":2782,"href":"https:\/\/sites.usp.br\/praticaempesquisa\/wp-json\/wp\/v2\/pages\/2371\/revisions\/2782"}],"wp:attachment":[{"href":"https:\/\/sites.usp.br\/praticaempesquisa\/wp-json\/wp\/v2\/media?parent=2371"}],"curies":[{"name":"wp","href":"https:\/\/api.w.org\/{rel}","templated":true}]}}