{"id":2383,"date":"2021-11-22T13:55:50","date_gmt":"2021-11-22T16:55:50","guid":{"rendered":"https:\/\/sites.usp.br\/praticaempesquisa\/?page_id=2383"},"modified":"2021-12-06T14:22:30","modified_gmt":"2021-12-06T17:22:30","slug":"webconferencia-moodle","status":"publish","type":"page","link":"https:\/\/sites.usp.br\/praticaempesquisa\/webconferencia-moodle\/","title":{"rendered":"Webconfer\u00eancia Moodle"},"content":{"rendered":"\t\t<div data-elementor-type=\"wp-page\" data-elementor-id=\"2383\" class=\"elementor elementor-2383\" data-elementor-post-type=\"page\">\n\t\t\t\t\t\t<section class=\"elementor-section elementor-top-section elementor-element elementor-element-38a42508 elementor-section-full_width elementor-section-stretched elementor-section-height-default elementor-section-height-default\" data-id=\"38a42508\" data-element_type=\"section\" data-settings=\"{&quot;stretch_section&quot;:&quot;section-stretched&quot;,&quot;background_background&quot;:&quot;classic&quot;}\">\n\t\t\t\t\t\t<div class=\"elementor-container elementor-column-gap-no\">\n\t\t\t\t\t<div class=\"elementor-column elementor-col-100 elementor-top-column elementor-element elementor-element-35a15d88\" data-id=\"35a15d88\" data-element_type=\"column\" data-settings=\"{&quot;background_background&quot;:&quot;classic&quot;}\">\n\t\t\t<div class=\"elementor-widget-wrap elementor-element-populated\">\n\t\t\t\t\t\t<section class=\"elementor-section elementor-inner-section elementor-element elementor-element-536ab81 elementor-section-boxed elementor-section-height-default elementor-section-height-default\" data-id=\"536ab81\" data-element_type=\"section\">\n\t\t\t\t\t\t<div class=\"elementor-container elementor-column-gap-default\">\n\t\t\t\t\t<div class=\"elementor-column elementor-col-50 elementor-inner-column elementor-element elementor-element-5620f85\" data-id=\"5620f85\" data-element_type=\"column\">\n\t\t\t<div class=\"elementor-widget-wrap elementor-element-populated\">\n\t\t\t\t\t\t<div class=\"elementor-element elementor-element-84587f3 elementor-widget elementor-widget-image\" data-id=\"84587f3\" data-element_type=\"widget\" data-widget_type=\"image.default\">\n\t\t\t\t<div class=\"elementor-widget-container\">\n\t\t\t\t\t\t\t\t\t\t\t\t\t<img decoding=\"async\" width=\"300\" height=\"77\" src=\"https:\/\/sites.usp.br\/praticaempesquisa\/wp-content\/uploads\/sites\/1049\/2021\/12\/moodle.png\" class=\"attachment-medium size-medium wp-image-2787\" alt=\"\" \/>\t\t\t\t\t\t\t\t\t\t\t\t\t<\/div>\n\t\t\t\t<\/div>\n\t\t\t\t\t<\/div>\n\t\t<\/div>\n\t\t\t\t<div class=\"elementor-column elementor-col-50 elementor-inner-column elementor-element elementor-element-1ea30f7\" data-id=\"1ea30f7\" data-element_type=\"column\">\n\t\t\t<div class=\"elementor-widget-wrap elementor-element-populated\">\n\t\t\t\t\t\t<div class=\"elementor-element elementor-element-33ee02ba elementor-widget elementor-widget-text-editor\" data-id=\"33ee02ba\" data-element_type=\"widget\" data-widget_type=\"text-editor.default\">\n\t\t\t\t<div class=\"elementor-widget-container\">\n\t\t\t\t\t\t\t<ul><li><a href=\"https:\/\/sites.usp.br\/praticaempesquisa\/wp-content\/uploads\/sites\/1049\/2021\/11\/Orientacoes_inscricao_moodle-extensao.pdf\" data-select-like-a-boss=\"1\">Orienta\u00e7\u00f5es para inscri\u00e7\u00e3o no Moodle Extens\u00e3o<\/a><\/li><li><a href=\"https:\/\/sites.usp.br\/praticaempesquisa\/wp-content\/uploads\/sites\/1049\/2021\/11\/Dicas-de-acesso-a-web-conferencia.pdf\">Dicas de acesso \u00e0 webconfer\u00eancia<\/a><\/li><\/ul>\t\t\t\t\t\t<\/div>\n\t\t\t\t<\/div>\n\t\t\t\t\t<\/div>\n\t\t<\/div>\n\t\t\t\t\t<\/div>\n\t\t<\/section>\n\t\t\t\t<div class=\"elementor-element elementor-element-0dd5ba0 elementor-widget elementor-widget-text-editor\" data-id=\"0dd5ba0\" data-element_type=\"widget\" data-widget_type=\"text-editor.default\">\n\t\t\t\t<div class=\"elementor-widget-container\">\n\t\t\t\t\t\t\t<p style=\"text-align: justify;\">O grupo CDDE disponibilizou no edisciplinas a disciplina \u201cUsando eDisciplinas na Educa\u00e7\u00e3o Remota\u201d que ensina como utilizar o moodle.<\/p><p style=\"text-align: justify;\">O conte\u00fado est\u00e1 organizado em 10 m\u00f3dulos e pode ser encontrado no <a href=\"https:\/\/edisciplinas.usp.br\/course\/view.php?id=77804\" target=\"_blank\" rel=\"noopener\">aqui<\/a>.<\/p><p style=\"text-align: justify;\"><a href=\"http:\/\/cdde.fmrp.usp.br\/\" target=\"_blank\" rel=\"noopener\"><img decoding=\"async\" class=\"alignright wp-image-2791\" src=\"https:\/\/sites.usp.br\/praticaempesquisa\/wp-content\/uploads\/sites\/1049\/2021\/12\/LOGO_CDDE-300x197.png\" alt=\"\" width=\"150\" height=\"98\" srcset=\"https:\/\/sites.usp.br\/praticaempesquisa\/wp-content\/uploads\/sites\/1049\/2021\/12\/LOGO_CDDE-300x197.png 300w, https:\/\/sites.usp.br\/praticaempesquisa\/wp-content\/uploads\/sites\/1049\/2021\/12\/LOGO_CDDE-1024x671.png 1024w, https:\/\/sites.usp.br\/praticaempesquisa\/wp-content\/uploads\/sites\/1049\/2021\/12\/LOGO_CDDE-768x503.png 768w, https:\/\/sites.usp.br\/praticaempesquisa\/wp-content\/uploads\/sites\/1049\/2021\/12\/LOGO_CDDE-1536x1006.png 1536w, https:\/\/sites.usp.br\/praticaempesquisa\/wp-content\/uploads\/sites\/1049\/2021\/12\/LOGO_CDDE-2048x1342.png 2048w, https:\/\/sites.usp.br\/praticaempesquisa\/wp-content\/uploads\/sites\/1049\/2021\/12\/LOGO_CDDE-400x262.png 400w\" sizes=\"(max-width: 150px) 100vw, 150px\" \/><\/a>1. Criando um ambiente<br \/>2. Oferecendo conte\u00fado<br \/>3. Interagindo com os estudantes<br \/>4. Engajando os estudantes<br \/>5. Banco de quest\u00f5es<br \/>6. Avaliando os estudantes<br \/>7. Trabalhando com grupos<br \/>8. Acompanhando o progresso <br \/>9. Decidindo quem ser\u00e1 aprovado<br \/>10. Concluindo a disciplina<\/p>\t\t\t\t\t\t<\/div>\n\t\t\t\t<\/div>\n\t\t\t\t\t<\/div>\n\t\t<\/div>\n\t\t\t\t\t<\/div>\n\t\t<\/section>\n\t\t\t\t<\/div>\n\t\t","protected":false},"excerpt":{"rendered":"<p>Orienta\u00e7\u00f5es para inscri\u00e7\u00e3o no Moodle Extens\u00e3o Dicas de acesso \u00e0 webconfer\u00eancia O grupo CDDE disponibilizou no edisciplinas a disciplina \u201cUsando eDisciplinas na Educa\u00e7\u00e3o Remota\u201d que ensina como utilizar o moodle. O conte\u00fado est\u00e1 organizado em 10 m\u00f3dulos e pode ser encontrado no aqui. 1. Criando um ambiente2. Oferecendo conte\u00fado3. Interagindo com os estudantes4. Engajando os [&hellip;]<\/p>\n","protected":false},"author":635,"featured_media":0,"parent":0,"menu_order":0,"comment_status":"closed","ping_status":"closed","template":"","meta":{"ocean_post_layout":"","ocean_both_sidebars_style":"","ocean_both_sidebars_content_width":0,"ocean_both_sidebars_sidebars_width":0,"ocean_sidebar":"0","ocean_second_sidebar":"0","ocean_disable_margins":"enable","ocean_add_body_class":"","ocean_shortcode_before_top_bar":"","ocean_shortcode_after_top_bar":"","ocean_shortcode_before_header":"","ocean_shortcode_after_header":"","ocean_has_shortcode":"","ocean_shortcode_after_title":"","ocean_shortcode_before_footer_widgets":"","ocean_shortcode_after_footer_widgets":"","ocean_shortcode_before_footer_bottom":"","ocean_shortcode_after_footer_bottom":"","ocean_display_top_bar":"default","ocean_display_header":"default","ocean_header_style":"","ocean_center_header_left_menu":"0","ocean_custom_header_template":"0","ocean_custom_logo":0,"ocean_custom_retina_logo":0,"ocean_custom_logo_max_width":0,"ocean_custom_logo_tablet_max_width":0,"ocean_custom_logo_mobile_max_width":0,"ocean_custom_logo_max_height":0,"ocean_custom_logo_tablet_max_height":0,"ocean_custom_logo_mobile_max_height":0,"ocean_header_custom_menu":"0","ocean_menu_typo_font_family":"0","ocean_menu_typo_font_subset":"","ocean_menu_typo_font_size":0,"ocean_menu_typo_font_size_tablet":0,"ocean_menu_typo_font_size_mobile":0,"ocean_menu_typo_font_size_unit":"px","ocean_menu_typo_font_weight":"","ocean_menu_typo_font_weight_tablet":"","ocean_menu_typo_font_weight_mobile":"","ocean_menu_typo_transform":"","ocean_menu_typo_transform_tablet":"","ocean_menu_typo_transform_mobile":"","ocean_menu_typo_line_height":0,"ocean_menu_typo_line_height_tablet":0,"ocean_menu_typo_line_height_mobile":0,"ocean_menu_typo_line_height_unit":"","ocean_menu_typo_spacing":0,"ocean_menu_typo_spacing_tablet":0,"ocean_menu_typo_spacing_mobile":0,"ocean_menu_typo_spacing_unit":"","ocean_menu_link_color":"","ocean_menu_link_color_hover":"","ocean_menu_link_color_active":"","ocean_menu_link_background":"","ocean_menu_link_hover_background":"","ocean_menu_link_active_background":"","ocean_menu_social_links_bg":"","ocean_menu_social_hover_links_bg":"","ocean_menu_social_links_color":"","ocean_menu_social_hover_links_color":"","ocean_disable_title":"default","ocean_disable_heading":"default","ocean_post_title":"","ocean_post_subheading":"","ocean_post_title_style":"","ocean_post_title_background_color":"","ocean_post_title_background":0,"ocean_post_title_bg_image_position":"","ocean_post_title_bg_image_attachment":"","ocean_post_title_bg_image_repeat":"","ocean_post_title_bg_image_size":"","ocean_post_title_height":0,"ocean_post_title_bg_overlay":0.5,"ocean_post_title_bg_overlay_color":"","ocean_disable_breadcrumbs":"default","ocean_breadcrumbs_color":"","ocean_breadcrumbs_separator_color":"","ocean_breadcrumbs_links_color":"","ocean_breadcrumbs_links_hover_color":"","ocean_display_footer_widgets":"default","ocean_display_footer_bottom":"default","ocean_custom_footer_template":"0","footnotes":"","_links_to":"","_links_to_target":""},"class_list":["post-2383","page","type-page","status-publish","hentry","entry"],"_links":{"self":[{"href":"https:\/\/sites.usp.br\/praticaempesquisa\/wp-json\/wp\/v2\/pages\/2383","targetHints":{"allow":["GET"]}}],"collection":[{"href":"https:\/\/sites.usp.br\/praticaempesquisa\/wp-json\/wp\/v2\/pages"}],"about":[{"href":"https:\/\/sites.usp.br\/praticaempesquisa\/wp-json\/wp\/v2\/types\/page"}],"author":[{"embeddable":true,"href":"https:\/\/sites.usp.br\/praticaempesquisa\/wp-json\/wp\/v2\/users\/635"}],"replies":[{"embeddable":true,"href":"https:\/\/sites.usp.br\/praticaempesquisa\/wp-json\/wp\/v2\/comments?post=2383"}],"version-history":[{"count":4,"href":"https:\/\/sites.usp.br\/praticaempesquisa\/wp-json\/wp\/v2\/pages\/2383\/revisions"}],"predecessor-version":[{"id":2794,"href":"https:\/\/sites.usp.br\/praticaempesquisa\/wp-json\/wp\/v2\/pages\/2383\/revisions\/2794"}],"wp:attachment":[{"href":"https:\/\/sites.usp.br\/praticaempesquisa\/wp-json\/wp\/v2\/media?parent=2383"}],"curies":[{"name":"wp","href":"https:\/\/api.w.org\/{rel}","templated":true}]}}