{"id":2391,"date":"2021-11-22T13:59:35","date_gmt":"2021-11-22T16:59:35","guid":{"rendered":"https:\/\/sites.usp.br\/praticaempesquisa\/?page_id=2391"},"modified":"2022-09-14T18:31:02","modified_gmt":"2022-09-14T21:31:02","slug":"submissao-cep","status":"publish","type":"page","link":"https:\/\/sites.usp.br\/praticaempesquisa\/submissao-cep\/","title":{"rendered":"Submiss\u00e3o CEP"},"content":{"rendered":"\t\t<div data-elementor-type=\"wp-page\" data-elementor-id=\"2391\" class=\"elementor elementor-2391\" data-elementor-post-type=\"page\">\n\t\t\t\t\t\t<section class=\"elementor-section elementor-top-section elementor-element elementor-element-8a624ce elementor-section-boxed elementor-section-height-default elementor-section-height-default\" data-id=\"8a624ce\" data-element_type=\"section\">\n\t\t\t\t\t\t<div class=\"elementor-container elementor-column-gap-default\">\n\t\t\t\t\t<div class=\"elementor-column elementor-col-100 elementor-top-column elementor-element elementor-element-3345014\" data-id=\"3345014\" data-element_type=\"column\">\n\t\t\t<div class=\"elementor-widget-wrap elementor-element-populated\">\n\t\t\t\t\t\t<div class=\"elementor-element elementor-element-1226173f premium-title-color elementor-widget elementor-widget-premium-addon-title\" data-id=\"1226173f\" data-element_type=\"widget\" data-widget_type=\"premium-addon-title.default\">\n\t\t\t\t<div class=\"elementor-widget-container\">\n\t\t\t\r\n\t\t<div class=\"premium-title-container style1\">\r\n\t\t\t<h1 class=\"premium-title-header premium-title-style1\">\r\n\t\t\t\t\r\n\t\t\t\t\r\n\t\t\t\t\t\t\t\t\t\t\t\t<span class=\"premium-title-text\" >\r\n\t\t\t\t\tOrienta\u00e7\u00f5es para submiss\u00e3o de projeto no CEP <br>CSE-Sumarezinho\t\t\t\t<\/span>\r\n\t\t\t\t\t\r\n\t\t\t\t\t\t\t\t\t\t\t<\/h1>\r\n\t\t<\/div>\r\n\r\n\t\t\t\t<\/div>\n\t\t\t\t<\/div>\n\t\t\t\t\t<\/div>\n\t\t<\/div>\n\t\t\t\t\t<\/div>\n\t\t<\/section>\n\t\t\t\t<section class=\"elementor-section elementor-top-section elementor-element elementor-element-aa765b5 elementor-section-full_width elementor-section-stretched elementor-section-height-default elementor-section-height-default\" data-id=\"aa765b5\" data-element_type=\"section\" data-settings=\"{&quot;stretch_section&quot;:&quot;section-stretched&quot;,&quot;background_background&quot;:&quot;classic&quot;}\">\n\t\t\t\t\t\t<div class=\"elementor-container elementor-column-gap-no\">\n\t\t\t\t\t<div class=\"elementor-column elementor-col-50 elementor-top-column elementor-element elementor-element-161516c0\" data-id=\"161516c0\" data-element_type=\"column\" data-settings=\"{&quot;background_background&quot;:&quot;classic&quot;}\">\n\t\t\t<div class=\"elementor-widget-wrap elementor-element-populated\">\n\t\t\t\t\t\t<div class=\"elementor-element elementor-element-3d6ee419 elementor-widget elementor-widget-text-editor\" data-id=\"3d6ee419\" data-element_type=\"widget\" data-widget_type=\"text-editor.default\">\n\t\t\t\t<div class=\"elementor-widget-container\">\n\t\t\t\t\t\t\t<ul><li><a href=\"https:\/\/sites.usp.br\/praticaempesquisa\/wp-content\/uploads\/sites\/1049\/2022\/08\/Orientacoes-para-submeter-projeto-no-CEP-do-CSE.pdf\" target=\"_blank\" rel=\"noopener\" data-select-like-a-boss=\"1\">Orienta\u00e7\u00f5es para submiss\u00e3o do projeto<\/a><\/li><li><a href=\"https:\/\/sites.usp.br\/praticaempesquisa\/wp-content\/uploads\/sites\/1049\/2022\/08\/Requerimento_CSE.docx\" target=\"_blank\" rel=\"noopener\">Requerimento de Orienta\u00e7\u00f5es para a realiza\u00e7\u00e3o de projeto de pesquisa no CSE Sumarezinho<\/a><\/li><li><a href=\"https:\/\/sites.usp.br\/praticaempesquisa\/wp-content\/uploads\/sites\/1049\/2022\/08\/capp-fluxograma.pdf\" target=\"_blank\" rel=\"noopener\">Fluxo do processo de Concord\u00e2ncia Projeto Pesquisa \u2013 CAPP\/SMS<\/a><\/li><\/ul>\t\t\t\t\t\t<\/div>\n\t\t\t\t<\/div>\n\t\t\t\t\t<\/div>\n\t\t<\/div>\n\t\t\t\t<div class=\"elementor-column elementor-col-50 elementor-top-column elementor-element elementor-element-5dc9ece\" data-id=\"5dc9ece\" data-element_type=\"column\">\n\t\t\t<div class=\"elementor-widget-wrap elementor-element-populated\">\n\t\t\t\t\t\t<div class=\"elementor-element elementor-element-6c43224 elementor-widget elementor-widget-image\" data-id=\"6c43224\" data-element_type=\"widget\" data-widget_type=\"image.default\">\n\t\t\t\t<div class=\"elementor-widget-container\">\n\t\t\t\t\t\t\t\t\t\t\t\t\t<img decoding=\"async\" src=\"https:\/\/sites.usp.br\/praticaempesquisa\/wp-content\/uploads\/sites\/1049\/elementor\/thumbs\/ethics-ph4jidm9bsnrsa51o8mxgwffetp274b1ha8wznz7h8.png\" title=\"ethics\" alt=\"ethics\" loading=\"lazy\" \/>\t\t\t\t\t\t\t\t\t\t\t\t\t<\/div>\n\t\t\t\t<\/div>\n\t\t\t\t\t<\/div>\n\t\t<\/div>\n\t\t\t\t\t<\/div>\n\t\t<\/section>\n\t\t\t\t<section class=\"elementor-section elementor-top-section elementor-element elementor-element-6544aea7 elementor-section-full_width elementor-section-stretched elementor-section-height-default elementor-section-height-default\" data-id=\"6544aea7\" data-element_type=\"section\" data-settings=\"{&quot;stretch_section&quot;:&quot;section-stretched&quot;,&quot;background_background&quot;:&quot;classic&quot;}\">\n\t\t\t\t\t\t<div class=\"elementor-container elementor-column-gap-no\">\n\t\t\t\t\t<div class=\"elementor-column elementor-col-100 elementor-top-column elementor-element elementor-element-2f52857d\" data-id=\"2f52857d\" data-element_type=\"column\" data-settings=\"{&quot;background_background&quot;:&quot;classic&quot;}\">\n\t\t\t<div class=\"elementor-widget-wrap elementor-element-populated\">\n\t\t\t\t\t\t<div class=\"elementor-element elementor-element-5b697803 premium-title-color elementor-widget elementor-widget-premium-addon-title\" data-id=\"5b697803\" data-element_type=\"widget\" data-widget_type=\"premium-addon-title.default\">\n\t\t\t\t<div class=\"elementor-widget-container\">\n\t\t\t\r\n\t\t<div class=\"premium-title-container style1\">\r\n\t\t\t<h1 class=\"premium-title-header premium-title-style1\">\r\n\t\t\t\t\r\n\t\t\t\t\r\n\t\t\t\t\t\t\t\t\t\t\t\t<span class=\"premium-title-text\" >\r\n\t\t\t\t\tOrienta\u00e7\u00f5es para submiss\u00e3o de projeto no CEP <br>HCFMRP e na UPC (Unidade de Pesquisa Cl\u00ednica)\t\t\t\t<\/span>\r\n\t\t\t\t\t\r\n\t\t\t\t\t\t\t\t\t\t\t<\/h1>\r\n\t\t<\/div>\r\n\r\n\t\t\t\t<\/div>\n\t\t\t\t<\/div>\n\t\t\t\t<div class=\"elementor-element elementor-element-5aef5e9b elementor-widget elementor-widget-text-editor\" data-id=\"5aef5e9b\" data-element_type=\"widget\" data-widget_type=\"text-editor.default\">\n\t\t\t\t<div class=\"elementor-widget-container\">\n\t\t\t\t\t\t\t<ul><li style=\"text-align: justify;\"><a href=\"https:\/\/sites.usp.br\/praticaempesquisa\/wp-content\/uploads\/sites\/1049\/2021\/11\/SubmissaoCEP_HC.pdf\">Orienta\u00e7\u00f5es para submiss\u00e3o do projeto<\/a><br \/>(O documento tamb\u00e9m traz informa\u00e7\u00f5es de preenchimento da Plataforma Brasil)<\/li><\/ul>\t\t\t\t\t\t<\/div>\n\t\t\t\t<\/div>\n\t\t\t\t<div class=\"elementor-element elementor-element-9940a7d elementor-widget elementor-widget-text-editor\" data-id=\"9940a7d\" data-element_type=\"widget\" data-widget_type=\"text-editor.default\">\n\t\t\t\t<div class=\"elementor-widget-container\">\n\t\t\t\t\t\t\t<ul><li style=\"text-align: justify;\">Submiss\u00e3o de projeto na UPC (Unidade de Pesquisa Cl\u00ednica)<br \/>Essa etapa \u00e9 necess\u00e1ria somente aos projetos que passar\u00e3o pelo CEP do HCFMRP<p>As instru\u00e7\u00f5es de como submeter o projeto na UPC se encontram no documento \u201c<a href=\"https:\/\/sites.usp.br\/praticaempesquisa\/wp-content\/uploads\/sites\/1049\/2021\/11\/SubmissaoCEP_HC.pdf\" target=\"_blank\" rel=\"noopener\">Orienta\u00e7\u00f5es para submiss\u00e3o do projeto<\/a>\u201d no HCFMRP, no t\u00f3pico \u201cEtapa da UPC\u201d<\/p><p style=\"text-align: justify;\">Encaminhar para o e-mail da UPC: <a href=\"https:\/\/sites.usp.br\/praticaempesquisa\/wp-content\/uploads\/sites\/1049\/2022\/08\/Orcamento-UPC.docx\" target=\"_blank\" rel=\"noopener\">Or\u00e7amento Financeiro detalhado<\/a>, Projeto de pesquisa, <a href=\"https:\/\/sites.usp.br\/praticaempesquisa\/wp-content\/uploads\/sites\/1049\/2022\/09\/FICHA-DE-CADASTRO-PROJETOS-UPC-novo.docx\" target=\"_blank\" rel=\"noopener\">Ficha de cadastro de projetos na UPC<\/a>.<\/p><\/li><\/ul>\t\t\t\t\t\t<\/div>\n\t\t\t\t<\/div>\n\t\t\t\t\t<\/div>\n\t\t<\/div>\n\t\t\t\t\t<\/div>\n\t\t<\/section>\n\t\t\t\t<section class=\"elementor-section elementor-top-section elementor-element elementor-element-3703411 elementor-section-boxed elementor-section-height-default elementor-section-height-default\" data-id=\"3703411\" data-element_type=\"section\">\n\t\t\t\t\t\t<div class=\"elementor-container elementor-column-gap-default\">\n\t\t\t\t\t<div class=\"elementor-column elementor-col-100 elementor-top-column elementor-element elementor-element-682d881\" data-id=\"682d881\" data-element_type=\"column\">\n\t\t\t<div class=\"elementor-widget-wrap elementor-element-populated\">\n\t\t\t\t\t\t<div class=\"elementor-element elementor-element-a499441 elementor-widget elementor-widget-video\" data-id=\"a499441\" data-element_type=\"widget\" data-settings=\"{&quot;youtube_url&quot;:&quot;https:\\\/\\\/youtu.be\\\/v0C7DSRyspk&quot;,&quot;video_type&quot;:&quot;youtube&quot;,&quot;controls&quot;:&quot;yes&quot;}\" data-widget_type=\"video.default\">\n\t\t\t\t<div class=\"elementor-widget-container\">\n\t\t\t\t\t<div class=\"elementor-wrapper elementor-open-inline\">\n\t\t\t<div class=\"elementor-video\"><\/div>\t\t<\/div>\n\t\t\t\t<\/div>\n\t\t\t\t<\/div>\n\t\t\t\t\t<\/div>\n\t\t<\/div>\n\t\t\t\t\t<\/div>\n\t\t<\/section>\n\t\t\t\t<\/div>\n\t\t","protected":false},"excerpt":{"rendered":"<p>Orienta\u00e7\u00f5es para submiss\u00e3o de projeto no CEP CSE-Sumarezinho Orienta\u00e7\u00f5es para submiss\u00e3o do projeto Requerimento de Orienta\u00e7\u00f5es para a realiza\u00e7\u00e3o de projeto de pesquisa no CSE Sumarezinho Fluxo do processo de Concord\u00e2ncia Projeto Pesquisa \u2013 CAPP\/SMS Orienta\u00e7\u00f5es para submiss\u00e3o de projeto no CEP HCFMRP e na UPC (Unidade de Pesquisa Cl\u00ednica) Orienta\u00e7\u00f5es para submiss\u00e3o do projeto(O [&hellip;]<\/p>\n","protected":false},"author":635,"featured_media":0,"parent":0,"menu_order":0,"comment_status":"closed","ping_status":"closed","template":"","meta":{"ocean_post_layout":"","ocean_both_sidebars_style":"","ocean_both_sidebars_content_width":0,"ocean_both_sidebars_sidebars_width":0,"ocean_sidebar":"0","ocean_second_sidebar":"0","ocean_disable_margins":"enable","ocean_add_body_class":"","ocean_shortcode_before_top_bar":"","ocean_shortcode_after_top_bar":"","ocean_shortcode_before_header":"","ocean_shortcode_after_header":"","ocean_has_shortcode":"","ocean_shortcode_after_title":"","ocean_shortcode_before_footer_widgets":"","ocean_shortcode_after_footer_widgets":"","ocean_shortcode_before_footer_bottom":"","ocean_shortcode_after_footer_bottom":"","ocean_display_top_bar":"default","ocean_display_header":"default","ocean_header_style":"","ocean_center_header_left_menu":"0","ocean_custom_header_template":"0","ocean_custom_logo":0,"ocean_custom_retina_logo":0,"ocean_custom_logo_max_width":0,"ocean_custom_logo_tablet_max_width":0,"ocean_custom_logo_mobile_max_width":0,"ocean_custom_logo_max_height":0,"ocean_custom_logo_tablet_max_height":0,"ocean_custom_logo_mobile_max_height":0,"ocean_header_custom_menu":"0","ocean_menu_typo_font_family":"0","ocean_menu_typo_font_subset":"","ocean_menu_typo_font_size":0,"ocean_menu_typo_font_size_tablet":0,"ocean_menu_typo_font_size_mobile":0,"ocean_menu_typo_font_size_unit":"px","ocean_menu_typo_font_weight":"","ocean_menu_typo_font_weight_tablet":"","ocean_menu_typo_font_weight_mobile":"","ocean_menu_typo_transform":"","ocean_menu_typo_transform_tablet":"","ocean_menu_typo_transform_mobile":"","ocean_menu_typo_line_height":0,"ocean_menu_typo_line_height_tablet":0,"ocean_menu_typo_line_height_mobile":0,"ocean_menu_typo_line_height_unit":"","ocean_menu_typo_spacing":0,"ocean_menu_typo_spacing_tablet":0,"ocean_menu_typo_spacing_mobile":0,"ocean_menu_typo_spacing_unit":"","ocean_menu_link_color":"","ocean_menu_link_color_hover":"","ocean_menu_link_color_active":"","ocean_menu_link_background":"","ocean_menu_link_hover_background":"","ocean_menu_link_active_background":"","ocean_menu_social_links_bg":"","ocean_menu_social_hover_links_bg":"","ocean_menu_social_links_color":"","ocean_menu_social_hover_links_color":"","ocean_disable_title":"default","ocean_disable_heading":"default","ocean_post_title":"","ocean_post_subheading":"","ocean_post_title_style":"","ocean_post_title_background_color":"","ocean_post_title_background":0,"ocean_post_title_bg_image_position":"","ocean_post_title_bg_image_attachment":"","ocean_post_title_bg_image_repeat":"","ocean_post_title_bg_image_size":"","ocean_post_title_height":0,"ocean_post_title_bg_overlay":0.5,"ocean_post_title_bg_overlay_color":"","ocean_disable_breadcrumbs":"default","ocean_breadcrumbs_color":"","ocean_breadcrumbs_separator_color":"","ocean_breadcrumbs_links_color":"","ocean_breadcrumbs_links_hover_color":"","ocean_display_footer_widgets":"default","ocean_display_footer_bottom":"default","ocean_custom_footer_template":"0","footnotes":"","_links_to":"","_links_to_target":""},"class_list":["post-2391","page","type-page","status-publish","hentry","entry"],"_links":{"self":[{"href":"https:\/\/sites.usp.br\/praticaempesquisa\/wp-json\/wp\/v2\/pages\/2391","targetHints":{"allow":["GET"]}}],"collection":[{"href":"https:\/\/sites.usp.br\/praticaempesquisa\/wp-json\/wp\/v2\/pages"}],"about":[{"href":"https:\/\/sites.usp.br\/praticaempesquisa\/wp-json\/wp\/v2\/types\/page"}],"author":[{"embeddable":true,"href":"https:\/\/sites.usp.br\/praticaempesquisa\/wp-json\/wp\/v2\/users\/635"}],"replies":[{"embeddable":true,"href":"https:\/\/sites.usp.br\/praticaempesquisa\/wp-json\/wp\/v2\/comments?post=2391"}],"version-history":[{"count":4,"href":"https:\/\/sites.usp.br\/praticaempesquisa\/wp-json\/wp\/v2\/pages\/2391\/revisions"}],"predecessor-version":[{"id":3072,"href":"https:\/\/sites.usp.br\/praticaempesquisa\/wp-json\/wp\/v2\/pages\/2391\/revisions\/3072"}],"wp:attachment":[{"href":"https:\/\/sites.usp.br\/praticaempesquisa\/wp-json\/wp\/v2\/media?parent=2391"}],"curies":[{"name":"wp","href":"https:\/\/api.w.org\/{rel}","templated":true}]}}