{"id":1051,"date":"2020-12-21T14:57:27","date_gmt":"2020-12-21T17:57:27","guid":{"rendered":"https:\/\/sites.usp.br\/previr\/?page_id=1051"},"modified":"2021-01-14T11:54:26","modified_gmt":"2021-01-14T14:54:26","slug":"observatorio","status":"publish","type":"page","link":"https:\/\/sites.usp.br\/previr\/observatorio\/","title":{"rendered":"Observat\u00f3rios"},"content":{"rendered":"<div id=\"pl-1051\"  class=\"panel-layout\" ><div id=\"pg-1051-0\"  class=\"panel-grid panel-has-style\" ><div class=\"siteorigin-panels-stretch panel-row-style panel-row-style-for-1051-0\" data-stretch-type=\"full\" ><div id=\"pgc-1051-0-0\"  class=\"panel-grid-cell panel-grid-cell-empty\" ><\/div><\/div><\/div><div id=\"pg-1051-1\"  class=\"panel-grid panel-no-style\" ><div id=\"pgc-1051-1-0\"  class=\"panel-grid-cell\" ><div id=\"panel-1051-1-0-0\" class=\"so-panel widget widget_sow-image panel-first-child panel-last-child\" data-index=\"0\" ><div class=\"panel-widget-style panel-widget-style-for-1051-1-0-0\" ><div\n\t\t\t\n\t\t\tclass=\"so-widget-sow-image so-widget-sow-image-default-4e6925654b7a-1051\"\n\t\t\t\n\t\t>\n<div class=\"sow-image-container\">\n\t\t<img \n\tsrc=\"https:\/\/sites.usp.br\/previr\/wp-content\/uploads\/sites\/821\/2020\/12\/OBSERVATORIOS-e1608572148624.png\" width=\"502\" height=\"60\" sizes=\"(max-width: 502px) 100vw, 502px\" title=\"OBSERVATORIOS\" alt=\"\" \t\tclass=\"so-widget-image\"\/>\n\t<\/div>\n\n<\/div><\/div><\/div><\/div><\/div><div id=\"pg-1051-2\"  class=\"panel-grid panel-no-style\" ><div id=\"pgc-1051-2-0\"  class=\"panel-grid-cell\" ><div id=\"panel-1051-2-0-0\" class=\"so-panel widget widget_sow-editor panel-first-child panel-last-child\" data-index=\"1\" ><div class=\"observatory panel-widget-style panel-widget-style-for-1051-2-0-0\" ><div\n\t\t\t\n\t\t\tclass=\"so-widget-sow-editor so-widget-sow-editor-base\"\n\t\t\t\n\t\t>\n<div class=\"siteorigin-widget-tinymce textwidget\">\n\t<h1>Mata Atl\u00e2ntica e Amaz\u00f4nia<\/h1>\n<p><a href=\"https:\/\/sites.usp.br\/previr\/wp-content\/uploads\/sites\/821\/2021\/01\/Observato\u0301rios-Mata-Atla\u0302ntica-e-Amazo\u0302nia.jpeg\"><img decoding=\"async\" class=\"alignright wp-image-1076 size-full\" style=\"margin-left: 40px;\" src=\"https:\/\/sites.usp.br\/previr\/wp-content\/uploads\/sites\/821\/2021\/01\/Observato\u0301rios-Mata-Atla\u0302ntica-e-Amazo\u0302nia.jpeg\" alt=\"\" width=\"40%\" srcset=\"https:\/\/sites.usp.br\/previr\/wp-content\/uploads\/sites\/821\/2021\/01\/Observato\u0301rios-Mata-Atla\u0302ntica-e-Amazo\u0302nia.jpeg 1280w, https:\/\/sites.usp.br\/previr\/wp-content\/uploads\/sites\/821\/2021\/01\/Observato\u0301rios-Mata-Atla\u0302ntica-e-Amazo\u0302nia-300x208.jpeg 300w, https:\/\/sites.usp.br\/previr\/wp-content\/uploads\/sites\/821\/2021\/01\/Observato\u0301rios-Mata-Atla\u0302ntica-e-Amazo\u0302nia-1024x711.jpeg 1024w, https:\/\/sites.usp.br\/previr\/wp-content\/uploads\/sites\/821\/2021\/01\/Observato\u0301rios-Mata-Atla\u0302ntica-e-Amazo\u0302nia-768x533.jpeg 768w, https:\/\/sites.usp.br\/previr\/wp-content\/uploads\/sites\/821\/2021\/01\/Observato\u0301rios-Mata-Atla\u0302ntica-e-Amazo\u0302nia-400x278.jpeg 400w\" sizes=\"(max-width: 1280px) 100vw, 1280px\" \/><\/a><\/p>\n<p class=\"p1\" style=\"font-size: 1.4em; text-align: justify;\">Observat\u00f3rios s\u00e3o locais de monitoramento cont\u00ednuo de fen\u00f4menos naturais, esp\u00e9cies ou popula\u00e7\u00f5es biol\u00f3gicas, e seus movimentos, acompanhando flutua\u00e7\u00f5es e tend\u00eancias, em alguns casos acompanhadas de atividades de divulga\u00e7\u00e3o cient\u00edfica e comunica\u00e7\u00e3o com o p\u00fablico. No mundo inteiro, popula\u00e7\u00f5es ou esp\u00e9cies animais s\u00e3o objetos de interesse devido a movimentos sazonais, como migra\u00e7\u00f5es), flutua\u00e7\u00f5es em n\u00fameros, ou mesmo aspectos epidemiol\u00f3gicos.<\/p>\n<p class=\"p1\" style=\"font-size: 1.4em; text-align: justify;\">Como parte do PREVIR, pretende-se o estabelecimento de locais onde as popula\u00e7\u00f5es de quir\u00f3pteros e de aves ser\u00e3o continuamente monitoradas, com coletas de amostras para a detec\u00e7\u00e3o de pat\u00f3genos. Como centro das atividades encontram-se as cidades de Manaus (AM) e S\u00e3o Paulo (SP), onde programas similares j\u00e1 foram estabelecidos. A localiza\u00e7\u00e3o destes dois polos de monitoramento \u00e9 estrat\u00e9gica no que diz respeito \u00e0s migra\u00e7\u00f5es de aves, posto que representam locais de encontro entre grupos de esp\u00e9cies migrat\u00f3rias vindas de diferentes regi\u00f5es.<\/p>\n<p class=\"p1\" style=\"font-size: 1.4em; text-align: justify;\">Al\u00e9m de localidades situadas dentro ou no entorno destas duas grandes cidades (SP: Instituto Butantan, Parques Municipais; AM: Reserva Ducke e PDBFF), pretende-se acompanhar periodicamente as popula\u00e7\u00f5es de quir\u00f3pteros e aves em \u00e1reas um pouco mais afastadas de centros urbanos (Iranduba \u2013 AM e S\u00e3o Louren\u00e7o da Serra<span class=\"Apple-converted-space\">\u00a0 <\/span>- SP). Outras localidades na Regi\u00e3o Sudeste poder\u00e3o fazer parte desta rede, sendo amostradas com periodicidade menor: Ribeir\u00e3o Preto (SP), Paraty (RJ), Parque Nacional do Itatiaia (RJ, MG e SP).<\/p>\n<p class=\"p1\" style=\"font-size: 1.4em; text-align: justify;\">O estabelecimento dos Observat\u00f3rios de Mam\u00edferos e Aves nestas duas diferentes regi\u00f5es do Brasil tem como objetivos (1) o monitoramento de longo prazo das popula\u00e7\u00f5es, associado a estudos populacionais, de migra\u00e7\u00e3o e de hist\u00f3ria natural, aumentando o conhecimento sobre sua biologia e potencial como reservat\u00f3rios silvestres de pat\u00f3genos; (2) a vigil\u00e2ncia epidemiol\u00f3gica com foco em pat\u00f3genos emergentes e potencialmente patog\u00eanicos (3) promover a conserva\u00e7\u00e3o e a divulga\u00e7\u00e3o cient\u00edfica atrav\u00e9s de atividades voltadas ao p\u00fablico, objetivando aumentar a percep\u00e7\u00e3o sobre a import\u00e2ncia da preserva\u00e7\u00e3o do meio ambiente e sua rela\u00e7\u00e3o com a sa\u00fade humana.<\/p>\n<h2 class=\"p1\">Estrutura<\/h2>\n<p class=\"p1\" style=\"font-size: 1.4em; text-align: justify;\">Observat\u00f3rio de Aves e Quir\u00f3pteros com pontos de monitoramento em periodicidades diferentes, estruturados para a captura de esp\u00e9cimes atrav\u00e9s de redes de neblina e outros m\u00e9todos e para a coleta e an\u00e1lise de amostras biol\u00f3gicas, tendo como centro as cidades de Manaus e S\u00e3o Paulo, e estendendo-se na medida do poss\u00edvel para outras localidades amaz\u00f4nicas e na Mata Atl\u00e2ntica.<\/p>\n<h2 class=\"p1\">Protocolos<\/h2>\n<p class=\"p1\" style=\"font-size: 1.4em; text-align: justify;\">Utilizar modelo padronizado no Instituto Butant\u00e3, para implementar procedimentos a serem adotados por outros Observat\u00f3rios e em pontos de monitoramento diversos.<\/p>\n<p class=\"p1\" style=\"font-size: 1.4em; text-align: justify;\">Vigil\u00e2ncia ativa de agentes de import\u00e2ncia em sa\u00fade p\u00fablica, como coronav\u00edrus, incluindo o SARS-CoV-2, v\u00edrus de influenza, v\u00edrus da febre do Nilo, entre outros.<\/p>\n<h2 class=\"p1\">Dados<\/h2>\n<p class=\"p1\" style=\"font-size: 1.4em; text-align: justify;\">Os dados coletados s\u00e3o armazenados e analisados nos laborat\u00f3rios que comp\u00f5em a rede, utilizando um protocolo \u00fanico, mas cada laborat\u00f3rio trabalha de forma independe; os resultados obtidos s\u00e3o centralizados em uma plataforma \u00fanica.<\/p>\n<h2 class=\"p1\">Parceiros<\/h2>\n<p class=\"p1\" style=\"font-size: 1.4em; text-align: justify;\">INPA (Manaus), MUSA (Manaus), USP (S\u00e3o Paulo), Observat\u00f3rio de Aves da Mantiqueira (Minas Gerais) e DEPAVE (S\u00e3o Paulo).<\/p>\n<h2 class=\"p1\">Localidades<\/h2>\n<p class=\"p1\" style=\"font-size: 1.4em; text-align: justify;\">Bases: Instituto Butantan e INPA.<\/p>\n<p class=\"p1\" style=\"font-size: 1.4em; text-align: justify;\">Pontos de monitoramento e coleta permanentes: Reserva Ducke e PDBFF dentro e no entorno de Manaus, Instituto Butantan em S\u00e3o Paulo, S\u00e3o Paulo, e \u00e1reas preservadas de matas cont\u00ednuas em S\u00e3o Louren\u00e7o da Serra, S\u00e3o Paulo.<\/p>\n<p class=\"p1\" style=\"font-size: 1.4em; text-align: justify;\">Pontos de monitoramento eventuais: Paraty, RJ; Parque Nacional do Itatiaia (MG, RJ e SP); \u00e1reas agr\u00edcolas em torno de Ribeir\u00e3o Preto; outras \u00e1reas protegidas e Parques Municipais na cidade de S\u00e3o Paulo.<\/p>\n<\/div>\n<\/div><\/div><\/div><\/div><\/div><\/div>","protected":false},"excerpt":{"rendered":"<p>Mata Atl\u00e2ntica e Amaz\u00f4nia Observat\u00f3rios s\u00e3o locais de monitoramento cont\u00ednuo de fen\u00f4menos naturais, esp\u00e9cies ou popula\u00e7\u00f5es biol\u00f3gicas, e seus movimentos, acompanhando flutua\u00e7\u00f5es e tend\u00eancias, em alguns casos acompanhadas de atividades de divulga\u00e7\u00e3o cient\u00edfica e comunica\u00e7\u00e3o com o p\u00fablico. No mundo inteiro, popula\u00e7\u00f5es ou esp\u00e9cies animais s\u00e3o objetos de interesse devido a movimentos sazonais, como migra\u00e7\u00f5es), [&hellip;]<\/p>\n","protected":false},"author":22125,"featured_media":0,"parent":0,"menu_order":0,"comment_status":"closed","ping_status":"closed","template":"","meta":{"footnotes":"","_links_to":"","_links_to_target":""},"class_list":["post-1051","page","type-page","status-publish","hentry","entry"],"_links":{"self":[{"href":"https:\/\/sites.usp.br\/previr\/wp-json\/wp\/v2\/pages\/1051","targetHints":{"allow":["GET"]}}],"collection":[{"href":"https:\/\/sites.usp.br\/previr\/wp-json\/wp\/v2\/pages"}],"about":[{"href":"https:\/\/sites.usp.br\/previr\/wp-json\/wp\/v2\/types\/page"}],"author":[{"embeddable":true,"href":"https:\/\/sites.usp.br\/previr\/wp-json\/wp\/v2\/users\/22125"}],"replies":[{"embeddable":true,"href":"https:\/\/sites.usp.br\/previr\/wp-json\/wp\/v2\/comments?post=1051"}],"version-history":[{"count":4,"href":"https:\/\/sites.usp.br\/previr\/wp-json\/wp\/v2\/pages\/1051\/revisions"}],"predecessor-version":[{"id":1092,"href":"https:\/\/sites.usp.br\/previr\/wp-json\/wp\/v2\/pages\/1051\/revisions\/1092"}],"wp:attachment":[{"href":"https:\/\/sites.usp.br\/previr\/wp-json\/wp\/v2\/media?parent=1051"}],"curies":[{"name":"wp","href":"https:\/\/api.w.org\/{rel}","templated":true}]}}