{"id":111,"date":"2017-03-27T00:01:13","date_gmt":"2017-03-27T02:01:13","guid":{"rendered":"http:\/\/sites.usp.br\/vigianimal\/?page_id=111"},"modified":"2023-01-16T20:35:42","modified_gmt":"2023-01-16T23:35:42","slug":"sobre","status":"publish","type":"page","link":"https:\/\/sites.usp.br\/previr\/sobre\/","title":{"rendered":"Sobre"},"content":{"rendered":"<div id=\"pl-111\"  class=\"panel-layout\" ><div id=\"pg-111-0\"  class=\"panel-grid panel-has-style\" ><div class=\"siteorigin-panels-stretch panel-row-style panel-row-style-for-111-0\" data-stretch-type=\"full\" ><div id=\"pgc-111-0-0\"  class=\"panel-grid-cell panel-grid-cell-empty\" ><\/div><\/div><\/div><div id=\"pg-111-1\"  class=\"panel-grid panel-no-style\" ><div id=\"pgc-111-1-0\"  class=\"panel-grid-cell\" ><div id=\"panel-111-1-0-0\" class=\"so-panel widget widget_sow-image panel-first-child panel-last-child\" data-index=\"0\" ><div class=\"panel-widget-style panel-widget-style-for-111-1-0-0\" ><div\n\t\t\t\n\t\t\tclass=\"so-widget-sow-image so-widget-sow-image-default-4e6925654b7a-111\"\n\t\t\t\n\t\t>\n<div class=\"sow-image-container\">\n\t\t<img \n\tsrc=\"https:\/\/sites.usp.br\/previr\/wp-content\/uploads\/sites\/821\/2020\/12\/SOBRE-e1608572132896.png\" width=\"398\" height=\"60\" sizes=\"(max-width: 398px) 100vw, 398px\" title=\"SOBRE\" alt=\"\" \t\tclass=\"so-widget-image\"\/>\n\t<\/div>\n\n<\/div><\/div><\/div><\/div><\/div><div id=\"pg-111-2\"  class=\"panel-grid panel-no-style\" ><div id=\"pgc-111-2-0\"  class=\"panel-grid-cell\" ><div id=\"panel-111-2-0-0\" class=\"so-panel widget widget_sow-editor panel-first-child panel-last-child\" data-index=\"1\" ><div\n\t\t\t\n\t\t\tclass=\"so-widget-sow-editor so-widget-sow-editor-base\"\n\t\t\t\n\t\t>\n<div class=\"siteorigin-widget-tinymce textwidget\">\n\t<p><a href=\"https:\/\/sites.usp.br\/previr\/wp-content\/uploads\/sites\/821\/2020\/12\/infografico_square.png\"><img decoding=\"async\" class=\"alignright wp-image-1021 size-full\" style=\"margin-left: 40px;\" src=\"https:\/\/sites.usp.br\/previr\/wp-content\/uploads\/sites\/821\/2020\/12\/infografico_square.png\" alt=\"\" width=\"40%\" srcset=\"https:\/\/sites.usp.br\/previr\/wp-content\/uploads\/sites\/821\/2020\/12\/infografico_square.png 1946w, https:\/\/sites.usp.br\/previr\/wp-content\/uploads\/sites\/821\/2020\/12\/infografico_square-300x300.png 300w, https:\/\/sites.usp.br\/previr\/wp-content\/uploads\/sites\/821\/2020\/12\/infografico_square-1024x1024.png 1024w, https:\/\/sites.usp.br\/previr\/wp-content\/uploads\/sites\/821\/2020\/12\/infografico_square-150x150.png 150w, https:\/\/sites.usp.br\/previr\/wp-content\/uploads\/sites\/821\/2020\/12\/infografico_square-768x768.png 768w, https:\/\/sites.usp.br\/previr\/wp-content\/uploads\/sites\/821\/2020\/12\/infografico_square-1536x1536.png 1536w, https:\/\/sites.usp.br\/previr\/wp-content\/uploads\/sites\/821\/2020\/12\/infografico_square-45x45.png 45w, https:\/\/sites.usp.br\/previr\/wp-content\/uploads\/sites\/821\/2020\/12\/infografico_square-200x200.png 200w, https:\/\/sites.usp.br\/previr\/wp-content\/uploads\/sites\/821\/2020\/12\/infografico_square-400x400.png 400w\" sizes=\"(max-width: 1946px) 100vw, 1946px\" \/><\/a><\/p>\n<p class=\"p1\" style=\"font-size: 1.4em; text-align: justify;\">As zoonoses s\u00e3o doen\u00e7as transmitidas naturalmente de animais para pessoas e consistem na maioria das novas doen\u00e7as infecciosas, assim como em algumas j\u00e1 existentes. Essa transmiss\u00e3o dos animais para as pessoas pode ocorrer atrav\u00e9s do ambiente e de alimentos ou pelo contato direto com os animais.<\/p>\n<p class=\"p1\" style=\"font-size: 1.4em; text-align: justify;\">Os surtos de doen\u00e7as infecciosas est\u00e3o cada vez mais comuns, como resultado das r\u00e1pidas e extensas mudan\u00e7as globais que se inter-relacionam e das altera\u00e7\u00f5es em torno das popula\u00e7\u00f5es humanas, de outros animais (silvestres ou dom\u00e9sticos) e do ambiente natural. Por consequ\u00eancia, podem dar origem a processos que alteram o fr\u00e1gil equil\u00edbrio e a intera\u00e7\u00e3o complexa entre as popula\u00e7\u00f5es humanas, os animais e os ecossistemas, chegando ao ponto de criar condi\u00e7\u00f5es para que ocorram surtos de novas doen\u00e7as infecciosas em animais e, inclusive, em humanos.<\/p>\n<p class=\"p1\" style=\"font-size: 1.4em; text-align: justify;\">S\u00e3o v\u00e1rios os fatores decorrentes das extensas mudan\u00e7as globais que facilitam o surgimento e a dissemina\u00e7\u00e3o de novas doen\u00e7as infecciosas, como as densas popula\u00e7\u00f5es humanas, os grandes aeroportos de conex\u00f5es, as altera\u00e7\u00f5es no clima, no manejo da \u00e1gua, na fiscaliza\u00e7\u00e3o dos riscos associados a viagens internacionais e importa\u00e7\u00f5es, nos m\u00e9todos de cria\u00e7\u00e3o de animais para consumo e na oficializa\u00e7\u00e3o de mercados onde as pessoas podem comprar animais silvestres para o consumo.<\/p>\n<p class=\"p1\" style=\"font-size: 1.4em; text-align: justify;\">Nos \u00faltimos anos, temos tratado as pandemias simplesmente reagindo \u00e0 crise. Assim que elas acontecem, apenas esperamos que uma vacina ou medicamento seja desenvolvido de forma r\u00e1pida. Entretanto, al\u00e9m de trabalharmos na resposta, precisamos come\u00e7ar a trabalhar na preven\u00e7\u00e3o. Uma das maneiras de prever doen\u00e7as zoon\u00f3ticas \u00e9 voltar a pesquisar locais onde as popula\u00e7\u00f5es humanas v\u00eam alterando mais fortemente os ambientes naturais, desde \u00e1reas urbanas at\u00e9 aquelas onde s\u00e3o desenvolvidas atividades agr\u00edcolas de larga ou pequena escala. De forma complementar, \u00e9 importante monitorar tamb\u00e9m o ambiente silvestre ainda preservado.<\/p>\n<p class=\"p1\" style=\"font-size: 1.4em; text-align: justify;\">Ao mesmo tempo em que o Brasil \u00e9 um pa\u00eds megadiverso, as atividades humanas favorecem a r\u00e1pida altera\u00e7\u00e3o de <i>habitat<\/i>, o consumo de ca\u00e7a e o tr\u00e1fico de animais silvestres, aumentando, dessa forma, a possibilidade de intera\u00e7\u00f5es entre popula\u00e7\u00f5es humanas e a fauna silvestre.<\/p>\n<p class=\"p1\" style=\"font-size: 1.4em; text-align: justify;\">O PREVIR, Rede Nacional de Vigil\u00e2ncia de V\u00edrus em Animais Silvestres, tem a finalidade de melhorar a sa\u00fade mediante o contexto da Sa\u00fade \u00danica ou \u201c<i>One Health<\/i>\u201d, que reconhece as inter-rela\u00e7\u00f5es entre as pessoas, animais, plantas e o ambiente em que eles s\u00e3o inseridos, formando uma \u00fanica sa\u00fade. Com o PREVIR, ser\u00e3o investigados a correla\u00e7\u00e3o entre a perda e a altera\u00e7\u00e3o de habitat, a proximidade de popula\u00e7\u00f5es humanas, a biologia de esp\u00e9cies silvestres, a exist\u00eancia de pat\u00f3genos circulantes e o potencial pand\u00eamico dos pat\u00f3genos identificados. Assim, o PREVIR atua n\u00e3o somente num contexto de sa\u00fade \u00fanica em \u00e2mbito nacional, mas tamb\u00e9m prevenindo e alertando sobre poss\u00edveis pat\u00f3genos pand\u00eamicos.<\/p>\n<\/div>\n<\/div><\/div><\/div><\/div><div id=\"pg-111-3\"  class=\"panel-grid panel-no-style\" ><div id=\"pgc-111-3-0\"  class=\"panel-grid-cell\" ><div id=\"panel-111-3-0-0\" class=\"so-panel widget widget_sow-editor panel-first-child panel-last-child\" data-index=\"2\" ><div\n\t\t\t\n\t\t\tclass=\"so-widget-sow-editor so-widget-sow-editor-base\"\n\t\t\t\n\t\t>\n<div class=\"siteorigin-widget-tinymce textwidget\">\n\t<h2>Institui\u00e7\u00f5es Executantes<\/h2>\n<\/div>\n<\/div><\/div><\/div><\/div><div id=\"pg-111-4\"  class=\"panel-grid panel-no-style\" ><div id=\"pgc-111-4-0\"  class=\"panel-grid-cell\" ><div id=\"panel-111-4-0-0\" class=\"so-panel widget widget_sow-editor panel-first-child panel-last-child\" data-index=\"3\" ><div\n\t\t\t\n\t\t\tclass=\"so-widget-sow-editor so-widget-sow-editor-base\"\n\t\t\t\n\t\t>\n<div class=\"siteorigin-widget-tinymce textwidget\">\n\t<p style=\"text-align: center;\"><a href=\"https:\/\/sites.usp.br\/previr\/wp-content\/uploads\/sites\/821\/2021\/01\/logo-usp.png\"><img loading=\"lazy\" decoding=\"async\" class=\"aligncenter wp-image-1110 size-full\" src=\"https:\/\/sites.usp.br\/previr\/wp-content\/uploads\/sites\/821\/2021\/01\/logo-usp.png\" alt=\"\" width=\"258\" height=\"210\" \/><\/a><\/p>\n<\/div>\n<\/div><\/div><\/div><div id=\"pgc-111-4-1\"  class=\"panel-grid-cell\" ><div id=\"panel-111-4-1-0\" class=\"so-panel widget widget_sow-editor panel-first-child panel-last-child\" data-index=\"4\" ><div\n\t\t\t\n\t\t\tclass=\"so-widget-sow-editor so-widget-sow-editor-base\"\n\t\t\t\n\t\t>\n<div class=\"siteorigin-widget-tinymce textwidget\">\n\t<p><a href=\"https:\/\/sites.usp.br\/previr\/wp-content\/uploads\/sites\/821\/2021\/01\/logo-unicamp.png\"><img loading=\"lazy\" decoding=\"async\" class=\"wp-image-1109 size-full aligncenter\" src=\"https:\/\/sites.usp.br\/previr\/wp-content\/uploads\/sites\/821\/2021\/01\/logo-unicamp.png\" alt=\"\" width=\"258\" height=\"210\" \/><\/a><\/p>\n<\/div>\n<\/div><\/div><\/div><div id=\"pgc-111-4-2\"  class=\"panel-grid-cell\" ><div id=\"panel-111-4-2-0\" class=\"so-panel widget widget_sow-editor panel-first-child panel-last-child\" data-index=\"5\" ><div\n\t\t\t\n\t\t\tclass=\"so-widget-sow-editor so-widget-sow-editor-base\"\n\t\t\t\n\t\t>\n<div class=\"siteorigin-widget-tinymce textwidget\">\n\t<p style=\"text-align: center;\"><a href=\"https:\/\/sites.usp.br\/previr\/wp-content\/uploads\/sites\/821\/2021\/01\/logo-ufrpe.png\"><img loading=\"lazy\" decoding=\"async\" class=\"aligncenter wp-image-1108 size-full\" src=\"https:\/\/sites.usp.br\/previr\/wp-content\/uploads\/sites\/821\/2021\/01\/logo-ufrpe.png\" alt=\"\" width=\"258\" height=\"210\" \/><\/a><\/p>\n<\/div>\n<\/div><\/div><\/div><div id=\"pgc-111-4-3\"  class=\"panel-grid-cell\" ><div id=\"panel-111-4-3-0\" class=\"so-panel widget widget_sow-editor panel-first-child panel-last-child\" data-index=\"6\" ><div\n\t\t\t\n\t\t\tclass=\"so-widget-sow-editor so-widget-sow-editor-base\"\n\t\t\t\n\t\t>\n<div class=\"siteorigin-widget-tinymce textwidget\">\n\t<p style=\"text-align: center;\"><a href=\"https:\/\/sites.usp.br\/previr\/wp-content\/uploads\/sites\/821\/2021\/01\/logo-ufmt.png\"><img loading=\"lazy\" decoding=\"async\" class=\"alignnone wp-image-1107 size-full\" src=\"https:\/\/sites.usp.br\/previr\/wp-content\/uploads\/sites\/821\/2021\/01\/logo-ufmt.png\" alt=\"\" width=\"258\" height=\"210\" \/><\/a><\/p>\n<\/div>\n<\/div><\/div><\/div><\/div><div id=\"pg-111-5\"  class=\"panel-grid panel-no-style\" ><div id=\"pgc-111-5-0\"  class=\"panel-grid-cell\" ><div id=\"panel-111-5-0-0\" class=\"so-panel widget widget_sow-editor panel-first-child panel-last-child\" data-index=\"7\" ><div\n\t\t\t\n\t\t\tclass=\"so-widget-sow-editor so-widget-sow-editor-base\"\n\t\t\t\n\t\t>\n<div class=\"siteorigin-widget-tinymce textwidget\">\n\t<p style=\"text-align: center;\"><a href=\"https:\/\/sites.usp.br\/previr\/wp-content\/uploads\/sites\/821\/2021\/01\/logo-ib.png\"><img loading=\"lazy\" decoding=\"async\" class=\"wp-image-1106 size-full aligncenter\" src=\"https:\/\/sites.usp.br\/previr\/wp-content\/uploads\/sites\/821\/2021\/01\/logo-ib.png\" alt=\"\" width=\"258\" height=\"210\" \/><\/a><\/p>\n<\/div>\n<\/div><\/div><\/div><div id=\"pgc-111-5-1\"  class=\"panel-grid-cell\" ><div id=\"panel-111-5-1-0\" class=\"so-panel widget widget_sow-editor panel-first-child panel-last-child\" data-index=\"8\" ><div\n\t\t\t\n\t\t\tclass=\"so-widget-sow-editor so-widget-sow-editor-base\"\n\t\t\t\n\t\t>\n<div class=\"siteorigin-widget-tinymce textwidget\">\n\t<p><a href=\"https:\/\/sites.usp.br\/previr\/wp-content\/uploads\/sites\/821\/2021\/01\/logo-fiocruz.png\"><img loading=\"lazy\" decoding=\"async\" class=\"wp-image-1105 size-full aligncenter\" src=\"https:\/\/sites.usp.br\/previr\/wp-content\/uploads\/sites\/821\/2021\/01\/logo-fiocruz.png\" alt=\"\" width=\"258\" height=\"210\" \/><\/a><\/p>\n<\/div>\n<\/div><\/div><\/div><div id=\"pgc-111-5-2\"  class=\"panel-grid-cell\" ><div id=\"panel-111-5-2-0\" class=\"so-panel widget widget_sow-editor panel-first-child panel-last-child\" data-index=\"9\" ><div\n\t\t\t\n\t\t\tclass=\"so-widget-sow-editor so-widget-sow-editor-base\"\n\t\t\t\n\t\t>\n<div class=\"siteorigin-widget-tinymce textwidget\">\n\t<p style=\"text-align: center;\"><a href=\"https:\/\/sites.usp.br\/previr\/wp-content\/uploads\/sites\/821\/2021\/01\/logo-ipasteur.png\"><img loading=\"lazy\" decoding=\"async\" class=\"wp-image-1104 size-full aligncenter\" src=\"https:\/\/sites.usp.br\/previr\/wp-content\/uploads\/sites\/821\/2021\/01\/logo-ipasteur.png\" alt=\"\" width=\"258\" height=\"210\" \/><\/a><\/p>\n<\/div>\n<\/div><\/div><\/div><div id=\"pgc-111-5-3\"  class=\"panel-grid-cell\" ><div id=\"panel-111-5-3-0\" class=\"so-panel widget widget_sow-editor panel-first-child panel-last-child\" data-index=\"10\" ><div\n\t\t\t\n\t\t\tclass=\"so-widget-sow-editor so-widget-sow-editor-base\"\n\t\t\t\n\t\t>\n<div class=\"siteorigin-widget-tinymce textwidget\">\n\t<p style=\"text-align: center;\"><a href=\"https:\/\/sites.usp.br\/previr\/wp-content\/uploads\/sites\/821\/2021\/01\/logo-ufape.png\"><img loading=\"lazy\" decoding=\"async\" class=\"aligncenter wp-image-1103 size-full\" src=\"https:\/\/sites.usp.br\/previr\/wp-content\/uploads\/sites\/821\/2021\/01\/logo-ufape.png\" alt=\"\" width=\"258\" height=\"210\" \/><\/a><\/p>\n<\/div>\n<\/div><\/div><\/div><\/div><div id=\"pg-111-6\"  class=\"panel-grid panel-no-style\" ><div id=\"pgc-111-6-0\"  class=\"panel-grid-cell\" ><div id=\"panel-111-6-0-0\" class=\"so-panel widget widget_sow-editor panel-first-child panel-last-child\" data-index=\"11\" ><div\n\t\t\t\n\t\t\tclass=\"so-widget-sow-editor so-widget-sow-editor-base\"\n\t\t\t\n\t\t>\n<div class=\"siteorigin-widget-tinymce textwidget\">\n\t<p style=\"text-align: center;\"><a href=\"https:\/\/sites.usp.br\/previr\/wp-content\/uploads\/sites\/821\/2021\/01\/logo-inpp.png\"><img loading=\"lazy\" decoding=\"async\" class=\"aligncenter wp-image-1122 size-full\" src=\"https:\/\/sites.usp.br\/previr\/wp-content\/uploads\/sites\/821\/2021\/01\/logo-inpp.png\" alt=\"\" width=\"258\" height=\"210\" \/><\/a><\/p>\n<\/div>\n<\/div><\/div><\/div><div id=\"pgc-111-6-1\"  class=\"panel-grid-cell\" ><div id=\"panel-111-6-1-0\" class=\"so-panel widget widget_sow-editor panel-first-child panel-last-child\" data-index=\"12\" ><div\n\t\t\t\n\t\t\tclass=\"so-widget-sow-editor so-widget-sow-editor-base\"\n\t\t\t\n\t\t>\n<div class=\"siteorigin-widget-tinymce textwidget\">\n\t<p><a href=\"https:\/\/sites.usp.br\/previr\/wp-content\/uploads\/sites\/821\/2021\/01\/logo-inpa.png\"><img loading=\"lazy\" decoding=\"async\" class=\"wp-image-1101 size-full aligncenter\" src=\"https:\/\/sites.usp.br\/previr\/wp-content\/uploads\/sites\/821\/2021\/01\/logo-inpa.png\" alt=\"\" width=\"258\" height=\"210\" \/><\/a><\/p>\n<\/div>\n<\/div><\/div><\/div><div id=\"pgc-111-6-2\"  class=\"panel-grid-cell\" ><div id=\"panel-111-6-2-0\" class=\"so-panel widget widget_sow-editor panel-first-child panel-last-child\" data-index=\"13\" ><div\n\t\t\t\n\t\t\tclass=\"so-widget-sow-editor so-widget-sow-editor-base\"\n\t\t\t\n\t\t>\n<div class=\"siteorigin-widget-tinymce textwidget\">\n\t<p style=\"text-align: center;\"><a href=\"https:\/\/sites.usp.br\/previr\/wp-content\/uploads\/sites\/821\/2021\/01\/logo-nau.png\"><img loading=\"lazy\" decoding=\"async\" class=\"wp-image-1100 size-full aligncenter\" src=\"https:\/\/sites.usp.br\/previr\/wp-content\/uploads\/sites\/821\/2021\/01\/logo-nau.png\" alt=\"\" width=\"258\" height=\"210\" \/><\/a><\/p>\n<\/div>\n<\/div><\/div><\/div><div id=\"pgc-111-6-3\"  class=\"panel-grid-cell\" ><div id=\"panel-111-6-3-0\" class=\"so-panel widget widget_sow-editor panel-first-child panel-last-child\" data-index=\"14\" ><div\n\t\t\t\n\t\t\tclass=\"so-widget-sow-editor so-widget-sow-editor-base\"\n\t\t\t\n\t\t>\n<div class=\"siteorigin-widget-tinymce textwidget\">\n\t<p style=\"text-align: center;\"><a href=\"https:\/\/sites.usp.br\/previr\/wp-content\/uploads\/sites\/821\/2021\/01\/logo-unesc.png\"><img loading=\"lazy\" decoding=\"async\" class=\"wp-image-1099 size-full aligncenter\" src=\"https:\/\/sites.usp.br\/previr\/wp-content\/uploads\/sites\/821\/2021\/01\/logo-unesc.png\" alt=\"\" width=\"258\" height=\"210\" \/><\/a><\/p>\n<\/div>\n<\/div><\/div><\/div><\/div><div id=\"pg-111-7\"  class=\"panel-grid panel-no-style\" ><div id=\"pgc-111-7-0\"  class=\"panel-grid-cell\" ><div id=\"panel-111-7-0-0\" class=\"so-panel widget widget_sow-editor panel-first-child panel-last-child\" data-index=\"15\" ><div\n\t\t\t\n\t\t\tclass=\"so-widget-sow-editor so-widget-sow-editor-base\"\n\t\t\t\n\t\t>\n<div class=\"siteorigin-widget-tinymce textwidget\">\n\t<p style=\"text-align: center;\"><a href=\"https:\/\/sites.usp.br\/previr\/wp-content\/uploads\/sites\/821\/2021\/01\/logo-univali.png\"><img loading=\"lazy\" decoding=\"async\" class=\"wp-image-1123 size-full aligncenter\" src=\"https:\/\/sites.usp.br\/previr\/wp-content\/uploads\/sites\/821\/2021\/01\/logo-univali.png\" alt=\"\" width=\"258\" height=\"210\" \/><\/a><\/p>\n<\/div>\n<\/div><\/div><\/div><div id=\"pgc-111-7-1\"  class=\"panel-grid-cell panel-grid-cell-empty\" ><\/div><div id=\"pgc-111-7-2\"  class=\"panel-grid-cell panel-grid-cell-empty panel-grid-cell-mobile-last\" ><\/div><div id=\"pgc-111-7-3\"  class=\"panel-grid-cell panel-grid-cell-empty\" ><\/div><\/div><div id=\"pg-111-8\"  class=\"panel-grid panel-no-style\" ><div id=\"pgc-111-8-0\"  class=\"panel-grid-cell\" ><div id=\"panel-111-8-0-0\" class=\"so-panel widget widget_sow-editor panel-first-child panel-last-child\" data-index=\"16\" ><div\n\t\t\t\n\t\t\tclass=\"so-widget-sow-editor so-widget-sow-editor-base\"\n\t\t\t\n\t\t>\n<div class=\"siteorigin-widget-tinymce textwidget\">\n\t<h2>Apoio<\/h2>\n<\/div>\n<\/div><\/div><\/div><\/div><div id=\"pg-111-9\"  class=\"panel-grid panel-no-style\" ><div id=\"pgc-111-9-0\"  class=\"panel-grid-cell\" ><div id=\"panel-111-9-0-0\" class=\"so-panel widget widget_sow-editor panel-first-child panel-last-child\" data-index=\"17\" ><div\n\t\t\t\n\t\t\tclass=\"so-widget-sow-editor so-widget-sow-editor-base\"\n\t\t\t\n\t\t>\n<div class=\"siteorigin-widget-tinymce textwidget\">\n\t<p style=\"text-align: center;\"><a href=\"https:\/\/sites.usp.br\/previr\/wp-content\/uploads\/sites\/821\/2023\/01\/logo-mcti-gov-2023-vertical.png\"><img loading=\"lazy\" decoding=\"async\" class=\"alignnone wp-image-1160 size-full\" src=\"https:\/\/sites.usp.br\/previr\/wp-content\/uploads\/sites\/821\/2023\/01\/logo-mcti-gov-2023-vertical.png\" alt=\"\" width=\"363\" height=\"255\" srcset=\"https:\/\/sites.usp.br\/previr\/wp-content\/uploads\/sites\/821\/2023\/01\/logo-mcti-gov-2023-vertical.png 363w, https:\/\/sites.usp.br\/previr\/wp-content\/uploads\/sites\/821\/2023\/01\/logo-mcti-gov-2023-vertical-300x211.png 300w\" sizes=\"auto, (max-width: 363px) 100vw, 363px\" \/><\/a><\/p>\n<\/div>\n<\/div><\/div><\/div><div id=\"pgc-111-9-1\"  class=\"panel-grid-cell\" ><div id=\"panel-111-9-1-0\" class=\"so-panel widget widget_sow-editor panel-first-child panel-last-child\" data-index=\"18\" ><div\n\t\t\t\n\t\t\tclass=\"so-widget-sow-editor so-widget-sow-editor-base\"\n\t\t\t\n\t\t>\n<div class=\"siteorigin-widget-tinymce textwidget\">\n\t<p><a href=\"https:\/\/sites.usp.br\/previr\/wp-content\/uploads\/sites\/821\/2021\/01\/logo-cnpq.png\"><img loading=\"lazy\" decoding=\"async\" class=\"aligncenter wp-image-1096 size-full\" src=\"https:\/\/sites.usp.br\/previr\/wp-content\/uploads\/sites\/821\/2021\/01\/logo-cnpq.png\" alt=\"\" width=\"363\" height=\"255\" srcset=\"https:\/\/sites.usp.br\/previr\/wp-content\/uploads\/sites\/821\/2021\/01\/logo-cnpq.png 363w, https:\/\/sites.usp.br\/previr\/wp-content\/uploads\/sites\/821\/2021\/01\/logo-cnpq-300x211.png 300w\" sizes=\"auto, (max-width: 363px) 100vw, 363px\" \/><\/a><\/p>\n<\/div>\n<\/div><\/div><\/div><div id=\"pgc-111-9-2\"  class=\"panel-grid-cell\" ><div id=\"panel-111-9-2-0\" class=\"so-panel widget widget_sow-editor panel-first-child panel-last-child\" data-index=\"19\" ><div\n\t\t\t\n\t\t\tclass=\"so-widget-sow-editor so-widget-sow-editor-base\"\n\t\t\t\n\t\t>\n<div class=\"siteorigin-widget-tinymce textwidget\">\n\t<p style=\"text-align: center;\"><a href=\"https:\/\/sites.usp.br\/previr\/wp-content\/uploads\/sites\/821\/2021\/01\/logo-correios.png\"><img loading=\"lazy\" decoding=\"async\" class=\"aligncenter wp-image-1097 size-full\" src=\"https:\/\/sites.usp.br\/previr\/wp-content\/uploads\/sites\/821\/2021\/01\/logo-correios.png\" alt=\"\" width=\"363\" height=\"255\" srcset=\"https:\/\/sites.usp.br\/previr\/wp-content\/uploads\/sites\/821\/2021\/01\/logo-correios.png 363w, https:\/\/sites.usp.br\/previr\/wp-content\/uploads\/sites\/821\/2021\/01\/logo-correios-300x211.png 300w\" sizes=\"auto, (max-width: 363px) 100vw, 363px\" \/><\/a><\/p>\n<\/div>\n<\/div><\/div><\/div><\/div><\/div>","protected":false},"excerpt":{"rendered":"<p>As zoonoses s\u00e3o doen\u00e7as transmitidas naturalmente de animais para pessoas e consistem na maioria das novas doen\u00e7as infecciosas, assim como em algumas j\u00e1 existentes. Essa transmiss\u00e3o dos animais para as pessoas pode ocorrer atrav\u00e9s do ambiente e de alimentos ou pelo contato direto com os animais. Os surtos de doen\u00e7as infecciosas est\u00e3o cada vez mais [&hellip;]<\/p>\n","protected":false},"author":309,"featured_media":0,"parent":0,"menu_order":0,"comment_status":"closed","ping_status":"closed","template":"","meta":{"footnotes":"","_links_to":"","_links_to_target":""},"class_list":["post-111","page","type-page","status-publish","hentry","entry"],"_links":{"self":[{"href":"https:\/\/sites.usp.br\/previr\/wp-json\/wp\/v2\/pages\/111","targetHints":{"allow":["GET"]}}],"collection":[{"href":"https:\/\/sites.usp.br\/previr\/wp-json\/wp\/v2\/pages"}],"about":[{"href":"https:\/\/sites.usp.br\/previr\/wp-json\/wp\/v2\/types\/page"}],"author":[{"embeddable":true,"href":"https:\/\/sites.usp.br\/previr\/wp-json\/wp\/v2\/users\/309"}],"replies":[{"embeddable":true,"href":"https:\/\/sites.usp.br\/previr\/wp-json\/wp\/v2\/comments?post=111"}],"version-history":[{"count":6,"href":"https:\/\/sites.usp.br\/previr\/wp-json\/wp\/v2\/pages\/111\/revisions"}],"predecessor-version":[{"id":1164,"href":"https:\/\/sites.usp.br\/previr\/wp-json\/wp\/v2\/pages\/111\/revisions\/1164"}],"wp:attachment":[{"href":"https:\/\/sites.usp.br\/previr\/wp-json\/wp\/v2\/media?parent=111"}],"curies":[{"name":"wp","href":"https:\/\/api.w.org\/{rel}","templated":true}]}}