{"id":1548,"date":"2021-05-05T17:06:24","date_gmt":"2021-05-05T19:06:24","guid":{"rendered":"http:\/\/sites.usp.br\/print\/?page_id=1548"},"modified":"2022-03-07T14:52:18","modified_gmt":"2022-03-07T16:52:18","slug":"2019-2","status":"publish","type":"page","link":"https:\/\/sites.usp.br\/print\/calls\/2019-2\/","title":{"rendered":"Calls 2019"},"content":{"rendered":"\t\t<div data-elementor-type=\"wp-page\" data-elementor-id=\"1548\" class=\"elementor elementor-1548\">\n\t\t\t\t\t\t<section class=\"elementor-section elementor-top-section elementor-element elementor-element-43812629 elementor-section-boxed elementor-section-height-default elementor-section-height-default\" data-id=\"43812629\" data-element_type=\"section\">\n\t\t\t\t\t\t<div class=\"elementor-container elementor-column-gap-default\">\n\t\t\t\t\t<div class=\"elementor-column elementor-col-100 elementor-top-column elementor-element elementor-element-77914bc6\" data-id=\"77914bc6\" data-element_type=\"column\">\n\t\t\t<div class=\"elementor-widget-wrap elementor-element-populated\">\n\t\t\t\t\t\t<div class=\"elementor-element elementor-element-467d7ee5 elementor-widget elementor-widget-text-editor\" data-id=\"467d7ee5\" data-element_type=\"widget\" data-widget_type=\"text-editor.default\">\n\t\t\t\t<div class=\"elementor-widget-container\">\n\t\t\t\t\t\t\t<p><strong>Edital 10\/2019 &#8211; PrInt USP &#8211; Programa de Capacita\u00e7\u00e3o de Doutorandos no Exterior\u00a0 &#8211; CAP \/2019<\/strong><\/p><ul><li><a href=\"http:\/\/www.prpg.usp.br\/attachments\/article\/5825\/CircularCoPGr_562019_Print_Resultado_Final.pdf\">Resultado final<\/a><\/li><li><a href=\"http:\/\/www.prpg.usp.br\/attachments\/article\/5795\/CircularCoPGr_492019_Print_Resultado_Parcial.pdf\">Resultado parcial<\/a><\/li><li><a href=\"http:\/\/www.prpg.usp.br\/attachments\/article\/31\/RetificacaoCAP2019.pdf\">Retifica\u00e7\u00e3o<\/a><\/li><li><a href=\"https:\/\/docs.google.com\/forms\/d\/e\/1FAIpQLScWGv7k16SO_KQyU-Ct56TC_3MSL3ZUyISzHWsTzli-XzJuqQ\/viewform\">Inscri\u00e7\u00e3o on-line<\/a><\/li><li><a href=\"http:\/\/www.prpg.usp.br\/attachments\/article\/31\/Edital10CAP2019_vf.pdf\">Edital N\u00ba 10\/2019 &#8211; PrInt USP &#8211; CAP (.pdf)<\/a><\/li><\/ul><p><strong>Edital 09\/2019 &#8211; PrInt USP &#8211; Programa de Professor Visitante no Exterior J\u00fanior\/S\u00eanior 2019<\/strong><\/p><ul><li><a href=\"http:\/\/www.prpg.usp.br\/attachments\/article\/5825\/CircularCoPGr_562019_Print_Resultado_Final.pdf\">Resultado final<\/a><\/li><li><a href=\"http:\/\/www.prpg.usp.br\/attachments\/article\/5795\/CircularCoPGr_492019_Print_Resultado_Parcial.pdf\">Resultado parcial<\/a><\/li><li><a href=\"https:\/\/docs.google.com\/forms\/d\/e\/1FAIpQLSeCE6d79A6EJHkoP9B500ut6g-UWpk8QLUDGn9Q-YAaY50a3g\/viewform\">Inscri\u00e7\u00e3o on-line<\/a><\/li><li><a href=\"http:\/\/www.prpg.usp.br\/attachments\/article\/31\/Edital%20PRPG%20PVEJ%2009%202019_27022019_074247.pdf\">Edital N\u00ba 09\/2019 &#8211; PrInt USP -PVEJS (.pdf)<\/a><\/li><\/ul><p><strong>Edital 08\/2019 &#8211; PrInt USP &#8211; Programa Jovem Talento com Experi\u00eancia no Exterior 2019<\/strong><\/p><ul><li><a href=\"http:\/\/www.prpg.usp.br\/attachments\/article\/5825\/CircularCoPGr_562019_Print_Resultado_Final.pdf\">Resultado final<\/a><\/li><li><a href=\"http:\/\/www.prpg.usp.br\/attachments\/article\/5795\/CircularCoPGr_492019_Print_Resultado_Parcial.pdf\">Resultado parcial<\/a><\/li><li><a href=\"http:\/\/www.prpg.usp.br\/attachments\/article\/31\/Edital%20PRPG%2008%20JTEE_27022019_074047.pdf\">Edital N\u00ba 08\/2019 &#8211; PrInt USP &#8211;\u00a0 JTEE(.pdf)<\/a><\/li><li><a href=\"https:\/\/sites.usp.br\/print\/wp-content\/uploads\/sites\/468\/2019\/03\/Attraction-of-Young-Talents-with-International-Experiencev4.pdf\">Recruitment of Young Talents with International Experience (JTEE)<\/a><\/li><li><a href=\"https:\/\/docs.google.com\/forms\/d\/e\/1FAIpQLSdlpUbj1ugNEXMZ7iA0ab3adPSEC5IbHFlg4l2vRvhUlJncEg\/viewform\">Inscri\u00e7\u00e3o on-line<\/a><\/li><\/ul><p><strong>Edital 03\/2019 &#8211; PrInt USP &#8211; Programa de Apoio a Miss\u00f5es Acad\u00eamico\/Cient\u00edficas no Exterior (PAME) 2019<\/strong><\/p><ul><li><a href=\"http:\/\/www.prpg.usp.br\/attachments\/article\/5825\/CircularCoPGr_562019_Print_Resultado_Final.pdf\">Resultado final<\/a><\/li><li><a href=\"http:\/\/www.prpg.usp.br\/attachments\/article\/5795\/CircularCoPGr_492019_Print_Resultado_Parcial.pdf\">Resultado parcial<\/a><\/li><li><a href=\"http:\/\/www.prpg.usp.br\/attachments\/article\/5527\/EditalPrintUSP_032019_PAME.docx\">Edital N\u00ba 03\/2019 &#8211; PrInt USP &#8211; PAME (.docx)<\/a><\/li><li><a href=\"http:\/\/www.prpg.usp.br\/attachments\/article\/5527\/EditalPrintUSP_032019_PAME.pdf\">Edital N\u00ba 03\/2019 &#8211; PrInt USP &#8211; PAME (.pdf)<\/a><\/li><li><a href=\"https:\/\/docs.google.com\/forms\/d\/e\/1FAIpQLSfTfPQkDpQpHS32_1BWAdeGbhmOhW7PuTc4PMQL-eTctHUCvg\/viewform\">Inscri\u00e7\u00e3o on-line<\/a><\/li><\/ul><p><strong>Edital 02\/2019 &#8211; PrInt USP &#8211; Programa de Professor Visitante no Exterior J\u00fanior\/S\u00eanior 2019<\/strong><\/p><ul><li><a href=\"http:\/\/www.prpg.usp.br\/attachments\/article\/5825\/CircularCoPGr_562019_Print_Resultado_Final.pdf\">Resultado final<\/a><\/li><li><a href=\"http:\/\/www.prpg.usp.br\/attachments\/article\/5795\/CircularCoPGr_492019_Print_Resultado_Parcial.pdf\">Resultado parcial<\/a><\/li><li><a href=\"http:\/\/www.prpg.usp.br\/attachments\/article\/5526\/EditalPrintUSP_022019_PVE.docx\">Edital n\u00ba 02\/2019 &#8211; PrInt\u00a0 USP &#8211; PVE (.docx)<\/a><\/li><li><a href=\"http:\/\/www.prpg.usp.br\/attachments\/article\/5526\/EditalPrintUSP_022019_PVE.pdf\">Edital n\u00ba 02\/2019 &#8211; PrInt USP &#8211; PVE (.pdf<\/a>)<\/li><li><a href=\"http:\/\/www.prpg.usp.br\/attachments\/article\/31\/Circular202019PrInt.pdf\">Retifica\u00e7\u00e3o<\/a><\/li><li><a href=\"https:\/\/docs.google.com\/forms\/d\/e\/1FAIpQLSebddvRpBk58xAo8KaJVW0CcdcuhX6FvF_U5lPJe5cZHFMKfg\/viewform\">Inscri\u00e7\u00e3o on-line<\/a><\/li><\/ul><p><strong>Edital 01\/2019 &#8211; PrInt USP &#8211; Programa de Doutorado Sandu\u00edche no Exterior (PDSE) 2019<\/strong><\/p><ul><li><a href=\"https:\/\/goo.gl\/forms\/d1I8CreTnS1hJShy2\" target=\"_blank\" rel=\"noopener\">Inscri\u00e7\u00e3o on-line PrInt\/PDSE<\/a><\/li><li><a href=\"http:\/\/www.prpg.usp.br\/attachments\/article\/5512\/EditalPrintUSP_012019.pdf\">Edital 01\/2019 PrInt USP &#8211; PDSE (.pdf)<\/a><\/li><li><a href=\"http:\/\/www.prpg.usp.br\/attachments\/article\/5512\/EditalPrintUSP_012019.docx\">Edital 01\/2019 PrInt USP &#8211; PDSE (.docx)<\/a><\/li><li><a href=\"http:\/\/www.prpg.usp.br\/attachments\/article\/5512\/retifica%C3%A7%C3%A3o_PDSE2019_DOESP.pdf\" target=\"_blank\" rel=\"noopener\">Retifica\u00e7\u00e3o (Publica\u00e7\u00e3o no DOE)&#8217;<\/a><\/li><li><a href=\"http:\/\/www.prpg.usp.br\/attachments\/article\/31\/Circ302019ListaPDSE1.pdf\">Resultado 1\u00aa fase<\/a><\/li><li><a href=\"http:\/\/www.prpg.usp.br\/attachments\/article\/31\/Oficio_32_retificacao_print1afase.pdf\">Retifica\u00e7\u00e3o do resultado da 1\u00aa fase<\/a><\/li><li><a href=\"http:\/\/www.prpg.usp.br\/attachments\/article\/5702\/Circular_38_2019_PrInPDSE_ResultadoPreliminar_Fase2.pdf\">Resultado preliminar 2\u00aa fase<\/a><\/li><li><a href=\"http:\/\/www.prpg.usp.br\/attachments\/article\/31\/resultadoetapa2_pdse.pdf\">Resultado final<\/a><\/li><li><a href=\"http:\/\/www.prpg.usp.br\/attachments\/article\/5787\/CircularCoPGr_472019_Print.pdf\">Resultado (Of\u00edcio CoPGr 47\/2019)<\/a><\/li><\/ul>\t\t\t\t\t\t<\/div>\n\t\t\t\t<\/div>\n\t\t\t\t\t<\/div>\n\t\t<\/div>\n\t\t\t\t\t<\/div>\n\t\t<\/section>\n\t\t\t\t<\/div>\n\t\t","protected":false},"excerpt":{"rendered":"<p>Edital 10\/2019 &#8211; PrInt USP &#8211; Programa de Capacita\u00e7\u00e3o de Doutorandos no Exterior\u00a0 &#8211; CAP \/2019 Resultado final Resultado parcial Retifica\u00e7\u00e3o Inscri\u00e7\u00e3o on-line Edital N\u00ba 10\/2019 &#8211; PrInt USP &#8211; CAP (.pdf) Edital 09\/2019 &#8211; PrInt USP &#8211; Programa de Professor Visitante no Exterior J\u00fanior\/S\u00eanior 2019 Resultado final Resultado parcial Inscri\u00e7\u00e3o on-line Edital N\u00ba 09\/2019 [&hellip;]<\/p>\n","protected":false},"author":148,"featured_media":0,"parent":476,"menu_order":4,"comment_status":"closed","ping_status":"closed","template":"","meta":{"footnotes":"","_links_to":"","_links_to_target":""},"class_list":["post-1548","page","type-page","status-publish","hentry","entry"],"_links":{"self":[{"href":"https:\/\/sites.usp.br\/print\/wp-json\/wp\/v2\/pages\/1548","targetHints":{"allow":["GET"]}}],"collection":[{"href":"https:\/\/sites.usp.br\/print\/wp-json\/wp\/v2\/pages"}],"about":[{"href":"https:\/\/sites.usp.br\/print\/wp-json\/wp\/v2\/types\/page"}],"author":[{"embeddable":true,"href":"https:\/\/sites.usp.br\/print\/wp-json\/wp\/v2\/users\/148"}],"replies":[{"embeddable":true,"href":"https:\/\/sites.usp.br\/print\/wp-json\/wp\/v2\/comments?post=1548"}],"version-history":[{"count":4,"href":"https:\/\/sites.usp.br\/print\/wp-json\/wp\/v2\/pages\/1548\/revisions"}],"predecessor-version":[{"id":2404,"href":"https:\/\/sites.usp.br\/print\/wp-json\/wp\/v2\/pages\/1548\/revisions\/2404"}],"up":[{"embeddable":true,"href":"https:\/\/sites.usp.br\/print\/wp-json\/wp\/v2\/pages\/476"}],"wp:attachment":[{"href":"https:\/\/sites.usp.br\/print\/wp-json\/wp\/v2\/media?parent=1548"}],"curies":[{"name":"wp","href":"https:\/\/api.w.org\/{rel}","templated":true}]}}