{"id":1560,"date":"2021-05-05T17:24:38","date_gmt":"2021-05-05T19:24:38","guid":{"rendered":"http:\/\/sites.usp.br\/print\/?page_id=1560"},"modified":"2022-02-10T19:39:37","modified_gmt":"2022-02-10T21:39:37","slug":"2020-2","status":"publish","type":"page","link":"https:\/\/sites.usp.br\/print\/calls\/2020-2\/","title":{"rendered":"Calls 2020"},"content":{"rendered":"\t\t<div data-elementor-type=\"wp-page\" data-elementor-id=\"1560\" class=\"elementor elementor-1560\">\n\t\t\t\t\t\t<section class=\"elementor-section elementor-top-section elementor-element elementor-element-9c130be elementor-section-boxed elementor-section-height-default elementor-section-height-default\" data-id=\"9c130be\" data-element_type=\"section\">\n\t\t\t\t\t\t<div class=\"elementor-container elementor-column-gap-default\">\n\t\t\t\t\t<div class=\"elementor-column elementor-col-100 elementor-top-column elementor-element elementor-element-2cbb990\" data-id=\"2cbb990\" data-element_type=\"column\">\n\t\t\t<div class=\"elementor-widget-wrap elementor-element-populated\">\n\t\t\t\t\t\t<div class=\"elementor-element elementor-element-3a62e86 elementor-widget elementor-widget-text-editor\" data-id=\"3a62e86\" data-element_type=\"widget\" data-widget_type=\"text-editor.default\">\n\t\t\t\t<div class=\"elementor-widget-container\">\n\t\t\t\t\t\t\t<p><strong>Information For Foreign Researches<br \/><\/strong><a href=\"https:\/\/sites.usp.br\/print\/wp-content\/uploads\/sites\/468\/2020\/09\/PrIntCalls2020_Information_for_foreign_researchers_v2.pdf\">PrInt Calls 2020 \u2013 Information on PRINT \/ CAPES \/ USP \u2013 Activities due Q1 2021<\/a><\/p><p><strong>Resultado dos Programas PrInt (PVE,PVJSE e CAP)<br \/><\/strong><a href=\"http:\/\/www.prpg.usp.br\/attachments\/article\/31\/Oficio_CoPGr_80_ResultadoFinalPrInt2020x.pdf\">Resultado final \u2013 Of\u00edcio CoPGr 80\/2020<\/a><br \/><a href=\"http:\/\/www.prpg.usp.br\/attachments\/article\/31\/Oficio_CoPGr_76_2020_ResultadoPrint.pdf\">Resultados dos Editais PrInt 16, 17 e 18\/2020<\/a><\/p><p><strong>Editais PrInt USP- Sa\u00edda 2021<br \/><\/strong><a href=\"http:\/\/www.prpg.usp.br\/attachments\/article\/31\/DOE_28082020_TodosEditaisPrint.pdf\">Of\u00edcio 22\/2020<\/a><br \/><a href=\"http:\/\/www.prpg.usp.br\/attachments\/article\/31\/EDITAL_PRPG_15_2020_Print_PDSE.pdf\">Edital 15\/2020 \u2013 PrInt USP \u2013 PDSE \u2013 Doutorado Sandu\u00edche<\/a><br \/><a href=\"http:\/\/www.prpg.usp.br\/attachments\/article\/31\/Edital_PRPG_16_2020_Print_PVEJS.pdf\">Edital 16\/2020 \u2013 PrInt USP \u2013 PVEJS \u2013 Professor Visitante no Exterior Junior e S\u00eanior<\/a><br \/><a href=\"http:\/\/www.prpg.usp.br\/attachments\/article\/31\/Edital_PRPG_17_2020_Print_CAP.pdf\">Edital 17\/2020 \u2013 PrInt USP \u2013 CAP \u2013 Capacita\u00e7\u00e3o para Servidores T\u00e9cnicos e Administrativos no Exterior<\/a><br \/><a href=\"http:\/\/www.prpg.usp.br\/attachments\/article\/31\/Edtial_PRPG_18_Print_PVE.pdf\">Edital 18\/2020 \u2013 PrInt USP \u2013 PVE \u2013 Professor Visitante do Exterior<\/a><\/p><p>\u00a0<\/p>\t\t\t\t\t\t<\/div>\n\t\t\t\t<\/div>\n\t\t\t\t\t<\/div>\n\t\t<\/div>\n\t\t\t\t\t<\/div>\n\t\t<\/section>\n\t\t\t\t<\/div>\n\t\t","protected":false},"excerpt":{"rendered":"<p>Information For Foreign ResearchesPrInt Calls 2020 \u2013 Information on PRINT \/ CAPES \/ USP \u2013 Activities due Q1 2021 Resultado dos Programas PrInt (PVE,PVJSE e CAP)Resultado final \u2013 Of\u00edcio CoPGr 80\/2020Resultados dos Editais PrInt 16, 17 e 18\/2020 Editais PrInt USP- Sa\u00edda 2021Of\u00edcio 22\/2020Edital 15\/2020 \u2013 PrInt USP \u2013 PDSE \u2013 Doutorado Sandu\u00edcheEdital 16\/2020 \u2013 [&hellip;]<\/p>\n","protected":false},"author":148,"featured_media":0,"parent":476,"menu_order":2,"comment_status":"closed","ping_status":"closed","template":"","meta":{"footnotes":"","_links_to":"","_links_to_target":""},"class_list":["post-1560","page","type-page","status-publish","hentry","entry"],"_links":{"self":[{"href":"https:\/\/sites.usp.br\/print\/wp-json\/wp\/v2\/pages\/1560","targetHints":{"allow":["GET"]}}],"collection":[{"href":"https:\/\/sites.usp.br\/print\/wp-json\/wp\/v2\/pages"}],"about":[{"href":"https:\/\/sites.usp.br\/print\/wp-json\/wp\/v2\/types\/page"}],"author":[{"embeddable":true,"href":"https:\/\/sites.usp.br\/print\/wp-json\/wp\/v2\/users\/148"}],"replies":[{"embeddable":true,"href":"https:\/\/sites.usp.br\/print\/wp-json\/wp\/v2\/comments?post=1560"}],"version-history":[{"count":4,"href":"https:\/\/sites.usp.br\/print\/wp-json\/wp\/v2\/pages\/1560\/revisions"}],"predecessor-version":[{"id":2320,"href":"https:\/\/sites.usp.br\/print\/wp-json\/wp\/v2\/pages\/1560\/revisions\/2320"}],"up":[{"embeddable":true,"href":"https:\/\/sites.usp.br\/print\/wp-json\/wp\/v2\/pages\/476"}],"wp:attachment":[{"href":"https:\/\/sites.usp.br\/print\/wp-json\/wp\/v2\/media?parent=1560"}],"curies":[{"name":"wp","href":"https:\/\/api.w.org\/{rel}","templated":true}]}}