{"id":2100,"date":"2021-11-25T19:05:08","date_gmt":"2021-11-25T21:05:08","guid":{"rendered":"https:\/\/sites.usp.br\/print\/?page_id=2100"},"modified":"2024-05-07T15:58:04","modified_gmt":"2024-05-07T17:58:04","slug":"relevant-information","status":"publish","type":"page","link":"https:\/\/sites.usp.br\/print\/relevant-information\/","title":{"rendered":"Relevant Information and documents"},"content":{"rendered":"\t\t<div data-elementor-type=\"wp-page\" data-elementor-id=\"2100\" class=\"elementor elementor-2100\">\n\t\t\t\t\t\t<section class=\"elementor-section elementor-top-section elementor-element elementor-element-e68cfc7 elementor-section-boxed elementor-section-height-default elementor-section-height-default\" data-id=\"e68cfc7\" data-element_type=\"section\">\n\t\t\t\t\t\t<div class=\"elementor-container elementor-column-gap-default\">\n\t\t\t\t\t<div class=\"elementor-column elementor-col-100 elementor-top-column elementor-element elementor-element-fc61368\" data-id=\"fc61368\" data-element_type=\"column\">\n\t\t\t<div class=\"elementor-widget-wrap elementor-element-populated\">\n\t\t\t\t\t\t<div class=\"elementor-element elementor-element-8b1f0b9 elementor-widget elementor-widget-text-editor\" data-id=\"8b1f0b9\" data-element_type=\"widget\" data-widget_type=\"text-editor.default\">\n\t\t\t\t<div class=\"elementor-widget-container\">\n\t\t\t\t\t\t\t<ol><li><strong>Original CAPES call and accessory information\u00a0<\/strong><br \/><a href=\"https:\/\/sites.usp.br\/print\/wp-content\/uploads\/sites\/468\/2022\/02\/EDITAL-41-2017-CAPES-alteracao-v-2018-1.pdf\">Edital n\u00ba41\/2017 CAPES &#8211; altera\u00e7\u00e3o &#8211; vers\u00e3o\/2018<\/a><\/li><li><strong>Relevant CAPES (adjacent documentation)\u00a0<\/strong><br \/><a href=\"https:\/\/sites.usp.br\/print\/wp-content\/uploads\/sites\/468\/dlm_uploads\/2022\/04\/04052018Edital412017Anexo11-valores-de-bolsa.pdf\" target=\"_blank\" rel=\"noopener\">ANEXO XI &#8211; Valores de Itens Financi\u00e1veis \u2013 Bolsas no pa\u00eds &#8211; Alterado conforme publica\u00e7\u00e3o no D.O.U de 03\/05\/2018, Se\u00e7\u00e3o 3, P\u00e1gina 30<\/a><br \/><a href=\"https:\/\/sites.usp.br\/print\/wp-content\/uploads\/sites\/468\/2022\/02\/Oficio-17-2022-DRICAPES-alteracao-de-vigencia-das-bolsas-omicron.pdf\">Of\u00edcio n\u00ba 17\/2022-DRI\/CAPES &#8211; Altera\u00e7\u00e3o de vig\u00eancia das bolsas &#8211; \u00f4micron<\/a><br \/><a href=\"https:\/\/sites.usp.br\/print\/wp-content\/uploads\/sites\/468\/2022\/02\/Oficio-16-2022-DRICAPES-cronograma-de-indicacao-de-bolsistas-2022.pdf\">Of\u00edcio n\u00ba 16\/2022-DRI\/CAPES &#8211; Cronograma de Indica\u00e7\u00e3o de Bolsistas 2022 e orienta\u00e7\u00f5es<\/a><br \/><a href=\"https:\/\/sites.usp.br\/print\/wp-content\/uploads\/sites\/468\/2022\/02\/Despacho-Decisorio-N4-2021-DRICAPES.pdf\">Despacho Decis\u00f3rio n\u00ba 4\/2021 CAPES<\/a><\/li><li><strong>Local PrInt normatization (USP)<\/strong><br \/><a href=\"https:\/\/sites.usp.br\/print\/wp-content\/uploads\/sites\/468\/2022\/02\/Oficio-CoPGr-23-2021-Instrucoes-sobre-despacho-decisorio-4-CAPES.pdf\">Of\u00edcio CoPGr n\u00ba 23\/2021 &#8211; Instru\u00e7\u00f5es sobre o despacho decis\u00f3rio n\u00ba 4 CAPES<\/a><br \/><a href=\"https:\/\/sites.usp.br\/print\/wp-content\/uploads\/sites\/468\/2022\/02\/Circular-CoPGr-03-2022-Comunicado-sobre-os-Editais-2022.pdf\">Circular CoPGr n\u00ba 03\/2022 &#8211; PrInt &#8211; Comunicado sobre os Editais 2022<\/a><br \/><a href=\"https:\/\/sites.usp.br\/print\/wp-content\/uploads\/sites\/468\/2022\/02\/Circular-CoPGr-02-2022-PrInt-Instrucoes-alteracoes-de-saidas-2022.pdf\">Circular CoPGr n\u00ba 02\/2022 &#8211; PrInt &#8211; Instru\u00e7\u00f5es e altera\u00e7\u00f5es de sa\u00edda em 2022<\/a><\/li><li><strong>Templates for specific situations<\/strong><br \/><a href=\"https:\/\/sites.usp.br\/print\/wp-content\/uploads\/sites\/468\/2023\/01\/2023-Carta-de-anuencia-modelo-PDSE.docx\">Modelo de Carta de anu\u00eancia PDSE<\/a><br \/><a href=\"https:\/\/sites.usp.br\/print\/wp-content\/uploads\/sites\/468\/2023\/01\/2023-Carta-de-anuencia-modelo-PVE.doc\">Modelo de Carta de anu\u00eancia PVE<\/a><br \/><a href=\"https:\/\/sites.usp.br\/print\/wp-content\/uploads\/sites\/468\/2023\/01\/2023-Carta-de-anuencia-modelo-PVEJS.doc\">Modelo de Carta de anu\u00eancia PVEJS<\/a><br \/><a href=\"https:\/\/sites.usp.br\/print\/wp-content\/uploads\/sites\/468\/2023\/01\/2023-Carta-de-anuencia-modelo-CAPACITACAO.docx\">Modelo de Carta de anu\u00eancia CAPACITA\u00c7\u00c3O<\/a><br \/><a href=\"https:\/\/sites.usp.br\/print\/wp-content\/uploads\/sites\/468\/2023\/08\/Cata-de-intencao-PrInt-versao-2023.docx\">Letter of intent to participate in the program PrInt &#8211; CAPES<\/a><\/li><li><strong>Language requirements<\/strong><br \/><a href=\"https:\/\/sites.usp.br\/print\/wp-content\/uploads\/sites\/468\/2020\/09\/assinado_OficioCoPGr_64_Of%C3%ADcio-Editais-PrInt2020-profici%C3%AAncia-1-1.pdf\">Circular CoPGr n\u00ba 64\/2020 &#8211; Profici\u00eancia<\/a><br \/><a href=\"https:\/\/sites.usp.br\/print\/wp-content\/uploads\/sites\/468\/2020\/09\/SEI_CAPES-1289184-Of%C3%ADcio-125-Teste-de-Profici%C3%AAncia-1-1-1-1.pdf\">Of\u00edcio CAPES n\u00ba 125\/2020 &#8211; Profici\u00eancia<\/a><br \/><a href=\"https:\/\/sites.usp.br\/print\/wp-content\/uploads\/sites\/468\/2020\/09\/ANEXO-XII-21092020_EDITAL_21_2017_-_PrInt_alteracao.pdf\">Altera\u00e7\u00e3o do Anexo XII, do Edital 41\/2017 \u2013 PrInt\/ CAPES\u00a0\u00a0<\/a><p><span style=\"text-decoration: underline;\"><a href=\"https:\/\/sites.usp.br\/print\/wp-content\/uploads\/sites\/468\/2023\/06\/Anexo-XII-Edital-Print-Duolingo-English-Test.pdf\">Altera\u00e7\u00e3o do Anexo XII, do Edital 41\/2027 &#8211; Print\/CAPES &#8211; JUNHO 2023<\/a><\/span><\/p><\/li><li><b>Presta\u00e7\u00e3o de Contas (todas as modalidades) e Solicita\u00e7\u00e3o de Aux\u00edlio <\/b><b>PAME<\/b><\/li><\/ol><p style=\"padding-left: 80px;\"><strong>PAME<br \/><\/strong><b>Formul\u00e1rio de solicita\u00e7\u00e3o de aux\u00edlio PAME:<br \/><\/b><strong>Edital 15 e 23\/2023<\/strong><b><\/b><\/p><p style=\"padding-left: 80px;\"><a href=\"https:\/\/docs.google.com\/forms\/d\/1VGkX1tztqcJo7gXg_iUE9A6HgsgJYdn1pbGK9hzzkAg\/\" target=\"_blank\" rel=\"noopener\">https:\/\/docs.google.com\/forms\/d\/1VGkX1tztqcJo7gXg_iUE9A6HgsgJYdn1pbGK9hzzkAg\/<\/a><\/p><p style=\"padding-left: 80px;\"><strong>Formul\u00e1rio Presta\u00e7\u00e3o de Contas &#8211; PAME EDITAL15 e 23\/2023<\/strong><\/p><p style=\"font-weight: 400; padding-left: 80px;\"><strong>EDITAL 49\/2022<br \/><\/strong><a style=\"font-style: inherit; font-weight: inherit;\" href=\"https:\/\/docs.google.com\/forms\/d\/e\/1FAIpQLSd7QFq63Lhe8iQ395p7zcSjQA7vrkm077FwWOsrXp_CWDkyBw\/viewform\" target=\"_blank\" rel=\"noopener\" data-saferedirecturl=\"https:\/\/www.google.com\/url?q=https:\/\/docs.google.com\/forms\/d\/e\/1FAIpQLSd7QFq63Lhe8iQ395p7zcSjQA7vrkm077FwWOsrXp_CWDkyBw\/viewform&amp;source=gmail&amp;ust=1709045982984000&amp;usg=AOvVaw2XihBGaWhDoBSeBHvwv1V1\">https:\/\/docs.google.com\/forms\/d\/e\/1FAIpQLSd7QFq63Lhe8iQ395p7zcSjQA7vrkm077FwWOsrXp_CWDkyBw\/viewform<\/a><\/p><p style=\"font-weight: 400; padding-left: 80px;\"><strong>EDITAL 15 E 23\/2023<br \/><\/strong><a href=\"https:\/\/docs.google.com\/forms\/d\/1r2MUVYi1L0oEu1orvvfhBddY3dym2nNSfHzQpEVp5eM\/edit\" data-saferedirecturl=\"https:\/\/www.google.com\/url?q=https:\/\/docs.google.com\/forms\/d\/1r2MUVYi1L0oEu1orvvfhBddY3dym2nNSfHzQpEVp5eM\/edit&amp;source=gmail&amp;ust=1709045982984000&amp;usg=AOvVaw3XzYsntQdzcaE-gPAnSkvG\">https:\/\/docs.google.com\/forms\/d\/1r2MUVYi1L0oEu1orvvfhBddY3dym2nNSfHzQpEVp5eM\/edit<\/a><\/p><p style=\"padding-left: 40px;\"><b>Formul\u00e1rios por \u00e1rea tem\u00e1tica: relat\u00f3rio individual de execu\u00e7\u00e3o da miss\u00e3o de trabalho:<\/b><\/p><p style=\"padding-left: 40px;\">\u2013 relat\u00f3rio AAH (<a href=\"https:\/\/sites.usp.br\/print\/wp-content\/uploads\/sites\/468\/dlm_uploads\/2022\/12\/RELATORIO_INDIVIDUAL_DE_EXECUCAO_DA_MISSAO_DE_TRABALHO-AAH-2022-2023.docx\" target=\"_blank\" rel=\"noopener\" data-saferedirecturl=\"https:\/\/www.google.com\/url?q=https:\/\/sites.usp.br\/print\/wp-content\/uploads\/sites\/468\/dlm_uploads\/2022\/12\/RELATORIO_INDIVIDUAL_DE_EXECUCAO_DA_MISSAO_DE_TRABALHO-AAH-2022-2023.docx&amp;source=gmail&amp;ust=1674141787618000&amp;usg=AOvVaw0XTsyRnSyInYuE5lQ6iKgq\">anexo<\/a>)<br \/>\u2013 relat\u00f3rio EAS (<a href=\"https:\/\/sites.usp.br\/print\/wp-content\/uploads\/sites\/468\/dlm_uploads\/2022\/12\/RELATORIO_INDIVIDUAL_DE_EXECUCAO_DA_MISSAO_DE_TRABALHO-EAS-2022-2023.docx\" target=\"_blank\" rel=\"noopener\" data-saferedirecturl=\"https:\/\/www.google.com\/url?q=https:\/\/sites.usp.br\/print\/wp-content\/uploads\/sites\/468\/dlm_uploads\/2022\/12\/RELATORIO_INDIVIDUAL_DE_EXECUCAO_DA_MISSAO_DE_TRABALHO-EAS-2022-2023.docx&amp;source=gmail&amp;ust=1674141787618000&amp;usg=AOvVaw24N0xHcpB4pyV68Xl3zzxf\">anexo<\/a>)<br \/>\u2013 relat\u00f3rio HAD (<a href=\"https:\/\/sites.usp.br\/print\/wp-content\/uploads\/sites\/468\/dlm_uploads\/2022\/12\/RELATORIO_INDIVIDUAL_DE_EXECUCAO_DA_MISSAO_DE_TRABALHO-HAD-2022-2023.docx\" target=\"_blank\" rel=\"noopener\" data-saferedirecturl=\"https:\/\/www.google.com\/url?q=https:\/\/sites.usp.br\/print\/wp-content\/uploads\/sites\/468\/dlm_uploads\/2022\/12\/RELATORIO_INDIVIDUAL_DE_EXECUCAO_DA_MISSAO_DE_TRABALHO-HAD-2022-2023.docx&amp;source=gmail&amp;ust=1674141787618000&amp;usg=AOvVaw0XkBe5iubNXwFuQ57soN3Z\">anexo<\/a>)<br \/>\u2013 relat\u00f3rio TEC (<a href=\"https:\/\/sites.usp.br\/print\/wp-content\/uploads\/sites\/468\/dlm_uploads\/2022\/12\/RELATORIO_INDIVIDUAL_DE_EXECUCAO_DA_MISSAO_DE_TRABALHO-TEC-2022-2023.docx\" target=\"_blank\" rel=\"noopener\" data-saferedirecturl=\"https:\/\/www.google.com\/url?q=https:\/\/sites.usp.br\/print\/wp-content\/uploads\/sites\/468\/dlm_uploads\/2022\/12\/RELATORIO_INDIVIDUAL_DE_EXECUCAO_DA_MISSAO_DE_TRABALHO-TEC-2022-2023.docx&amp;source=gmail&amp;ust=1674141787618000&amp;usg=AOvVaw2eQckqUpmw6OXn4yauIZGs\">anexo<\/a>)<br \/>\u2013 relat\u00f3rio TPAS (<a href=\"https:\/\/sites.usp.br\/print\/wp-content\/uploads\/sites\/468\/dlm_uploads\/2022\/12\/RELATORIO_INDIVIDUAL_DE_EXECUCAO_DA_MISSAO_DE_TRABALHO-TPAS-2022-2023.docx\" target=\"_blank\" rel=\"noopener\" data-saferedirecturl=\"https:\/\/www.google.com\/url?q=https:\/\/sites.usp.br\/print\/wp-content\/uploads\/sites\/468\/dlm_uploads\/2022\/12\/RELATORIO_INDIVIDUAL_DE_EXECUCAO_DA_MISSAO_DE_TRABALHO-TPAS-2022-2023.docx&amp;source=gmail&amp;ust=1674141787618000&amp;usg=AOvVaw2tmJE_AA_QmO8o69mAjTbR\">anexo<\/a>)<\/p><p style=\"padding-left: 40px;\"><b>PDSE \u2013 PVEJS \u2013 PVE \u2013 CAP<\/b><u><br \/><\/u><b>Formul\u00e1rio para presta\u00e7\u00e3o de contas: <a href=\"https:\/\/forms.gle\/31wZ1Lkg7JciU3SJ7\">ACESSE O FORMUL\u00c1RIO AQUI<\/a>.<\/b><\/p>\t\t\t\t\t\t<\/div>\n\t\t\t\t<\/div>\n\t\t\t\t\t<\/div>\n\t\t<\/div>\n\t\t\t\t\t<\/div>\n\t\t<\/section>\n\t\t\t\t<\/div>\n\t\t","protected":false},"excerpt":{"rendered":"<p>Original CAPES call and accessory information\u00a0Edital n\u00ba41\/2017 CAPES &#8211; altera\u00e7\u00e3o &#8211; vers\u00e3o\/2018 Relevant CAPES (adjacent documentation)\u00a0ANEXO XI &#8211; Valores de Itens Financi\u00e1veis \u2013 Bolsas no pa\u00eds &#8211; Alterado conforme publica\u00e7\u00e3o no D.O.U de 03\/05\/2018, Se\u00e7\u00e3o 3, P\u00e1gina 30Of\u00edcio n\u00ba 17\/2022-DRI\/CAPES &#8211; Altera\u00e7\u00e3o de vig\u00eancia das bolsas &#8211; \u00f4micronOf\u00edcio n\u00ba 16\/2022-DRI\/CAPES &#8211; Cronograma de Indica\u00e7\u00e3o de [&hellip;]<\/p>\n","protected":false},"author":148,"featured_media":0,"parent":0,"menu_order":0,"comment_status":"closed","ping_status":"closed","template":"","meta":{"footnotes":"","_links_to":"","_links_to_target":""},"class_list":["post-2100","page","type-page","status-publish","hentry","entry"],"_links":{"self":[{"href":"https:\/\/sites.usp.br\/print\/wp-json\/wp\/v2\/pages\/2100","targetHints":{"allow":["GET"]}}],"collection":[{"href":"https:\/\/sites.usp.br\/print\/wp-json\/wp\/v2\/pages"}],"about":[{"href":"https:\/\/sites.usp.br\/print\/wp-json\/wp\/v2\/types\/page"}],"author":[{"embeddable":true,"href":"https:\/\/sites.usp.br\/print\/wp-json\/wp\/v2\/users\/148"}],"replies":[{"embeddable":true,"href":"https:\/\/sites.usp.br\/print\/wp-json\/wp\/v2\/comments?post=2100"}],"version-history":[{"count":4,"href":"https:\/\/sites.usp.br\/print\/wp-json\/wp\/v2\/pages\/2100\/revisions"}],"predecessor-version":[{"id":3263,"href":"https:\/\/sites.usp.br\/print\/wp-json\/wp\/v2\/pages\/2100\/revisions\/3263"}],"wp:attachment":[{"href":"https:\/\/sites.usp.br\/print\/wp-json\/wp\/v2\/media?parent=2100"}],"curies":[{"name":"wp","href":"https:\/\/api.w.org\/{rel}","templated":true}]}}