{"id":2136,"date":"2022-02-07T16:21:46","date_gmt":"2022-02-07T18:21:46","guid":{"rendered":"https:\/\/sites.usp.br\/print\/?page_id=2136"},"modified":"2023-02-13T17:26:32","modified_gmt":"2023-02-13T19:26:32","slug":"list-of-preferred","status":"publish","type":"page","link":"https:\/\/sites.usp.br\/print\/list-of-preferred\/","title":{"rendered":"List of preferred"},"content":{"rendered":"\t\t<div data-elementor-type=\"wp-page\" data-elementor-id=\"2136\" class=\"elementor elementor-2136\">\n\t\t\t\t\t\t<section class=\"elementor-section elementor-top-section elementor-element elementor-element-52202aa elementor-section-boxed elementor-section-height-default elementor-section-height-default\" data-id=\"52202aa\" data-element_type=\"section\">\n\t\t\t\t\t\t<div class=\"elementor-container elementor-column-gap-default\">\n\t\t\t\t\t<div class=\"elementor-column elementor-col-100 elementor-top-column elementor-element elementor-element-c7ec921\" data-id=\"c7ec921\" data-element_type=\"column\">\n\t\t\t<div class=\"elementor-widget-wrap elementor-element-populated\">\n\t\t\t\t\t\t<div class=\"elementor-element elementor-element-779c9f5 elementor-widget elementor-widget-text-editor\" data-id=\"779c9f5\" data-element_type=\"widget\" data-widget_type=\"text-editor.default\">\n\t\t\t\t<div class=\"elementor-widget-container\">\n\t\t\t\t\t\t\t<table width=\"918\"><tbody><tr><td colspan=\"3\" width=\"918\"><strong>Lista de Institui\u00e7\u00f5es Preferenciais da USP<\/strong><\/td><\/tr><tr><td><strong>Continente<\/strong><\/td><td><strong>Pa\u00eds<\/strong><\/td><td><strong>Universidade<\/strong><\/td><\/tr><tr><td>\u00c1frica<\/td><td>\u00c1frica do Sul<\/td><td>University of Cape Town<\/td><\/tr><tr><td rowspan=\"4\">Am\u00e9rica do Norte<\/td><td>Canad\u00e1\u00a0<\/td><td>University of Toronto, McGill University<\/td><\/tr><tr><td rowspan=\"2\">EUA<\/td><td>Harvard University, The Ohio State University, Yale University, Princeton University, The State University of New Jersey \u2013 Rutgers, New York University, University of Michigan<\/td><\/tr><tr><td>University of California System (UC Berkeley, UC Davis, UC Irvine, UCLA, UC Merced, UC Riverside, UC San Diego, UC San Francisco, UC Santa Barbara, UC Santa Cruz)<\/td><\/tr><tr><td>M\u00e9xico<\/td><td>Universidad Nacional Aut\u00f3noma de M\u00e9xico (UNAM)<\/td><\/tr><tr><td rowspan=\"2\">Am\u00e9rica do Sul<\/td><td>Argentina<\/td><td>Universidade de Buenos Aires (UBA)<\/td><\/tr><tr><td>Chile<\/td><td>Universidade do Chile<\/td><\/tr><tr><td rowspan=\"2\">\u00c1sia<\/td><td>China<\/td><td>Tsinghua University, University of Hong Kong<\/td><\/tr><tr><td>Jap\u00e3o<\/td><td>University of Tsukuba, University of Tokyo<\/td><\/tr><tr><td rowspan=\"9\">Europa<\/td><td>Alemanha<\/td><td>Humboldt &#8211; Universit\u00e4t zu Berlin, Universitat Heidelberg, Universitat Munster, Universitat Tubingen, Ludwig Maximilian University of Munich<\/td><\/tr><tr><td>B\u00e9lgica\u00a0<\/td><td>Ghent University<\/td><\/tr><tr><td>Dinamarca<\/td><td>University of Copenhagen<\/td><\/tr><tr><td>Espanha\u00a0<\/td><td>Universitat de Barcelona, Autonomous University of Madrid, Universidad Complutense de Madrid<\/td><\/tr><tr><td rowspan=\"2\">Fran\u00e7a<\/td><td>Universit\u00e9 de Lyon<\/td><\/tr><tr><td>Rede Universit\u00e9 de Paris\u00a0 (UP 1 Panthe\u00f3n-Sorbonne, UP 2 Panthe\u00f3n-Assas, UP 3 Sorbonne-Nouvelle, UP 4 Paris-Sorbonne, UP 5 Paris Descartes, UP 6 Pierre et Marie Curie, UP 7 Paris Diderot, UP 8 Vincennes, UP 9 Paris-Dauphine, UP 10 Paris-Nanterre, UP 11 Paris-Sud, UP 12 Paris Val de Marne, UP 13 Paris-Nord)<\/td><\/tr><tr><td>Holanda<\/td><td>VSNU Consortium (Eindhoven University of Technology, Maastricht University, University of Twente, Radbud University, Rijksuniversiteit Groningen, Tilburg University, Delft University of Technology, Erasmus University Rotterdam, University Leiden, Vrije University Amsterdam, Wageningen University and Research, University Utrecht, University of Amsterdam, Open University of the Netherlands<\/td><\/tr><tr><td>It\u00e1lia\u00a0<\/td><td>Universit\u00e0 di Bologna, Universit\u00e0 di Roma \u2013 La Sapienza, Politecnico Milano<\/td><\/tr><tr><td>Inglaterra<\/td><td>King&#8217;s College London, Imperial College London, University of Oxford, University of Cambridge<\/td><\/tr><tr><td rowspan=\"2\">\u00a0Europa<\/td><td>Portugal<\/td><td width=\"576\">Universidade de Coimbra, Universidade do Minho, Universidade do Porto, Universidade de Lisboa, Universidade Cat\u00f3lica Portuguesa, Universidade Nova de Lisboa, Instituto Polit\u00e9cnico de Bragan\u00e7a, Instituto Universit\u00e1rio de Lisboa<\/td><\/tr><tr><td>Su\u00ed\u00e7a<\/td><td>ETH Zurich<\/td><\/tr><tr><td>Oceania<\/td><td>Austr\u00e1lia<\/td><td>Group of Eight (University of Western Australia, Monash University, Australian National University, The University of Adelaide, The University of Melbourne, UNSW Sydney, The University of Queensland, The University of Sidney)<\/td><\/tr><tr><td>UGPN Consortium<\/td><td>Austr\u00e1lia, Reino Unido, EUA, China<\/td><td>University of Wollongong, University of Surrey, North Carolina State University, Beihang University<\/td><\/tr><tr><td colspan=\"2\">atualizada em 16\/11\/2022<\/td><td>\u00a0<\/td><\/tr><\/tbody><\/table>\t\t\t\t\t\t<\/div>\n\t\t\t\t<\/div>\n\t\t\t\t\t<\/div>\n\t\t<\/div>\n\t\t\t\t\t<\/div>\n\t\t<\/section>\n\t\t\t\t<\/div>\n\t\t","protected":false},"excerpt":{"rendered":"<p>Lista de Institui\u00e7\u00f5es Preferenciais da USP Continente Pa\u00eds Universidade \u00c1frica \u00c1frica do Sul University of Cape Town Am\u00e9rica do Norte Canad\u00e1\u00a0 University of Toronto, McGill University EUA Harvard University, The Ohio State University, Yale University, Princeton University, The State University of New Jersey \u2013 Rutgers, New York University, University of Michigan University of California System [&hellip;]<\/p>\n","protected":false},"author":148,"featured_media":0,"parent":0,"menu_order":0,"comment_status":"closed","ping_status":"closed","template":"","meta":{"footnotes":"","_links_to":"","_links_to_target":""},"class_list":["post-2136","page","type-page","status-publish","hentry","entry"],"_links":{"self":[{"href":"https:\/\/sites.usp.br\/print\/wp-json\/wp\/v2\/pages\/2136","targetHints":{"allow":["GET"]}}],"collection":[{"href":"https:\/\/sites.usp.br\/print\/wp-json\/wp\/v2\/pages"}],"about":[{"href":"https:\/\/sites.usp.br\/print\/wp-json\/wp\/v2\/types\/page"}],"author":[{"embeddable":true,"href":"https:\/\/sites.usp.br\/print\/wp-json\/wp\/v2\/users\/148"}],"replies":[{"embeddable":true,"href":"https:\/\/sites.usp.br\/print\/wp-json\/wp\/v2\/comments?post=2136"}],"version-history":[{"count":4,"href":"https:\/\/sites.usp.br\/print\/wp-json\/wp\/v2\/pages\/2136\/revisions"}],"predecessor-version":[{"id":2791,"href":"https:\/\/sites.usp.br\/print\/wp-json\/wp\/v2\/pages\/2136\/revisions\/2791"}],"wp:attachment":[{"href":"https:\/\/sites.usp.br\/print\/wp-json\/wp\/v2\/media?parent=2136"}],"curies":[{"name":"wp","href":"https:\/\/api.w.org\/{rel}","templated":true}]}}