{"id":2182,"date":"2022-02-07T18:56:51","date_gmt":"2022-02-07T20:56:51","guid":{"rendered":"https:\/\/sites.usp.br\/print\/?page_id=2182"},"modified":"2025-03-24T12:50:11","modified_gmt":"2025-03-24T14:50:11","slug":"calls-2022","status":"publish","type":"page","link":"https:\/\/sites.usp.br\/print\/calls\/calls-2022\/","title":{"rendered":"Calls 2022"},"content":{"rendered":"\t\t<div data-elementor-type=\"wp-page\" data-elementor-id=\"2182\" class=\"elementor elementor-2182\">\n\t\t\t\t\t\t<section class=\"elementor-section elementor-top-section elementor-element elementor-element-6dd6040 elementor-section-boxed elementor-section-height-default elementor-section-height-default\" data-id=\"6dd6040\" data-element_type=\"section\">\n\t\t\t\t\t\t<div class=\"elementor-container elementor-column-gap-default\">\n\t\t\t\t\t<div class=\"elementor-column elementor-col-50 elementor-top-column elementor-element elementor-element-9c955cb\" data-id=\"9c955cb\" data-element_type=\"column\">\n\t\t\t<div class=\"elementor-widget-wrap\">\n\t\t\t\t\t\t\t<\/div>\n\t\t<\/div>\n\t\t\t\t<div class=\"elementor-column elementor-col-50 elementor-top-column elementor-element elementor-element-3fbac99\" data-id=\"3fbac99\" data-element_type=\"column\">\n\t\t\t<div class=\"elementor-widget-wrap\">\n\t\t\t\t\t\t\t<\/div>\n\t\t<\/div>\n\t\t\t\t\t<\/div>\n\t\t<\/section>\n\t\t\t\t<section class=\"elementor-section elementor-top-section elementor-element elementor-element-783ec5c elementor-section-boxed elementor-section-height-default elementor-section-height-default\" data-id=\"783ec5c\" data-element_type=\"section\">\n\t\t\t\t\t\t<div class=\"elementor-container elementor-column-gap-default\">\n\t\t\t\t\t<div class=\"elementor-column elementor-col-100 elementor-top-column elementor-element elementor-element-a9f3056\" data-id=\"a9f3056\" data-element_type=\"column\">\n\t\t\t<div class=\"elementor-widget-wrap elementor-element-populated\">\n\t\t\t\t\t\t<div class=\"elementor-element elementor-element-7496254 elementor-widget elementor-widget-text-editor\" data-id=\"7496254\" data-element_type=\"widget\" data-widget_type=\"text-editor.default\">\n\t\t\t\t<div class=\"elementor-widget-container\">\n\t\t\t\t\t\t\t<h2>Resultados<\/h2>\n<ul>\n<li style=\"font-weight: 400;\"><a href=\"https:\/\/www.prpg.usp.br\/attachments\/article\/31\/Edital_PRPG_44-45_2022-Resultado-preliminar.pdf\">Edital 44&nbsp;&#8211;&nbsp;PROGRAMA DE DOUTORADO SANDU\u00cdCHE NO EXTERIOR \u2013 PDSE \u2013 2022 \u2013 &nbsp;2\u00ba Semestre \u2013 Cotas Remanescentes<\/a><\/li>\n<li style=\"font-weight: 400;\"><a href=\"https:\/\/www.prpg.usp.br\/attachments\/article\/31\/Edital_PRPG_44-45_2022-Resultado-preliminar.pdf\">Edital 45 &#8211; PROGRAMA DE PROFESSOR VISITANTE NO EXTERIOR S\u00caNIOR \u2013 PVE S\u00eanior \u2013 2022 \u2013 2\u00ba Semestre (Vagas Remanescentes)<\/a><\/li>\n<\/ul>\n<h2>2\u00ba Semestre 2022<\/h2>\n<ul>\n<li><a href=\"https:\/\/sites.usp.br\/print\/wp-content\/uploads\/sites\/468\/2022\/07\/Edital_PRPG_49_2022_Print-PAME.pdf\">Edital 49\/2022 &#8211; Programa de Miss\u00f5es Acad\u00eamicas\/Cient\u00edficas no Exterior<\/a><\/li>\n<li><a href=\"https:\/\/sites.usp.br\/print\/wp-content\/uploads\/sites\/468\/2022\/07\/Edital_PRPG_48_2022_Print-CAP-2-semestre.pdf\">Edital 48\/2022 &#8211; Capacita\u00e7\u00e3o para servidores t\u00e9cnico-administrativos<\/a><\/li>\n<li><a href=\"https:\/\/sites.usp.br\/print\/wp-content\/uploads\/sites\/468\/2022\/07\/Edital_PRPG_47_2022_Print-PVE-2-semestre.pdf\">Edital 47\/2022 &#8211; PVE &#8211; Professor visitante do Exterior<\/a><\/li>\n<li><a href=\"https:\/\/sites.usp.br\/print\/wp-content\/uploads\/sites\/468\/2022\/07\/Edital_PRPG_46_2022_Print-PVEJ-2-semestre.pdf\">Edital 46\/2022 &#8211; PVE J\u00fanior<\/a> (retificado)<\/li>\n<li><a href=\"https:\/\/sites.usp.br\/print\/wp-content\/uploads\/sites\/468\/2022\/07\/Edital_PRPG_45_2022_Print-PVES-2-semestre.pdf\">Edital 45\/2022 &#8211; PVE S\u00eanior<\/a><\/li>\n<li><a href=\"https:\/\/sites.usp.br\/print\/wp-content\/uploads\/sites\/468\/2022\/07\/Edital_PRPG_44_2022_Print-PDSE-2-semestre.pdf\">Edital 44\/2022 &#8211; PDSE &#8211; Print &#8211; Vagas Remanescentes<\/a> (retificado)&nbsp;<\/li>\n<li><a href=\"https:\/\/sites.usp.br\/print\/wp-content\/uploads\/sites\/468\/2022\/07\/Edital_PRPG_43_2022_Print-JTEE.pdf\">Edital 43\/2022 &#8211; JTEE &#8211; Print &#8211; Refugiados<\/a><\/li>\n<li><a href=\"https:\/\/www.prpg.usp.br\/attachments\/article\/31\/Edital_PRPG_43_2022_Print-JTEE-english-version.pdf\" target=\"_blank\" rel=\"noopener\">Edital 43\/2022 &#8211; JTEE &#8211; Print&nbsp; (english version)<\/a><\/li>\n<\/ul>\n<div>\n<h2>Retifica\u00e7\u00e3o<\/h2>\n\n<ul>\n<li><a href=\"https:\/\/sites.usp.br\/print\/wp-content\/uploads\/sites\/468\/2022\/07\/Edital_PRPG_44_46_2022_Print_Retificacao.pdf\">Edital n\u00ba 44\/2022 &#8211; PrInt USP\/CAPES &#8211; PDSE<\/a><\/li>\n<li><a href=\"https:\/\/sites.usp.br\/print\/wp-content\/uploads\/sites\/468\/2022\/07\/Edital_PRPG_44_46_2022_Print_Retificacao.pdf\">Edital n\u00ba 46\/2022 &#8211; PrInt USP\/CAPES &#8211; PVEJ<\/a><\/li>\n<\/ul>\n<\/div><div><br>\n<\/div>\n<ul>\n<\/ul>\n<h2>1\u00ba Semestre 2022<\/h2>\n<p style=\"text-align: left;\"><a href=\"https:\/\/www.prpg.usp.br\/attachments\/article\/31\/Resultado-final-CAPES_Editais-Print-30-31-32-33.pdf\">(03\/06\/2022) Resultado Final dos Editais PrInt USP: 30\/31\/32\/33<\/a><\/p>\n<p>&nbsp;<a href=\"https:\/\/www.prpg.usp.br\/attachments\/article\/8136\/Oficio-Resultados-dos-Editais-PVE-PVEJS-PDSE-Capacitacao-2022.pdf\">Resultado dos Editais PrInt USP: 30\/31\/32\/33 Of\u00edcio CoPGr 93\/2022<\/a><\/p>\n<p><b>&nbsp;<\/b><b style=\"font-size: 14px; color: var( --e-global-color-text );\">Publica\u00e7\u00e3o Di\u00e1rio Oficial &#8211; Editais PrInt &#8211; Sa\u00edda 2022<\/b><\/p>\n<ul>\n<li><a href=\"https:\/\/sites.usp.br\/print\/wp-content\/uploads\/sites\/468\/2022\/04\/Retificacao_Editais_30_33_2022_DOE_24032022.pdf\">Publica\u00e7\u00e3o DOE &#8211; Retifica\u00e7\u00e3o dos Editais 30 PDSE e 33 Capacita\u00e7\u00e3o<\/a><\/li>\n<li><a href=\"https:\/\/sites.usp.br\/print\/wp-content\/uploads\/sites\/468\/2022\/03\/Editais_Print_DOU_07032022.pdf\" target=\"_blank\" rel=\"noopener\">Publica\u00e7\u00e3o DOE &#8211; Editais PrInt USP&nbsp;<\/a><\/li>\n<\/ul>\n<p><strong>Circular CoPGr 11\/2022 &#8211; Instru\u00e7\u00f5es para os Editais PrInt\/USP<\/strong><\/p>\n<ul>\n<li><a href=\"https:\/\/sites.usp.br\/print\/wp-content\/uploads\/sites\/468\/2022\/03\/Oficio_Circ_11_2022_Editais_Print.pdf\" target=\"_blank\" rel=\"noopener\">Circular CoPGr 11\/2022 &#8211; Instru\u00e7\u00f5es para os Editais PrInt\/USP<\/a><\/li>\n<\/ul>\n<p><strong>Edital 33\/2022 \u2013 PrInt USP \u2013 Programa de Capacita\u00e7\u00e3o para Servidores T\u00e9cnicos e Administrativos no Exterior &#8211; CAP\/2022<\/strong><\/p>\n<ul>\n<li><a href=\"https:\/\/sites.usp.br\/print\/wp-content\/uploads\/sites\/468\/2022\/04\/Edital_Print_33_2022_Retificado.pdf\">Edital 33\/2022 Retificado (24\/03\/2022)<\/a><\/li>\n<li><a href=\"https:\/\/sites.usp.br\/print\/wp-content\/uploads\/sites\/468\/2022\/03\/Edital_Print_33_2022_CAP.pdf\" target=\"_blank\" rel=\"noopener\">Edital 33\/2022 \u2013 CAP\/2022<\/a><\/li>\n<li><a href=\"https:\/\/docs.google.com\/forms\/d\/e\/1FAIpQLSfA6ICuxvA7gj5Uk4xEH-RsAMa0Zm90vIF3rDmKILtBthAifQ\/viewform\" target=\"_blank\" rel=\"noopener\">Formul\u00e1rio de Inscri\u00e7\u00e3o<\/a><\/li>\n<\/ul>\n<p><strong>Edital 32\/2022 \u2013 PrInt USP \u2013 Programa de Professor Visitante no Exterior J\u00fanior\/S\u00eanior &#8211; PVEJS \/2022<\/strong><\/p>\n<ul>\n<li><a href=\"https:\/\/sites.usp.br\/print\/wp-content\/uploads\/sites\/468\/2022\/04\/circular-copgr-no-23-2022-de-26-de-abril-de-2022.pdf\">Circular CoPGr n\u00ba 23\/2022 &#8211; Esclarecimentos<\/a><\/li>\n<li><a href=\"https:\/\/sites.usp.br\/print\/wp-content\/uploads\/sites\/468\/2022\/03\/Edital_Print_32_2022_PVEJS.pdf\" target=\"_blank\" rel=\"noopener\">Edital 32\/2022 \u2013 PrInt USP &#8211; PVEJS \/2022<\/a><\/li>\n<li><a href=\"https:\/\/docs.google.com\/forms\/d\/e\/1FAIpQLSc9i5SfadHNYxSWIPIZs-aCCJ_kJe16fT3brY0oG4BAq4S8RQ\/viewform\" target=\"_blank\" rel=\"noopener\">Formul\u00e1rio de Inscri\u00e7\u00e3o<\/a><\/li>\n<\/ul>\n<p><strong>Edital 31\/2022 \u2013 PrInt USP \u2013 Programa de Professor Visitante do Exterior &#8211; PVE \/2022<\/strong><\/p>\n<ul>\n<li><a href=\"https:\/\/sites.usp.br\/print\/wp-content\/uploads\/sites\/468\/2022\/03\/Edital_Print_31_2022_PVE.pdf\" target=\"_blank\" rel=\"noopener\">Edital 31\/2022 &#8211; PVE \/2022<\/a><\/li>\n<li><a href=\"https:\/\/docs.google.com\/forms\/d\/e\/1FAIpQLSeJ69xdhNKoUyANfNE0niTYucViW8PoIT6cbkHzDv6Kro_pkw\/viewform\" target=\"_blank\" rel=\"noopener\">Formul\u00e1rio de Inscri\u00e7\u00e3o<\/a><\/li>\n<li><a href=\"https:\/\/sites.usp.br\/print\/wp-content\/uploads\/sites\/468\/2022\/03\/PrInt_Call_PVE_2022_Information_foreign.pdf\">Information for foreign researchers <\/a><\/li>\n<\/ul>\n<p><strong>Edital 30\/2022 \u2013 PrInt USP \u2013 Programa de Doutorado Sandu\u00edche no Exterior &#8211; PDSE \/2022<\/strong><\/p>\n<ul>\n<li><a href=\"https:\/\/sites.usp.br\/print\/wp-content\/uploads\/sites\/468\/dlm_uploads\/2022\/04\/Retificacao-Edital-30-2022-Print-PDSE-Cronograma-e-Prorrogacao.pdf\">Edital 30\/2022&nbsp; Retifica\u00e7\u00e3o (18\/04\/2022)<\/a><\/li>\n<li><a href=\"https:\/\/sites.usp.br\/print\/wp-content\/uploads\/sites\/468\/2022\/04\/Edital_Print_30_2022_PDSE_Retificado.pdf\">Edital 30\/2022&nbsp; Retificado (24\/03\/2022)<\/a><\/li>\n<li><a href=\"https:\/\/sites.usp.br\/print\/wp-content\/uploads\/sites\/468\/2022\/03\/Edital_Print_30_2022_PDSE.pdf\" target=\"_blank\" rel=\"noopener\">Edital 30\/2022 \u2013 PrInt USP &#8211; PDSE\/2022<\/a><\/li>\n<li><a href=\"https:\/\/sites.usp.br\/print\/wp-content\/uploads\/sites\/468\/2022\/03\/PDSE-Anexo-A.docx\" target=\"_blank\" rel=\"noopener\">Anexo A &#8211; PDSE &#8211; 2022<\/a><\/li>\n<li><a href=\"https:\/\/docs.google.com\/forms\/d\/e\/1FAIpQLSfchbkf4a1rqb0Ij5pJTIEXUIPLKbHlO4bCCDvxYuI8DjZl3Q\/viewform\" target=\"_blank\" rel=\"noopener\">Formul\u00e1rio de Inscri\u00e7\u00e3o<\/a><\/li>\n<\/ul>\n<p><strong>Recursos<\/strong><\/p>\n<ul>\n<li>Formul\u00e1rio para recursos editais PrInt<br><a href=\"https:\/\/docs.google.com\/forms\/d\/e\/1FAIpQLSceTtW2ucDAb7A0a9Vdc9zrbr0aAbFXnB6grciR1NiytmM7lg\/viewform\" target=\"_blank\" rel=\"noopener\">https:\/\/docs.google.com\/forms\/d\/e\/1FAIpQLSceTtW2ucDAb7A0a9Vdc9zrbr0aAbFXnB6grciR1NiytmM7lg\/viewform<\/a><\/li>\n<\/ul>\t\t\t\t\t\t<\/div>\n\t\t\t\t<\/div>\n\t\t\t\t\t<\/div>\n\t\t<\/div>\n\t\t\t\t\t<\/div>\n\t\t<\/section>\n\t\t\t\t<\/div>\n\t\t","protected":false},"excerpt":{"rendered":"<p>Resultados Edital 44&nbsp;&#8211;&nbsp;PROGRAMA DE DOUTORADO SANDU\u00cdCHE NO EXTERIOR \u2013 PDSE \u2013 2022 \u2013 &nbsp;2\u00ba Semestre \u2013 Cotas Remanescentes Edital 45 &#8211; PROGRAMA DE PROFESSOR VISITANTE NO EXTERIOR S\u00caNIOR \u2013 PVE S\u00eanior \u2013 2022 \u2013 2\u00ba Semestre (Vagas Remanescentes) 2\u00ba Semestre 2022 Edital 49\/2022 &#8211; Programa de Miss\u00f5es Acad\u00eamicas\/Cient\u00edficas no Exterior Edital 48\/2022 &#8211; Capacita\u00e7\u00e3o para [&hellip;]<\/p>\n","protected":false},"author":148,"featured_media":0,"parent":476,"menu_order":0,"comment_status":"closed","ping_status":"closed","template":"","meta":{"footnotes":"","_links_to":"","_links_to_target":""},"class_list":["post-2182","page","type-page","status-publish","hentry","entry"],"_links":{"self":[{"href":"https:\/\/sites.usp.br\/print\/wp-json\/wp\/v2\/pages\/2182","targetHints":{"allow":["GET"]}}],"collection":[{"href":"https:\/\/sites.usp.br\/print\/wp-json\/wp\/v2\/pages"}],"about":[{"href":"https:\/\/sites.usp.br\/print\/wp-json\/wp\/v2\/types\/page"}],"author":[{"embeddable":true,"href":"https:\/\/sites.usp.br\/print\/wp-json\/wp\/v2\/users\/148"}],"replies":[{"embeddable":true,"href":"https:\/\/sites.usp.br\/print\/wp-json\/wp\/v2\/comments?post=2182"}],"version-history":[{"count":4,"href":"https:\/\/sites.usp.br\/print\/wp-json\/wp\/v2\/pages\/2182\/revisions"}],"predecessor-version":[{"id":3267,"href":"https:\/\/sites.usp.br\/print\/wp-json\/wp\/v2\/pages\/2182\/revisions\/3267"}],"up":[{"embeddable":true,"href":"https:\/\/sites.usp.br\/print\/wp-json\/wp\/v2\/pages\/476"}],"wp:attachment":[{"href":"https:\/\/sites.usp.br\/print\/wp-json\/wp\/v2\/media?parent=2182"}],"curies":[{"name":"wp","href":"https:\/\/api.w.org\/{rel}","templated":true}]}}