{"id":2513,"date":"2022-08-18T19:12:47","date_gmt":"2022-08-18T21:12:47","guid":{"rendered":"https:\/\/sites.usp.br\/print\/?page_id=2513"},"modified":"2022-11-28T13:34:59","modified_gmt":"2022-11-28T15:34:59","slug":"print-day-2020","status":"publish","type":"page","link":"https:\/\/sites.usp.br\/print\/print-day-2020\/","title":{"rendered":"PrInt Day 2020"},"content":{"rendered":"\t\t<div data-elementor-type=\"wp-page\" data-elementor-id=\"2513\" class=\"elementor elementor-2513\">\n\t\t\t\t\t\t<section class=\"elementor-section elementor-top-section elementor-element elementor-element-89a32af elementor-section-boxed elementor-section-height-default elementor-section-height-default\" data-id=\"89a32af\" data-element_type=\"section\">\n\t\t\t\t\t\t<div class=\"elementor-container elementor-column-gap-default\">\n\t\t\t\t\t<div class=\"elementor-column elementor-col-100 elementor-top-column elementor-element elementor-element-9413de4\" data-id=\"9413de4\" data-element_type=\"column\">\n\t\t\t<div class=\"elementor-widget-wrap elementor-element-populated\">\n\t\t\t\t\t\t<div class=\"elementor-element elementor-element-93d7051 elementor-widget elementor-widget-text-editor\" data-id=\"93d7051\" data-element_type=\"widget\" data-widget_type=\"text-editor.default\">\n\t\t\t\t<div class=\"elementor-widget-container\">\n\t\t\t\t\t\t\t<h2><span style=\"color: #ff6600;\"><strong>PrInt Day 2020 (\u201cElas fazem ci\u00eancia\u201d)<\/strong><\/span><\/h2><p><strong>Tema:<\/strong> Atualiza\u00e7\u00e3o institucional anual sobre o programa PrInt e encontro virtual com 20 Universidades parceiras.<br \/><strong>Data:<\/strong> 17\/11\/2020<br \/><strong>Link: <\/strong><a href=\"http:\/\/www.prpg.usp.br\/pt-br\/noticias\/6840-elas-fazem-ci%C3%AAncia\">PrInt Day 2020<\/a><\/p><p><img decoding=\"async\" class=\"alignnone size-medium wp-image-2633\" src=\"https:\/\/sites.usp.br\/print\/wp-content\/uploads\/sites\/468\/2022\/11\/ELAS_FAZEM_CIeNCIA3m_1100x600-300x135.png\" alt=\"\" width=\"300\" height=\"135\" srcset=\"https:\/\/sites.usp.br\/print\/wp-content\/uploads\/sites\/468\/2022\/11\/ELAS_FAZEM_CIeNCIA3m_1100x600-300x135.png 300w, https:\/\/sites.usp.br\/print\/wp-content\/uploads\/sites\/468\/2022\/11\/ELAS_FAZEM_CIeNCIA3m_1100x600-1024x460.png 1024w, https:\/\/sites.usp.br\/print\/wp-content\/uploads\/sites\/468\/2022\/11\/ELAS_FAZEM_CIeNCIA3m_1100x600-768x345.png 768w, https:\/\/sites.usp.br\/print\/wp-content\/uploads\/sites\/468\/2022\/11\/ELAS_FAZEM_CIeNCIA3m_1100x600-400x180.png 400w, https:\/\/sites.usp.br\/print\/wp-content\/uploads\/sites\/468\/2022\/11\/ELAS_FAZEM_CIeNCIA3m_1100x600.png 1100w\" sizes=\"(max-width: 300px) 100vw, 300px\" \/><\/p><p>Prof. Dr. Marcio Castro Silva Filho (Pr\u00f3-Reitor Adjunto de P\u00f3s-Gradua\u00e7\u00e3o, USP \u2013 Internacionaliza\u00e7\u00e3o na PRPG \u2013 Update PrInt)<br \/>Prof. Dr. Valmor Alberto Augusto Tricoli, (Presidente, AUCANI- Internacionaliza\u00e7\u00e3o na USP)<\/p><p><strong>Formato (slides ou s\u00f3 fala)<\/strong>: Apresenta\u00e7\u00e3o de slides tanto na apresenta\u00e7\u00e3o institucional principal quanto nas salas individuais com as universidades parceiras.<\/p><p><strong>Programa\u00e7\u00e3o e breve resumo da fala de cada um dos participantes:<\/strong><\/p><ul><li><strong>Prof. Dr. Marcio Castro Silva Filho<\/strong> (Pr\u00f3-Reitor Adjunto de P\u00f3s-Gradua\u00e7\u00e3o, USP \u2013 Internacionaliza\u00e7\u00e3o na PRPG \u2013 Update PrInt). Atualiza\u00e7\u00e3o dos dados PrInt, sua contextualiza\u00e7\u00e3o com as estrat\u00e9gias de p\u00f3s-gradua\u00e7\u00e3o da USP e discuss\u00e3o das mudan\u00e7as necess\u00e1rias em fun\u00e7\u00e3o da pandemia, bem como suas consequ\u00eancias de curto e longo prazo.<\/li><li><strong>Prof. Dr. Valmor Alberto Augusto Tricoli<\/strong>, (Presidente, AUCANI- Internacionaliza\u00e7\u00e3o na USP). Descri\u00e7\u00e3o do cen\u00e1rio de internacionaliza\u00e7\u00e3o da USP, o impacto do PrInt e estrat\u00e9gias para o futuro.<\/li><\/ul><p><strong>Resultados:<\/strong><br \/>S\u00edntese dos principais assuntos apresentados:<br \/>Atualiza\u00e7\u00e3o do PrInt em n\u00fameros;<br \/>Impacto institucional do programa;<br \/>Integra\u00e7\u00e3o do PrInt \u00e0 estrat\u00e9gia de internacionaliza\u00e7\u00e3o da USP;<br \/>O futuro do programa e da p\u00f3s-gradua\u00e7\u00e3o na USP.<\/p><p>N\u00famero de participantes estrangeiros: 50<br \/>N\u00famero de participantes brasileiros: 300<\/p>\t\t\t\t\t\t<\/div>\n\t\t\t\t<\/div>\n\t\t\t\t\t<\/div>\n\t\t<\/div>\n\t\t\t\t\t<\/div>\n\t\t<\/section>\n\t\t\t\t<\/div>\n\t\t","protected":false},"excerpt":{"rendered":"<p>PrInt Day 2020 (\u201cElas fazem ci\u00eancia\u201d) Tema: Atualiza\u00e7\u00e3o institucional anual sobre o programa PrInt e encontro virtual com 20 Universidades parceiras.Data: 17\/11\/2020Link: PrInt Day 2020 Prof. Dr. Marcio Castro Silva Filho (Pr\u00f3-Reitor Adjunto de P\u00f3s-Gradua\u00e7\u00e3o, USP \u2013 Internacionaliza\u00e7\u00e3o na PRPG \u2013 Update PrInt)Prof. Dr. Valmor Alberto Augusto Tricoli, (Presidente, AUCANI- Internacionaliza\u00e7\u00e3o na USP) Formato (slides [&hellip;]<\/p>\n","protected":false},"author":148,"featured_media":0,"parent":0,"menu_order":0,"comment_status":"closed","ping_status":"closed","template":"","meta":{"footnotes":"","_links_to":"","_links_to_target":""},"class_list":["post-2513","page","type-page","status-publish","hentry","entry"],"_links":{"self":[{"href":"https:\/\/sites.usp.br\/print\/wp-json\/wp\/v2\/pages\/2513","targetHints":{"allow":["GET"]}}],"collection":[{"href":"https:\/\/sites.usp.br\/print\/wp-json\/wp\/v2\/pages"}],"about":[{"href":"https:\/\/sites.usp.br\/print\/wp-json\/wp\/v2\/types\/page"}],"author":[{"embeddable":true,"href":"https:\/\/sites.usp.br\/print\/wp-json\/wp\/v2\/users\/148"}],"replies":[{"embeddable":true,"href":"https:\/\/sites.usp.br\/print\/wp-json\/wp\/v2\/comments?post=2513"}],"version-history":[{"count":4,"href":"https:\/\/sites.usp.br\/print\/wp-json\/wp\/v2\/pages\/2513\/revisions"}],"predecessor-version":[{"id":2639,"href":"https:\/\/sites.usp.br\/print\/wp-json\/wp\/v2\/pages\/2513\/revisions\/2639"}],"wp:attachment":[{"href":"https:\/\/sites.usp.br\/print\/wp-json\/wp\/v2\/media?parent=2513"}],"curies":[{"name":"wp","href":"https:\/\/api.w.org\/{rel}","templated":true}]}}