{"id":2519,"date":"2022-08-18T19:21:33","date_gmt":"2022-08-18T21:21:33","guid":{"rendered":"https:\/\/sites.usp.br\/print\/?page_id=2519"},"modified":"2022-11-28T16:20:59","modified_gmt":"2022-11-28T18:20:59","slug":"print-day-na-expo-pg-2021","status":"publish","type":"page","link":"https:\/\/sites.usp.br\/print\/print-day-na-expo-pg-2021\/","title":{"rendered":"PrInt Day na Expo PG 2021"},"content":{"rendered":"\t\t<div data-elementor-type=\"wp-page\" data-elementor-id=\"2519\" class=\"elementor elementor-2519\">\n\t\t\t\t\t\t<section class=\"elementor-section elementor-top-section elementor-element elementor-element-72526c1 elementor-section-boxed elementor-section-height-default elementor-section-height-default\" data-id=\"72526c1\" data-element_type=\"section\">\n\t\t\t\t\t\t<div class=\"elementor-container elementor-column-gap-default\">\n\t\t\t\t\t<div class=\"elementor-column elementor-col-100 elementor-top-column elementor-element elementor-element-a9add1d\" data-id=\"a9add1d\" data-element_type=\"column\">\n\t\t\t<div class=\"elementor-widget-wrap elementor-element-populated\">\n\t\t\t\t\t\t<div class=\"elementor-element elementor-element-bbfef4c elementor-widget elementor-widget-text-editor\" data-id=\"bbfef4c\" data-element_type=\"widget\" data-widget_type=\"text-editor.default\">\n\t\t\t\t<div class=\"elementor-widget-container\">\n\t\t\t\t\t\t\t<h3><span style=\"color: #ff6600;\"><strong>EXPO PG USP 2021<\/strong><\/span><\/h3><p><img fetchpriority=\"high\" decoding=\"async\" class=\"alignnone size-medium wp-image-2641\" src=\"https:\/\/sites.usp.br\/print\/wp-content\/uploads\/sites\/468\/2022\/11\/ExpoPG-2021-Logo-V2-340x340-1-300x263.png\" alt=\"\" width=\"300\" height=\"263\" srcset=\"https:\/\/sites.usp.br\/print\/wp-content\/uploads\/sites\/468\/2022\/11\/ExpoPG-2021-Logo-V2-340x340-1-300x263.png 300w, https:\/\/sites.usp.br\/print\/wp-content\/uploads\/sites\/468\/2022\/11\/ExpoPG-2021-Logo-V2-340x340-1.png 340w\" sizes=\"(max-width: 300px) 100vw, 300px\" \/><\/p><p>O objetivo do evento \u00e9 de divulgar as atividades da P\u00f3s-Gradua\u00e7\u00e3o da Universidade de S\u00e3o Paulo para toda a sociedade, dando a oportunidade que interessados(as) conhe\u00e7am nossos programas, orientadores(as) e alunos(as).<\/p><p>A PRPG-USP tem como miss\u00e3o a forma\u00e7\u00e3o de pesquisadores com amplo dom\u00ednio do saber e capacidade de lideran\u00e7a e inova\u00e7\u00e3o, com qualidade e inser\u00e7\u00e3o internacional.<\/p><p>Em 2021, completamos 51 anos de atua\u00e7\u00e3o, tendo titulado mais de 150.000 mestres e doutores. Atualmente, a USP conta com 270 Programas de P\u00f3s-gradua\u00e7\u00e3o e 30 mil discentes.<\/p><p>A P\u00f3s-Gradua\u00e7\u00e3o Stricto Sensu compreende os cursos de Mestrado, Mestrado Profissional e Doutorado, nos quais o(a) aluno(a) cursa disciplinas e desenvolve projeto cient\u00edfico sob a orienta\u00e7\u00e3o de um docente da USP, com possibilidade de intera\u00e7\u00e3o com institui\u00e7\u00f5es estrangeiras.<\/p><p>Todos os cursos de p\u00f3s-gradua\u00e7\u00e3o Stricto Sensu da Universidade de S\u00e3o Paulo s\u00e3o gratuitos, seja o(a) aluno(a) brasileiro(a) ou estrangeiro(a).<\/p><p>A EXPO PG USP 2021 permitir\u00e1 que nossos professores, alunos e egressos apresentem os Programas de P\u00f3s-gradua\u00e7\u00e3o da USP, bem como a infraestrutura para pesquisa, inova\u00e7\u00e3o, empreendedorismo e possibilidades de internacionaliza\u00e7\u00e3o. A\u00e7\u00f5es para diversidade, acolhimento e perman\u00eancia estudantil tamb\u00e9m ser\u00e3o apresentadas.<\/p><p>As ag\u00eancias de fomento (FAPESP, CNPq e CAPES) apresentar\u00e3o suas pol\u00edticas de concess\u00e3o de bolsas e apoio \u00e0 pesquisa.<\/p><p><strong>Resumo:<\/strong><br \/>Per\u00edodo de 18\/01\/2021 at\u00e9 10\/02\/2021<br \/>Total de Visitas: 22.877<br \/><strong>Total de Visitantes: 15.920<br \/><\/strong>Total de P\u00e1ginas Visualizadas: 72.437<br \/><strong>Apresenta\u00e7\u00f5es ao Vivo &#8211; Dia 09\/02\/2021<br \/><\/strong>Total de Visitas: 5.180<br \/>Total de Visitantes: 3.505<br \/>Total de P\u00e1ginas Visualizadas: 16.612<br \/>Total de Visualiza\u00e7\u00f5es YouTube: 7.902<br \/>N\u00famero de participantes estrangeiros: 483<\/p><p><strong>Resultado:<\/strong><br \/>Disclosure of USP&#8217;s Graduate Programs, as well as the infrastructure for research, innovation, entrepreneurship and possibilities for internationalization. The funding agencies (FAPESP, CNPq and CAPES) presented their policies for granting grants and research support.<\/p><p>EXPO PG USP 2021 allowed our professors, students and graduates to present USP&#8217;s Graduate Programs, as well as the infrastructure for research, innovation, entrepreneurship and possibilities for internationalization. Actions for diversity, reception and student permanence were also presented.<\/p><p>Space for funding agencies (FAPESP, CNPq and CAPES) to present their policies for granting grants and research support.<\/p><p>No. participantes estrangeiros: 483<br \/>No. participantes brasileiros: 15.920<\/p>\t\t\t\t\t\t<\/div>\n\t\t\t\t<\/div>\n\t\t\t\t\t<\/div>\n\t\t<\/div>\n\t\t\t\t\t<\/div>\n\t\t<\/section>\n\t\t\t\t<\/div>\n\t\t","protected":false},"excerpt":{"rendered":"<p>EXPO PG USP 2021 O objetivo do evento \u00e9 de divulgar as atividades da P\u00f3s-Gradua\u00e7\u00e3o da Universidade de S\u00e3o Paulo para toda a sociedade, dando a oportunidade que interessados(as) conhe\u00e7am nossos programas, orientadores(as) e alunos(as). A PRPG-USP tem como miss\u00e3o a forma\u00e7\u00e3o de pesquisadores com amplo dom\u00ednio do saber e capacidade de lideran\u00e7a e inova\u00e7\u00e3o, [&hellip;]<\/p>\n","protected":false},"author":148,"featured_media":0,"parent":0,"menu_order":0,"comment_status":"closed","ping_status":"closed","template":"","meta":{"footnotes":"","_links_to":"","_links_to_target":""},"class_list":["post-2519","page","type-page","status-publish","hentry","entry"],"_links":{"self":[{"href":"https:\/\/sites.usp.br\/print\/wp-json\/wp\/v2\/pages\/2519","targetHints":{"allow":["GET"]}}],"collection":[{"href":"https:\/\/sites.usp.br\/print\/wp-json\/wp\/v2\/pages"}],"about":[{"href":"https:\/\/sites.usp.br\/print\/wp-json\/wp\/v2\/types\/page"}],"author":[{"embeddable":true,"href":"https:\/\/sites.usp.br\/print\/wp-json\/wp\/v2\/users\/148"}],"replies":[{"embeddable":true,"href":"https:\/\/sites.usp.br\/print\/wp-json\/wp\/v2\/comments?post=2519"}],"version-history":[{"count":4,"href":"https:\/\/sites.usp.br\/print\/wp-json\/wp\/v2\/pages\/2519\/revisions"}],"predecessor-version":[{"id":2644,"href":"https:\/\/sites.usp.br\/print\/wp-json\/wp\/v2\/pages\/2519\/revisions\/2644"}],"wp:attachment":[{"href":"https:\/\/sites.usp.br\/print\/wp-json\/wp\/v2\/media?parent=2519"}],"curies":[{"name":"wp","href":"https:\/\/api.w.org\/{rel}","templated":true}]}}