{"id":2645,"date":"2022-11-28T16:27:10","date_gmt":"2022-11-28T18:27:10","guid":{"rendered":"https:\/\/sites.usp.br\/print\/?page_id=2645"},"modified":"2022-11-28T20:18:15","modified_gmt":"2022-11-28T22:18:15","slug":"webinars","status":"publish","type":"page","link":"https:\/\/sites.usp.br\/print\/webinars\/","title":{"rendered":"Webinars"},"content":{"rendered":"\t\t<div data-elementor-type=\"wp-page\" data-elementor-id=\"2645\" class=\"elementor elementor-2645\">\n\t\t\t\t\t\t<section class=\"elementor-section elementor-top-section elementor-element elementor-element-2e3de8b elementor-section-boxed elementor-section-height-default elementor-section-height-default\" data-id=\"2e3de8b\" data-element_type=\"section\">\n\t\t\t\t\t\t<div class=\"elementor-container elementor-column-gap-default\">\n\t\t\t\t\t<div class=\"elementor-column elementor-col-100 elementor-top-column elementor-element elementor-element-99b1d1e\" data-id=\"99b1d1e\" data-element_type=\"column\">\n\t\t\t<div class=\"elementor-widget-wrap elementor-element-populated\">\n\t\t\t\t\t\t<section class=\"elementor-section elementor-inner-section elementor-element elementor-element-d9f3175 elementor-section-boxed elementor-section-height-default elementor-section-height-default\" data-id=\"d9f3175\" data-element_type=\"section\">\n\t\t\t\t\t\t<div class=\"elementor-container elementor-column-gap-default\">\n\t\t\t\t\t<div class=\"elementor-column elementor-col-50 elementor-inner-column elementor-element elementor-element-c78eb0b\" data-id=\"c78eb0b\" data-element_type=\"column\">\n\t\t\t<div class=\"elementor-widget-wrap elementor-element-populated\">\n\t\t\t\t\t\t<div class=\"elementor-element elementor-element-827c721 elementor-widget elementor-widget-image\" data-id=\"827c721\" data-element_type=\"widget\" data-widget_type=\"image.default\">\n\t\t\t\t<div class=\"elementor-widget-container\">\n\t\t\t\t\t\t\t\t\t\t\t\t\t<img fetchpriority=\"high\" decoding=\"async\" width=\"1024\" height=\"682\" src=\"https:\/\/sites.usp.br\/print\/wp-content\/uploads\/sites\/468\/2019\/11\/PraC3A7a-do-RelC3B3gio-Foto-Marcos-Santos-002-1024x682.jpg\" class=\"attachment-large size-large wp-image-1117\" alt=\"\" srcset=\"https:\/\/sites.usp.br\/print\/wp-content\/uploads\/sites\/468\/2019\/11\/PraC3A7a-do-RelC3B3gio-Foto-Marcos-Santos-002-1024x682.jpg 1024w, https:\/\/sites.usp.br\/print\/wp-content\/uploads\/sites\/468\/2019\/11\/PraC3A7a-do-RelC3B3gio-Foto-Marcos-Santos-002-300x200.jpg 300w, https:\/\/sites.usp.br\/print\/wp-content\/uploads\/sites\/468\/2019\/11\/PraC3A7a-do-RelC3B3gio-Foto-Marcos-Santos-002-768x512.jpg 768w, https:\/\/sites.usp.br\/print\/wp-content\/uploads\/sites\/468\/2019\/11\/PraC3A7a-do-RelC3B3gio-Foto-Marcos-Santos-002-750x500.jpg 750w, https:\/\/sites.usp.br\/print\/wp-content\/uploads\/sites\/468\/2019\/11\/PraC3A7a-do-RelC3B3gio-Foto-Marcos-Santos-002-272x182.jpg 272w, https:\/\/sites.usp.br\/print\/wp-content\/uploads\/sites\/468\/2019\/11\/PraC3A7a-do-RelC3B3gio-Foto-Marcos-Santos-002-400x267.jpg 400w, https:\/\/sites.usp.br\/print\/wp-content\/uploads\/sites\/468\/2019\/11\/PraC3A7a-do-RelC3B3gio-Foto-Marcos-Santos-002.jpg 1772w\" sizes=\"(max-width: 1024px) 100vw, 1024px\" \/>\t\t\t\t\t\t\t\t\t\t\t\t\t<\/div>\n\t\t\t\t<\/div>\n\t\t\t\t\t<\/div>\n\t\t<\/div>\n\t\t\t\t<div class=\"elementor-column elementor-col-50 elementor-inner-column elementor-element elementor-element-d3b7539\" data-id=\"d3b7539\" data-element_type=\"column\">\n\t\t\t<div class=\"elementor-widget-wrap elementor-element-populated\">\n\t\t\t\t\t\t<div class=\"elementor-element elementor-element-de76e7d elementor-widget elementor-widget-heading\" data-id=\"de76e7d\" data-element_type=\"widget\" data-widget_type=\"heading.default\">\n\t\t\t\t<div class=\"elementor-widget-container\">\n\t\t\t<h1 class=\"elementor-heading-title elementor-size-xxl\">Webinars<\/h1>\t\t<\/div>\n\t\t\t\t<\/div>\n\t\t\t\t<div class=\"elementor-element elementor-element-e8ab8ba elementor-widget elementor-widget-text-editor\" data-id=\"e8ab8ba\" data-element_type=\"widget\" data-widget_type=\"text-editor.default\">\n\t\t\t\t<div class=\"elementor-widget-container\">\n\t\t\t\t\t\t\t<p>Conectando a USP \u00e0s universidades parceiras, ag\u00eancias de fomento internacionais que colaboram e contribuem com nossa pol\u00edtica de internacionaliza\u00e7\u00e3o.<\/p>\t\t\t\t\t\t<\/div>\n\t\t\t\t<\/div>\n\t\t\t\t\t<\/div>\n\t\t<\/div>\n\t\t\t\t\t<\/div>\n\t\t<\/section>\n\t\t\t\t\t<\/div>\n\t\t<\/div>\n\t\t\t\t\t<\/div>\n\t\t<\/section>\n\t\t\t\t<section class=\"elementor-section elementor-top-section elementor-element elementor-element-93adf61 elementor-section-boxed elementor-section-height-default elementor-section-height-default\" data-id=\"93adf61\" data-element_type=\"section\">\n\t\t\t\t\t\t<div class=\"elementor-container elementor-column-gap-default\">\n\t\t\t\t\t<div class=\"elementor-column elementor-col-100 elementor-top-column elementor-element elementor-element-e3ad0ee\" data-id=\"e3ad0ee\" data-element_type=\"column\">\n\t\t\t<div class=\"elementor-widget-wrap elementor-element-populated\">\n\t\t\t\t\t\t<div class=\"elementor-element elementor-element-18be001 elementor-tabs-view-horizontal elementor-widget elementor-widget-tabs\" data-id=\"18be001\" data-element_type=\"widget\" data-widget_type=\"tabs.default\">\n\t\t\t\t<div class=\"elementor-widget-container\">\n\t\t\t\t\t<div class=\"elementor-tabs\">\n\t\t\t<div class=\"elementor-tabs-wrapper\" role=\"tablist\" >\n\t\t\t\t\t\t\t\t\t<div id=\"elementor-tab-title-2591\" class=\"elementor-tab-title elementor-tab-desktop-title\" aria-selected=\"true\" data-tab=\"1\" role=\"tab\" tabindex=\"0\" aria-controls=\"elementor-tab-content-2591\" aria-expanded=\"false\">Groningen<\/div>\n\t\t\t\t\t\t\t\t\t<div id=\"elementor-tab-title-2592\" class=\"elementor-tab-title elementor-tab-desktop-title\" aria-selected=\"false\" data-tab=\"2\" role=\"tab\" tabindex=\"-1\" aria-controls=\"elementor-tab-content-2592\" aria-expanded=\"false\">M\u00fcnster<\/div>\n\t\t\t\t\t\t\t\t\t<div id=\"elementor-tab-title-2593\" class=\"elementor-tab-title elementor-tab-desktop-title\" aria-selected=\"false\" data-tab=\"3\" role=\"tab\" tabindex=\"-1\" aria-controls=\"elementor-tab-content-2593\" aria-expanded=\"false\">Humboldt<\/div>\n\t\t\t\t\t\t\t<\/div>\n\t\t\t<div class=\"elementor-tabs-content-wrapper\" role=\"tablist\" aria-orientation=\"vertical\">\n\t\t\t\t\t\t\t\t\t<div class=\"elementor-tab-title elementor-tab-mobile-title\" aria-selected=\"true\" data-tab=\"1\" role=\"tab\" tabindex=\"0\" aria-controls=\"elementor-tab-content-2591\" aria-expanded=\"false\">Groningen<\/div>\n\t\t\t\t\t<div id=\"elementor-tab-content-2591\" class=\"elementor-tab-content elementor-clearfix\" data-tab=\"1\" role=\"tabpanel\" aria-labelledby=\"elementor-tab-title-2591\" tabindex=\"0\" hidden=\"false\"><p><\/p><p style=\"font-weight: 400;\">A PRPG USP organizou um webin\u00e1rio sobre informa\u00e7\u00e3o acad\u00eamica tem\u00e1tica e oportunidades internacionais com a Universidade de Groningen (UG), Holanda, na ter\u00e7a-feira,<strong>\u00a022 de junho de 2021, das 9h \u00e0s 12h (BRT)<\/strong>.<\/p><p style=\"font-weight: 400;\">A USP e a UG t\u00eam uma longa hist\u00f3ria de colabora\u00e7\u00e3o, que vai desde a\u00a0<strong>mobilidade estudantil<\/strong>\u00a0at\u00e9 a inscri\u00e7\u00e3o em programas de doutorado com\u00a0<strong>dupla-titula\u00e7\u00e3o<\/strong>\u00a0e\u00a0<strong>projetos de pesquisa conjuntos<\/strong>. Desde 2020, a USP est\u00e1 oficialmente listada como um dos \u201cParceiros Estrat\u00e9gicos\u201d da UG. Parte do foco da UG em Parceiros Estrat\u00e9gicos envolve tamb\u00e9m a participa\u00e7\u00e3o ativa de &#8220;Embaixadores Acad\u00eamicos&#8221; da UG, cada um representando seu dom\u00ednio acad\u00eamico mais amplo.<\/p><p style=\"font-weight: 400;\">\u00a0Temas abordados:<\/p><p style=\"font-weight: 400;\"><strong>Social Sciences &amp; Humanities (session 1a) &#8211;\u00a0<\/strong>Prof. Dr. M\u00f3nica L\u00f3pez L\u00f3pez<\/p><p style=\"font-weight: 400;\">Since January 2021, M\u00f3nica has been the UG &#8220;Academic Ambassador&#8221; for the Social Sciences and, in that position, actively aims to contribute to creating added value of internationalization to education and research for her domain. At the event on 22 June for USP students and academics, she represents the broader domain of the Social Sciences &amp; Humanities.\u00a0\u00a0\u00a0<\/p><p style=\"font-weight: 400;\"><strong>\u00a0Science &amp; Technology (session 1b) &#8211;\u00a0<\/strong>Prof. Dr. Daniel Rodrigues Valesin<\/p><p style=\"font-weight: 400;\">Since January 2021, Daniel has also been one of the UG Academic Ambassadors, representing the broader field of Science and Technology. Being a Brazilian himself, he is particularly looking forward to find synergies and collaboration opportunities with USP. His session will be in Portuguese.\u00a0\u00a0<\/p><p style=\"font-weight: 400;\"><strong>\u00a0Life Sciences &amp; Health (Session 2) \u2013\u00a0<\/strong>Prof. Dr. Han Moshage<\/p><p style=\"font-weight: 400;\">Han has been actively involved in international collaboration policies, including the UMCG\u2019s strategic partnership with USP, since 2019. As an Academic Ambassador, he represents the domain of Life Sciences &amp; Health<\/p><p style=\"font-weight: 400;\"><a href=\"https:\/\/www.prpg.usp.br\/pt-br\/internacionalizacao\/webinars-2021\" data-saferedirecturl=\"https:\/\/www.google.com\/url?q=https:\/\/www.prpg.usp.br\/pt-br\/internacionalizacao\/webinars-2021&amp;source=gmail&amp;ust=1669728243385000&amp;usg=AOvVaw18QyfeZ6cWAXlEvFbYfwxT\"><strong>https:\/\/www.prpg.usp.br\/pt-br\/internacionalizacao\/webinars-2021<\/strong><\/a><\/p><p style=\"font-weight: 400;\">N\u00ba participantes brasileiros: \u00a0395<br \/>N\u00ba participantes estrangeiros: 04<br \/>1.745 visualiza\u00e7\u00f5es<\/p><p style=\"font-weight: 400;\"><strong>RESULTADO<\/strong>: A s\u00e9rie de webin\u00e1rios da PRPG \u00e9 uma iniciativa liderada pela Pr\u00f3-Reitoria de P\u00f3s-Gradua\u00e7\u00e3o da Universidade de S\u00e3o Paulo (PRPG USP) em parceria com a Ag\u00eancia USP de Coopera\u00e7\u00e3o Acad\u00eamica Nacional e Internacional (<a href=\"http:\/\/www.usp.br\/internationaloffice\/\" data-saferedirecturl=\"https:\/\/www.google.com\/url?q=http:\/\/www.usp.br\/internationaloffice\/&amp;source=gmail&amp;ust=1669728243385000&amp;usg=AOvVaw19PpWdwp21hJyjySZRYbIK\">AUCANI<\/a>)\u00a0para conectar as nossas universidades parceiras e ag\u00eancias de fomento internacionais que colaboram e contribuem com nossa pol\u00edtica de internacionaliza\u00e7\u00e3o.<\/p><\/div>\n\t\t\t\t\t\t\t\t\t<div class=\"elementor-tab-title elementor-tab-mobile-title\" aria-selected=\"false\" data-tab=\"2\" role=\"tab\" tabindex=\"-1\" aria-controls=\"elementor-tab-content-2592\" aria-expanded=\"false\">M\u00fcnster<\/div>\n\t\t\t\t\t<div id=\"elementor-tab-content-2592\" class=\"elementor-tab-content elementor-clearfix\" data-tab=\"2\" role=\"tabpanel\" aria-labelledby=\"elementor-tab-title-2592\" tabindex=\"0\" hidden=\"hidden\"><p><b>2\u00ba Webin\u00e1rio da P\u00f3s-Gradua\u00e7\u00e3o da Universidade de S\u00e3o Paulo com a Universidade de M\u00fcnster \u2013 07\/07\/2021<\/b><\/p><p>A s\u00e9rie de webin\u00e1rios da PRPG \u00e9 uma iniciativa liderada pela Pr\u00f3-Reitoria de P\u00f3s-Gradua\u00e7\u00e3o da Universidade de S\u00e3o Paulo (PRPG USP) em parceria com a Ag\u00eancia USP de Coopera\u00e7\u00e3o Acad\u00eamica Nacional e Internacional (<a href=\"http:\/\/www.usp.br\/internationaloffice\/\" target=\"_blank\" rel=\"noopener\" data-saferedirecturl=\"https:\/\/www.google.com\/url?q=http:\/\/www.usp.br\/internationaloffice\/&amp;source=gmail&amp;ust=1669728243385000&amp;usg=AOvVaw19PpWdwp21hJyjySZRYbIK\">AUCANI<\/a>)\u00a0para conectar as nossas universidades parceiras e ag\u00eancias de fomento internacionais que colaboram e contribuem com nossa pol\u00edtica de internacionaliza\u00e7\u00e3o.<\/p><p>A USP \u00e9 a principal benefici\u00e1ria do\u00a0<a href=\"https:\/\/sites.usp.br\/print\/\" target=\"_blank\" rel=\"noopener\" data-saferedirecturl=\"https:\/\/www.google.com\/url?q=https:\/\/sites.usp.br\/print\/&amp;source=gmail&amp;ust=1669728243385000&amp;usg=AOvVaw3dbGQcikkN2sIpRJFxW7kk\">Programa CAPES-PrInt<\/a>\u00a0e tem um plano de a\u00e7\u00f5es para internacionaliza\u00e7\u00e3o dividido em cinco \u00e1reas tem\u00e1ticas: Artes e Humanidades &#8211; AAH; Terra e Espa\u00e7o &#8211; EAS; Sa\u00fade e Doen\u00e7a &#8211; HAD; Ci\u00eancias Translacionais de Plantas e Animais &#8211; TPAS; e TEC &#8211; Tecnologia.<\/p><p>Em 2019 e 2020, reunimos mais de 20 universidades parceiras da USP para compartilhar conhecimento e possibilidades de colabora\u00e7\u00e3o. Com a pandemia pelo novo coronav\u00edrus, percebemos que a PRPG deve continuar a fomentar a internacionaliza\u00e7\u00e3o de seus programas de p\u00f3s-gradua\u00e7\u00e3o atrav\u00e9s de a\u00e7\u00f5es on-line ativas que favore\u00e7a discuss\u00f5es e troca de expertises.<\/p><p>Nesse sentido, estrearemos uma s\u00e9rie de webin\u00e1rios para facilitar a comunica\u00e7\u00e3o e compartilhamento de conhecimentos, o que favorecer\u00e1 mobilidades, doutorado em dupla-titula\u00e7\u00e3o, inser\u00e7\u00e3o internacional em projetos, por exemplo.<br \/><br \/><\/p><p>No webin\u00e1rio com a WWU, que aconteceu em 07\/07\/2021, em colabora\u00e7\u00e3o com a<strong>\u00a0Sociedade Alem\u00e3 de Amparo \u00e0 Pesquisa (DFG)<\/strong>\u00a0e o\u00a0<strong>Servi\u00e7o Alem\u00e3o de Interc\u00e2mbio Acad\u00eamico (DAAD)<\/strong>, informa\u00e7\u00f5es sobre estudos e pesquisas na WWU, al\u00e9m de possibilidades de coopera\u00e7\u00e3o com a USP foram apresentadas. As ag\u00eancias de fomento, DAAD e DGF, participaram informando sobre os seus programas de bolsas e fomento.<\/p><p>A USP e a WWU est\u00e3o unidas numa parceria estrat\u00e9gica que inclui interc\u00e2mbio acad\u00eamico, programas de dupla-titula\u00e7\u00e3o e projetos de pesquisa em rede nas mais diversas \u00e1reas acad\u00eamicas, que est\u00e1 sendo consolidada via o projeto wwu.usp.<\/p><p><a href=\"https:\/\/www.prpg.usp.br\/en\/todos-os-videos\/institucional\/272-webinario-prpg-2021-com-muenster\" target=\"_blank\" rel=\"noopener\" data-saferedirecturl=\"https:\/\/www.google.com\/url?q=https:\/\/www.prpg.usp.br\/en\/todos-os-videos\/institucional\/272-webinario-prpg-2021-com-muenster&amp;source=gmail&amp;ust=1669728243385000&amp;usg=AOvVaw1Tx1bWDe_4rgorxYd_gZ6-\">https:\/\/www.prpg.usp.br\/en\/<wbr \/>todos-os-videos\/institucional\/<wbr \/>272-webinario-prpg-2021-com-<wbr \/>muenster<\/a><\/p><p>Ver programa\u00e7\u00e3o:\u00a0<a href=\"https:\/\/www.prpg.usp.br\/pt-br\/internacionalizacao\/webinars-2021\" target=\"_blank\" rel=\"noopener\" data-saferedirecturl=\"https:\/\/www.google.com\/url?q=https:\/\/www.prpg.usp.br\/pt-br\/internacionalizacao\/webinars-2021&amp;source=gmail&amp;ust=1669728243385000&amp;usg=AOvVaw18QyfeZ6cWAXlEvFbYfwxT\">https:\/\/www.prpg.usp.br\/pt-br\/<wbr \/>internacionalizacao\/webinars-<wbr \/>2021<\/a><\/p><p>\u00a0<b>Resultados:<\/b><\/p><p>Conectar as nossas universidades parceiras e ag\u00eancias de fomento internacionais que colaboram e contribuem com nossa pol\u00edtica de internacionaliza\u00e7\u00e3o. Fomentar a internacionaliza\u00e7\u00e3o de seus programas de p\u00f3s-gradua\u00e7\u00e3o atrav\u00e9s de a\u00e7\u00f5es on-line ativas que favore\u00e7am discuss\u00f5es e troca de expertises. Facilitar a comunica\u00e7\u00e3o e compartilhamento de conhecimentos, o que favorecer\u00e1 mobilidades, doutorado em dupla-titula\u00e7\u00e3o, inser\u00e7\u00e3o internacional em projetos etc.<\/p><p>N\u00ba participantes brasileiros: 683<br \/>N\u00ba participantes estrangeiros: 07<br \/>1.524 visualiza\u00e7\u00f5es<\/p><\/div>\n\t\t\t\t\t\t\t\t\t<div class=\"elementor-tab-title elementor-tab-mobile-title\" aria-selected=\"false\" data-tab=\"3\" role=\"tab\" tabindex=\"-1\" aria-controls=\"elementor-tab-content-2593\" aria-expanded=\"false\">Humboldt<\/div>\n\t\t\t\t\t<div id=\"elementor-tab-content-2593\" class=\"elementor-tab-content elementor-clearfix\" data-tab=\"3\" role=\"tabpanel\" aria-labelledby=\"elementor-tab-title-2593\" tabindex=\"0\" hidden=\"hidden\"><p><\/p><p><strong>Webinar PRPG 2021: USP e Humboldt-Universit\u00e4t zu Berlin (HUB)<\/strong><\/p><p style=\"font-weight: 400;\">O evento contou com a presen\u00e7a do Pro-reitor da P\u00f3s-gradua\u00e7\u00e3o da USP, Presidente da AUCANI, Presidente da Internacionaliza\u00e7\u00e3o da HUB e da respons\u00e1vel pela coopera\u00e7\u00e3o acad\u00eamica HUB-USP, membros do DWIH, DAAD e DFG. O evento teve como objetivo discorrer sobre as coopera\u00e7\u00f5es vigentes entre a HUB e a USP e as possibilidades de ampliar as colabora\u00e7\u00f5es tendo como meio, as agencias de fomento alem\u00e3es. As discuss\u00f5es com a plateia foram no sentido de estabelecer conv\u00eanios de dupla-titula\u00e7\u00e3o, mobilidade de alunos e pesquisadores e possibilidades de aux\u00edlios financeiros.<\/p><p style=\"font-weight: 400;\">Resultados esperados. Que possamos incrementar a intera\u00e7\u00e3o com a HU, e criarmos mais acordos de DT e permitir mais a mobilidade de estudantes e pesquisadores nos pr\u00f3ximos 4 anos.\u00a0<\/p><p><strong>Resultados:<\/strong>\u00a0Que possamos incrementar a intera\u00e7\u00e3o com a HU, e criarmos mais acordos de DT e permitir mais a mobilidade de estudantes e pesquisadores nos pr\u00f3ximos 4 anos.\u00a0<\/p><p>Estrangeiros: 6<br \/>Brasileiros: 107<br \/>Visualiza\u00e7\u00f5es: 543<\/p><p><a href=\"https:\/\/www.prpg.usp.br\/pt-br\/noticias\/7658-webinar-prpg-2021-usp-e-humboldt-universit%C3%A4t-zu-berlin-hub\" data-saferedirecturl=\"https:\/\/www.google.com\/url?q=https:\/\/www.prpg.usp.br\/pt-br\/noticias\/7658-webinar-prpg-2021-usp-e-humboldt-universit%25C3%25A4t-zu-berlin-hub&amp;source=gmail&amp;ust=1669728243385000&amp;usg=AOvVaw09bZtqAOQ0xl-z9iK94VVa\">https:\/\/www.prpg.usp.br\/pt-br\/noticias\/7658-webinar-prpg-2021-usp-e-humboldt-universit%C3%A4t-zu-berlin-hub<\/a><\/p><p><a href=\"https:\/\/www.prpg.usp.br\/pt-br\/internacionalizacao\/webinars-2021\" data-saferedirecturl=\"https:\/\/www.google.com\/url?q=https:\/\/www.prpg.usp.br\/pt-br\/internacionalizacao\/webinars-2021&amp;source=gmail&amp;ust=1669728243386000&amp;usg=AOvVaw1n9px1exj4pnRgSjEkv7R9\">https:\/\/www.prpg.usp.br\/pt-br\/internacionalizacao\/webinars-2021<\/a><\/p><\/div>\n\t\t\t\t\t\t\t<\/div>\n\t\t<\/div>\n\t\t\t\t<\/div>\n\t\t\t\t<\/div>\n\t\t\t\t\t<\/div>\n\t\t<\/div>\n\t\t\t\t\t<\/div>\n\t\t<\/section>\n\t\t\t\t<\/div>\n\t\t","protected":false},"excerpt":{"rendered":"<p>Webinars Conectando a USP \u00e0s universidades parceiras, ag\u00eancias de fomento internacionais que colaboram e contribuem com nossa pol\u00edtica de internacionaliza\u00e7\u00e3o. Groningen M\u00fcnster Humboldt Groningen A PRPG USP organizou um webin\u00e1rio sobre informa\u00e7\u00e3o acad\u00eamica tem\u00e1tica e oportunidades internacionais com a Universidade de Groningen (UG), Holanda, na ter\u00e7a-feira,\u00a022 de junho de 2021, das 9h \u00e0s 12h (BRT). [&hellip;]<\/p>\n","protected":false},"author":148,"featured_media":0,"parent":0,"menu_order":0,"comment_status":"closed","ping_status":"closed","template":"","meta":{"footnotes":"","_links_to":"","_links_to_target":""},"class_list":["post-2645","page","type-page","status-publish","hentry","entry"],"_links":{"self":[{"href":"https:\/\/sites.usp.br\/print\/wp-json\/wp\/v2\/pages\/2645","targetHints":{"allow":["GET"]}}],"collection":[{"href":"https:\/\/sites.usp.br\/print\/wp-json\/wp\/v2\/pages"}],"about":[{"href":"https:\/\/sites.usp.br\/print\/wp-json\/wp\/v2\/types\/page"}],"author":[{"embeddable":true,"href":"https:\/\/sites.usp.br\/print\/wp-json\/wp\/v2\/users\/148"}],"replies":[{"embeddable":true,"href":"https:\/\/sites.usp.br\/print\/wp-json\/wp\/v2\/comments?post=2645"}],"version-history":[{"count":4,"href":"https:\/\/sites.usp.br\/print\/wp-json\/wp\/v2\/pages\/2645\/revisions"}],"predecessor-version":[{"id":2678,"href":"https:\/\/sites.usp.br\/print\/wp-json\/wp\/v2\/pages\/2645\/revisions\/2678"}],"wp:attachment":[{"href":"https:\/\/sites.usp.br\/print\/wp-json\/wp\/v2\/media?parent=2645"}],"curies":[{"name":"wp","href":"https:\/\/api.w.org\/{rel}","templated":true}]}}