{"id":2885,"date":"2023-05-03T12:34:25","date_gmt":"2023-05-03T14:34:25","guid":{"rendered":"https:\/\/sites.usp.br\/print\/?page_id=2885"},"modified":"2024-05-03T14:43:25","modified_gmt":"2024-05-03T16:43:25","slug":"calls-2024","status":"publish","type":"page","link":"https:\/\/sites.usp.br\/print\/calls\/calls-2024\/","title":{"rendered":"Calls 2024"},"content":{"rendered":"\t\t<div data-elementor-type=\"wp-page\" data-elementor-id=\"2885\" class=\"elementor elementor-2885\">\n\t\t\t\t\t\t<section class=\"elementor-section elementor-top-section elementor-element elementor-element-6d7c597 elementor-section-boxed elementor-section-height-default elementor-section-height-default\" data-id=\"6d7c597\" data-element_type=\"section\">\n\t\t\t\t\t\t<div class=\"elementor-container elementor-column-gap-default\">\n\t\t\t\t\t<div class=\"elementor-column elementor-col-100 elementor-top-column elementor-element elementor-element-0e86f41\" data-id=\"0e86f41\" data-element_type=\"column\">\n\t\t\t<div class=\"elementor-widget-wrap\">\n\t\t\t\t\t\t\t<\/div>\n\t\t<\/div>\n\t\t\t\t\t<\/div>\n\t\t<\/section>\n\t\t\t\t<section class=\"elementor-section elementor-top-section elementor-element elementor-element-85d19b7 elementor-section-boxed elementor-section-height-default elementor-section-height-default\" data-id=\"85d19b7\" data-element_type=\"section\">\n\t\t\t\t\t\t<div class=\"elementor-container elementor-column-gap-default\">\n\t\t\t\t\t<div class=\"elementor-column elementor-col-100 elementor-top-column elementor-element elementor-element-1d4a040\" data-id=\"1d4a040\" data-element_type=\"column\">\n\t\t\t<div class=\"elementor-widget-wrap elementor-element-populated\">\n\t\t\t\t\t\t<div class=\"elementor-element elementor-element-54b0504 elementor-widget elementor-widget-heading\" data-id=\"54b0504\" data-element_type=\"widget\" data-widget_type=\"heading.default\">\n\t\t\t\t<div class=\"elementor-widget-container\">\n\t\t\t<h1 class=\"elementor-heading-title elementor-size-large\">CALLS 2024<\/h1>\t\t<\/div>\n\t\t\t\t<\/div>\n\t\t\t\t\t<\/div>\n\t\t<\/div>\n\t\t\t\t\t<\/div>\n\t\t<\/section>\n\t\t\t\t<section class=\"elementor-section elementor-top-section elementor-element elementor-element-3343467 elementor-section-boxed elementor-section-height-default elementor-section-height-default\" data-id=\"3343467\" data-element_type=\"section\">\n\t\t\t\t\t\t<div class=\"elementor-container elementor-column-gap-default\">\n\t\t\t\t\t<div class=\"elementor-column elementor-col-100 elementor-top-column elementor-element elementor-element-450ee09\" data-id=\"450ee09\" data-element_type=\"column\">\n\t\t\t<div class=\"elementor-widget-wrap elementor-element-populated\">\n\t\t\t\t\t\t<div class=\"elementor-element elementor-element-046586f elementor-widget__width-initial elementor-widget elementor-widget-text-editor\" data-id=\"046586f\" data-element_type=\"widget\" data-widget_type=\"text-editor.default\">\n\t\t\t\t<div class=\"elementor-widget-container\">\n\t\t\t\t\t\t\t<h1><strong>Information For Foreign Researches\u00a0<\/strong><\/h1><ul><li><a href=\"https:\/\/sites.usp.br\/print\/wp-content\/uploads\/sites\/468\/2023\/11\/Edital_PRPG_PrInt-Call-PVE-2024-english.pdf\">Edital PrInt\/PVE\u00a0 2024<\/a> (english) PUBLICADO EM 17\/11\/2023<\/li><\/ul><h1>Resultado final<\/h1><ul><li><a href=\"https:\/\/sites.usp.br\/print\/wp-content\/uploads\/sites\/468\/2024\/05\/Oficio-COPGRAD01-21-2024-resultado-edital-2-2024-print-pame.pdf\">Of\u00edcio 21\/2024 &#8211; Resultado final &#8211; Edital PrInt PAME &#8211; 02-2024\u00a0<\/a><\/li><li><a href=\"https:\/\/sites.usp.br\/print\/wp-content\/uploads\/sites\/468\/2024\/01\/Oficio-CoPGr-5-2024-assinado.pdf\">Of\u00edcio 5\/2024 &#8211; Resultado final Editais Print-2023, com sa\u00eddas em 2024 &#8211; Janela 2 e 3 (PUBLICADO NO SITE EM 17\/01\/2024)<\/a><\/li><li><a href=\"https:\/\/sites.usp.br\/print\/wp-content\/uploads\/sites\/468\/2023\/12\/Editais_PrInt-2023-Saidas-2024-JANELA-2-e-3.pdf\">Of\u00edcio 234\/2023 &#8211; Editais com sa\u00eddas em 2024 &#8211; JANELAS 2 E 3\u00a0<\/a> (PUBLICADO NO SITE EM 22\/12\/2023)<\/li><li><a href=\"https:\/\/sites.usp.br\/print\/wp-content\/uploads\/sites\/468\/2023\/12\/print-assinado.pdf\">Of\u00edcio 232\/2023 &#8211; Editais com sa\u00edda em 2024 JANELA 2 E 3<\/a>\u00a0(PUBLICADO NO SITE EM 13\/12\/2023)<\/li><li><a href=\"https:\/\/sites.usp.br\/print\/wp-content\/uploads\/sites\/468\/2023\/12\/Oficio-CoPGR-\u2013-231-2023-Resultado-Edital-23-2023-PAME-1.pdf\" target=\"_blank\" rel=\"noopener\">Of\u00edcio 231\/2023 &#8211; PAME\u00a0<\/a>\u00a0(PUBLICADO NO SITE EM 13\/12\/2023)<\/li><li><a href=\"https:\/\/www.prpg.usp.br\/attachments\/article\/31\/Resultado-Final-Editais-Print-11-12-13-14-de-2023.pdf\">Of\u00edcio 112 &#8211; Editais 11\/12\/13 e 14\/2023<\/a><\/li><\/ul><h1>Resultado preliminar<\/h1><ul><li><a href=\"https:\/\/www.prpg.usp.br\/attachments\/article\/31\/Resultado-Preliminar-Editais-Print-11-12-13-14-de-2023.pdf\" target=\"_blank\" rel=\"noopener\">Oficio 109 &#8211; Editais 11\/12\/13 e 14\/2023<\/a><\/li><\/ul><h1>Retifica\u00e7\u00f5es<\/h1><ul><li><a href=\"https:\/\/sites.usp.br\/print\/wp-content\/uploads\/sites\/468\/2023\/08\/Retificacao-Cronograma-Print-saidas-2024.pdf\">Of\u00edcio CoPGr 111\/2023 &#8211; Retifica\u00e7\u00e3o do Cronograma\u00a0<\/a> (PUBLICADO EM 31\/08\/2023)<\/li><li><a href=\"https:\/\/sites.usp.br\/print\/wp-content\/uploads\/sites\/468\/2023\/06\/Editais_Print_Atualizacao-das-instituicoes-preferenciais-USP-2023-corrigido.pdf\">Of\u00edcio CoPGr 65\/2023 \u2013 Atualiza\u00e7\u00e3o da Lista de Institui\u00e7\u00f5es Preferenciais da USP ( Retifica\u00e7\u00e3o dos editais 11, 12, 13, 14 e 15)<\/a><\/li><\/ul><h1>Edital PAME \u00e1rea AAH &#8211; sa\u00eddas de 01 de julho a 30 de setembro de 2024 <span style=\"color: #ff9900;\">(publicado em 03\/05\/2024)<\/span><\/h1><ul><li><p><a href=\"https:\/\/sites.usp.br\/print\/wp-content\/uploads\/sites\/468\/2024\/05\/Edital-PRPG-Print-05-2024-PAME-AAH.pdf\">Edital n\u00ba05\/2024 &#8211; PrInt USP &#8211; PAME (Programa de apoio a miss\u00f5es acad\u00eamico-cient\u00edfico no exterior &#8211; PAME &#8211; AAH &#8211; sa\u00eddas de 01 de julho a 30 de setembro de 2024.<\/a><\/p><\/li><\/ul><h1>Edital PAME &#8211; sa\u00eddas de 01 de maio a 30 de setembro de 2024<span style=\"color: #ff9900;\">\u00a0<\/span><\/h1><ul><li><a href=\"https:\/\/sites.usp.br\/print\/wp-content\/uploads\/sites\/468\/2024\/03\/Edital_PRPG_02_2024_Print-PAME.pdf\" target=\"_blank\" rel=\"noopener\">Edital n\u00ba 02\/2024 &#8211; PrInt USP &#8211; PAME (Programa de Apoio a miss\u00f5es acad\u00eamico-cient\u00edficas no exterior) &#8211; Sa\u00eddas de 01 de maio a 30 de setembro de 2024<\/a><\/li><\/ul><h1>Editais vagas remanescentes (publicado em 25\/09\/2023)<\/h1><ul><li><a href=\"https:\/\/sites.usp.br\/print\/wp-content\/uploads\/sites\/468\/2023\/09\/Edital_PRPG_27_2023_Print-CAP.pdf\">Edital n\u00ba 27\/2023 &#8211; PrInt\/CAP- Programa de Capacita\u00e7\u00e3o para Servidores T\u00e9cnicos e Administrativos no Exterior<\/a><\/li><li><a href=\"https:\/\/sites.usp.br\/print\/wp-content\/uploads\/sites\/468\/2023\/09\/Edital_PRPG_26_2023_Print-PDSE.pdf\">Edital\u00a0 n\u00ba26\/2023 &#8211; PrInt\/PDSE &#8211; Programa de Doutorado Sandu\u00edche no Exterior<\/a><\/li><li><a href=\"https:\/\/sites.usp.br\/print\/wp-content\/uploads\/sites\/468\/2023\/09\/Edital_PRPG_25_2023_Print-PVE.pdf\">Edital n\u00ba 25\/2023 &#8211; PrInt\/PVE &#8211; Programa de Professor Visitante do Exterior<\/a><\/li><li><a href=\"https:\/\/sites.usp.br\/print\/wp-content\/uploads\/sites\/468\/2023\/09\/Edital_PRPG_24_2023_Print-PVEJS.pdf\">Edital n\u00ba 24\/2023 &#8211; PrInt\/PVEJS &#8211; Programa de Professor Visitante no Exterior J\u00fanior e S\u00eanior\u00a0<\/a><\/li><li><a href=\"https:\/\/sites.usp.br\/print\/wp-content\/uploads\/sites\/468\/2023\/09\/Edital_PRPG_23_2023_Print-PAME.pdf\">Edital n\u00ba 23 \/2023 &#8211; PrInt\/PAME &#8211; Programa de Apoio a Miss\u00f5es Acad\u00eamico-Cient\u00edficas no Exterior\u00a0 &#8211; sa\u00eddas de 01 de mar\u00e7o a 30 de setembro de 2024<\/a><\/li><\/ul><h1>Editais<\/h1><ul><li><a href=\"https:\/\/www.prpg.usp.br\/attachments\/article\/31\/Edital_PRPG_11_2023_Print-PDSE.pdf\">Edital 11\/2023 &#8211; PrInt\/PDSE &#8211;\u00a0 Programa de Doutorado Sandu\u00edche no Exterior &#8211;\u00a0 2024<\/a><\/li><li><a href=\"https:\/\/www.prpg.usp.br\/attachments\/article\/31\/Anexo-A-Termo-de-Selecao-MODELO-2024.docx\">Anexo A &#8211; Termo de Sele\u00e7\u00e3o &#8211; PDSE<\/a><\/li><li><a href=\"https:\/\/www.prpg.usp.br\/attachments\/article\/31\/Retificacao-Editais-Print-USP-2023-2024.pdf\" target=\"_blank\" rel=\"noopener\">Retifica\u00e7\u00e3o<\/a><\/li><li><a href=\"https:\/\/www.prpg.usp.br\/attachments\/article\/31\/Edital_PRPG_12_2023_Print-PVE.pdf\">Edital 12\/2023 &#8211; PrInt\/PVE &#8211; Programa de Professor Visitante do Exterior &#8211; 2024<\/a><\/li><li><a href=\"https:\/\/www.prpg.usp.br\/attachments\/article\/31\/Retificacao-Editais-Print-USP-2023-2024.pdf\" target=\"_blank\" rel=\"noopener\">Retifica\u00e7\u00e3o<\/a><\/li><li><a href=\"https:\/\/www.prpg.usp.br\/attachments\/article\/31\/Edital_PRPG_13_2023_Print-PVEJS.pdf\">Edital 13\/2023 &#8211; PrInt\/PVEJS &#8211; Programa de Professor Visitante no Exterior J\u00fanior e S\u00eanior &#8211; 2024<\/a><\/li><li><a href=\"https:\/\/www.prpg.usp.br\/attachments\/article\/31\/Retificacao-Editais-Print-USP-2023-2024.pdf\" target=\"_blank\" rel=\"noopener\">Retifica\u00e7\u00e3o<\/a><\/li><li><a href=\"https:\/\/www.prpg.usp.br\/attachments\/article\/31\/Edital_PRPG_14_2023_Print-CAP.pdf\">Edital 14\/2023 &#8211; PrInt\/CAP &#8211; Programa de Capacita\u00e7\u00e3o para Servidoras (es) T\u00e9cnicas(os) Administrativas(os) no Exterior &#8211; 2024<\/a><\/li><li><a href=\"https:\/\/www.prpg.usp.br\/attachments\/article\/31\/Retificacao-Editais-Print-USP-2023-2024.pdf\" target=\"_blank\" rel=\"noopener\">Retifica\u00e7\u00e3o<\/a><\/li><\/ul><h1>Publica\u00e7\u00e3o Di\u00e1rio Oficial \u2013 Editais PrInt \u2013 Sa\u00edda 2024<\/h1><ul><li><a href=\"https:\/\/sites.usp.br\/print\/wp-content\/uploads\/sites\/468\/2024\/01\/Resultado-final-dos-editais-PRPG-Print-2023-com-saidas-em-2024-Janelas-2-e-3.pdf\" target=\"_blank\" rel=\"noopener\">Publica\u00e7\u00e3o do resultado final dos editais PRPG Print-2023, com sa\u00eddas em 2024 &#8211; Janelas 2 e 3<\/a><\/li><li><a href=\"https:\/\/doe.sp.gov.br\/executivo\/universidade-de-sao-paulo\/resultado-final-dos-editais-prpg-print-2023-com-saidas-em-2024-8346130\">Publica\u00e7\u00e3o resultado final dos editais Print &#8211; Of\u00edcio CoPGr 112\/2023<\/a><\/li><li><a href=\"https:\/\/sites.usp.br\/print\/wp-content\/uploads\/sites\/468\/2023\/05\/DOE-29-04-2023-SC1-EDITAL.pdf\">Publica\u00e7\u00e3o Di\u00e1rio Oficial \u2013 Editais PrInt \u2013 Sa\u00eddas 2024<\/a><\/li><li><a href=\"https:\/\/www.prpg.usp.br\/attachments\/article\/31\/Retificacao-Editais-Print-USP-2023-2024.pdf\" target=\"_blank\" rel=\"noopener\">Retifica\u00e7\u00e3o<\/a><\/li><\/ul><h1>Recursos<\/h1><ul><li><a href=\"https:\/\/docs.google.com\/forms\/d\/e\/1FAIpQLSd8DquDci_w2Rx3Hyd1vINz5w9tKzaqsybaO1Xqfnq6swkbZA\/viewform\" target=\"_blank\" rel=\"noopener\">Formul\u00e1rio para recursos editais PrInt 2024<\/a><\/li><li><a href=\"https:\/\/sites.usp.br\/print\/wp-content\/uploads\/sites\/468\/2023\/02\/2023-Modelo-de-Recurso.docx\">Modelo de recurso (.docx)<\/a><\/li><\/ul>\t\t\t\t\t\t<\/div>\n\t\t\t\t<\/div>\n\t\t\t\t\t<\/div>\n\t\t<\/div>\n\t\t\t\t\t<\/div>\n\t\t<\/section>\n\t\t\t\t<\/div>\n\t\t","protected":false},"excerpt":{"rendered":"<p>CALLS 2024 Information For Foreign Researches\u00a0 Edital PrInt\/PVE\u00a0 2024 (english) PUBLICADO EM 17\/11\/2023 Resultado final Of\u00edcio 21\/2024 &#8211; Resultado final &#8211; Edital PrInt PAME &#8211; 02-2024\u00a0 Of\u00edcio 5\/2024 &#8211; Resultado final Editais Print-2023, com sa\u00eddas em 2024 &#8211; Janela 2 e 3 (PUBLICADO NO SITE EM 17\/01\/2024) Of\u00edcio 234\/2023 &#8211; Editais com sa\u00eddas em 2024 [&hellip;]<\/p>\n","protected":false},"author":148,"featured_media":0,"parent":476,"menu_order":0,"comment_status":"closed","ping_status":"closed","template":"","meta":{"footnotes":"","_links_to":"","_links_to_target":""},"class_list":["post-2885","page","type-page","status-publish","hentry","entry"],"_links":{"self":[{"href":"https:\/\/sites.usp.br\/print\/wp-json\/wp\/v2\/pages\/2885","targetHints":{"allow":["GET"]}}],"collection":[{"href":"https:\/\/sites.usp.br\/print\/wp-json\/wp\/v2\/pages"}],"about":[{"href":"https:\/\/sites.usp.br\/print\/wp-json\/wp\/v2\/types\/page"}],"author":[{"embeddable":true,"href":"https:\/\/sites.usp.br\/print\/wp-json\/wp\/v2\/users\/148"}],"replies":[{"embeddable":true,"href":"https:\/\/sites.usp.br\/print\/wp-json\/wp\/v2\/comments?post=2885"}],"version-history":[{"count":4,"href":"https:\/\/sites.usp.br\/print\/wp-json\/wp\/v2\/pages\/2885\/revisions"}],"predecessor-version":[{"id":3257,"href":"https:\/\/sites.usp.br\/print\/wp-json\/wp\/v2\/pages\/2885\/revisions\/3257"}],"up":[{"embeddable":true,"href":"https:\/\/sites.usp.br\/print\/wp-json\/wp\/v2\/pages\/476"}],"wp:attachment":[{"href":"https:\/\/sites.usp.br\/print\/wp-json\/wp\/v2\/media?parent=2885"}],"curies":[{"name":"wp","href":"https:\/\/api.w.org\/{rel}","templated":true}]}}