{"id":215,"date":"2021-04-07T09:14:42","date_gmt":"2021-04-07T11:14:42","guid":{"rendered":"https:\/\/sites.usp.br\/proacad\/?page_id=215"},"modified":"2021-10-29T18:13:35","modified_gmt":"2021-10-29T20:13:35","slug":"relatos-de-experiencia","status":"publish","type":"page","link":"https:\/\/sites.usp.br\/proacad\/relatos-de-experiencia\/","title":{"rendered":"&#8211; Relatos de experi\u00eancia"},"content":{"rendered":"<p>&#8211; Dossi\u00ea <a href=\"https:\/\/www.revistas.uneb.br\/index.php\/rbpab\/issue\/view\/577\">&#8220;A forma\u00e7\u00e3o da biblioteca pessoal: efeitos refeitos&#8221;<\/a><\/p>\n<p>Reuni\u00e3o de ensaios em que professores(as) universit\u00e1rios(as) escrevem sobre seus processos de forma\u00e7\u00e3o como leitores, evidenciando articula\u00e7\u00f5es entre a leitura, a doc\u00eancia e o trabalho acad\u00eamico, em perspectiva autobiogr\u00e1fica.<\/p>\n<p>&nbsp;<\/p>\n","protected":false},"excerpt":{"rendered":"<p>&#8211; Dossi\u00ea &#8220;A forma\u00e7\u00e3o da biblioteca pessoal: efeitos refeitos&#8221; Reuni\u00e3o de ensaios em que professores(as) universit\u00e1rios(as) escrevem sobre seus processos de forma\u00e7\u00e3o como leitores, evidenciando articula\u00e7\u00f5es entre a leitura, a doc\u00eancia e o trabalho acad\u00eamico, em perspectiva autobiogr\u00e1fica. &nbsp;<\/p>\n","protected":false},"author":22353,"featured_media":0,"parent":0,"menu_order":6,"comment_status":"closed","ping_status":"closed","template":"","meta":{"footnotes":"","_links_to":"","_links_to_target":""},"class_list":["post-215","page","type-page","status-publish","hentry"],"_links":{"self":[{"href":"https:\/\/sites.usp.br\/proacad\/wp-json\/wp\/v2\/pages\/215","targetHints":{"allow":["GET"]}}],"collection":[{"href":"https:\/\/sites.usp.br\/proacad\/wp-json\/wp\/v2\/pages"}],"about":[{"href":"https:\/\/sites.usp.br\/proacad\/wp-json\/wp\/v2\/types\/page"}],"author":[{"embeddable":true,"href":"https:\/\/sites.usp.br\/proacad\/wp-json\/wp\/v2\/users\/22353"}],"replies":[{"embeddable":true,"href":"https:\/\/sites.usp.br\/proacad\/wp-json\/wp\/v2\/comments?post=215"}],"version-history":[{"count":4,"href":"https:\/\/sites.usp.br\/proacad\/wp-json\/wp\/v2\/pages\/215\/revisions"}],"predecessor-version":[{"id":399,"href":"https:\/\/sites.usp.br\/proacad\/wp-json\/wp\/v2\/pages\/215\/revisions\/399"}],"wp:attachment":[{"href":"https:\/\/sites.usp.br\/proacad\/wp-json\/wp\/v2\/media?parent=215"}],"curies":[{"name":"wp","href":"https:\/\/api.w.org\/{rel}","templated":true}]}}