{"id":286,"date":"2021-05-01T16:04:35","date_gmt":"2021-05-01T18:04:35","guid":{"rendered":"https:\/\/sites.usp.br\/proacad\/?page_id=286"},"modified":"2026-02-19T13:10:11","modified_gmt":"2026-02-19T15:10:11","slug":"quem-somos","status":"publish","type":"page","link":"https:\/\/sites.usp.br\/proacad\/quem-somos\/","title":{"rendered":"&#8211; Quem somos"},"content":{"rendered":"<p>Participam do Programa Autonomia Acad\u00eamica (ProAcad) as\/os seguintes docentes da Faculdade de Educa\u00e7\u00e3o da Universidade de S\u00e3o Paulo (Feusp) e tutores acad\u00eamicos:<\/p>\n<p>\u25cf Profa. Dislane Zerbinatti Moraes (Coordenadora)<br \/>\n\u25cf Prof. Emerson de Pietri<br \/>\n\u25cf Prof. Jaime Francisco Parreira Cordeiro<br \/>\n\u25cf Profa. Juliana de Souza<br \/>\n\u25cf Profa. Patr\u00edcia Aparecida do Amparo<br \/>\n\u25cf Profa. Ta\u00eds Araujo<br \/>\n\u25cf Gustavo Silveira Martins da Silva<\/p>\n<p>&nbsp;<\/p>\n<p>&nbsp;<\/p>\n","protected":false},"excerpt":{"rendered":"<p>Participam do Programa Autonomia Acad\u00eamica (ProAcad) as\/os seguintes docentes da Faculdade de Educa\u00e7\u00e3o da Universidade de S\u00e3o Paulo (Feusp) e tutores acad\u00eamicos: \u25cf Profa. Dislane Zerbinatti Moraes (Coordenadora) \u25cf Prof. Emerson de Pietri \u25cf Prof. Jaime Francisco Parreira Cordeiro \u25cf Profa. Juliana de Souza \u25cf Profa. Patr\u00edcia Aparecida do Amparo \u25cf Profa. Ta\u00eds Araujo \u25cf<a href=\"https:\/\/sites.usp.br\/proacad\/quem-somos\/\">[&#8230;]<\/a><\/p>\n","protected":false},"author":22353,"featured_media":0,"parent":0,"menu_order":1,"comment_status":"closed","ping_status":"closed","template":"","meta":{"footnotes":"","_links_to":"","_links_to_target":""},"class_list":["post-286","page","type-page","status-publish","hentry"],"_links":{"self":[{"href":"https:\/\/sites.usp.br\/proacad\/wp-json\/wp\/v2\/pages\/286","targetHints":{"allow":["GET"]}}],"collection":[{"href":"https:\/\/sites.usp.br\/proacad\/wp-json\/wp\/v2\/pages"}],"about":[{"href":"https:\/\/sites.usp.br\/proacad\/wp-json\/wp\/v2\/types\/page"}],"author":[{"embeddable":true,"href":"https:\/\/sites.usp.br\/proacad\/wp-json\/wp\/v2\/users\/22353"}],"replies":[{"embeddable":true,"href":"https:\/\/sites.usp.br\/proacad\/wp-json\/wp\/v2\/comments?post=286"}],"version-history":[{"count":4,"href":"https:\/\/sites.usp.br\/proacad\/wp-json\/wp\/v2\/pages\/286\/revisions"}],"predecessor-version":[{"id":449,"href":"https:\/\/sites.usp.br\/proacad\/wp-json\/wp\/v2\/pages\/286\/revisions\/449"}],"wp:attachment":[{"href":"https:\/\/sites.usp.br\/proacad\/wp-json\/wp\/v2\/media?parent=286"}],"curies":[{"name":"wp","href":"https:\/\/api.w.org\/{rel}","templated":true}]}}