{"id":291,"date":"2021-05-01T16:12:37","date_gmt":"2021-05-01T18:12:37","guid":{"rendered":"https:\/\/sites.usp.br\/proacad\/?page_id=291"},"modified":"2021-05-01T16:12:37","modified_gmt":"2021-05-01T18:12:37","slug":"principios-objetivos-e-acoes","status":"publish","type":"page","link":"https:\/\/sites.usp.br\/proacad\/principios-objetivos-e-acoes\/","title":{"rendered":"&#8211; Princ\u00edpios, objetivos e a\u00e7\u00f5es"},"content":{"rendered":"<p><strong>Princ\u00edpios<\/strong><br \/>\n* Ampliar possibilidades de aproveitamento e frui\u00e7\u00e3o da vida acad\u00eamica.<br \/>\n* Criar condi\u00e7\u00f5es favorecedoras da progressiva integra\u00e7\u00e3o dos(as) estudantes da Feusp na cultura universit\u00e1ria e da aquisi\u00e7\u00e3o das pr\u00e1ticas acad\u00eamicas caracter\u00edsticas do campo da Educa\u00e7\u00e3o.<\/p>\n<p><strong>Objetivos<\/strong><br \/>\n* Instituir pr\u00e1ticas acad\u00eamicas que favore\u00e7am a consolida\u00e7\u00e3o de autonomia acad\u00eamica pelos(as) alunos(as) ingressantes, no que se refere em especial \u00e0 leitura de textos e \u00e0s formas de escrita pr\u00f3prias ao letramento acad\u00eamico.<br \/>\n* Fomentar a\u00e7\u00f5es de forma\u00e7\u00e3o (oferecimento de disciplinas na gradua\u00e7\u00e3o e p\u00f3s-gradua\u00e7\u00e3o, minicursos, oficinas, oferta de materiais did\u00e1tico\/pedag\u00f3gicos, de dispositivos on-line digital e outras), que possibilitem a apropria\u00e7\u00e3o de pr\u00e1ticas de fala, escuta, leitura e escrita acad\u00eamicas, pr\u00f3prias \u00e0s diferentes \u00e1reas e disciplinas que comp\u00f5em o curso de Pedagogia e o campo da Educa\u00e7\u00e3o.<br \/>\n* Orientar docentes e estudantes sobre os recursos da\/na USP que possam contribuir para seu desenvolvimento acad\u00eamico e cultural.<\/p>\n<p><strong>A\u00e7\u00f5es previstas<\/strong><br \/>\n* Consolidar instrumentos de caracteriza\u00e7\u00e3o do perfil dos\/as estudantes e\/ou das turmas, em seu primeiro ano na universidade ou curso de licenciatura, nos cursos da Faculdade de Educa\u00e7\u00e3o;<br \/>\n* Propor e acompanhar a\u00e7\u00f5es de tutoria a serem realizadas por docentes e pesquisadores em n\u00edvel de p\u00f3s-gradua\u00e7\u00e3o e de p\u00f3s-doutorado para o acolhimento de estudantes ingressantes em n\u00edvel de gradua\u00e7\u00e3o, p\u00f3s-gradua\u00e7\u00e3o e os oriundos de interc\u00e2mbio, continuamente;<br \/>\n* Realizar encontro semestral com os(as) docentes ministrantes de disciplinas do primeiro ano do curso de Pedagogia para o estabelecimento de propostas de a\u00e7\u00e3o formativa em pr\u00e1ticas de letramento acad\u00eamico pr\u00f3prias de cada uma das disciplinas introdut\u00f3rias do curso;<br \/>\n* Contribuir para a constru\u00e7\u00e3o de acordos m\u00ednimos, entre docentes, sobre pr\u00e1ticas de leitura e de exerc\u00edcios de produ\u00e7\u00e3o escrita para iniciar os alunos em algumas das rotinas e exig\u00eancias da forma\u00e7\u00e3o universit\u00e1ria e da produ\u00e7\u00e3o acad\u00eamica, consideradas as especificidades de cada \u00e1rea de conhecimento que comp\u00f5e os cursos de Licenciatura e de P\u00f3s-Gradua\u00e7\u00e3o;<br \/>\n* Fomentar a oferta de oficinas e minicursos sobre estrat\u00e9gias de estudo e estilos de aprendizagem;<br \/>\n* Incentivar a realiza\u00e7\u00e3o de cursos de extens\u00e3o, por docentes, bem como de cursos espec\u00edficos, por setores da Feusp, como bibliotecas e laborat\u00f3rios, em colabora\u00e7\u00e3o entre si e\/ou com outras unidades, que se destinem ao estudo e ao ensino de algumas t\u00e9cnicas e pr\u00e1ticas da leitura ou da produ\u00e7\u00e3o de textos acad\u00eamicos;<br \/>\n* Estimular a participa\u00e7\u00e3o dos(as) estudantes em atividades ofertadas em outras unidades em que s\u00e3o desenvolvidas a\u00e7\u00f5es de forma\u00e7\u00e3o para a leitura e a escrita acad\u00eamicas;<br \/>\n* Partilhar a organiza\u00e7\u00e3o de eventos (como jornadas, encontros, col\u00f3quios, semin\u00e1rios ou workshops) para tratar de temas relacionados \u00e0 participa\u00e7\u00e3o na cultura universit\u00e1ria e ao desenvolvimento de pr\u00e1ticas de letramento acad\u00eamico;<br \/>\n* Impulsionar e promover o (re)conhecimento da universidade como espa\u00e7o de aprendizagem (com realiza\u00e7\u00e3o de atividades em colabora\u00e7\u00e3o com museus, teatros, cinemas, bibliotecas etc.);<br \/>\n* Incentivar os(as) estudantes ingressantes do curso de Pedagogia a aproveitarem as atividades de estudos independentes dos 1\u00ba e 2\u00ba semestres do curso em espa\u00e7os e atividades de forma\u00e7\u00e3o para a leitura e a escrita oferecidas em diferentes unidades e setores da USP e de outras institui\u00e7\u00f5es;<br \/>\n* Promover discuss\u00f5es para a concep\u00e7\u00e3o, elabora\u00e7\u00e3o e reconfigura\u00e7\u00e3o de disciplinas ofertadas na Feusp (de modo condensado ou n\u00e3o; em hor\u00e1rios regulares ou alternativos; em parceria entre docentes) que possam contribuir para o desenvolvimento das pr\u00e1ticas de leitura e escrita dos(as) estudantes;<br \/>\n* Estimular a cria\u00e7\u00e3o e oferta de disciplina optativa sobre leitura e produ\u00e7\u00e3o de textos que contemple os objetivos propostos pelo GT Autonomia Acad\u00eamica;<br \/>\n* Realizar, em parceria com o Centro Acad\u00eamico Professor Paulo Freire, atividades de recep\u00e7\u00e3o de calouros em que docentes (e\/ou doutorandos(as), e\/ou p\u00f3s-doutorandos(as)) apresentem suas rela\u00e7\u00f5es com a leitura e a escrita em seus processos de inser\u00e7\u00e3o na cultura acad\u00eamica;<br \/>\n* Criar formas e pr\u00e1ticas de divulga\u00e7\u00e3o de informa\u00e7\u00f5es para os alunos a respeito da diversidade de experi\u00eancias culturais e formativas oferecidas pela vida universit\u00e1ria no \u00e2mbito da USP; concretamente, no caso da Feusp, produzir materiais de divulga\u00e7\u00e3o que sistematizem as in\u00fameras iniciativas desenvolvidas pelos diversos docentes e grupos de<br \/>\ncultura, de estudos e de pesquisa, e incentivo de a\u00e7\u00f5es que estes possam desenvolver junto aos alunos ingressantes;<br \/>\n* Promover parcerias com vistas a criar aplicativo e espa\u00e7o no site da Feusp para notificar estudantes sobre atividades e a\u00e7\u00f5es de forma\u00e7\u00e3o para pr\u00e1ticas de leitura e escrita acad\u00eamicas, ou de integra\u00e7\u00e3o mais ampla \u00e0 cultura universit\u00e1ria;<br \/>\n* Realizar curadoria de material dispon\u00edvel na web para transmiss\u00e3o complementar de conte\u00fados importantes para o desenvolvimento da autonomia acad\u00eamica.<\/p>\n<p><strong>contato:<\/strong>\u00a0autacadfe@usp.br<\/p>\n","protected":false},"excerpt":{"rendered":"<p>Princ\u00edpios * Ampliar possibilidades de aproveitamento e frui\u00e7\u00e3o da vida acad\u00eamica. * Criar condi\u00e7\u00f5es favorecedoras da progressiva integra\u00e7\u00e3o dos(as) estudantes da Feusp na cultura universit\u00e1ria e da aquisi\u00e7\u00e3o das pr\u00e1ticas acad\u00eamicas caracter\u00edsticas do campo da Educa\u00e7\u00e3o. Objetivos * Instituir pr\u00e1ticas acad\u00eamicas que favore\u00e7am a consolida\u00e7\u00e3o de autonomia acad\u00eamica pelos(as) alunos(as) ingressantes, no que se refere<a href=\"https:\/\/sites.usp.br\/proacad\/principios-objetivos-e-acoes\/\">[&#8230;]<\/a><\/p>\n","protected":false},"author":22353,"featured_media":0,"parent":0,"menu_order":0,"comment_status":"closed","ping_status":"closed","template":"","meta":{"footnotes":"","_links_to":"","_links_to_target":""},"class_list":["post-291","page","type-page","status-publish","hentry"],"_links":{"self":[{"href":"https:\/\/sites.usp.br\/proacad\/wp-json\/wp\/v2\/pages\/291","targetHints":{"allow":["GET"]}}],"collection":[{"href":"https:\/\/sites.usp.br\/proacad\/wp-json\/wp\/v2\/pages"}],"about":[{"href":"https:\/\/sites.usp.br\/proacad\/wp-json\/wp\/v2\/types\/page"}],"author":[{"embeddable":true,"href":"https:\/\/sites.usp.br\/proacad\/wp-json\/wp\/v2\/users\/22353"}],"replies":[{"embeddable":true,"href":"https:\/\/sites.usp.br\/proacad\/wp-json\/wp\/v2\/comments?post=291"}],"version-history":[{"count":1,"href":"https:\/\/sites.usp.br\/proacad\/wp-json\/wp\/v2\/pages\/291\/revisions"}],"predecessor-version":[{"id":292,"href":"https:\/\/sites.usp.br\/proacad\/wp-json\/wp\/v2\/pages\/291\/revisions\/292"}],"wp:attachment":[{"href":"https:\/\/sites.usp.br\/proacad\/wp-json\/wp\/v2\/media?parent=291"}],"curies":[{"name":"wp","href":"https:\/\/api.w.org\/{rel}","templated":true}]}}