{"id":62,"date":"2014-02-12T11:28:30","date_gmt":"2014-02-12T13:28:30","guid":{"rendered":"http:\/\/sites.usp.br\/proacad\/?page_id=62"},"modified":"2021-04-06T16:17:00","modified_gmt":"2021-04-06T18:17:00","slug":"pagina-1","status":"publish","type":"page","link":"https:\/\/sites.usp.br\/proacad\/pagina-1\/","title":{"rendered":"Refer\u00eancias bibliogr\u00e1ficas sobre leitura e escrita acad\u00eamicas"},"content":{"rendered":"<p><strong>Refer\u00eancias que comp\u00f5em os programas de disciplinas sobre leitura e escrita acad\u00eamicas em cursos de Gradua\u00e7\u00e3o da Universidade de S\u00e3o Paulo<a href=\"#_ftn1\" name=\"_ftnref1\">[1]<\/a>.<\/strong><\/p>\n<p>&nbsp;<\/p>\n<p>O objetivo desta publica\u00e7\u00e3o \u00e9 o de apresentar refer\u00eancias bibliogr\u00e1ficas, componentes de programas de disciplinas voltadas \u00e0 forma\u00e7\u00e3o em leitura e escrita acad\u00eamicas, observando-se suas rela\u00e7\u00f5es com \u00e1reas distintas do conhecimento e buscando-se agrup\u00e1-las segundo suas filia\u00e7\u00f5es a determinadas \u00e1reas ou sub\u00e1reas de conhecimento.<\/p>\n<p>Espera-se que esse ensaio de categoriza\u00e7\u00e3o das refer\u00eancias encontradas nos referidos programas possa oferecer ao\/\u00e0 leitor\/a, principalmente o\/a ingressante em curso de Gradua\u00e7\u00e3o, mas tamb\u00e9m a demais interessados\/s no tema, sugest\u00f5es de fontes a que possa recorrer em sua procura por subs\u00eddios que o\/a auxiliem a desenvolver suas possibilidades de produ\u00e7\u00e3o textual escrita, como leitor ou como escritor.<\/p>\n<p>A organiza\u00e7\u00e3o das obras em fun\u00e7\u00e3o das \u00e1reas de conhecimento a que se filiam mais proximamente pode contribuir para que se conhe\u00e7a a diversidade que comp\u00f5e as propostas formativas para a leitura e a escrita acad\u00eamicas, e, observando-a de modo mais sistematizado, auxiliar no processo de sele\u00e7\u00e3o dos materiais que respondam mais particularmente aos interesses particulares de um\/a leitor\/a em seu percurso formativo.<\/p>\n<p>As refer\u00eancias foram reunidas considerando-se a divis\u00e3o das disciplinas em 3 subgrupos: Letras e Pedagogia; Ci\u00eancias Humanas; Ci\u00eancias Exatas, Naturais e da Sa\u00fade. S\u00e3o agrupamentos realizados sem nenhum objetivo de defini\u00e7\u00e3o mais qualificada do que sejam os limites entre as \u00e1reas do conhecimento, mas com a finalidade de nortear o\/a leitor\/a em sua busca por informa\u00e7\u00f5es.<\/p>\n<p>Letras e Pedagogia comp\u00f5em um subconjunto espec\u00edfico por serem tradicionalmente \u00e1reas em que o ensino da l\u00edngua portuguesa \u2013 e os conhecimentos sobre a aprendizagem da leitura e da escrita \u2013 se constitui em objeto espec\u00edfico de seus estudos. Os dois outros subgrupos se constituem com base numa distin\u00e7\u00e3o sem pretens\u00f5es de exaustividade entre o que historicamente se caracteriza como ci\u00eancias humanas, em que os processos discursivos se constituem como fundamento da produ\u00e7\u00e3o do conhecimento, e as ci\u00eancias exatas, naturais ou da sa\u00fade, em que os fazeres cient\u00edficos se fundamentam na constitui\u00e7\u00e3o de objetos de conhecimento que remetem ao mundo f\u00edsico.<a href=\"#_ftn2\" name=\"_ftnref2\">[2]<\/a><\/p>\n<p>&nbsp;<\/p>\n<p><a href=\"#_ftnref1\" name=\"_ftn1\">[1]<\/a> A busca pelas disciplinas voltadas \u00e0 forma\u00e7\u00e3o em leitura e escrita acad\u00eamica, oferecidas em cursos de gradua\u00e7\u00e3o da Universidade de S\u00e3o Paulo, foi realizada nos sistemas eletr\u00f4nicos da Universidade, com o emprego de palavras-chave relativas ao tema, em diferentes combina\u00e7\u00f5es: \u201cescrita\u201d; \u201cleitura\u201d; \u201creda\u00e7\u00e3o\u201d; \u201cacad\u00eamica\u201d; \u201ccomunica\u00e7\u00e3o\u201d; \u201cexpress\u00e3o\u201d.<\/p>\n<p><a href=\"#_ftnref2\" name=\"_ftn2\">[2]<\/a> O conjunto dos Programas das Disciplinas de que s\u00e3o provenientes as refer\u00eancias aqui categorizadas est\u00e1 dispon\u00edvel no site do ProAcad.<\/p>\n","protected":false},"excerpt":{"rendered":"<p>Refer\u00eancias que comp\u00f5em os programas de disciplinas sobre leitura e escrita acad\u00eamicas em cursos de Gradua\u00e7\u00e3o da Universidade de S\u00e3o Paulo[1]. &nbsp; O objetivo desta publica\u00e7\u00e3o \u00e9 o de apresentar refer\u00eancias bibliogr\u00e1ficas, componentes de programas de disciplinas voltadas \u00e0 forma\u00e7\u00e3o em leitura e escrita acad\u00eamicas, observando-se suas rela\u00e7\u00f5es com \u00e1reas distintas do conhecimento e buscando-se<a href=\"https:\/\/sites.usp.br\/proacad\/pagina-1\/\">[&#8230;]<\/a><\/p>\n","protected":false},"author":1,"featured_media":0,"parent":0,"menu_order":10,"comment_status":"closed","ping_status":"closed","template":"","meta":{"footnotes":"","_links_to":"","_links_to_target":""},"class_list":["post-62","page","type-page","status-publish","hentry"],"_links":{"self":[{"href":"https:\/\/sites.usp.br\/proacad\/wp-json\/wp\/v2\/pages\/62","targetHints":{"allow":["GET"]}}],"collection":[{"href":"https:\/\/sites.usp.br\/proacad\/wp-json\/wp\/v2\/pages"}],"about":[{"href":"https:\/\/sites.usp.br\/proacad\/wp-json\/wp\/v2\/types\/page"}],"author":[{"embeddable":true,"href":"https:\/\/sites.usp.br\/proacad\/wp-json\/wp\/v2\/users\/1"}],"replies":[{"embeddable":true,"href":"https:\/\/sites.usp.br\/proacad\/wp-json\/wp\/v2\/comments?post=62"}],"version-history":[{"count":5,"href":"https:\/\/sites.usp.br\/proacad\/wp-json\/wp\/v2\/pages\/62\/revisions"}],"predecessor-version":[{"id":186,"href":"https:\/\/sites.usp.br\/proacad\/wp-json\/wp\/v2\/pages\/62\/revisions\/186"}],"wp:attachment":[{"href":"https:\/\/sites.usp.br\/proacad\/wp-json\/wp\/v2\/media?parent=62"}],"curies":[{"name":"wp","href":"https:\/\/api.w.org\/{rel}","templated":true}]}}