{"id":79,"date":"2014-02-24T16:51:20","date_gmt":"2014-02-24T18:51:20","guid":{"rendered":"http:\/\/sites.usp.br\/proacad\/?page_id=79"},"modified":"2021-10-29T17:52:15","modified_gmt":"2021-10-29T19:52:15","slug":"pagina-inicial","status":"publish","type":"page","link":"https:\/\/sites.usp.br\/proacad\/","title":{"rendered":"Programa Autonomia Acad\u00eamica &#8211; ProAcad"},"content":{"rendered":"\r\n\t<div class=\"slideshow_container slideshow_container_style-light\" style=\" \" data-slideshow-id=\"335\" data-style-name=\"style-light\" data-style-version=\"2.3.1\" >\r\n\r\n\t\t\t\t\t<div class=\"slideshow_loading_icon\"><\/div>\r\n\t\t\r\n\t\t<div class=\"slideshow_content\" style=\"display: none;\">\r\n\r\n\t\t\t<div class=\"slideshow_view\">\r\n\t\t\t\t<div class=\"slideshow_slide slideshow_slide_image\">\r\n\t\t\t\t\t<a href=\"https:\/\/sites.usp.br\/proacad\/pagina-2\/\" target=\"_self\" >\t\t\t\t\t\t<img src=\"https:\/\/sites.usp.br\/proacad\/wp-content\/uploads\/sites\/933\/2021\/10\/Inserir-um-subtitulo.jpg\" alt=\"Clique para Acessar\" width=\"1720\" height=\"1080\" \/>\r\n\t\t\t\t\t<\/a>\t\t\t\t\t<div class=\"slideshow_description_box slideshow_transparent\">\r\n\t\t\t\t\t\t<div class=\"slideshow_title\"><a href=\"https:\/\/sites.usp.br\/proacad\/pagina-2\/\" target=\"_self\" >Clique para Acessar<\/a><\/div>\t\t\t\t\t\t\t\t\t\t\t<\/div>\r\n\t\t\t\t<\/div>\r\n\r\n\t\t\t\t\t\t<div style=\"clear: both;\"><\/div><\/div><div class=\"slideshow_view\">\r\n\t\t\t\t<div class=\"slideshow_slide slideshow_slide_image\">\r\n\t\t\t\t\t<a href=\"https:\/\/sites.usp.br\/proacad\/relatos-de-experiencia\/\" target=\"_self\" >\t\t\t\t\t\t<img src=\"https:\/\/sites.usp.br\/proacad\/wp-content\/uploads\/sites\/933\/2021\/10\/Inserir-um-subtitulo-1.jpg\" alt=\"relatos\" width=\"1720\" height=\"1080\" \/>\r\n\t\t\t\t\t<\/a>\t\t\t\t\t<div class=\"slideshow_description_box slideshow_transparent\">\r\n\t\t\t\t\t\t<div class=\"slideshow_title\"><a href=\"https:\/\/sites.usp.br\/proacad\/relatos-de-experiencia\/\" target=\"_self\" >Clique para Acessar<\/a><\/div>\t\t\t\t\t\t\t\t\t\t\t<\/div>\r\n\t\t\t\t<\/div>\r\n\r\n\t\t\t\t\t\t<div style=\"clear: both;\"><\/div><\/div><div class=\"slideshow_view\">\r\n\t\t\t\t<div class=\"slideshow_slide slideshow_slide_image\">\r\n\t\t\t\t\t\t\t\t\t\t\t<img src=\"https:\/\/sites.usp.br\/proacad\/wp-content\/uploads\/sites\/933\/2024\/10\/Oficina-do-Paragrafo.jpg\" alt=\"Oficina do Par\u00e1grafo\" width=\"960\" height=\"540\" \/>\r\n\t\t\t\t\t\t\t\t\t\t<div class=\"slideshow_description_box slideshow_transparent\">\r\n\t\t\t\t\t\t<div class=\"slideshow_title\">Oficina do Par\u00e1grafo<\/div>\t\t\t\t\t\t<div class=\"slideshow_description\">Oficina destinada aos estudantes da Pedagogia e demais Licenciaturas. \r\n\r\nO objetivo \u00e9 auxiliar o desenvolvimento da leitura e produ\u00e7\u00e3o de par\u00e1grafos de um texto acad\u00eamico.<\/div>\t\t\t\t\t<\/div>\r\n\t\t\t\t<\/div>\r\n\r\n\t\t\t\t\t\t<div style=\"clear: both;\"><\/div><\/div><div class=\"slideshow_view\">\r\n\t\t\t\t<div class=\"slideshow_slide slideshow_slide_image\">\r\n\t\t\t\t\t<a href=\"https:\/\/sites.usp.br\/proacad\/sites-sobre-leitura-e-escrita-academicas\/\" target=\"_self\" >\t\t\t\t\t\t<img src=\"https:\/\/sites.usp.br\/proacad\/wp-content\/uploads\/sites\/933\/2021\/10\/Inserir-um-subtitulo.png\" alt=\"Clique para Acessar\" width=\"1720\" height=\"1080\" \/>\r\n\t\t\t\t\t<\/a>\t\t\t\t\t<div class=\"slideshow_description_box slideshow_transparent\">\r\n\t\t\t\t\t\t<div class=\"slideshow_title\"><a href=\"https:\/\/sites.usp.br\/proacad\/sites-sobre-leitura-e-escrita-academicas\/\" target=\"_self\" >Clique para Acessar<\/a><\/div>\t\t\t\t\t\t\t\t\t\t\t<\/div>\r\n\t\t\t\t<\/div>\r\n\r\n\t\t\t\t\t\t<div style=\"clear: both;\"><\/div><\/div><div class=\"slideshow_view\">\r\n\t\t\t\t<div class=\"slideshow_slide slideshow_slide_image\">\r\n\t\t\t\t\t<a href=\"https:\/\/sites.usp.br\/proacad\/pagina-1\/\" target=\"_self\" >\t\t\t\t\t\t<img src=\"https:\/\/sites.usp.br\/proacad\/wp-content\/uploads\/sites\/933\/2021\/10\/Inserir-um-subtitulo-2.jpg\" alt=\"Clique para Acessar\" width=\"1720\" height=\"1080\" \/>\r\n\t\t\t\t\t<\/a>\t\t\t\t\t<div class=\"slideshow_description_box slideshow_transparent\">\r\n\t\t\t\t\t\t<div class=\"slideshow_title\"><a href=\"https:\/\/sites.usp.br\/proacad\/pagina-1\/\" target=\"_self\" >Clique para Acessar<\/a><\/div>\t\t\t\t\t\t\t\t\t\t\t<\/div>\r\n\t\t\t\t<\/div>\r\n\r\n\t\t\t\t\t\t<div style=\"clear: both;\"><\/div><\/div>\r\n\t\t<\/div>\r\n\r\n\t\t<div class=\"slideshow_controlPanel slideshow_transparent\" style=\"display: none;\"><ul><li class=\"slideshow_togglePlay\" data-play-text=\"Acionar\" data-pause-text=\"Pausar\"><\/li><\/ul><\/div>\r\n\r\n\t\t<div class=\"slideshow_button slideshow_previous slideshow_transparent\" role=\"button\" data-previous-text=\"Anterior\" style=\"display: none;\"><\/div>\r\n\t\t<div class=\"slideshow_button slideshow_next slideshow_transparent\" role=\"button\" data-next-text=\"Pr\u00f3ximo\" style=\"display: none;\"><\/div>\r\n\r\n\t\t<div class=\"slideshow_pagination\" style=\"display: none;\" data-go-to-text=\"Ir para o slide\"><div class=\"slideshow_pagination_center\"><\/div><\/div>\r\n\r\n\t\t<!-- WordPress Slideshow Version 2.3.1 -->\r\n\r\n\t\t\t<\/div>\r\n\r\n\n<p>&nbsp;<\/p>\n<p>O ingresso na vida universit\u00e1ria \u00e9 um momento de viv\u00eancia de novas experi\u00eancias, de encontro com as m\u00faltiplas formas de participa\u00e7\u00e3o na vida da Universidade.<\/p>\n<p>O ProAcad tem o objetivo de contribuir para ampliar possibilidades de aproveitamento e frui\u00e7\u00e3o da vida acad\u00eamica.<\/p>\n<p>Realiza a\u00e7\u00f5es e oferece recursos que favore\u00e7am a integra\u00e7\u00e3o dos(as) estudantes da Feusp na cultura universit\u00e1ria e da aquisi\u00e7\u00e3o das pr\u00e1ticas acad\u00eamicas caracter\u00edsticas do campo da Educa\u00e7\u00e3o, dentre elas as que se relacionam \u00e0 leitura e escrita cient\u00edficas.<\/p>\n<p>Neste site se encontram materiais destinados a estudantes, mas tamb\u00e9m a docentes e pesquisadores interessados em quest\u00f5es relacionadas \u00e0 cultura acad\u00eamica e em suas pr\u00e1ticas de leitura e escrita. Esperamos que possam contribuir para a forma\u00e7\u00e3o e a produ\u00e7\u00e3o de conhecimentos.<\/p>\n<p>&nbsp;<\/p>\n<p>Mais informa\u00e7\u00f5es sobre o Programa Autonomia Acad\u00eamica podem ser encontradas na p\u00e1gina institucional da Feusp, clicando <a href=\"http:\/\/www4.fe.usp.br\/comissao-de-equidade\/programa-autonomia-academica\" target=\"_blank\" rel=\"noopener noreferrer\">aqui<\/a>.<\/p>\n<p><strong>contato:<\/strong>\u00a0autacadfe@usp.br<\/p>\n","protected":false},"excerpt":{"rendered":"<p>&nbsp; O ingresso na vida universit\u00e1ria \u00e9 um momento de viv\u00eancia de novas experi\u00eancias, de encontro com as m\u00faltiplas formas de participa\u00e7\u00e3o na vida da Universidade. O ProAcad tem o objetivo de contribuir para ampliar possibilidades de aproveitamento e frui\u00e7\u00e3o da vida acad\u00eamica. Realiza a\u00e7\u00f5es e oferece recursos que favore\u00e7am a integra\u00e7\u00e3o dos(as) estudantes da<a href=\"https:\/\/sites.usp.br\/proacad\/\">[&#8230;]<\/a><\/p>\n","protected":false},"author":1,"featured_media":0,"parent":0,"menu_order":0,"comment_status":"closed","ping_status":"closed","template":"","meta":{"footnotes":"","_links_to":"","_links_to_target":""},"class_list":["post-79","page","type-page","status-publish","hentry"],"_links":{"self":[{"href":"https:\/\/sites.usp.br\/proacad\/wp-json\/wp\/v2\/pages\/79","targetHints":{"allow":["GET"]}}],"collection":[{"href":"https:\/\/sites.usp.br\/proacad\/wp-json\/wp\/v2\/pages"}],"about":[{"href":"https:\/\/sites.usp.br\/proacad\/wp-json\/wp\/v2\/types\/page"}],"author":[{"embeddable":true,"href":"https:\/\/sites.usp.br\/proacad\/wp-json\/wp\/v2\/users\/1"}],"replies":[{"embeddable":true,"href":"https:\/\/sites.usp.br\/proacad\/wp-json\/wp\/v2\/comments?post=79"}],"version-history":[{"count":5,"href":"https:\/\/sites.usp.br\/proacad\/wp-json\/wp\/v2\/pages\/79\/revisions"}],"predecessor-version":[{"id":352,"href":"https:\/\/sites.usp.br\/proacad\/wp-json\/wp\/v2\/pages\/79\/revisions\/352"}],"wp:attachment":[{"href":"https:\/\/sites.usp.br\/proacad\/wp-json\/wp\/v2\/media?parent=79"}],"curies":[{"name":"wp","href":"https:\/\/api.w.org\/{rel}","templated":true}]}}