{"id":819,"date":"2019-11-29T09:24:25","date_gmt":"2019-11-29T12:24:25","guid":{"rendered":"https:\/\/sites.usp.br\/profqui-rp\/?page_id=819"},"modified":"2023-08-08T15:23:05","modified_gmt":"2023-08-08T18:23:05","slug":"apresentacao","status":"publish","type":"page","link":"https:\/\/sites.usp.br\/profqui-rp\/apresentacao\/","title":{"rendered":"Apresenta\u00e7\u00e3o"},"content":{"rendered":"<div class=\"aba\">\n<button class=\"linkaba abrirprimeiro\" onclick=\"abriraba(event, 'historico')\" id=\"b-historico\">Hist\u00f3rico<\/button><button class=\"linkaba\" onclick=\"abriraba(event, 'objetivos')\" id=\"b-objetivos\">Objetivos<\/button><button class=\"linkaba\" onclick=\"abriraba(event, 'areasPesq')\" id=\"b-areas\">\u00c1reas<\/button><button class=\"linkaba\" onclick=\"abriraba(event, 'CCP')\" id=\"b-coord\">Coordena\u00e7\u00e3o<\/button><button class=\"linkaba\" onclick=\"abriraba(event, 'calReunioes')\" id=\"b-reunioes\">Reuni\u00f5es<\/button><button class=\"linkaba\" onclick=\"abriraba(event, 'contato')\" id=\"b-contato\">Contato<\/button><\/div>\n<div id=\"historico\" class=\"conteudoaba\">\n<p>\nO Programa de Mestrado Profissional em Qu\u00edmica em Rede Nacional \u2013 PROFQUI \u2013 \u00e9 um programa de p\u00f3s-gradua\u00e7\u00e3o semipresencial, stricto sensu, na modalidade mestrado profissional na \u00e1rea de Qu\u00edmica com oferta nacional. \u00c9 formado por uma rede de Institui\u00e7\u00f5es de  Ensino Superior, no contexto da Universidade Aberta do Brasil\/Coordena\u00e7\u00e3o de Aperfei\u00e7oamento de Pessoal de N\u00edvel Superior (CAPES), e coordenado pelo Instituto de Qu\u00edmica da Universidade Federal do Rio de Janeiro, tendo a cogest\u00e3o da Sociedade Brasileira de Qu\u00edmica (SBQ) e o apoio das Institui\u00e7\u00f5es Associadas.<br \/>\nO PROFQUI realiza sele\u00e7\u00f5es anuais, regulamentadas em edital que descrevem orienta\u00e7\u00f5es e informa\u00e7\u00f5es necess\u00e1rias para a realiza\u00e7\u00e3o do Exame Nacional de Acesso (ENA) ao programa.\n<\/p>\n<\/div>\n<div id=\"objetivos\" class=\"conteudoaba\">\n<p>\nO Programa de Mestrado Profissional em Qu\u00edmica em Rede Nacional \u2013 PROFQUI \u2013 tem como foco proporcionar forma\u00e7\u00e3o continuada, qualificada e atualizada em Qu\u00edmica, considerando-se temas de pesquisa, desenvolvimento de produtos e material did\u00e1tico que seja relevante para os professores em pleno exerc\u00edcio da doc\u00eancia em educa\u00e7\u00e3o b\u00e1sica do pa\u00eds.\n<\/p>\n<\/div>\n<div id=\"areasPesq\" class=\"conteudoaba\">\n<p>As Linhas de Pesquisa do PROFQUI envolvem: Novas tecnologias e comunica\u00e7\u00e3o; Qu\u00edmica ambiental e energia; Qu\u00edmica da vida; Novos materiais.<\/p>\n<\/div>\n<div id=\"CCP\" class=\"conteudoaba\">\n<p>\n<!-- iframe plugin v.6.0 wordpress.org\/plugins\/iframe\/ -->\n<iframe loading=\"lazy\" frameborder=\"0\" scrolling=\"no\" marginheight=\"0\" marginwidth=\"0\" src=\"https:\/\/pos.ffclrp.usp.br\/pgusp\/pt-br\/ffclrp\/profqui\/coordenacao.html\" width=\"100%\" height=\"124px\" class=\"iframe-class\"><\/iframe>\n<br \/>\n\n<!-- iframe plugin v.6.0 wordpress.org\/plugins\/iframe\/ -->\n<iframe loading=\"lazy\" frameborder=\"0\" scrolling=\"no\" marginheight=\"0\" marginwidth=\"0\" src=\"https:\/\/pos.ffclrp.usp.br\/pgusp\/NereuColeg\/ExibeColegiado.php?idCol=5911&#038;sglCol=CCP\" width=\"100%\" height=\"1024px\" class=\"iframe-class\"><\/iframe>\n<\/p>\n<\/div>\n<div id=\"calReunioes\" class=\"conteudoaba\">\n<table>\n<tbody>\n<tr>\n<td colspan=\"3\" >\n<p> CALEND\u00c1RIO DAS REUNI\u00d5ES DA CCP PARA O 2\u00b0 SEMESTRE DE 2023 <\/p>\n<\/td>\n<\/tr>\n<tr>\n<td>\n<p>DATA<\/p>\n<\/td>\n<td>\n<p>DIA DA SEMANA<\/p>\n<\/td>\n<td>\n<p >HOR\u00c1RIO<\/p>\n<\/td>\n<\/tr>\n<tr>\n<td >\n<p> 20\/07\/2023 <\/span><\/b><\/p>\n<\/td>\n<td >\n<p>Quinta-feira<\/p>\n<\/td>\n<td>\n<p> 9:30 horas<\/p>\n<\/td>\n<\/tr>\n<tr>\n<td >\n<p> 31\/08\/2023 <\/span><\/b><\/p>\n<\/td>\n<td >\n<p>Quinta-feira<\/p>\n<\/td>\n<td>\n<p> 9:30 horas<\/p>\n<\/td>\n<\/tr>\n<tr>\n<td >\n<p> 28\/09\/2023 <\/span><\/b><\/p>\n<\/td>\n<td >\n<p>Quinta-feira<\/p>\n<\/td>\n<td>\n<p> 9:30 horas<\/p>\n<\/td>\n<\/tr>\n<tr>\n<td >\n<p> 26\/10\/2023 <\/span><\/b><\/p>\n<\/td>\n<td >\n<p>Quinta-feira<\/p>\n<\/td>\n<td>\n<p> 9:30 horas<\/p>\n<\/td>\n<\/tr>\n<tr>\n<td >\n<p> 30\/11\/2023 <\/span><\/b><\/p>\n<\/td>\n<td >\n<p>Quinta-feira<\/p>\n<\/td>\n<td>\n<p> 9:30 horas<\/p>\n<\/td>\n<\/tr>\n<tr>\n<td >\n<p> 21\/12\/2023 <\/span><\/b><\/p>\n<\/td>\n<td >\n<p>Quinta-feira<\/p>\n<\/td>\n<td>\n<p> 9:30 horas<\/p>\n<\/td>\n<\/tr>\n<\/tbody>\n<\/table>\n<\/div>\n<div id=\"orientadores\" class=\"conteudoaba\">\nOrientadores\n<\/div>\n<div id=\"regimento\" class=\"conteudoaba\">\nRegimento da P\u00f3s-Gradua\u00e7\u00e3o\n<\/div>\n<div id=\"contato\" class=\"conteudoaba\">\n<!-- iframe plugin v.6.0 wordpress.org\/plugins\/iframe\/ -->\n<iframe loading=\"lazy\" frameborder=\"0\" scrolling=\"auto\" marginheight=\"0\" marginwidth=\"0\" src=\"https:\/\/pos.ffclrp.usp.br\/pgusp\/pt-br\/ffclrp\/profqui\/contato.html\" width=\"100%\" height=\"1024px\" class=\"iframe-class\"><\/iframe>\n<\/div>\n","protected":false},"excerpt":{"rendered":"<p>Hist\u00f3ricoObjetivos\u00c1reasCoordena\u00e7\u00e3oReuni\u00f5esContato O Programa de Mestrado Profissional em Qu\u00edmica em Rede Nacional \u2013 PROFQUI \u2013 \u00e9 um programa de p\u00f3s-gradua\u00e7\u00e3o semipresencial, stricto sensu, na modalidade mestrado profissional na \u00e1rea de Qu\u00edmica com oferta nacional. \u00c9 formado por uma rede de Institui\u00e7\u00f5es de Ensino Superior, no contexto da Universidade Aberta do Brasil\/Coordena\u00e7\u00e3o de Aperfei\u00e7oamento de Pessoal de N\u00edvel Superior (CAPES), e coordenado pelo Instituto de Qu\u00edmica da Universidade Federal do Rio de Janeiro, tendo a cogest\u00e3o da Sociedade Brasileira de Qu\u00edmica (SBQ) e o apoio das Institui\u00e7\u00f5es Associadas. O PROFQUI realiza sele\u00e7\u00f5es anuais, regulamentadas em edital que descrevem orienta\u00e7\u00f5es e informa\u00e7\u00f5es necess\u00e1rias para a realiza\u00e7\u00e3o do Exame Nacional de Acesso (ENA) ao programa. O Programa de Mestrado Profissional em Qu\u00edmica em Rede Nacional \u2013 PROFQUI \u2013 tem como foco proporcionar forma\u00e7\u00e3o continuada, qualificada e atualizada em Qu\u00edmica, considerando-se temas de pesquisa, desenvolvimento de produtos e material did\u00e1tico que seja relevante para os professores em pleno exerc\u00edcio da doc\u00eancia em educa\u00e7\u00e3o b\u00e1sica do pa\u00eds. As Linhas de Pesquisa do PROFQUI envolvem: Novas tecnologias e comunica\u00e7\u00e3o; Qu\u00edmica ambiental e energia; Qu\u00edmica da vida; Novos materiais. CALEND\u00c1RIO DAS REUNI\u00d5ES DA CCP PARA O 2\u00b0 SEMESTRE DE 2023 DATA DIA DA SEMANA HOR\u00c1RIO 20\/07\/2023 Quinta-feira 9:30 [&#8230;]<\/p>\n","protected":false},"author":1162,"featured_media":0,"parent":0,"menu_order":0,"comment_status":"closed","ping_status":"closed","template":"","meta":{"footnotes":"","_links_to":"","_links_to_target":""},"class_list":["post-819","page","type-page","status-publish","hentry"],"_links":{"self":[{"href":"https:\/\/sites.usp.br\/profqui-rp\/wp-json\/wp\/v2\/pages\/819","targetHints":{"allow":["GET"]}}],"collection":[{"href":"https:\/\/sites.usp.br\/profqui-rp\/wp-json\/wp\/v2\/pages"}],"about":[{"href":"https:\/\/sites.usp.br\/profqui-rp\/wp-json\/wp\/v2\/types\/page"}],"author":[{"embeddable":true,"href":"https:\/\/sites.usp.br\/profqui-rp\/wp-json\/wp\/v2\/users\/1162"}],"replies":[{"embeddable":true,"href":"https:\/\/sites.usp.br\/profqui-rp\/wp-json\/wp\/v2\/comments?post=819"}],"version-history":[{"count":5,"href":"https:\/\/sites.usp.br\/profqui-rp\/wp-json\/wp\/v2\/pages\/819\/revisions"}],"predecessor-version":[{"id":1165,"href":"https:\/\/sites.usp.br\/profqui-rp\/wp-json\/wp\/v2\/pages\/819\/revisions\/1165"}],"wp:attachment":[{"href":"https:\/\/sites.usp.br\/profqui-rp\/wp-json\/wp\/v2\/media?parent=819"}],"curies":[{"name":"wp","href":"https:\/\/api.w.org\/{rel}","templated":true}]}}