{"id":871,"date":"2019-12-02T13:57:44","date_gmt":"2019-12-02T16:57:44","guid":{"rendered":"https:\/\/sites.usp.br\/profqui-rp\/?page_id=871"},"modified":"2023-08-08T15:30:09","modified_gmt":"2023-08-08T18:30:09","slug":"pesquisa","status":"publish","type":"page","link":"https:\/\/sites.usp.br\/profqui-rp\/pesquisa\/","title":{"rendered":"Pesquisa"},"content":{"rendered":"<div class=\"aba\">\n        <button class=\"linkaba abrirprimeiro\" onclick=\"abriraba(event, 'linhas')\" id=\"b-linhas\">Linhas de Pesquisa<\/button> <button class=\"linkaba\" onclick=\"abriraba(event, 'labs')\" id=\"b-labs\">Laborat\u00f3rios e Grupos de Pesquisa<\/button>\n    <\/div>\n<div id=\"linhas\" class=\"conteudoaba\">\n<!-- iframe plugin v.6.0 wordpress.org\/plugins\/iframe\/ -->\n<iframe loading=\"lazy\" frameborder=\"0\" height=\"1024px\" marginheight=\"0\" marginwidth=\"0\" scrolling=\"auto\" src=\"https:\/\/pos.ffclrp.usp.br\/pgusp\/pt-br\/ffclrp\/profqui\/pesquisa\/areas.html\" width=\"100%\" class=\"iframe-class\"><\/iframe>\n<\/div>\n<div id=\"labs\" class=\"conteudoaba\">\n<\/p>\n<p align='center'>\n<a target=\"_blank\" href=\"https:\/\/www.ffclrp.usp.br\/departamentos\/dq\/lab.php\" rel=\"noopener\">Clique aqui e Confira os Laborat\u00f3rios <br \/><span style='font-size:11px;'>Voc\u00ea ser\u00e1 redirecionado para o Site da FFCLRP<\/span><\/a><\/p>\n<\/div>\n","protected":false},"excerpt":{"rendered":"<p>Linhas de Pesquisa Laborat\u00f3rios e Grupos de Pesquisa Clique aqui e Confira os Laborat\u00f3rios Voc\u00ea ser\u00e1 redirecionado para o Site da FFCLRP<\/p>\n","protected":false},"author":1162,"featured_media":0,"parent":0,"menu_order":0,"comment_status":"closed","ping_status":"closed","template":"","meta":{"footnotes":"","_links_to":"","_links_to_target":""},"class_list":["post-871","page","type-page","status-publish","hentry"],"_links":{"self":[{"href":"https:\/\/sites.usp.br\/profqui-rp\/wp-json\/wp\/v2\/pages\/871","targetHints":{"allow":["GET"]}}],"collection":[{"href":"https:\/\/sites.usp.br\/profqui-rp\/wp-json\/wp\/v2\/pages"}],"about":[{"href":"https:\/\/sites.usp.br\/profqui-rp\/wp-json\/wp\/v2\/types\/page"}],"author":[{"embeddable":true,"href":"https:\/\/sites.usp.br\/profqui-rp\/wp-json\/wp\/v2\/users\/1162"}],"replies":[{"embeddable":true,"href":"https:\/\/sites.usp.br\/profqui-rp\/wp-json\/wp\/v2\/comments?post=871"}],"version-history":[{"count":5,"href":"https:\/\/sites.usp.br\/profqui-rp\/wp-json\/wp\/v2\/pages\/871\/revisions"}],"predecessor-version":[{"id":1173,"href":"https:\/\/sites.usp.br\/profqui-rp\/wp-json\/wp\/v2\/pages\/871\/revisions\/1173"}],"wp:attachment":[{"href":"https:\/\/sites.usp.br\/profqui-rp\/wp-json\/wp\/v2\/media?parent=871"}],"curies":[{"name":"wp","href":"https:\/\/api.w.org\/{rel}","templated":true}]}}