{"id":928,"date":"2023-03-09T04:17:04","date_gmt":"2023-03-09T06:17:04","guid":{"rendered":"https:\/\/sites.usp.br\/programapospatologia\/?page_id=928"},"modified":"2023-05-12T14:49:39","modified_gmt":"2023-05-12T16:49:39","slug":"historico","status":"publish","type":"page","link":"https:\/\/sites.usp.br\/programapospatologia\/historico\/","title":{"rendered":"Hist\u00f3rico"},"content":{"rendered":"\t\t<div data-elementor-type=\"wp-post\" data-elementor-id=\"928\" class=\"elementor elementor-928\" data-elementor-post-type=\"page\">\n\t\t\t\t\t\t<section class=\"elementor-section elementor-top-section elementor-element elementor-element-2f0b9aec elementor-section-boxed elementor-section-height-default elementor-section-height-default\" data-id=\"2f0b9aec\" data-element_type=\"section\">\n\t\t\t\t\t\t<div class=\"elementor-container elementor-column-gap-default\">\n\t\t\t\t\t<div class=\"elementor-column elementor-col-100 elementor-top-column elementor-element elementor-element-203235be\" data-id=\"203235be\" data-element_type=\"column\">\n\t\t\t<div class=\"elementor-widget-wrap elementor-element-populated\">\n\t\t\t\t\t\t<div class=\"elementor-element elementor-element-0920a4a elementor-widget elementor-widget-heading\" data-id=\"0920a4a\" data-element_type=\"widget\" data-widget_type=\"heading.default\">\n\t\t\t\t<div class=\"elementor-widget-container\">\n\t\t\t<h1 class=\"elementor-heading-title elementor-size-default\">Hist\u00f3rico<\/h1>\t\t<\/div>\n\t\t\t\t<\/div>\n\t\t\t\t\t<\/div>\n\t\t<\/div>\n\t\t\t\t\t<\/div>\n\t\t<\/section>\n\t\t\t\t<section class=\"elementor-section elementor-top-section elementor-element elementor-element-649a83a elementor-section-boxed elementor-section-height-default elementor-section-height-default\" data-id=\"649a83a\" data-element_type=\"section\">\n\t\t\t\t\t\t<div class=\"elementor-container elementor-column-gap-default\">\n\t\t\t\t\t<div class=\"elementor-column elementor-col-100 elementor-top-column elementor-element elementor-element-d412c59\" data-id=\"d412c59\" data-element_type=\"column\">\n\t\t\t<div class=\"elementor-widget-wrap elementor-element-populated\">\n\t\t\t\t\t\t<div class=\"elementor-element elementor-element-c212984 elementor-widget elementor-widget-text-editor\" data-id=\"c212984\" data-element_type=\"widget\" data-widget_type=\"text-editor.default\">\n\t\t\t\t<div class=\"elementor-widget-container\">\n\t\t\t\t\t\t\t<p>O Programa Patologia, cadastrado no MEC desde 1975, tem sua origem na experi\u00eancia formativa de pesquisadores desde a cria\u00e7\u00e3o da Faculdade de Medicina (1912), quando a especialidade ainda era uma novidade no mundo todo e uma de suas miss\u00f5es era dar um cunho cient\u00edfico \u00e0 medicina, avan\u00e7ando o conhecimento sobre as doen\u00e7as.\u00a0<\/p><p>Inicialmente denominada como &#8220;<i>Anatomia e Histologia Patol\u00f3gicas<\/i>&#8220;, esta \u00e1rea teve a lideran\u00e7a de professores estrangeiros, como o austr\u00edaco <b>Walter Haberfeld<\/b>, primeiro catedr\u00e1tico, e o italiano <b>Alexandre Donatti<\/b>, primeiro regente de Patologia Geral, que trouxeram a experi\u00eancia europeia da patologia moderna fundada por Rudolf Virchow. Em <u>1920<\/u>, o conv\u00eanio com a Funda\u00e7\u00e3o Rockefeller trouxe para o departamento os americanos <b>Oscar Klotz<\/b> e <b>Robert Archibald Lambert<\/b>, que sob a c\u00e1tedra de <b>Ludgero da Cunha Motta<\/b> iriam estabelecer o perfil da \u00e1rea por v\u00e1rias d\u00e9cadas, com forte vi\u00e9s para a pesquisa, al\u00e9m das atividades aplicadas ao diagn\u00f3stico.<\/p><p>Nesta \u00e9poca, muitas teses de doutorado foram produzidas no Departamento de Patologia, que formou especialistas e pesquisadores de refer\u00eancia neste per\u00edodo. Em <u>1958<\/u>, assume o catedr\u00e1tico, <b>Constantino Mignone<\/b>, que implanta reuni\u00f5es <i>an\u00e1tomo-cl\u00ednicas<\/i>, dando um passo importante rumo \u00e0 cultura interdisciplinar e multiprofissional que marca a produ\u00e7\u00e3o cient\u00edfica da p\u00f3s-gradua\u00e7\u00e3o do Programa. J\u00e1 no decorrer da reforma universit\u00e1ria e sob as influ\u00eancias do <i>Relat\u00f3rio Sucupira<\/i> (CAPES), assume a chefia em <u>1972<\/u> o patologista <b>Thales de Brito<\/b>, com s\u00f3lida forma\u00e7\u00e3o em pesquisa da patologia de mol\u00e9stias tropicais. Logo em seguida, em <u>1975<\/u>, o Programa Patologia \u00e9 credenciado junto \u00e0 CAPES para oferecer mestrado e doutorado, nos moldes da nova diretriz nacional para a p\u00f3s-gradua\u00e7\u00e3o, sob a coordena\u00e7\u00e3o de <b>Carlos Eduardo Pereira Corbett<\/b>.<\/p><p>Inicialmente, a forma\u00e7\u00e3o nestes n\u00edveis estava aberta apenas a m\u00e9dicos especializados em \u00e1reas do Departamento de Patologia. Este pr\u00e9-requisito foi quebrado com a vinda do patologista e not\u00f3rio pesquisador <b>Gy\u00f6rgy Mikl\u00f3s B\u00f6hm<\/b>, que, ao assumir a coordena\u00e7\u00e3o do Programa, abriu inscri\u00e7\u00f5es para m\u00e9dicos de quaisquer especialidades, formando assim um ambiente de pesquisa mais prop\u00edcio \u00e0 inova\u00e7\u00e3o e a descobertas de maior impacto na \u00e1rea m\u00e9dica. Deste momento memor\u00e1vel, surgem lideran\u00e7as nas mais diversas \u00e1reas m\u00e9dicas, al\u00e9m da pr\u00f3pria patologia, como a radiologia, anestesia, cl\u00ednica m\u00e9dica e cirurgia, que ainda hoje exercem papel fundamental na condu\u00e7\u00e3o de pesquisa no pa\u00eds e no mundo.<\/p><p>O pr\u00f3ximo passo, que d\u00e1 o perfil do Programa Patologia, foi trazido por <b>Gregorio Santiago Montes<\/b>, que coordenou este programa de p\u00f3s-gradua\u00e7\u00e3o entre <u>1988 e 1997<\/u>. Gra\u00e7as ao trabalho idealizado e conduzido por ele, n\u00e3o s\u00f3 este, mas todos os programas da FMUSP adotaram como norma incluir, entre os seus estudantes de mestrado e doutorado, egressos de todas as \u00e1reas profissionais, contribuindo assim para que a pesquisa seja fruto de uma verdadeira intera\u00e7\u00e3o entre campos interdisciplinares e multiprofissionais, levando a uma prof\u00edcua produ\u00e7\u00e3o intelectual, original, inovadora e de impacto para o conjunto do conhecimento da \u00e1rea.<\/p>\t\t\t\t\t\t<\/div>\n\t\t\t\t<\/div>\n\t\t\t\t\t<\/div>\n\t\t<\/div>\n\t\t\t\t\t<\/div>\n\t\t<\/section>\n\t\t\t\t<section class=\"elementor-section elementor-top-section elementor-element elementor-element-c6839bc elementor-hidden-tablet elementor-hidden-mobile elementor-section-boxed elementor-section-height-default elementor-section-height-default\" data-id=\"c6839bc\" data-element_type=\"section\">\n\t\t\t\t\t\t<div class=\"elementor-container elementor-column-gap-default\">\n\t\t\t\t\t<div class=\"elementor-column elementor-col-100 elementor-top-column elementor-element elementor-element-038034d\" data-id=\"038034d\" data-element_type=\"column\">\n\t\t\t<div class=\"elementor-widget-wrap elementor-element-populated\">\n\t\t\t\t\t\t<div class=\"elementor-element elementor-element-fbd223e elementor-widget elementor-widget-spacer\" data-id=\"fbd223e\" data-element_type=\"widget\" data-widget_type=\"spacer.default\">\n\t\t\t\t<div class=\"elementor-widget-container\">\n\t\t\t\t\t<div class=\"elementor-spacer\">\n\t\t\t<div class=\"elementor-spacer-inner\"><\/div>\n\t\t<\/div>\n\t\t\t\t<\/div>\n\t\t\t\t<\/div>\n\t\t\t\t\t<\/div>\n\t\t<\/div>\n\t\t\t\t\t<\/div>\n\t\t<\/section>\n\t\t\t\t<section class=\"elementor-section elementor-top-section elementor-element elementor-element-7148baa elementor-section-boxed elementor-section-height-default elementor-section-height-default\" data-id=\"7148baa\" data-element_type=\"section\">\n\t\t\t\t\t\t<div class=\"elementor-container elementor-column-gap-default\">\n\t\t\t\t\t<div class=\"elementor-column elementor-col-100 elementor-top-column elementor-element elementor-element-74c2087\" data-id=\"74c2087\" data-element_type=\"column\">\n\t\t\t<div class=\"elementor-widget-wrap elementor-element-populated\">\n\t\t\t\t\t\t<div class=\"elementor-element elementor-element-74e91ba elementor-widget elementor-widget-spacer\" data-id=\"74e91ba\" data-element_type=\"widget\" data-widget_type=\"spacer.default\">\n\t\t\t\t<div class=\"elementor-widget-container\">\n\t\t\t\t\t<div class=\"elementor-spacer\">\n\t\t\t<div class=\"elementor-spacer-inner\"><\/div>\n\t\t<\/div>\n\t\t\t\t<\/div>\n\t\t\t\t<\/div>\n\t\t\t\t\t<\/div>\n\t\t<\/div>\n\t\t\t\t\t<\/div>\n\t\t<\/section>\n\t\t\t\t<\/div>\n\t\t","protected":false},"excerpt":{"rendered":"<p>Hist\u00f3rico O Programa Patologia, cadastrado no MEC desde 1975, tem sua origem na experi\u00eancia formativa de pesquisadores desde a cria\u00e7\u00e3o da Faculdade de Medicina (1912), quando a especialidade ainda era uma novidade no mundo todo e uma de suas miss\u00f5es era dar um cunho cient\u00edfico \u00e0 medicina, avan\u00e7ando o conhecimento sobre as doen\u00e7as.\u00a0 Inicialmente denominada &hellip; <\/p>\n<p class=\"link-more\"><a href=\"https:\/\/sites.usp.br\/programapospatologia\/historico\/\" class=\"more-link\">Continue lendo<span class=\"screen-reader-text\"> &#8220;Hist\u00f3rico&#8221;<\/span><\/a><\/p>\n","protected":false},"author":1200,"featured_media":0,"parent":0,"menu_order":0,"comment_status":"closed","ping_status":"closed","template":"elementor_header_footer","meta":{"footnotes":"","_links_to":"","_links_to_target":""},"class_list":["post-928","page","type-page","status-publish","hentry","entry"],"_links":{"self":[{"href":"https:\/\/sites.usp.br\/programapospatologia\/wp-json\/wp\/v2\/pages\/928","targetHints":{"allow":["GET"]}}],"collection":[{"href":"https:\/\/sites.usp.br\/programapospatologia\/wp-json\/wp\/v2\/pages"}],"about":[{"href":"https:\/\/sites.usp.br\/programapospatologia\/wp-json\/wp\/v2\/types\/page"}],"author":[{"embeddable":true,"href":"https:\/\/sites.usp.br\/programapospatologia\/wp-json\/wp\/v2\/users\/1200"}],"replies":[{"embeddable":true,"href":"https:\/\/sites.usp.br\/programapospatologia\/wp-json\/wp\/v2\/comments?post=928"}],"version-history":[{"count":4,"href":"https:\/\/sites.usp.br\/programapospatologia\/wp-json\/wp\/v2\/pages\/928\/revisions"}],"predecessor-version":[{"id":1231,"href":"https:\/\/sites.usp.br\/programapospatologia\/wp-json\/wp\/v2\/pages\/928\/revisions\/1231"}],"wp:attachment":[{"href":"https:\/\/sites.usp.br\/programapospatologia\/wp-json\/wp\/v2\/media?parent=928"}],"curies":[{"name":"wp","href":"https:\/\/api.w.org\/{rel}","templated":true}]}}