{"id":15,"date":"2023-08-02T21:16:32","date_gmt":"2023-08-03T00:16:32","guid":{"rendered":"https:\/\/sites.usp.br\/programaquimica\/?page_id=15"},"modified":"2023-08-03T00:01:29","modified_gmt":"2023-08-03T03:01:29","slug":"nosso-trabalho","status":"publish","type":"page","link":"https:\/\/sites.usp.br\/programaquimica\/nosso-trabalho\/","title":{"rendered":"Nosso trabalho"},"content":{"rendered":"\t\t<div data-elementor-type=\"wp-page\" data-elementor-id=\"15\" class=\"elementor elementor-15\">\n\t\t\t\t\t\t<section class=\"elementor-section elementor-top-section elementor-element elementor-element-f76a706 elementor-section-boxed elementor-section-height-default elementor-section-height-default\" data-id=\"f76a706\" data-element_type=\"section\">\n\t\t\t\t\t\t<div class=\"elementor-container elementor-column-gap-default\">\n\t\t\t\t\t<div class=\"elementor-column elementor-col-100 elementor-top-column elementor-element elementor-element-14c95bc\" data-id=\"14c95bc\" data-element_type=\"column\">\n\t\t\t<div class=\"elementor-widget-wrap elementor-element-populated\">\n\t\t\t\t\t\t<div class=\"elementor-element elementor-element-019629c elementor-widget elementor-widget-heading\" data-id=\"019629c\" data-element_type=\"widget\" data-widget_type=\"heading.default\">\n\t\t\t\t<div class=\"elementor-widget-container\">\n\t\t\t<h2 class=\"elementor-heading-title elementor-size-large\">NOSSO TRABALHO<\/h2>\t\t<\/div>\n\t\t\t\t<\/div>\n\t\t\t\t\t<\/div>\n\t\t<\/div>\n\t\t\t\t\t<\/div>\n\t\t<\/section>\n\t\t\t\t<section class=\"elementor-section elementor-top-section elementor-element elementor-element-5b932cb elementor-section-boxed elementor-section-height-default elementor-section-height-default\" data-id=\"5b932cb\" data-element_type=\"section\">\n\t\t\t\t\t\t<div class=\"elementor-container elementor-column-gap-default\">\n\t\t\t\t\t<div class=\"elementor-column elementor-col-100 elementor-top-column elementor-element elementor-element-ca7f212\" data-id=\"ca7f212\" data-element_type=\"column\">\n\t\t\t<div class=\"elementor-widget-wrap elementor-element-populated\">\n\t\t\t\t\t\t<div class=\"elementor-element elementor-element-bb81939 elementor-widget elementor-widget-image\" data-id=\"bb81939\" data-element_type=\"widget\" data-widget_type=\"image.default\">\n\t\t\t\t<div class=\"elementor-widget-container\">\n\t\t\t\t\t\t\t\t\t\t\t\t\t<img fetchpriority=\"high\" decoding=\"async\" width=\"1024\" height=\"576\" src=\"https:\/\/sites.usp.br\/programaquimica\/wp-content\/uploads\/sites\/1229\/2023\/08\/a-1024x576.png\" class=\"attachment-large size-large wp-image-111\" alt=\"\" srcset=\"https:\/\/sites.usp.br\/programaquimica\/wp-content\/uploads\/sites\/1229\/2023\/08\/a-1024x576.png 1024w, https:\/\/sites.usp.br\/programaquimica\/wp-content\/uploads\/sites\/1229\/2023\/08\/a-300x169.png 300w, https:\/\/sites.usp.br\/programaquimica\/wp-content\/uploads\/sites\/1229\/2023\/08\/a-768x432.png 768w, https:\/\/sites.usp.br\/programaquimica\/wp-content\/uploads\/sites\/1229\/2023\/08\/a-1536x864.png 1536w, https:\/\/sites.usp.br\/programaquimica\/wp-content\/uploads\/sites\/1229\/2023\/08\/a-800x450.png 800w, https:\/\/sites.usp.br\/programaquimica\/wp-content\/uploads\/sites\/1229\/2023\/08\/a-310x174.png 310w, https:\/\/sites.usp.br\/programaquimica\/wp-content\/uploads\/sites\/1229\/2023\/08\/a.png 1920w\" sizes=\"(max-width: 1024px) 100vw, 1024px\" \/>\t\t\t\t\t\t\t\t\t\t\t\t\t<\/div>\n\t\t\t\t<\/div>\n\t\t\t\t<div class=\"elementor-element elementor-element-f8d529f elementor-widget elementor-widget-text-editor\" data-id=\"f8d529f\" data-element_type=\"widget\" data-widget_type=\"text-editor.default\">\n\t\t\t\t<div class=\"elementor-widget-container\">\n\t\t\t\t\t\t\t<p><span style=\"font-weight: 400;\">Nossa jornada no Propaga Qu\u00edmica tem sido incr\u00edvel e repleta de atividades empolgantes! Desde o in\u00edcio do projeto em 2019, temos nos dedicado a disseminar o conhecimento e a paix\u00e3o pela qu\u00edmica atrav\u00e9s de experimentos demonstrativos e atividades educacionais.<\/span><\/p><p><span style=\"font-weight: 400;\">Em nossas atividades, buscamos conectar a teoria com a pr\u00e1tica, levando os conceitos aprendidos em sala de aula para o mundo real. Realizamos uma ampla pesquisa bibliogr\u00e1fica para adaptar experimentos existentes de forma segura ao ambiente da sala de aula, al\u00e9m de desenvolver novas propostas para demonstrar de forma l\u00fadica e envolvente os princ\u00edpios da qu\u00edmica.<\/span><\/p><p><span style=\"font-weight: 400;\">Em 2022 e 2023, participamos do programa &#8220;Carreta Furac\u00e3o da Ci\u00eancia&#8221;: USP na Comunidade &#8211; Unidades M\u00f3veis, onde durante sete dias do evento, alcan\u00e7amos um amplo p\u00fablico da regi\u00e3o do Vale do Para\u00edba, levando diversos experimentos e divulga\u00e7\u00e3o cient\u00edfica \u00e0 comunidade e a centenas de alunos. Tamb\u00e9m nos empenhamos em divulgar a ci\u00eancia, levando experimentos e informa\u00e7\u00f5es sobre a USP para escolas da regi\u00e3o.\u00a0<\/span><\/p><p><span style=\"font-weight: 400;\">Essa participa\u00e7\u00e3o nos possibilitou tamb\u00e9m realizar, em 2022, experimentos em uma feira de ci\u00eancias em escolas, como o col\u00e9gio &#8220;Instituto Can\u00e7\u00e3o Nova&#8221;, em Cachoeira Paulista, onde compartilhamos conhecimentos sobre ingresso na USP e cursos dispon\u00edveis, despertando o interesse de muitos alunos por meio de experi\u00eancias l\u00fadicas e explicativas para crian\u00e7as e adolescentes.<\/span><\/p><p><span style=\"font-weight: 400;\">Em 2022, participamos tamb\u00e9m da prestigiosa &#8220;Feira USP e as Profiss\u00f5es&#8221;, um evento de grande magnitude estabelecido em 2006 e realizado no campus Butant\u00e3 na USP da capital. Essa feira re\u00fane mais de 55 Unidades de Ensino e Pesquisa, al\u00e9m de Museus e \u00d3rg\u00e3os da Universidade. Voltada para o p\u00fablico estudantil, a feira tem um enfoque especial nos alunos das escolas p\u00fablicas.\u00a0<\/span><\/p><p><span style=\"font-weight: 400;\">Em nossa participa\u00e7\u00e3o nesse evento, preparamos um material informativo especialmente dedicado ao curso de Engenharia Qu\u00edmica. Elaboramos um poster repleto de curiosidades sobre a ind\u00fastria qu\u00edmica, que foi cuidadosamente exibido no stand do curso. Essa iniciativa possibilitou que centenas de jovens alunos conhecessem de perto as maravilhas da Engenharia Qu\u00edmica e vislumbrassem as incr\u00edveis possibilidades de carreira que essa \u00e1rea oferece. Foi um momento \u00fanico de intera\u00e7\u00e3o e compartilhamento de conhecimentos, e ficamos encantados ao ver o brilho nos olhos desses estudantes ao aprenderem sobre a nossa paix\u00e3o: a ci\u00eancia da qu\u00edmica.\u00a0<\/span><\/p><p><span style=\"font-weight: 400;\">Cada uma dessas atividades tem sido uma oportunidade para mostrarmos o fascinante mundo da qu\u00edmica e como ela est\u00e1 presente em nosso cotidiano. Agradecemos imensamente a todos que t\u00eam apoiado e acompanhado o nosso projeto, e estamos animados para continuar compartilhando a ci\u00eancia com ainda mais pessoas. Esperamos continuar contribuindo para inspirar e orientar os jovens na escolha de seus caminhos profissionais, mostrando-lhes todo o potencial da Engenharia Qu\u00edmica para um futuro brilhante!<\/span><\/p><p><span style=\"font-weight: 400;\">Nosso objetivo \u00e9 inspirar e impactar positivamente a vida de todos ao nosso redor, e com a sua participa\u00e7\u00e3o, juntos, podemos fazer a diferen\u00e7a! Fique de olho em nossas redes sociais e site para mais novidades e n\u00e3o perca a chance de participar das nossas pr\u00f3ximas atividades!<\/span><\/p><p><span style=\"font-weight: 400;\">Seja parte dessa jornada conosco! Juntos, podemos propagar a ci\u00eancia e o conhecimento para um futuro brilhante!<\/span><\/p>\t\t\t\t\t\t<\/div>\n\t\t\t\t<\/div>\n\t\t\t\t<section class=\"elementor-section elementor-inner-section elementor-element elementor-element-123a32a elementor-section-boxed elementor-section-height-default elementor-section-height-default\" data-id=\"123a32a\" data-element_type=\"section\">\n\t\t\t\t\t\t<div class=\"elementor-container elementor-column-gap-default\">\n\t\t\t\t\t<div class=\"elementor-column elementor-col-50 elementor-inner-column elementor-element elementor-element-7f79632\" data-id=\"7f79632\" data-element_type=\"column\">\n\t\t\t<div class=\"elementor-widget-wrap elementor-element-populated\">\n\t\t\t\t\t\t<div class=\"elementor-element elementor-element-1a8022e elementor-widget elementor-widget-image\" data-id=\"1a8022e\" data-element_type=\"widget\" data-widget_type=\"image.default\">\n\t\t\t\t<div class=\"elementor-widget-container\">\n\t\t\t\t\t\t\t\t\t\t\t\t\t<img decoding=\"async\" width=\"1024\" height=\"576\" src=\"https:\/\/sites.usp.br\/programaquimica\/wp-content\/uploads\/sites\/1229\/2023\/08\/a-2-1024x576.png\" class=\"attachment-large size-large wp-image-113\" alt=\"\" srcset=\"https:\/\/sites.usp.br\/programaquimica\/wp-content\/uploads\/sites\/1229\/2023\/08\/a-2-1024x576.png 1024w, https:\/\/sites.usp.br\/programaquimica\/wp-content\/uploads\/sites\/1229\/2023\/08\/a-2-300x169.png 300w, https:\/\/sites.usp.br\/programaquimica\/wp-content\/uploads\/sites\/1229\/2023\/08\/a-2-768x432.png 768w, https:\/\/sites.usp.br\/programaquimica\/wp-content\/uploads\/sites\/1229\/2023\/08\/a-2-1536x864.png 1536w, https:\/\/sites.usp.br\/programaquimica\/wp-content\/uploads\/sites\/1229\/2023\/08\/a-2-800x450.png 800w, https:\/\/sites.usp.br\/programaquimica\/wp-content\/uploads\/sites\/1229\/2023\/08\/a-2-310x174.png 310w, https:\/\/sites.usp.br\/programaquimica\/wp-content\/uploads\/sites\/1229\/2023\/08\/a-2.png 1920w\" sizes=\"(max-width: 1024px) 100vw, 1024px\" \/>\t\t\t\t\t\t\t\t\t\t\t\t\t<\/div>\n\t\t\t\t<\/div>\n\t\t\t\t\t<\/div>\n\t\t<\/div>\n\t\t\t\t<div class=\"elementor-column elementor-col-50 elementor-inner-column elementor-element elementor-element-6ae3301\" data-id=\"6ae3301\" data-element_type=\"column\">\n\t\t\t<div class=\"elementor-widget-wrap elementor-element-populated\">\n\t\t\t\t\t\t<div class=\"elementor-element elementor-element-3374fc8 elementor-widget elementor-widget-image\" data-id=\"3374fc8\" data-element_type=\"widget\" data-widget_type=\"image.default\">\n\t\t\t\t<div class=\"elementor-widget-container\">\n\t\t\t\t\t\t\t\t\t\t\t\t\t<img decoding=\"async\" width=\"1024\" height=\"576\" src=\"https:\/\/sites.usp.br\/programaquimica\/wp-content\/uploads\/sites\/1229\/2023\/08\/a-1-1024x576.png\" class=\"attachment-large size-large wp-image-112\" alt=\"\" srcset=\"https:\/\/sites.usp.br\/programaquimica\/wp-content\/uploads\/sites\/1229\/2023\/08\/a-1-1024x576.png 1024w, https:\/\/sites.usp.br\/programaquimica\/wp-content\/uploads\/sites\/1229\/2023\/08\/a-1-300x169.png 300w, https:\/\/sites.usp.br\/programaquimica\/wp-content\/uploads\/sites\/1229\/2023\/08\/a-1-768x432.png 768w, https:\/\/sites.usp.br\/programaquimica\/wp-content\/uploads\/sites\/1229\/2023\/08\/a-1-1536x864.png 1536w, https:\/\/sites.usp.br\/programaquimica\/wp-content\/uploads\/sites\/1229\/2023\/08\/a-1-800x450.png 800w, https:\/\/sites.usp.br\/programaquimica\/wp-content\/uploads\/sites\/1229\/2023\/08\/a-1-310x174.png 310w, https:\/\/sites.usp.br\/programaquimica\/wp-content\/uploads\/sites\/1229\/2023\/08\/a-1.png 1920w\" sizes=\"(max-width: 1024px) 100vw, 1024px\" \/>\t\t\t\t\t\t\t\t\t\t\t\t\t<\/div>\n\t\t\t\t<\/div>\n\t\t\t\t\t<\/div>\n\t\t<\/div>\n\t\t\t\t\t<\/div>\n\t\t<\/section>\n\t\t\t\t\t<\/div>\n\t\t<\/div>\n\t\t\t\t\t<\/div>\n\t\t<\/section>\n\t\t\t\t<\/div>\n\t\t","protected":false},"excerpt":{"rendered":"<p>NOSSO TRABALHO Nossa jornada no Propaga Qu\u00edmica tem sido incr\u00edvel e repleta de atividades empolgantes! Desde o in\u00edcio do projeto em 2019, temos nos dedicado a disseminar o conhecimento e a paix\u00e3o pela qu\u00edmica atrav\u00e9s de experimentos demonstrativos e atividades educacionais. Em nossas atividades, buscamos conectar a teoria com a pr\u00e1tica, levando os conceitos aprendidos [&hellip;]<\/p>\n","protected":false},"author":23381,"featured_media":0,"parent":0,"menu_order":0,"comment_status":"closed","ping_status":"closed","template":"","meta":{"ocean_post_layout":"","ocean_both_sidebars_style":"","ocean_both_sidebars_content_width":0,"ocean_both_sidebars_sidebars_width":0,"ocean_sidebar":"0","ocean_second_sidebar":"0","ocean_disable_margins":"enable","ocean_add_body_class":"","ocean_shortcode_before_top_bar":"","ocean_shortcode_after_top_bar":"","ocean_shortcode_before_header":"","ocean_shortcode_after_header":"","ocean_has_shortcode":"","ocean_shortcode_after_title":"","ocean_shortcode_before_footer_widgets":"","ocean_shortcode_after_footer_widgets":"","ocean_shortcode_before_footer_bottom":"","ocean_shortcode_after_footer_bottom":"","ocean_display_top_bar":"default","ocean_display_header":"default","ocean_header_style":"","ocean_center_header_left_menu":"0","ocean_custom_header_template":"0","ocean_custom_logo":0,"ocean_custom_retina_logo":0,"ocean_custom_logo_max_width":0,"ocean_custom_logo_tablet_max_width":0,"ocean_custom_logo_mobile_max_width":0,"ocean_custom_logo_max_height":0,"ocean_custom_logo_tablet_max_height":0,"ocean_custom_logo_mobile_max_height":0,"ocean_header_custom_menu":"0","ocean_menu_typo_font_family":"0","ocean_menu_typo_font_subset":"","ocean_menu_typo_font_size":0,"ocean_menu_typo_font_size_tablet":0,"ocean_menu_typo_font_size_mobile":0,"ocean_menu_typo_font_size_unit":"px","ocean_menu_typo_font_weight":"","ocean_menu_typo_font_weight_tablet":"","ocean_menu_typo_font_weight_mobile":"","ocean_menu_typo_transform":"","ocean_menu_typo_transform_tablet":"","ocean_menu_typo_transform_mobile":"","ocean_menu_typo_line_height":0,"ocean_menu_typo_line_height_tablet":0,"ocean_menu_typo_line_height_mobile":0,"ocean_menu_typo_line_height_unit":"","ocean_menu_typo_spacing":0,"ocean_menu_typo_spacing_tablet":0,"ocean_menu_typo_spacing_mobile":0,"ocean_menu_typo_spacing_unit":"","ocean_menu_link_color":"","ocean_menu_link_color_hover":"","ocean_menu_link_color_active":"","ocean_menu_link_background":"","ocean_menu_link_hover_background":"","ocean_menu_link_active_background":"","ocean_menu_social_links_bg":"","ocean_menu_social_hover_links_bg":"","ocean_menu_social_links_color":"","ocean_menu_social_hover_links_color":"","ocean_disable_title":"default","ocean_disable_heading":"default","ocean_post_title":"","ocean_post_subheading":"","ocean_post_title_style":"","ocean_post_title_background_color":"","ocean_post_title_background":0,"ocean_post_title_bg_image_position":"","ocean_post_title_bg_image_attachment":"","ocean_post_title_bg_image_repeat":"","ocean_post_title_bg_image_size":"","ocean_post_title_height":0,"ocean_post_title_bg_overlay":0.5,"ocean_post_title_bg_overlay_color":"","ocean_disable_breadcrumbs":"default","ocean_breadcrumbs_color":"","ocean_breadcrumbs_separator_color":"","ocean_breadcrumbs_links_color":"","ocean_breadcrumbs_links_hover_color":"","ocean_display_footer_widgets":"default","ocean_display_footer_bottom":"default","ocean_custom_footer_template":"0","footnotes":"","_links_to":"","_links_to_target":""},"class_list":["post-15","page","type-page","status-publish","hentry","entry"],"jetpack_sharing_enabled":true,"_links":{"self":[{"href":"https:\/\/sites.usp.br\/programaquimica\/wp-json\/wp\/v2\/pages\/15","targetHints":{"allow":["GET"]}}],"collection":[{"href":"https:\/\/sites.usp.br\/programaquimica\/wp-json\/wp\/v2\/pages"}],"about":[{"href":"https:\/\/sites.usp.br\/programaquimica\/wp-json\/wp\/v2\/types\/page"}],"author":[{"embeddable":true,"href":"https:\/\/sites.usp.br\/programaquimica\/wp-json\/wp\/v2\/users\/23381"}],"replies":[{"embeddable":true,"href":"https:\/\/sites.usp.br\/programaquimica\/wp-json\/wp\/v2\/comments?post=15"}],"version-history":[{"count":4,"href":"https:\/\/sites.usp.br\/programaquimica\/wp-json\/wp\/v2\/pages\/15\/revisions"}],"predecessor-version":[{"id":123,"href":"https:\/\/sites.usp.br\/programaquimica\/wp-json\/wp\/v2\/pages\/15\/revisions\/123"}],"wp:attachment":[{"href":"https:\/\/sites.usp.br\/programaquimica\/wp-json\/wp\/v2\/media?parent=15"}],"curies":[{"name":"wp","href":"https:\/\/api.w.org\/{rel}","templated":true}]}}