{"id":91,"date":"2023-08-02T23:20:56","date_gmt":"2023-08-03T02:20:56","guid":{"rendered":"https:\/\/sites.usp.br\/programaquimica\/?page_id=91"},"modified":"2023-08-03T00:10:50","modified_gmt":"2023-08-03T03:10:50","slug":"home","status":"publish","type":"page","link":"https:\/\/sites.usp.br\/programaquimica\/","title":{"rendered":"Home"},"content":{"rendered":"\t\t<div data-elementor-type=\"wp-page\" data-elementor-id=\"91\" class=\"elementor elementor-91\">\n\t\t\t\t\t\t<section class=\"elementor-section elementor-top-section elementor-element elementor-element-c778ac5 elementor-section-boxed elementor-section-height-default elementor-section-height-default\" data-id=\"c778ac5\" data-element_type=\"section\">\n\t\t\t\t\t\t<div class=\"elementor-container elementor-column-gap-default\">\n\t\t\t\t\t<div class=\"elementor-column elementor-col-100 elementor-top-column elementor-element elementor-element-7a0ca1c\" data-id=\"7a0ca1c\" data-element_type=\"column\">\n\t\t\t<div class=\"elementor-widget-wrap elementor-element-populated\">\n\t\t\t\t\t\t<div class=\"elementor-element elementor-element-734d023 elementor-widget elementor-widget-image\" data-id=\"734d023\" data-element_type=\"widget\" data-widget_type=\"image.default\">\n\t\t\t\t<div class=\"elementor-widget-container\">\n\t\t\t\t\t\t\t\t\t\t\t\t\t<img fetchpriority=\"high\" decoding=\"async\" width=\"1024\" height=\"576\" src=\"https:\/\/sites.usp.br\/programaquimica\/wp-content\/uploads\/sites\/1229\/2023\/08\/Bangers-1-1024x576.png\" class=\"attachment-large size-large wp-image-75\" alt=\"\" srcset=\"https:\/\/sites.usp.br\/programaquimica\/wp-content\/uploads\/sites\/1229\/2023\/08\/Bangers-1-1024x576.png 1024w, https:\/\/sites.usp.br\/programaquimica\/wp-content\/uploads\/sites\/1229\/2023\/08\/Bangers-1-300x169.png 300w, https:\/\/sites.usp.br\/programaquimica\/wp-content\/uploads\/sites\/1229\/2023\/08\/Bangers-1-768x432.png 768w, https:\/\/sites.usp.br\/programaquimica\/wp-content\/uploads\/sites\/1229\/2023\/08\/Bangers-1-1536x864.png 1536w, https:\/\/sites.usp.br\/programaquimica\/wp-content\/uploads\/sites\/1229\/2023\/08\/Bangers-1-2048x1152.png 2048w, https:\/\/sites.usp.br\/programaquimica\/wp-content\/uploads\/sites\/1229\/2023\/08\/Bangers-1-800x450.png 800w, https:\/\/sites.usp.br\/programaquimica\/wp-content\/uploads\/sites\/1229\/2023\/08\/Bangers-1-310x174.png 310w\" sizes=\"(max-width: 1024px) 100vw, 1024px\" \/>\t\t\t\t\t\t\t\t\t\t\t\t\t<\/div>\n\t\t\t\t<\/div>\n\t\t\t\t\t<\/div>\n\t\t<\/div>\n\t\t\t\t\t<\/div>\n\t\t<\/section>\n\t\t\t\t<section class=\"elementor-section elementor-top-section elementor-element elementor-element-41bc76e elementor-section-boxed elementor-section-height-default elementor-section-height-default\" data-id=\"41bc76e\" data-element_type=\"section\">\n\t\t\t\t\t\t<div class=\"elementor-container elementor-column-gap-default\">\n\t\t\t\t\t<div class=\"elementor-column elementor-col-100 elementor-top-column elementor-element elementor-element-158225c\" data-id=\"158225c\" data-element_type=\"column\">\n\t\t\t<div class=\"elementor-widget-wrap elementor-element-populated\">\n\t\t\t\t\t\t<div class=\"elementor-element elementor-element-e6b2dc9 elementor-widget elementor-widget-text-editor\" data-id=\"e6b2dc9\" data-element_type=\"widget\" data-widget_type=\"text-editor.default\">\n\t\t\t\t<div class=\"elementor-widget-container\">\n\t\t\t\t\t\t\t<p><!-- wp:paragraph --><\/p>\n<p><span style=\"font-weight: 400; text-align: justify;\">O Propaga Qu\u00edmica \u00e9 um projeto de extens\u00e3o da Escola de Engenharia de Lorena, um campus USP, que tem como principal objetivo a consolida\u00e7\u00e3o dos conhecimentos ensinados em sala de aula por meio de atividades pr\u00e1ticas e interativas. Para isso, realizamos visitas em escolas da regi\u00e3o, levando atividades l\u00fadicas e experimentos especialmente planejados para estimular a aprendizagem dos alunos. Essa abordagem pr\u00e1tica e din\u00e2mica busca proporcionar uma compreens\u00e3o mais profunda dos conceitos te\u00f3ricos apresentados em sala de aula, tornando o aprendizado mais significativo para n\u00f3s estudantes.<\/span><\/p>\n<p><span style=\"font-weight: 400;\">Em nossas visitas, trabalhamos em colabora\u00e7\u00e3o com os professores e coordenadores das escolas visitadas, adaptando as atividades de acordo com o curr\u00edculo e as necessidades espec\u00edficas de cada institui\u00e7\u00e3o. Dessa forma, nosso projeto se torna uma parceria valiosa com as escolas, complementando o ensino regular e enriquecendo a nossa experi\u00eancia educacional.<\/span><\/p>\n<p><span style=\"font-weight: 400;\">Al\u00e9m das visitas escolares, tamb\u00e9m nos engajamos em eventos como feiras de ci\u00eancias e projetos educacionais. Essa participa\u00e7\u00e3o em eventos mais amplos permite que n\u00f3s, estudantes envolvidos no projeto de extens\u00e3o, compartilhemos nossos conhecimentos e projetos com um p\u00fablico diversificado, al\u00e9m de aprendermos com outras iniciativas e ampliarmos nossa rede de contatos acad\u00eamicos e profissionais.<\/span><\/p>\n<p><span style=\"font-weight: 400;\">Outra importante vertente do nosso projeto \u00e9 a divulga\u00e7\u00e3o sobre vestibulares e formas de ingresso na universidade. Nossa equipe dedica-se a informar e orientar os estudantes sobre os diferentes processos seletivos, os cursos dispon\u00edveis na Escola de Engenharia de Lorena e os requisitos necess\u00e1rios para ingressar na universidade. Essa iniciativa tem o objetivo de incentivar e facilitar o acesso de jovens talentos \u00e0 educa\u00e7\u00e3o superior, especialmente aqueles provenientes de escolas p\u00fablicas e com menos acesso a informa\u00e7\u00f5es sobre oportunidades educacionais.<\/span><\/p>\n<p><span style=\"font-weight: 400;\">Al\u00e9m disso, tamb\u00e9m nos propomos a realizar divulga\u00e7\u00e3o do conhecimento cient\u00edfico dentro e fora da universidade. Para atingir esse objetivo, produzimos v\u00eddeos e posts em formato de imagens para diversas redes sociais, como TikTok, Instagram, Facebook e YouTube. A escolha por essas plataformas busca alcan\u00e7ar um p\u00fablico mais amplo, especialmente os jovens que s\u00e3o ativos nessas redes, e assim, tornar o conhecimento cient\u00edfico mais acess\u00edvel e atrativo para diferentes faixas et\u00e1rias.<\/span><\/p>\n<p><span style=\"font-weight: 400;\">Nossos conte\u00fados para as redes sociais s\u00e3o planejados de forma a abordar temas relevantes da ci\u00eancia, engenharia e tecnologia de maneira simplificada, mas sem comprometer a precis\u00e3o e a profundidade das informa\u00e7\u00f5es. Com isso, buscamos disseminar o conhecimento cient\u00edfico de maneira inovadora e envolvente, contribuindo para o desenvolvimento educacional da sociedade e estimulando o interesse de jovens em \u00e1reas STEM (Ci\u00eancias, Tecnologia, Engenharia e Matem\u00e1tica).<\/span><\/p>\n<p><span style=\"font-weight: 400;\">Em resumo, o Propaga Qu\u00edmica \u00e9 uma iniciativa abrangente e relevante que visa fortalecer a conex\u00e3o entre a universidade e a comunidade local. Atrav\u00e9s de atividades pr\u00e1ticas nas escolas, participa\u00e7\u00e3o em eventos educacionais, divulga\u00e7\u00e3o sobre ingresso na universidade e produ\u00e7\u00e3o de conte\u00fado para redes sociais, buscamos estimular a nossa aprendizagem, promover o conhecimento cient\u00edfico e contribuir para a forma\u00e7\u00e3o de cidad\u00e3os mais informados e engajados com a ci\u00eancia e a educa\u00e7\u00e3o.<\/span><\/p>\n<p><!-- \/wp:paragraph --><\/p>\n<p><!-- wp:quote --><\/p>\n<blockquote>\n<p>Conhe\u00e7a o nosso canal no YouTube: <a href=\"https:\/\/www.youtube.com\/@PropagaQuimica\">Propaga Qu\u00edmica<\/a> e no Instagram <a href=\"https:\/\/www.instagram.com\/propagaquimica\/\">@propagaquimica<\/a>.<\/p>\n<\/blockquote>\n<p><!-- \/wp:paragraph --><\/p>\t\t\t\t\t\t<\/div>\n\t\t\t\t<\/div>\n\t\t\t\t\t<\/div>\n\t\t<\/div>\n\t\t\t\t\t<\/div>\n\t\t<\/section>\n\t\t\t\t<\/div>\n\t\t","protected":false},"excerpt":{"rendered":"<p>O Propaga Qu\u00edmica \u00e9 um projeto de extens\u00e3o da Escola de Engenharia de Lorena, um campus USP, que tem como principal objetivo a consolida\u00e7\u00e3o dos conhecimentos ensinados em sala de aula por meio de atividades pr\u00e1ticas e interativas. Para isso, realizamos visitas em escolas da regi\u00e3o, levando atividades l\u00fadicas e experimentos especialmente planejados para estimular [&hellip;]<\/p>\n","protected":false},"author":23381,"featured_media":0,"parent":0,"menu_order":0,"comment_status":"closed","ping_status":"closed","template":"","meta":{"ocean_post_layout":"","ocean_both_sidebars_style":"","ocean_both_sidebars_content_width":0,"ocean_both_sidebars_sidebars_width":0,"ocean_sidebar":"0","ocean_second_sidebar":"0","ocean_disable_margins":"enable","ocean_add_body_class":"","ocean_shortcode_before_top_bar":"","ocean_shortcode_after_top_bar":"","ocean_shortcode_before_header":"","ocean_shortcode_after_header":"","ocean_has_shortcode":"","ocean_shortcode_after_title":"","ocean_shortcode_before_footer_widgets":"","ocean_shortcode_after_footer_widgets":"","ocean_shortcode_before_footer_bottom":"","ocean_shortcode_after_footer_bottom":"","ocean_display_top_bar":"default","ocean_display_header":"default","ocean_header_style":"","ocean_center_header_left_menu":"0","ocean_custom_header_template":"0","ocean_custom_logo":0,"ocean_custom_retina_logo":0,"ocean_custom_logo_max_width":0,"ocean_custom_logo_tablet_max_width":0,"ocean_custom_logo_mobile_max_width":0,"ocean_custom_logo_max_height":0,"ocean_custom_logo_tablet_max_height":0,"ocean_custom_logo_mobile_max_height":0,"ocean_header_custom_menu":"0","ocean_menu_typo_font_family":"0","ocean_menu_typo_font_subset":"","ocean_menu_typo_font_size":0,"ocean_menu_typo_font_size_tablet":0,"ocean_menu_typo_font_size_mobile":0,"ocean_menu_typo_font_size_unit":"px","ocean_menu_typo_font_weight":"","ocean_menu_typo_font_weight_tablet":"","ocean_menu_typo_font_weight_mobile":"","ocean_menu_typo_transform":"","ocean_menu_typo_transform_tablet":"","ocean_menu_typo_transform_mobile":"","ocean_menu_typo_line_height":0,"ocean_menu_typo_line_height_tablet":0,"ocean_menu_typo_line_height_mobile":0,"ocean_menu_typo_line_height_unit":"","ocean_menu_typo_spacing":0,"ocean_menu_typo_spacing_tablet":0,"ocean_menu_typo_spacing_mobile":0,"ocean_menu_typo_spacing_unit":"","ocean_menu_link_color":"","ocean_menu_link_color_hover":"","ocean_menu_link_color_active":"","ocean_menu_link_background":"","ocean_menu_link_hover_background":"","ocean_menu_link_active_background":"","ocean_menu_social_links_bg":"","ocean_menu_social_hover_links_bg":"","ocean_menu_social_links_color":"","ocean_menu_social_hover_links_color":"","ocean_disable_title":"default","ocean_disable_heading":"default","ocean_post_title":"","ocean_post_subheading":"","ocean_post_title_style":"","ocean_post_title_background_color":"","ocean_post_title_background":0,"ocean_post_title_bg_image_position":"","ocean_post_title_bg_image_attachment":"","ocean_post_title_bg_image_repeat":"","ocean_post_title_bg_image_size":"","ocean_post_title_height":0,"ocean_post_title_bg_overlay":0.5,"ocean_post_title_bg_overlay_color":"","ocean_disable_breadcrumbs":"default","ocean_breadcrumbs_color":"","ocean_breadcrumbs_separator_color":"","ocean_breadcrumbs_links_color":"","ocean_breadcrumbs_links_hover_color":"","ocean_display_footer_widgets":"default","ocean_display_footer_bottom":"default","ocean_custom_footer_template":"0","footnotes":"","_links_to":"","_links_to_target":""},"class_list":["post-91","page","type-page","status-publish","hentry","entry"],"jetpack_sharing_enabled":true,"_links":{"self":[{"href":"https:\/\/sites.usp.br\/programaquimica\/wp-json\/wp\/v2\/pages\/91","targetHints":{"allow":["GET"]}}],"collection":[{"href":"https:\/\/sites.usp.br\/programaquimica\/wp-json\/wp\/v2\/pages"}],"about":[{"href":"https:\/\/sites.usp.br\/programaquimica\/wp-json\/wp\/v2\/types\/page"}],"author":[{"embeddable":true,"href":"https:\/\/sites.usp.br\/programaquimica\/wp-json\/wp\/v2\/users\/23381"}],"replies":[{"embeddable":true,"href":"https:\/\/sites.usp.br\/programaquimica\/wp-json\/wp\/v2\/comments?post=91"}],"version-history":[{"count":4,"href":"https:\/\/sites.usp.br\/programaquimica\/wp-json\/wp\/v2\/pages\/91\/revisions"}],"predecessor-version":[{"id":132,"href":"https:\/\/sites.usp.br\/programaquimica\/wp-json\/wp\/v2\/pages\/91\/revisions\/132"}],"wp:attachment":[{"href":"https:\/\/sites.usp.br\/programaquimica\/wp-json\/wp\/v2\/media?parent=91"}],"curies":[{"name":"wp","href":"https:\/\/api.w.org\/{rel}","templated":true}]}}