{"id":277,"date":"2019-10-06T16:31:42","date_gmt":"2019-10-06T18:31:42","guid":{"rendered":"https:\/\/sites.usp.br\/projeto4_iauusp\/?page_id=277"},"modified":"2019-12-02T11:11:38","modified_gmt":"2019-12-02T13:11:38","slug":"2019-1","status":"publish","type":"page","link":"https:\/\/sites.usp.br\/projeto4_iauusp\/2019-1\/","title":{"rendered":"Projeto IV-A | 2019 | Material de Apoio"},"content":{"rendered":"<ul>\n<li><a href=\"https:\/\/sites.usp.br\/projeto4_iauusp\/wp-content\/uploads\/sites\/613\/2019\/10\/Representa\u00e7\u00e3o.pdf\">Representa\u00e7\u00e3o (aula expositiva)<\/a><\/li>\n<li><a href=\"https:\/\/sites.usp.br\/projeto4_iauusp\/wp-content\/uploads\/sites\/613\/2019\/10\/Exerc\u00edcio-1.pdf\">Ex 1 -Apresenta\u00e7\u00e3o<\/a><\/li>\n<li><a href=\"https:\/\/sites.usp.br\/projeto4_iauusp\/wp-content\/uploads\/sites\/613\/2019\/10\/Exerc\u00edcio-2-slides.pdf\">Ex 2 -Apresenta\u00e7\u00e3o<\/a><\/li>\n<li><a href=\"https:\/\/sites.usp.br\/projeto4_iauusp\/wp-content\/uploads\/sites\/613\/2019\/10\/mapas-tem\u00e1ticos.pdf\">Mapas Tem\u00e1ticos<\/a><\/li>\n<\/ul>\n","protected":false},"excerpt":{"rendered":"<p>Representa\u00e7\u00e3o (aula expositiva) Ex 1 -Apresenta\u00e7\u00e3o Ex 2 -Apresenta\u00e7\u00e3o Mapas Tem\u00e1ticos<\/p>\n","protected":false},"author":1147,"featured_media":0,"parent":0,"menu_order":2,"comment_status":"closed","ping_status":"closed","template":"template-fullwidth.php","meta":{"footnotes":"","_links_to":"","_links_to_target":""},"class_list":["post-277","page","type-page","status-publish","hentry"],"_links":{"self":[{"href":"https:\/\/sites.usp.br\/projeto4_iauusp\/wp-json\/wp\/v2\/pages\/277","targetHints":{"allow":["GET"]}}],"collection":[{"href":"https:\/\/sites.usp.br\/projeto4_iauusp\/wp-json\/wp\/v2\/pages"}],"about":[{"href":"https:\/\/sites.usp.br\/projeto4_iauusp\/wp-json\/wp\/v2\/types\/page"}],"author":[{"embeddable":true,"href":"https:\/\/sites.usp.br\/projeto4_iauusp\/wp-json\/wp\/v2\/users\/1147"}],"replies":[{"embeddable":true,"href":"https:\/\/sites.usp.br\/projeto4_iauusp\/wp-json\/wp\/v2\/comments?post=277"}],"version-history":[{"count":4,"href":"https:\/\/sites.usp.br\/projeto4_iauusp\/wp-json\/wp\/v2\/pages\/277\/revisions"}],"predecessor-version":[{"id":612,"href":"https:\/\/sites.usp.br\/projeto4_iauusp\/wp-json\/wp\/v2\/pages\/277\/revisions\/612"}],"wp:attachment":[{"href":"https:\/\/sites.usp.br\/projeto4_iauusp\/wp-json\/wp\/v2\/media?parent=277"}],"curies":[{"name":"wp","href":"https:\/\/api.w.org\/{rel}","templated":true}]}}