{"id":666,"date":"2020-03-17T13:34:13","date_gmt":"2020-03-17T15:34:13","guid":{"rendered":"https:\/\/sites.usp.br\/projeto4_iauusp\/?page_id=666"},"modified":"2020-06-22T17:12:58","modified_gmt":"2020-06-22T19:12:58","slug":"projeto-iv-a-2020-programa","status":"publish","type":"page","link":"https:\/\/sites.usp.br\/projeto4_iauusp\/projeto-iv-a-2020-programa\/","title":{"rendered":"Projeto IV-A | 2020 | Programa"},"content":{"rendered":"<p><a href=\"https:\/\/sites.usp.br\/projeto4_iauusp\/wp-content\/uploads\/sites\/613\/2020\/03\/programa-1-scaled.jpg\"><img loading=\"lazy\" decoding=\"async\" class=\"alignnone size-medium wp-image-668\" src=\"https:\/\/sites.usp.br\/projeto4_iauusp\/wp-content\/uploads\/sites\/613\/2020\/03\/programa-1-300x169.jpg\" alt=\"\" width=\"300\" height=\"169\" srcset=\"https:\/\/sites.usp.br\/projeto4_iauusp\/wp-content\/uploads\/sites\/613\/2020\/03\/programa-1-300x169.jpg 300w, https:\/\/sites.usp.br\/projeto4_iauusp\/wp-content\/uploads\/sites\/613\/2020\/03\/programa-1-1024x576.jpg 1024w, https:\/\/sites.usp.br\/projeto4_iauusp\/wp-content\/uploads\/sites\/613\/2020\/03\/programa-1-768x432.jpg 768w, https:\/\/sites.usp.br\/projeto4_iauusp\/wp-content\/uploads\/sites\/613\/2020\/03\/programa-1-1536x864.jpg 1536w, https:\/\/sites.usp.br\/projeto4_iauusp\/wp-content\/uploads\/sites\/613\/2020\/03\/programa-1-2048x1152.jpg 2048w, https:\/\/sites.usp.br\/projeto4_iauusp\/wp-content\/uploads\/sites\/613\/2020\/03\/programa-1-310x174.jpg 310w, https:\/\/sites.usp.br\/projeto4_iauusp\/wp-content\/uploads\/sites\/613\/2020\/03\/programa-1-400x225.jpg 400w\" sizes=\"auto, (max-width: 300px) 100vw, 300px\" \/><\/a><br \/>\n<a href=\"https:\/\/sites.usp.br\/projeto4_iauusp\/wp-content\/uploads\/sites\/613\/2020\/03\/P4_2020_01_Slides_Programa-disciplina_BPS_ALUNOS.pdf\">Programa da disciplina<\/a><\/p>\n<p><strong>Observa\u00e7\u00e3o<\/strong>: As atividades presenciais foram interrompidas por resolu\u00e7\u00e3o da USP, por conta da pandemia do COVID-19. Portanto, as atividades relacionadas ao Projeto-IV do ano de 2020 est\u00e3o direcionadas nas <a href=\"https:\/\/sites.usp.br\/projeto4_iauusp\/projeto-iv-a-2020-atividades-remotas\/\">Atividades Remotas<\/a>.<\/p>\n","protected":false},"excerpt":{"rendered":"<p>Programa da disciplina Observa\u00e7\u00e3o: As atividades presenciais foram interrompidas por resolu\u00e7\u00e3o da USP, por conta da pandemia do COVID-19. Portanto, as atividades relacionadas ao Projeto-IV do ano de 2020 est\u00e3o direcionadas nas Atividades Remotas.<\/p>\n","protected":false},"author":1147,"featured_media":0,"parent":0,"menu_order":0,"comment_status":"closed","ping_status":"closed","template":"template-fullwidth.php","meta":{"footnotes":"","_links_to":"","_links_to_target":""},"class_list":["post-666","page","type-page","status-publish","hentry"],"_links":{"self":[{"href":"https:\/\/sites.usp.br\/projeto4_iauusp\/wp-json\/wp\/v2\/pages\/666","targetHints":{"allow":["GET"]}}],"collection":[{"href":"https:\/\/sites.usp.br\/projeto4_iauusp\/wp-json\/wp\/v2\/pages"}],"about":[{"href":"https:\/\/sites.usp.br\/projeto4_iauusp\/wp-json\/wp\/v2\/types\/page"}],"author":[{"embeddable":true,"href":"https:\/\/sites.usp.br\/projeto4_iauusp\/wp-json\/wp\/v2\/users\/1147"}],"replies":[{"embeddable":true,"href":"https:\/\/sites.usp.br\/projeto4_iauusp\/wp-json\/wp\/v2\/comments?post=666"}],"version-history":[{"count":2,"href":"https:\/\/sites.usp.br\/projeto4_iauusp\/wp-json\/wp\/v2\/pages\/666\/revisions"}],"predecessor-version":[{"id":977,"href":"https:\/\/sites.usp.br\/projeto4_iauusp\/wp-json\/wp\/v2\/pages\/666\/revisions\/977"}],"wp:attachment":[{"href":"https:\/\/sites.usp.br\/projeto4_iauusp\/wp-json\/wp\/v2\/media?parent=666"}],"curies":[{"name":"wp","href":"https:\/\/api.w.org\/{rel}","templated":true}]}}