{"id":394,"date":"2020-04-23T15:45:21","date_gmt":"2020-04-23T17:45:21","guid":{"rendered":"https:\/\/sites.usp.br\/projetocecilia\/?page_id=394"},"modified":"2025-12-07T01:49:46","modified_gmt":"2025-12-07T03:49:46","slug":"ceciliaonline","status":"publish","type":"page","link":"https:\/\/sites.usp.br\/projetocecilia\/ceciliaonline\/","title":{"rendered":"#CeciliaOnline"},"content":{"rendered":"<div id=\"pl-394\" class=\"panel-layout\">\n<div id=\"pg-394-0\" class=\"panel-grid panel-no-style\" data-style=\"{&quot;background_image_attachment&quot;:false,&quot;background_display&quot;:&quot;tile&quot;,&quot;cell_alignment&quot;:&quot;flex-start&quot;}\" data-ratio=\"1\" data-ratio-direction=\"right\">\n<div id=\"pgc-394-0-0\" class=\"panel-grid-cell panel-grid-cell-empty\" data-weight=\"0.08\"><\/div>\n<div id=\"pgc-394-0-1\" class=\"panel-grid-cell panel-grid-cell-mobile-last\" data-weight=\"0.84\">\n<div id=\"panel-394-0-1-0\" class=\"so-panel widget widget_sow-editor panel-first-child\" data-index=\"0\" data-style=\"{&quot;background_image_attachment&quot;:false,&quot;background_display&quot;:&quot;tile&quot;}\">\n<div class=\"so-widget-sow-editor so-widget-sow-editor-base\">\n<div class=\"siteorigin-widget-tinymce textwidget\">\n<p>&nbsp;<\/p>\n<h1 style=\"font-family: Comfortaa, serif; text-align: center;\"><strong><span style=\"color: #07e633;\">#CeciliaOnline<\/span><\/strong><\/h1>\n<hr \/>\n<h6><\/h6>\n<p style=\"font-family: Comfortaa, serif;\"><span style=\"color: #ef3d0d;\"><strong>Sejam bem-vindos ao Projeto #CeciliaOnline!<\/strong><\/span><\/p>\n<p style=\"font-family: Comfortaa, serif;\">O <b>Cec\u00edlia<\/b> \u00e9 um programa de extens\u00e3o oferecido totalmente \u00e0 dist\u00e2ncia pelos tr\u00eas departamentos do<span style=\"color: #64b0c8;\"> <a style=\"color: #6969ed;\" href=\"https:\/\/www.iag.usp.br\/\"><b>Instituto de Astronomia, Geof\u00edsica e Ci\u00eancias Atmosf\u00e9ricas<\/b><\/a><\/span> (IAG) da Universidade de S\u00e3o Paulo. S\u00e3o oferecidas 30 vagas por semestre, e as inscri\u00e7\u00f5es podem ser feitas via formul\u00e1rio, dispon\u00edvel em: <span style=\"color: #6969ed;\"><a style=\"color: #6969ed;\" href=\"https:\/\/forms.gle\/QkTMhwmTtuM3h3Hq7\" target=\"_blank\" rel=\"noopener noreferrer\">https:\/\/forms.gle\/QkTMhwmTtuM3h3Hq7<\/a><\/span><\/p>\n<p style=\"font-family: Comfortaa, serif;\">As escolas sorteadas no Projeto Cec\u00edlia dever\u00e3o organizar turmas contendo um m\u00ednimo de 20 e um m\u00e1ximo de 40 alunos. Cada turma dever\u00e1 ser acompanhada por at\u00e9 2 professores que ficar\u00e3o respons\u00e1veis pela organiza\u00e7\u00e3o da turma e fomentar a participa\u00e7\u00e3o ativa dos estudantes. Professores e alunos ganhar\u00e3o certificado da USP de participa\u00e7\u00e3o no projeto.<\/p>\n<p style=\"font-family: Comfortaa, serif;\"><span style=\"color: #ef3d0d;\"><strong>Cronograma<\/strong><\/span><\/p>\n<p style=\"font-family: Comfortaa, serif;\"><strong>2026A &#8211; Atividades previstas:<\/strong><\/p>\n<p style=\"font-family: Comfortaa, serif;\"><strong>01\/12\/2025<\/strong> &#8211; In\u00edcio do per\u00edodo de inscri\u00e7\u00e3o para as vagas semestrais<\/p>\n<p style=\"font-family: Comfortaa, serif;\"><strong>08\/02\/2026<\/strong> &#8211; Fim do per\u00edodo de inscri\u00e7\u00e3o para as vagas semestrais<\/p>\n<p style=\"font-family: Comfortaa, serif;\"><strong>12\/02\/2026<\/strong> &#8211; Sorteio e envio de mensagem, de confirma\u00e7\u00e3o para as escolas sorteadas<\/p>\n<p style=\"font-family: Comfortaa, serif;\"><strong>22\/02\/2026<\/strong> &#8211; Prazo confirma\u00e7\u00e3o das escolas<\/p>\n<p style=\"font-family: Comfortaa, serif;\"><strong>23\/02\/2026<\/strong> &#8211; Convoca\u00e7\u00e3o lista de espera (se houver desist\u00eancias)<\/p>\n<p style=\"font-family: Comfortaa, serif;\"><strong>26\/02\/2026<\/strong> &#8211; Prazo confirma\u00e7\u00e3o lista de espera convocadas<\/p>\n<p style=\"font-family: Comfortaa, serif;\"><strong>02\/03\/2026<\/strong> &#8211; In\u00edcio das atividades com as escolas  (ingresso de 2 turmas\/semana)<\/p>\n<p style=\"font-family: Comfortaa, serif;\"><strong>19\/06\/2026<\/strong> &#8211; Final das atividades com as escolas (30 turmas por semestre)<\/p>\n<p style=\"font-family: Comfortaa, serif;\">Recomendamos fortemente que o programa seja aplicado na escola, seja como uma atividade durante o per\u00edodo escolar ou como uma atividade de contraturno, com o apoio e acompanhamentos dos professores respons\u00e1veis. Atingimos nossos melhores resultados quando as atividades s\u00e3o desenvolvidas em grupo e de forma colaborativa. No entanto, cabe ao professor avaliar qual a melhor maneira de aplicar o programa de acordo com as necessidades do ambiente escolar, seja na escola ou como atividade complementar em casa todos os alunos ter\u00e3o acesso \u00e0 plataforma.<\/p>\n<p style=\"font-family: Comfortaa, serif;\">As turmas ser\u00e3o redirecionadas a essa p\u00e1gina, que cont\u00e9m todo o material do curso ao longo das 2 semanas. Os conte\u00fados s\u00e3o <b>exclusivos para essas escolas<\/b> e est\u00e3o protegidos por senha, que ser\u00e3o disponibilizadas aos alunos conforme o andamento do curso. Esperamos que voc\u00eas gostem!<\/p>\n<\/div>\n<\/div>\n<\/div>\n<div id=\"panel-394-0-1-1\" class=\"so-panel widget widget_sow-editor\" data-index=\"1\" data-style=\"{&quot;background_image_attachment&quot;:false,&quot;background_display&quot;:&quot;tile&quot;}\">\n<div class=\"so-widget-sow-editor so-widget-sow-editor-base\">\n<div class=\"siteorigin-widget-tinymce textwidget\">\n<p><img loading=\"lazy\" decoding=\"async\" class=\"aligncenter wp-image-1243 size-full\" src=\"https:\/\/sites.usp.br\/projetocecilia\/wp-content\/uploads\/sites\/721\/2021\/07\/Separador.png\" alt=\"\" width=\"560\" height=\"50\" srcset=\"https:\/\/sites.usp.br\/projetocecilia\/wp-content\/uploads\/sites\/721\/2021\/07\/Separador.png 560w, https:\/\/sites.usp.br\/projetocecilia\/wp-content\/uploads\/sites\/721\/2021\/07\/Separador-300x27.png 300w, https:\/\/sites.usp.br\/projetocecilia\/wp-content\/uploads\/sites\/721\/2021\/07\/Separador-400x36.png 400w\" sizes=\"auto, (max-width: 560px) 100vw, 560px\" \/><\/p>\n<\/div>\n<\/div>\n<\/div>\n<div id=\"panel-394-0-1-2\" class=\"so-panel widget widget_sow-editor\" data-index=\"2\" data-style=\"{&quot;background_image_attachment&quot;:false,&quot;background_display&quot;:&quot;tile&quot;}\">\n<div class=\"so-widget-sow-editor so-widget-sow-editor-base\">\n<div class=\"siteorigin-widget-tinymce textwidget\">\n<h2 style=\"font-family: 'Comfortaa', cursive; text-align: center;\"><span style=\"color: #ef3d0d;\">SEMANA 0<\/span><\/h2>\n<p style=\"font-family: Comfortaa, serif; text-align: center;\"><a href=\"http:\/\/sites.usp.br\/projetocecilia\/quem-somos-nos\/\" target=\"_blank\" rel=\"noopener noreferrer\"><span style=\"color: #6969ed;\">Quem somos n\u00f3s?<\/span><\/a><br \/>\n<a href=\"http:\/\/sites.usp.br\/projetocecilia\/o-que-e-o-cecilia\/\" target=\"_blank\" rel=\"noopener noreferrer\"><span style=\"color: #6969ed;\">O que \u00e9 o Cec\u00edlia?<\/span><\/a><br \/>\n<a href=\"http:\/\/sites.usp.br\/projetocecilia\/ponto-de-partida\/\" target=\"_blank\" rel=\"noopener noreferrer\"><span style=\"color: #6969ed;\">Tudo que voc\u00ea precisa saber antes de come\u00e7ar!<\/span><\/a><\/p>\n<\/div>\n<\/div>\n<\/div>\n<div id=\"panel-394-0-1-3\" class=\"so-panel widget widget_sow-editor\" data-index=\"3\" data-style=\"{&quot;background_image_attachment&quot;:false,&quot;background_display&quot;:&quot;tile&quot;}\">\n<div class=\"so-widget-sow-editor so-widget-sow-editor-base\">\n<div class=\"siteorigin-widget-tinymce textwidget\">\n<h2 style=\"font-family: 'Comfortaa', cursive; text-align: center;\"><span style=\"color: #ef3d0d;\">SEMANA 1<\/span><\/h2>\n<p style=\"font-family: Comfortaa, serif; text-align: center;\">Segunda-feira: <a href=\"https:\/\/sites.usp.br\/projetocecilia\/s1-01\/\" target=\"_blank\" rel=\"noopener noreferrer\"><span style=\"color: #6969ed;\">Nossa casa &#8211; O sistema solar<\/span><\/a><br \/>\nTer\u00e7a-feira: <a href=\"https:\/\/sites.usp.br\/projetocecilia\/s1-02\/\" target=\"_blank\" rel=\"noopener noreferrer\"><span style=\"color: #6969ed;\">Observat\u00f3rio Solar<\/span><\/a><br \/>\nQuarta-feira: <a href=\"https:\/\/sites.usp.br\/projetocecilia\/s1-03\/\" target=\"_blank\" rel=\"noopener noreferrer\"><span style=\"color: #6969ed;\">Ciclo de Vida das Estrelas e Exoplanetas<\/span><\/a><br \/>\nQuinta-feira: <a href=\"https:\/\/sites.usp.br\/projetocecilia\/s1-04\/\" target=\"_blank\" rel=\"noopener noreferrer\"><span style=\"color: #6969ed;\">Geomagnetismo e B\u00fassola Caseira<\/span><\/a><br \/>\nSexta-feira: <a href=\"https:\/\/sites.usp.br\/projetocecilia\/s1-05\/\" target=\"_blank\" rel=\"noopener noreferrer\"><span style=\"color: #6969ed;\">Tect\u00f4nica de Placas e Sismologia<\/span><\/a><\/p>\n<\/div>\n<\/div>\n<\/div>\n<div id=\"panel-394-0-1-4\" class=\"so-panel widget widget_sow-editor\" data-index=\"4\" data-style=\"{&quot;background_image_attachment&quot;:false,&quot;background_display&quot;:&quot;tile&quot;}\">\n<div class=\"so-widget-sow-editor so-widget-sow-editor-base\">\n<div class=\"siteorigin-widget-tinymce textwidget\">\n<h2 style=\"font-family: 'Comfortaa', cursive; text-align: center;\"><span style=\"color: #ef3d0d;\">SEMANA 2<\/span><\/h2>\n<p style=\"font-family: Comfortaa, serif; text-align: center;\">Segunda-feira: <a href=\"https:\/\/sites.usp.br\/projetocecilia\/s2-01\/\" target=\"_blank\" rel=\"noopener noreferrer\"><span style=\"color: #6969ed;\">Efeito Estufa, Polui\u00e7\u00e3o do Ar e Meio Ambiente<\/span><\/a><br \/>\nTer\u00e7a-feira: <a href=\"https:\/\/sites.usp.br\/projetocecilia\/s2-02\/\" target=\"_blank\" rel=\"noopener noreferrer\"><span style=\"color: #6969ed;\">Forma\u00e7\u00e3o de Nuvens e Previs\u00e3o do Tempo<\/span><\/a><br \/>\nQuarta-feira: <a href=\"https:\/\/sites.usp.br\/projetocecilia\/s2-03\/\" target=\"_blank\" rel=\"noopener noreferrer\"><span style=\"color: #6969ed;\">Espectroscopia e Grandes Telesc\u00f3pios<\/span><\/a><br \/>\nQuinta-feira: <a href=\"https:\/\/sites.usp.br\/projetocecilia\/s2-04\/\" target=\"_blank\" rel=\"noopener noreferrer\"><span style=\"color: #6969ed;\">Apresentando a Geoci\u00eancia <\/span><\/a><br \/>\nSexta-feira: <a href=\"https:\/\/sites.usp.br\/projetocecilia\/s2-05\/\" target=\"_blank\" rel=\"noopener noreferrer\"><span style=\"color: #6969ed;\">Por que a ci\u00eancia \u00e9 importante?<\/span><\/a><\/p>\n<\/div>\n<\/div>\n<\/div>\n<div id=\"panel-394-0-1-5\" class=\"so-panel widget widget_sow-editor panel-last-child\" data-index=\"5\" data-style=\"{&quot;background_image_attachment&quot;:false,&quot;background_display&quot;:&quot;tile&quot;}\">\n<div class=\"so-widget-sow-editor so-widget-sow-editor-base\">\n<div class=\"siteorigin-widget-tinymce textwidget\">\n<p><img loading=\"lazy\" decoding=\"async\" class=\"aligncenter wp-image-1243 size-full\" src=\"https:\/\/sites.usp.br\/projetocecilia\/wp-content\/uploads\/sites\/721\/2021\/07\/Separador.png\" alt=\"\" width=\"560\" height=\"50\" srcset=\"https:\/\/sites.usp.br\/projetocecilia\/wp-content\/uploads\/sites\/721\/2021\/07\/Separador.png 560w, https:\/\/sites.usp.br\/projetocecilia\/wp-content\/uploads\/sites\/721\/2021\/07\/Separador-300x27.png 300w, https:\/\/sites.usp.br\/projetocecilia\/wp-content\/uploads\/sites\/721\/2021\/07\/Separador-400x36.png 400w\" sizes=\"auto, (max-width: 560px) 100vw, 560px\" \/><\/p>\n<\/div>\n<\/div>\n<\/div>\n<\/div>\n<div id=\"pgc-394-0-2\" class=\"panel-grid-cell panel-grid-cell-empty\" data-weight=\"0.08\"><\/div>\n<\/div>\n<\/div>\n","protected":false},"excerpt":{"rendered":"<p>&nbsp; #CeciliaOnline Sejam bem-vindos ao Projeto #CeciliaOnline! O Cec\u00edlia \u00e9 um programa de extens\u00e3o oferecido totalmente \u00e0 dist\u00e2ncia pelos tr\u00eas departamentos do Instituto de Astronomia, Geof\u00edsica e Ci\u00eancias Atmosf\u00e9ricas (IAG) da Universidade de S\u00e3o Paulo. S\u00e3o oferecidas 30 vagas por semestre, e as inscri\u00e7\u00f5es podem ser feitas via formul\u00e1rio, dispon\u00edvel em: https:\/\/forms.gle\/QkTMhwmTtuM3h3Hq7 As escolas sorteadas<a href=\"https:\/\/sites.usp.br\/projetocecilia\/ceciliaonline\/\">[&#8230;]<\/a><\/p>\n","protected":false},"author":21824,"featured_media":0,"parent":0,"menu_order":0,"comment_status":"closed","ping_status":"closed","template":"template-fullwidth-no-title.php","meta":{"footnotes":"","_links_to":"","_links_to_target":""},"class_list":["post-394","page","type-page","status-publish","hentry"],"_links":{"self":[{"href":"https:\/\/sites.usp.br\/projetocecilia\/wp-json\/wp\/v2\/pages\/394","targetHints":{"allow":["GET"]}}],"collection":[{"href":"https:\/\/sites.usp.br\/projetocecilia\/wp-json\/wp\/v2\/pages"}],"about":[{"href":"https:\/\/sites.usp.br\/projetocecilia\/wp-json\/wp\/v2\/types\/page"}],"author":[{"embeddable":true,"href":"https:\/\/sites.usp.br\/projetocecilia\/wp-json\/wp\/v2\/users\/21824"}],"replies":[{"embeddable":true,"href":"https:\/\/sites.usp.br\/projetocecilia\/wp-json\/wp\/v2\/comments?post=394"}],"version-history":[{"count":4,"href":"https:\/\/sites.usp.br\/projetocecilia\/wp-json\/wp\/v2\/pages\/394\/revisions"}],"predecessor-version":[{"id":1529,"href":"https:\/\/sites.usp.br\/projetocecilia\/wp-json\/wp\/v2\/pages\/394\/revisions\/1529"}],"wp:attachment":[{"href":"https:\/\/sites.usp.br\/projetocecilia\/wp-json\/wp\/v2\/media?parent=394"}],"curies":[{"name":"wp","href":"https:\/\/api.w.org\/{rel}","templated":true}]}}