{"id":744,"date":"2020-07-22T17:33:33","date_gmt":"2020-07-22T19:33:33","guid":{"rendered":"https:\/\/sites.usp.br\/projetocecilia\/?page_id=744"},"modified":"2025-04-16T12:46:05","modified_gmt":"2025-04-16T14:46:05","slug":"s1-03","status":"publish","type":"page","link":"https:\/\/sites.usp.br\/projetocecilia\/s1-03\/","title":{"rendered":"Ciclo de Vida das Estrelas e Exoplanetas"},"content":{"rendered":"<div id=\"pl-744\" class=\"panel-layout\">\n<div id=\"pg-744-0\" class=\"panel-grid panel-no-style\" data-style=\"{&quot;background_image_attachment&quot;:false,&quot;background_display&quot;:&quot;tile&quot;,&quot;cell_alignment&quot;:&quot;flex-start&quot;}\" data-ratio=\"1\" data-ratio-direction=\"right\">\n<div id=\"pgc-744-0-0\" class=\"panel-grid-cell panel-grid-cell-empty\" data-weight=\"0.08\"><\/div>\n<div id=\"pgc-744-0-1\" class=\"panel-grid-cell panel-grid-cell-mobile-last\" data-weight=\"0.84\">\n<div id=\"panel-744-0-1-0\" class=\"so-panel widget widget_sow-editor panel-first-child\" data-index=\"0\" data-style=\"{&quot;background_image_attachment&quot;:false,&quot;background_display&quot;:&quot;tile&quot;}\">\n<div class=\"so-widget-sow-editor so-widget-sow-editor-base\">\n<div class=\"siteorigin-widget-tinymce textwidget\">\n<p><img loading=\"lazy\" decoding=\"async\" class=\"aligncenter wp-image-1243 size-full\" src=\"https:\/\/sites.usp.br\/projetocecilia\/wp-content\/uploads\/sites\/721\/2021\/07\/Separador.png\" alt=\"\" width=\"560\" height=\"50\" srcset=\"https:\/\/sites.usp.br\/projetocecilia\/wp-content\/uploads\/sites\/721\/2021\/07\/Separador.png 560w, https:\/\/sites.usp.br\/projetocecilia\/wp-content\/uploads\/sites\/721\/2021\/07\/Separador-300x27.png 300w, https:\/\/sites.usp.br\/projetocecilia\/wp-content\/uploads\/sites\/721\/2021\/07\/Separador-400x36.png 400w\" sizes=\"auto, (max-width: 560px) 100vw, 560px\" \/><\/p>\n<\/div>\n<\/div>\n<\/div>\n<div id=\"panel-744-0-1-1\" class=\"so-panel widget widget_sow-editor\" data-index=\"1\" data-style=\"{&quot;background_image_attachment&quot;:false,&quot;background_display&quot;:&quot;tile&quot;}\">\n<div class=\"so-widget-sow-editor so-widget-sow-editor-base\">\n<div class=\"siteorigin-widget-tinymce textwidget\">\n<p style=\"font-family: Comfortaa, serif;\">Hoje n\u00f3s iremos continuar nossas aulas de Astronomia!<\/p>\n<p style=\"font-family: Comfortaa, serif;\">Voc\u00eas sabiam que as estrelas, assim como n\u00f3s, tem um ciclo de vida? Sim! Elas<strong> nascem, evoluem, mudam algumas de suas caracter\u00edsticas e morrem.<\/strong> Mas&#8230; se o Sol \u00e9 uma estrela, o que ser\u00e1 que vai acontecer com o Sol quando ele morrer?<\/p>\n<p style=\"font-family: Comfortaa, serif;\">Para saber mais sobre a evolu\u00e7\u00e3o das estrelas sugerimos que assistam ao v\u00eddeo da <strong>Prof\u00aa Dr\u00aa Elysandra Figueredo Cypriano<\/strong>, do IAG e que \u00e9 a coordenadora geral do Projeto Cec\u00edlia. No v\u00eddeo, al\u00e9m de falar sobre a vida das estrelas, a professora tamb\u00e9m conta um pouco sobre a motiva\u00e7\u00e3o para seguir a carreira de astr\u00f4noma:<\/p>\n<p><iframe loading=\"lazy\" title=\"A vida das Estrelas por Elysandra Cypriano\" width=\"640\" height=\"360\" src=\"https:\/\/www.youtube.com\/embed\/2Tj2KF71EzY?feature=oembed\" frameborder=\"0\" allow=\"accelerometer; autoplay; clipboard-write; encrypted-media; gyroscope; picture-in-picture; web-share\" referrerpolicy=\"strict-origin-when-cross-origin\" allowfullscreen><\/iframe><\/p>\n<p style=\"font-family: Comfortaa, serif;\">E, mudando um pouco de assunto, sabendo o tamanho extraordin\u00e1rio do Universo, voc\u00ea acha que a Terra \u00e9 o \u00fanico planeta que habita vida? Ou seja, ser\u00e1 que estamos sozinhos nessa imensid\u00e3o c\u00f3smica ou existem outros mundos habitados?<\/p>\n<p style=\"font-family: Comfortaa, serif;\">E voc\u00ea sabe como os cientistas conseguem descobrir outros planetas fora do Sistema Solar, chamados de <strong>Exoplanetas<\/strong>?<\/p>\n<p style=\"font-family: Comfortaa, serif;\">A <strong>Prof\u00aa Dr\u00aa Elysandra Figueredo Cypriano<\/strong>, no v\u00eddeo abaixo, vai explicar para voc\u00ea como fazemos para encontrar esses \u201coutros mundos\u201d:<\/p>\n<p><iframe loading=\"lazy\" title=\"Descobrindo novos mundos por Elysandra Cypriano\" width=\"640\" height=\"360\" src=\"https:\/\/www.youtube.com\/embed\/5_adz1kBDiI?feature=oembed\" frameborder=\"0\" allow=\"accelerometer; autoplay; clipboard-write; encrypted-media; gyroscope; picture-in-picture; web-share\" referrerpolicy=\"strict-origin-when-cross-origin\" allowfullscreen><\/iframe><\/p>\n<p style=\"font-family: Comfortaa, serif;\">Depois de assistir \u00e0s aulas, chegou a hora de discutir com a sua turma. Comente sobre o que aprendeu e sobre as d\u00favidas. Juntos, tentem encontrar caminhos para pesquisar e encontrar suas respostas. E se precisar de ajuda j\u00e1 sabe onde nos encontrar! Sim! No Discord.<\/p>\n<p style=\"font-family: Comfortaa, serif;\">E antes de ir embora, anote o material que vamos usar no desafio de amanh\u00e3:<\/p>\n<p style=\"font-family: Comfortaa, serif;\"><a href=\"https:\/\/sites.usp.br\/projetocecilia\/wp-content\/uploads\/sites\/721\/2020\/09\/Materiais_Bussola.png\"><img loading=\"lazy\" decoding=\"async\" class=\"size-medium wp-image-1054 aligncenter\" src=\"https:\/\/sites.usp.br\/projetocecilia\/wp-content\/uploads\/sites\/721\/2020\/09\/Materiais_Bussola-300x300.png\" alt=\"\" width=\"300\" height=\"300\" srcset=\"https:\/\/sites.usp.br\/projetocecilia\/wp-content\/uploads\/sites\/721\/2020\/09\/Materiais_Bussola.png 300w, https:\/\/sites.usp.br\/projetocecilia\/wp-content\/uploads\/sites\/721\/2020\/09\/Materiais_Bussola-150x150.png 150w, https:\/\/sites.usp.br\/projetocecilia\/wp-content\/uploads\/sites\/721\/2020\/09\/Materiais_Bussola-250x250.png 250w, https:\/\/sites.usp.br\/projetocecilia\/wp-content\/uploads\/sites\/721\/2020\/09\/Materiais_Bussola-174x174.png 174w, https:\/\/sites.usp.br\/projetocecilia\/wp-content\/uploads\/sites\/721\/2020\/09\/Materiais_Bussola-45x45.png 45w, https:\/\/sites.usp.br\/projetocecilia\/wp-content\/uploads\/sites\/721\/2020\/09\/Materiais_Bussola-200x200.png 200w\" sizes=\"auto, (max-width: 300px) 100vw, 300px\" \/><\/a><\/p>\n<p style=\"font-family: Comfortaa, serif;\">Veja se tem estes materiais em casa, mas se n\u00e3o tiver n\u00e3o se preocupe. Converse com um dos monitores que eles poder\u00e3o ajudar a encontrar substitui\u00e7\u00f5es.<\/p>\n<p style=\"font-family: Comfortaa, serif;\">Nos vemos amanh\u00e3!<\/p>\n<\/div>\n<\/div>\n<\/div>\n<div id=\"panel-744-0-1-2\" class=\"so-panel widget widget_sow-editor panel-last-child\" data-index=\"2\" data-style=\"{&quot;background_image_attachment&quot;:false,&quot;background_display&quot;:&quot;tile&quot;}\">\n<div class=\"so-widget-sow-editor so-widget-sow-editor-base\">\n<div class=\"siteorigin-widget-tinymce textwidget\">\n<p><img loading=\"lazy\" decoding=\"async\" class=\"aligncenter wp-image-1256\" src=\"https:\/\/sites.usp.br\/projetocecilia\/wp-content\/uploads\/sites\/721\/2021\/07\/3-300x138.png\" alt=\"\" width=\"500\" height=\"230\" srcset=\"https:\/\/sites.usp.br\/projetocecilia\/wp-content\/uploads\/sites\/721\/2021\/07\/3-300x138.png 300w, https:\/\/sites.usp.br\/projetocecilia\/wp-content\/uploads\/sites\/721\/2021\/07\/3-768x353.png 768w, https:\/\/sites.usp.br\/projetocecilia\/wp-content\/uploads\/sites\/721\/2021\/07\/3-400x184.png 400w, https:\/\/sites.usp.br\/projetocecilia\/wp-content\/uploads\/sites\/721\/2021\/07\/3.png 1024w\" sizes=\"auto, (max-width: 500px) 100vw, 500px\" \/><\/p>\n<\/div>\n<\/div>\n<\/div>\n<\/div>\n<div id=\"pgc-744-0-2\" class=\"panel-grid-cell panel-grid-cell-empty\" data-weight=\"0.08\"><\/div>\n<\/div>\n<\/div>\n","protected":false},"excerpt":{"rendered":"<p>Hoje n\u00f3s iremos continuar nossas aulas de Astronomia! Voc\u00eas sabiam que as estrelas, assim como n\u00f3s, tem um ciclo de vida? Sim! Elas nascem, evoluem, mudam algumas de suas caracter\u00edsticas e morrem. Mas&#8230; se o Sol \u00e9 uma estrela, o que ser\u00e1 que vai acontecer com o Sol quando ele morrer? Para saber mais sobre<a href=\"https:\/\/sites.usp.br\/projetocecilia\/s1-03\/\">[&#8230;]<\/a><\/p>\n","protected":false},"author":21824,"featured_media":0,"parent":0,"menu_order":0,"comment_status":"closed","ping_status":"closed","template":"template-fullwidth-no-title.php","meta":{"footnotes":"","_links_to":"","_links_to_target":""},"class_list":["post-744","page","type-page","status-publish","hentry"],"_links":{"self":[{"href":"https:\/\/sites.usp.br\/projetocecilia\/wp-json\/wp\/v2\/pages\/744","targetHints":{"allow":["GET"]}}],"collection":[{"href":"https:\/\/sites.usp.br\/projetocecilia\/wp-json\/wp\/v2\/pages"}],"about":[{"href":"https:\/\/sites.usp.br\/projetocecilia\/wp-json\/wp\/v2\/types\/page"}],"author":[{"embeddable":true,"href":"https:\/\/sites.usp.br\/projetocecilia\/wp-json\/wp\/v2\/users\/21824"}],"replies":[{"embeddable":true,"href":"https:\/\/sites.usp.br\/projetocecilia\/wp-json\/wp\/v2\/comments?post=744"}],"version-history":[{"count":4,"href":"https:\/\/sites.usp.br\/projetocecilia\/wp-json\/wp\/v2\/pages\/744\/revisions"}],"predecessor-version":[{"id":1450,"href":"https:\/\/sites.usp.br\/projetocecilia\/wp-json\/wp\/v2\/pages\/744\/revisions\/1450"}],"wp:attachment":[{"href":"https:\/\/sites.usp.br\/projetocecilia\/wp-json\/wp\/v2\/media?parent=744"}],"curies":[{"name":"wp","href":"https:\/\/api.w.org\/{rel}","templated":true}]}}