{"id":750,"date":"2020-07-22T17:35:02","date_gmt":"2020-07-22T19:35:02","guid":{"rendered":"https:\/\/sites.usp.br\/projetocecilia\/?page_id=750"},"modified":"2025-04-16T11:33:54","modified_gmt":"2025-04-16T13:33:54","slug":"s2-01","status":"publish","type":"page","link":"https:\/\/sites.usp.br\/projetocecilia\/s2-01\/","title":{"rendered":"Efeito Estufa, Polui\u00e7\u00e3o do Ar e Meio Ambiente"},"content":{"rendered":"<div id=\"pl-750\" class=\"panel-layout\">\n<div id=\"pg-750-0\" class=\"panel-grid panel-no-style\" data-style=\"{&quot;background_image_attachment&quot;:false,&quot;background_display&quot;:&quot;tile&quot;,&quot;cell_alignment&quot;:&quot;flex-start&quot;}\" data-ratio=\"1\" data-ratio-direction=\"right\">\n<div id=\"pgc-750-0-0\" class=\"panel-grid-cell panel-grid-cell-empty\" data-weight=\"0.08\"><\/div>\n<div id=\"pgc-750-0-1\" class=\"panel-grid-cell panel-grid-cell-mobile-last\" data-weight=\"0.84\">\n<div id=\"panel-750-0-1-0\" class=\"so-panel widget widget_sow-editor panel-first-child\" data-index=\"0\" data-style=\"{&quot;background_image_attachment&quot;:false,&quot;background_display&quot;:&quot;tile&quot;}\">\n<div class=\"so-widget-sow-editor so-widget-sow-editor-base\">\n<div class=\"siteorigin-widget-tinymce textwidget\">\n<p><img loading=\"lazy\" decoding=\"async\" class=\"aligncenter wp-image-1243 size-full\" src=\"https:\/\/sites.usp.br\/projetocecilia\/wp-content\/uploads\/sites\/721\/2021\/07\/Separador.png\" alt=\"\" width=\"560\" height=\"50\" srcset=\"https:\/\/sites.usp.br\/projetocecilia\/wp-content\/uploads\/sites\/721\/2021\/07\/Separador.png 560w, https:\/\/sites.usp.br\/projetocecilia\/wp-content\/uploads\/sites\/721\/2021\/07\/Separador-300x27.png 300w, https:\/\/sites.usp.br\/projetocecilia\/wp-content\/uploads\/sites\/721\/2021\/07\/Separador-400x36.png 400w\" sizes=\"auto, (max-width: 560px) 100vw, 560px\" \/><\/p>\n<\/div>\n<\/div>\n<\/div>\n<div id=\"panel-750-0-1-1\" class=\"so-panel widget widget_sow-editor\" data-index=\"1\" data-style=\"{&quot;background_image_attachment&quot;:false,&quot;background_display&quot;:&quot;tile&quot;}\">\n<div class=\"so-widget-sow-editor so-widget-sow-editor-base\">\n<div class=\"siteorigin-widget-tinymce textwidget\">\n<p style=\"font-family: Comfortaa, serif;\">Ser\u00e1 que vai chover hoje? Disseram que vem frente fria por a\u00ed? Neste final de semana vai esquentar? Todas essas frases lembram voc\u00eas de uma coisa\u2026 da Meteorologia! Hoje, voc\u00eas ir\u00e3o conhecer outro departamento do IAG! O<span style=\"color: #6969ed;\"> <strong><a style=\"color: #6969ed;\" href=\"http:\/\/www.dca.iag.usp.br\" target=\"_blank\" rel=\"noopener noreferrer\">Departamento de Ci\u00eancias Atmosf\u00e9ricas!<\/a><\/strong><\/span><\/p>\n<p style=\"font-family: Comfortaa, serif;\"><span style=\"font-weight: 400;\">Voc\u00eas v\u00e3o poder conhecer essa \u00e1rea incr\u00edvel e super abrangente das Ci\u00eancias Naturais e v\u00e3o perceber que a Meteorologia vai muito al\u00e9m do que previs\u00e3o do tempo! Sugerimos que sejam feitas as seguintes atividades em sequ\u00eancia:<\/span><\/p>\n<p style=\"font-family: Comfortaa, serif;\">Para iniciar, a<strong> Prof\u00aa. Dr\u00aa. M\u00e1rcia Yamasoe<\/strong> vai explicar diversos conceitos sobre as Ci\u00eancias Atmosf\u00e9ricas: algumas \u00e1reas de atua\u00e7\u00e3o, os efeitos causados pela radia\u00e7\u00e3o no clima global, polui\u00e7\u00e3o do ar e muito mais!<\/p>\n<p><iframe loading=\"lazy\" title=\"Processos Radiativos na Atmosfera por M\u00e1rcia Yamasoe\" width=\"640\" height=\"360\" src=\"https:\/\/www.youtube.com\/embed\/V35SU1LBjwo?feature=oembed\" frameborder=\"0\" allow=\"accelerometer; autoplay; clipboard-write; encrypted-media; gyroscope; picture-in-picture; web-share\" referrerpolicy=\"strict-origin-when-cross-origin\" allowfullscreen><\/iframe><\/p>\n<p style=\"font-family: Comfortaa, serif; text-align: center;\"><span style=\"color: #9b18d8;\">\u201cO futuro do planeta est\u00e1 em jogo!\u201d<\/span><\/p>\n<p style=\"font-family: Comfortaa, serif;\">Para entender melhor todos os conceitos por tr\u00e1s dessa frase, assista ao pr\u00f3ximo v\u00eddeo, feito pela aluna de gradua\u00e7\u00e3o <strong>Gabriela Lopes<\/strong>, que abordar\u00e1 como as a\u00e7\u00f5es humanas influenciam o clima da Terra e quais ser\u00e3o as consequ\u00eancias desses atos!<\/p>\n<p><iframe loading=\"lazy\" title=\"Mudan\u00e7as Clim\u00e1ticas e o Futuro do Planeta por Gabriela Lopes\" width=\"640\" height=\"360\" src=\"https:\/\/www.youtube.com\/embed\/Sk8yr2SMIlE?feature=oembed\" frameborder=\"0\" allow=\"accelerometer; autoplay; clipboard-write; encrypted-media; gyroscope; picture-in-picture; web-share\" referrerpolicy=\"strict-origin-when-cross-origin\" allowfullscreen><\/iframe><\/p>\n<p style=\"font-family: Comfortaa, serif;\">Lembrem-se, sempre, de que nada est\u00e1 perdido! Todos voc\u00eas t\u00eam o poder de mudar o mundo! <strong>Por meio de pequenas a\u00e7\u00f5es, voc\u00eas dar\u00e3o grandes exemplos a serem seguidos!<\/strong><\/p>\n<p style=\"font-family: Comfortaa, serif;\"><span style=\"color: #6969ed;\"><strong><a style=\"color: #6969ed;\" href=\"https:\/\/drive.google.com\/file\/d\/1f9_zi1ihUep2y1Gg6vr1AQUrlAU_n5eR\/view?usp=sharing\" target=\"_blank\" rel=\"noopener noreferrer\">Aqui est\u00e1 o folder<\/a><\/strong><\/span> sobre algumas Confer\u00eancias Mundiais sobre o Meio Ambiente que foram mencionadas no v\u00eddeo!<\/p>\n<p style=\"font-family: Comfortaa, serif;\">Voc\u00eas j\u00e1 est\u00e3o cansados??? Eu espero que n\u00e3o! Assim como os cientistas, depois de adquirir uma grande bagagem de conte\u00fados te\u00f3ricos, chegou o momento de colocar seus conhecimentos em pr\u00e1tica e testar se suas hip\u00f3teses realmente est\u00e3o de acordo com a realidade!<\/p>\n<p style=\"font-family: Comfortaa, serif;\">Agora \u00e9 hora de experi\u00eancia: vamos fazer um<strong> Efeito Estufa caseiro!<\/strong><\/p>\n<p style=\"font-family: Comfortaa, serif;\">Junte os materiais, siga o roteiro, caso tenha alguma d\u00favida, pode perguntar l\u00e1 no Discord! N\u00e3o se esque\u00e7a de tirar bastantes fotos para compartilhar no nosso grupo depois!<\/p>\n<p style=\"font-family: Comfortaa, serif;\"><a href=\"https:\/\/drive.google.com\/file\/d\/1rVLqBUe0XI4yMitjy7U9BMH11aWIHHdS\/view?usp=drivesdk\"><span style=\"color: #6969ed;\"><strong>Clicando aqui voc\u00ea poder\u00e1 acessar o roteiro.<\/strong><\/span><\/a><\/p>\n<p style=\"font-family: Comfortaa, serif;\">Por hoje \u00e9 isso! Esperamos que tenham gostado, at\u00e9 amanh\u00e3!<\/p>\n<\/div>\n<\/div>\n<\/div>\n<div id=\"panel-750-0-1-2\" class=\"so-panel widget widget_sow-editor panel-last-child\" data-index=\"2\" data-style=\"{&quot;background_image_attachment&quot;:false,&quot;background_display&quot;:&quot;tile&quot;}\">\n<div class=\"so-widget-sow-editor so-widget-sow-editor-base\">\n<div class=\"siteorigin-widget-tinymce textwidget\">\n<p><img loading=\"lazy\" decoding=\"async\" class=\"aligncenter wp-image-1263\" src=\"https:\/\/sites.usp.br\/projetocecilia\/wp-content\/uploads\/sites\/721\/2021\/07\/6-300x138.png\" alt=\"\" width=\"500\" height=\"230\" srcset=\"https:\/\/sites.usp.br\/projetocecilia\/wp-content\/uploads\/sites\/721\/2021\/07\/6-300x138.png 300w, https:\/\/sites.usp.br\/projetocecilia\/wp-content\/uploads\/sites\/721\/2021\/07\/6-768x353.png 768w, https:\/\/sites.usp.br\/projetocecilia\/wp-content\/uploads\/sites\/721\/2021\/07\/6-400x184.png 400w, https:\/\/sites.usp.br\/projetocecilia\/wp-content\/uploads\/sites\/721\/2021\/07\/6.png 1024w\" sizes=\"auto, (max-width: 500px) 100vw, 500px\" \/><\/p>\n<\/div>\n<\/div>\n<\/div>\n<\/div>\n<div id=\"pgc-750-0-2\" class=\"panel-grid-cell panel-grid-cell-empty\" data-weight=\"0.08\"><\/div>\n<\/div>\n<\/div>\n","protected":false},"excerpt":{"rendered":"<p>Ser\u00e1 que vai chover hoje? Disseram que vem frente fria por a\u00ed? Neste final de semana vai esquentar? Todas essas frases lembram voc\u00eas de uma coisa\u2026 da Meteorologia! Hoje, voc\u00eas ir\u00e3o conhecer outro departamento do IAG! O Departamento de Ci\u00eancias Atmosf\u00e9ricas! Voc\u00eas v\u00e3o poder conhecer essa \u00e1rea incr\u00edvel e super abrangente das Ci\u00eancias Naturais e<a href=\"https:\/\/sites.usp.br\/projetocecilia\/s2-01\/\">[&#8230;]<\/a><\/p>\n","protected":false},"author":21824,"featured_media":0,"parent":0,"menu_order":0,"comment_status":"closed","ping_status":"closed","template":"template-fullwidth-no-title.php","meta":{"footnotes":"","_links_to":"","_links_to_target":""},"class_list":["post-750","page","type-page","status-publish","hentry"],"_links":{"self":[{"href":"https:\/\/sites.usp.br\/projetocecilia\/wp-json\/wp\/v2\/pages\/750","targetHints":{"allow":["GET"]}}],"collection":[{"href":"https:\/\/sites.usp.br\/projetocecilia\/wp-json\/wp\/v2\/pages"}],"about":[{"href":"https:\/\/sites.usp.br\/projetocecilia\/wp-json\/wp\/v2\/types\/page"}],"author":[{"embeddable":true,"href":"https:\/\/sites.usp.br\/projetocecilia\/wp-json\/wp\/v2\/users\/21824"}],"replies":[{"embeddable":true,"href":"https:\/\/sites.usp.br\/projetocecilia\/wp-json\/wp\/v2\/comments?post=750"}],"version-history":[{"count":4,"href":"https:\/\/sites.usp.br\/projetocecilia\/wp-json\/wp\/v2\/pages\/750\/revisions"}],"predecessor-version":[{"id":1511,"href":"https:\/\/sites.usp.br\/projetocecilia\/wp-json\/wp\/v2\/pages\/750\/revisions\/1511"}],"wp:attachment":[{"href":"https:\/\/sites.usp.br\/projetocecilia\/wp-json\/wp\/v2\/media?parent=750"}],"curies":[{"name":"wp","href":"https:\/\/api.w.org\/{rel}","templated":true}]}}